{"id":5638,"date":"2021-07-13T09:49:25","date_gmt":"2021-07-13T06:49:25","guid":{"rendered":"https:\/\/portaltest.atauni.edu.tr\/bilgisayar-muhendisligi\/?page_id=5638"},"modified":"2022-04-28T15:21:22","modified_gmt":"2022-04-28T12:21:22","slug":"tarihce","status":"publish","type":"page","link":"https:\/\/atauni.edu.tr\/deprem-arastirma-merkezi\/tarihce\/","title":{"rendered":"Tarih\u00e7e"},"content":{"rendered":"\t\t<div data-elementor-type=\"wp-page\" data-elementor-id=\"5638\" class=\"elementor elementor-5638\" data-elementor-post-type=\"page\">\n\t\t\t\t\t\t<section class=\"elementor-section elementor-top-section elementor-element elementor-element-730d320 elementor-section-boxed elementor-section-height-default elementor-section-height-default\" data-id=\"730d320\" data-element_type=\"section\">\n\t\t\t\t\t\t<div class=\"elementor-container elementor-column-gap-default\">\n\t\t\t\t\t<div class=\"elementor-column elementor-col-100 elementor-top-column elementor-element elementor-element-753d0860\" data-id=\"753d0860\" data-element_type=\"column\">\n\t\t\t<div class=\"elementor-widget-wrap\">\n\t\t\t\t\t\t\t<\/div>\n\t\t<\/div>\n\t\t\t\t\t<\/div>\n\t\t<\/section>\n\t\t\t\t<section class=\"elementor-section elementor-top-section elementor-element elementor-element-9be811a elementor-section-boxed elementor-section-height-default elementor-section-height-default\" data-id=\"9be811a\" data-element_type=\"section\">\n\t\t\t\t\t\t<div class=\"elementor-container elementor-column-gap-default\">\n\t\t\t\t\t<div class=\"elementor-column elementor-col-100 elementor-top-column elementor-element elementor-element-1ed847b7\" data-id=\"1ed847b7\" data-element_type=\"column\">\n\t\t\t<div class=\"elementor-widget-wrap elementor-element-populated\">\n\t\t\t\t\t\t<div class=\"elementor-element elementor-element-4ce0d07f elementor-widget elementor-widget-heading\" data-id=\"4ce0d07f\" data-element_type=\"widget\" data-widget_type=\"heading.default\">\n\t\t\t\t<div class=\"elementor-widget-container\">\n\t\t\t\t\t<h2 class=\"elementor-heading-title elementor-size-default\">Tarih\u00e7e<\/h2>\t\t\t\t<\/div>\n\t\t\t\t<\/div>\n\t\t\t\t<div class=\"elementor-element elementor-element-63260862 elementor-widget-divider--view-line elementor-widget elementor-widget-divider\" data-id=\"63260862\" data-element_type=\"widget\" data-widget_type=\"divider.default\">\n\t\t\t\t<div class=\"elementor-widget-container\">\n\t\t\t\t\t\t\t<div class=\"elementor-divider\">\n\t\t\t<span class=\"elementor-divider-separator\">\n\t\t\t\t\t\t<\/span>\n\t\t<\/div>\n\t\t\t\t\t\t<\/div>\n\t\t\t\t<\/div>\n\t\t\t\t\t<\/div>\n\t\t<\/div>\n\t\t\t\t\t<\/div>\n\t\t<\/section>\n\t\t\t\t<section class=\"elementor-section elementor-top-section elementor-element elementor-element-681db8b elementor-section-boxed elementor-section-height-default elementor-section-height-default\" data-id=\"681db8b\" data-element_type=\"section\">\n\t\t\t\t\t\t<div class=\"elementor-container elementor-column-gap-default\">\n\t\t\t\t\t<div class=\"elementor-column elementor-col-100 elementor-top-column elementor-element elementor-element-ad4dac5\" data-id=\"ad4dac5\" data-element_type=\"column\">\n\t\t\t<div class=\"elementor-widget-wrap elementor-element-populated\">\n\t\t\t\t\t\t<div class=\"elementor-element elementor-element-2f96b3d elementor-widget elementor-widget-text-editor\" data-id=\"2f96b3d\" data-element_type=\"widget\" data-widget_type=\"text-editor.default\">\n\t\t\t\t<div class=\"elementor-widget-container\">\n\t\t\t\t\t\t\t\t\t<p>Atat\u00fcrk \u00dcniversitesi b\u00fcnyesinde Rekt\u00f6rl\u00fc\u011fe ba\u011fl\u0131, 2547 say\u0131l\u0131 Y\u00fcksek \u00d6\u011fretim Kanunu ve 2809 say\u0131l\u0131 kanunun te\u015fkilat y\u00f6netmeliklerine uygun olarak, konusunda bilimsel ara\u015ft\u0131rmalar yapmak \u00fczere &#8220;DEPREM ARA\u015eTIRMA MERKEZ\u0130&#8221; ad\u0131 alt\u0131nda kurulmu\u015f bir birimdir. Do\u011fu Anadolu B\u00f6lgesinde ba\u015fta deprem olmak \u00fczere, heyelan gibi do\u011fal afetlerle ilgili bilimsel ara\u015ft\u0131rma, e\u011fitim ve yay\u0131n faaliyetlerinde bulunmak, tarihsel ve teknolojik d\u00f6nemlerdeki verileri toplamak, gelece\u011fe y\u00f6nelik olarak de\u011ferlendirmek, do\u011fal afetlerin zararlar\u0131n\u0131 en aza indirme ve erken uyar\u0131 konular\u0131nda ara\u015ft\u0131rma yapmaktad\u0131r.<\/p>\t\t\t\t\t\t\t\t<\/div>\n\t\t\t\t<\/div>\n\t\t\t\t\t<\/div>\n\t\t<\/div>\n\t\t\t\t\t<\/div>\n\t\t<\/section>\n\t\t\t\t<\/div>\n\t\t","protected":false},"excerpt":{"rendered":"<p>Tarih\u00e7e Atat\u00fcrk \u00dcniversitesi b\u00fcnyesinde Rekt\u00f6rl\u00fc\u011fe ba\u011fl\u0131, 2547 say\u0131l\u0131 Y\u00fcksek \u00d6\u011fretim Kanunu ve 2809 say\u0131l\u0131 kanunun te\u015fkilat y\u00f6netmeliklerine uygun olarak, konusunda bilimsel ara\u015ft\u0131rmalar yapmak \u00fczere &#8220;DEPREM ARA\u015eTIRMA MERKEZ\u0130&#8221; ad\u0131 alt\u0131nda kurulmu\u015f bir birimdir. Do\u011fu Anadolu B\u00f6lgesinde ba\u015fta deprem olmak \u00fczere, heyelan gibi do\u011fal afetlerle ilgili bilimsel ara\u015ft\u0131rma, e\u011fitim ve yay\u0131n faaliyetlerinde bulunmak, tarihsel ve teknolojik d\u00f6nemlerdeki [&hellip;]<\/p>\n","protected":false},"author":1,"featured_media":0,"parent":0,"menu_order":0,"comment_status":"closed","ping_status":"closed","template":"","meta":{"footnotes":""},"class_list":["post-5638","page","type-page","status-publish","hentry"],"_links":{"self":[{"href":"https:\/\/atauni.edu.tr\/deprem-arastirma-merkezi\/wp-json\/wp\/v2\/pages\/5638","targetHints":{"allow":["GET"]}}],"collection":[{"href":"https:\/\/atauni.edu.tr\/deprem-arastirma-merkezi\/wp-json\/wp\/v2\/pages"}],"about":[{"href":"https:\/\/atauni.edu.tr\/deprem-arastirma-merkezi\/wp-json\/wp\/v2\/types\/page"}],"author":[{"embeddable":true,"href":"https:\/\/atauni.edu.tr\/deprem-arastirma-merkezi\/wp-json\/wp\/v2\/users\/1"}],"replies":[{"embeddable":true,"href":"https:\/\/atauni.edu.tr\/deprem-arastirma-merkezi\/wp-json\/wp\/v2\/comments?post=5638"}],"version-history":[{"count":25,"href":"https:\/\/atauni.edu.tr\/deprem-arastirma-merkezi\/wp-json\/wp\/v2\/pages\/5638\/revisions"}],"predecessor-version":[{"id":6179,"href":"https:\/\/atauni.edu.tr\/deprem-arastirma-merkezi\/wp-json\/wp\/v2\/pages\/5638\/revisions\/6179"}],"wp:attachment":[{"href":"https:\/\/atauni.edu.tr\/deprem-arastirma-merkezi\/wp-json\/wp\/v2\/media?parent=5638"}],"curies":[{"name":"wp","href":"https:\/\/api.w.org\/{rel}","templated":true}]}}