{"id":6202,"date":"2022-04-28T15:36:10","date_gmt":"2022-04-28T12:36:10","guid":{"rendered":"https:\/\/birimler.atauni.edu.tr\/deprem-arastirma-merkezi\/?page_id=6202"},"modified":"2025-05-22T10:00:09","modified_gmt":"2025-05-22T07:00:09","slug":"projeler","status":"publish","type":"page","link":"https:\/\/atauni.edu.tr\/deprem-arastirma-merkezi\/projeler\/","title":{"rendered":"Projeler"},"content":{"rendered":"\n<p><strong>Devam Eden Projeler<\/strong><\/p>\n\n\n\n<ol class=\"wp-block-list\">\n<li>Edremit Ovas\u0131 (Bal\u0131kesir) ve \u00c7evresinin Yerel Zemin Etkilerinin Belirlenerek Sahaya \u00d6zel Sismik Tehlike ve Zemin Dinamik Davran\u0131\u015f Analizlerinin Ger\u00e7ekle\u015ftirilmesi, TUB\u0130TAK-1001<\/li>\n\n\n\n<li>Do\u011fu Anadolu Fay Zonu \u00dczerindeki Bing\u00f6l Sismik Bo\u015flu\u011fu&#8217;nun Fay Yap\u0131s\u0131 ile Bing\u00f6l \u0130li Merkez \u0130l\u00e7esi&#8217;nin Yerel Zemin Etkilerinin Ara\u015ft\u0131r\u0131larak Sahaya \u00d6zel Sismik Tehlike Analizinin Yap\u0131lmas\u0131, TUB\u0130TAK-1001<\/li>\n\n\n\n<li>Ad\u0131yaman Fay\u0131\u2019n\u0131n (Do\u011fu Anadolu Fay Zonu\u2019nun G\u00fcney Kolu) Deprem \u00dcretme Potansiyelinin Paleosismolojik, Jeomorfolojik ve Sismolojik Y\u00f6ntemlerle \u0130ncelenmesi, F\u0131rat \u00dcniversitesi BAP Deprem \u00c7al\u0131\u015fmalar\u0131 \u00d6zel \u00c7a\u011fr\u0131<\/li>\n<\/ol>\n\n\n\n<div class=\"wp-block-group is-vertical is-layout-flex wp-container-core-group-is-layout-8cf370e7 wp-block-group-is-layout-flex\">\n<p><strong><u>Tamamlanm\u0131\u015f:<\/u><\/strong><br>1. Erzurum \u015eehir Merkezi Bat\u0131 Kesiminin Geoteknik Haritalanmas\u0131, Y\u00f6n. Dr. Salih Bayraktutan. Atat\u00fcrk \u00dcn., BAP. 1999.<br>2. Deprem Kay\u0131t Sisteminin Modernizasyonu ve Sismik Kay\u0131t \u0130stasyonlar\u0131ndan Kesintisiz Veri Aktar\u0131m\u0131, Y\u00f6n: Dr. Y\u00fcksel \u00d6zdemir, Ata\u00fcrk \u00dcn. BAP, 2002.<br>3. Do\u011fu Anadolu Sismik Kay\u0131t \u015eebekesi A\u011f\u0131n\u0131n Geni\u015fletilmesi, Y\u00f6n: Dr. Y\u00fcksel \u00d6zdemir, Atat\u00fcrk \u00dcn. BAP, 2004.<br>4. Erzurum ve Yak\u0131n \u00c7evresinde Depremlerin \u00d6ncesinden Haber Verilmesine Y\u00f6nelik S\u0131cak Su Kaynaklar\u0131n\u0131n Kimyasal Analizi ile De\u011fi\u015fimlerinin \u0130zlenmesi, Y\u00f6n: Dr. Hamit \u00c7ak\u0131c\u0131, 2005.<br>5. Erzurum Ovas\u0131nda Tabakala\u015fma ve Yer alt\u0131 Suyu D\u00fczeyinin Belirlenmesine Y\u00f6nelik Jeofizik Ara\u015ft\u0131rma, Y\u00f6n: Dr. Mehmet \u00d6zyaz\u0131c\u0131o\u011flu, Atat\u00fcrk \u00dcn. BAP, 2009.<\/p>\n\n\n\n<p>6.Udap -\u00c7- 12-5 nolu Proje T\u00fcrkiye Ulusal Sismik Kay\u0131t A\u011f\u0131 \u0130\u00e7in Manyet\u00fct Kalibilasyon Yrd.Do\u00e7.Dr.Mehmet H.\u00d6ZYAZICIO\u011eLU<\/p>\n\n\n\n<p>7. Bap 2012-195 Do\u011fu Anadolu G\u00f6zlemevi Yerle\u015fkesinde G\u00fcr\u00fclt\u00fc \u00d6l\u00e7\u00fcm\u00fc ve sismik riskin belirlenmesi (2012) Yrd.Do\u00e7.Dr.Mehmet H.\u00d6ZYAZICIO\u011eLU<\/p>\n\n\n\n<p>8. Udap-\u00c7-14-03 nolu proje T\u00fcrkiye Ulusal Sismik Kay\u0131t A\u011f\u0131nda Veri Kalitesinin Artalan G\u00fcr\u00fclt\u00fcs\u00fcn\u00fcn Analizi ve Belirlenmesi. Yrd.Do\u00e7.Dr.Mehmet H.\u00d6ZYAZICIO\u011eLU<\/p>\n\n\n\n<p>9. \u00d6ZER \u00c7., PERK \u015e., BAYRAM R., Y\u00fcksek\u00f6\u011fretim Kurumlar\u0131 Destekli Proje, ATA-NET DEPREM A\u011eINDAK\u0130 ARIZALI \u0130STASYONLARIN ONARIMI, 2019 -2020.<\/p>\n\n\n\n<p>10. \u00d6ZER \u00c7., SARA\u00c7 B., ATAT\u00dcRK \u00dcN\u0130VERS\u0130TES\u0130 YERLE\u015eKES\u0130 ZEM\u0130N \u00d6ZELL\u0130KLER\u0130N\u0130N M\u0130KROTREMOR Y\u00d6NTEM\u0130 \u0130LE \u0130NCELENMES\u0130, 2024.<br><\/p>\n<\/div>\n\n\n\n<p><br><br><\/p>\n","protected":false},"excerpt":{"rendered":"<p>Devam Eden Projeler Tamamlanm\u0131\u015f:1. Erzurum \u015eehir Merkezi Bat\u0131 Kesiminin Geoteknik Haritalanmas\u0131, Y\u00f6n. Dr. Salih Bayraktutan. Atat\u00fcrk \u00dcn., BAP. 1999.2. Deprem Kay\u0131t Sisteminin Modernizasyonu ve Sismik Kay\u0131t \u0130stasyonlar\u0131ndan Kesintisiz Veri Aktar\u0131m\u0131, Y\u00f6n: Dr. Y\u00fcksel \u00d6zdemir, Ata\u00fcrk \u00dcn. BAP, 2002.3. Do\u011fu Anadolu Sismik Kay\u0131t \u015eebekesi A\u011f\u0131n\u0131n Geni\u015fletilmesi, Y\u00f6n: Dr. Y\u00fcksel \u00d6zdemir, Atat\u00fcrk \u00dcn. BAP, 2004.4. Erzurum ve [&hellip;]<\/p>\n","protected":false},"author":433,"featured_media":0,"parent":0,"menu_order":0,"comment_status":"closed","ping_status":"closed","template":"","meta":{"footnotes":""},"class_list":["post-6202","page","type-page","status-publish","hentry"],"_links":{"self":[{"href":"https:\/\/atauni.edu.tr\/deprem-arastirma-merkezi\/wp-json\/wp\/v2\/pages\/6202","targetHints":{"allow":["GET"]}}],"collection":[{"href":"https:\/\/atauni.edu.tr\/deprem-arastirma-merkezi\/wp-json\/wp\/v2\/pages"}],"about":[{"href":"https:\/\/atauni.edu.tr\/deprem-arastirma-merkezi\/wp-json\/wp\/v2\/types\/page"}],"author":[{"embeddable":true,"href":"https:\/\/atauni.edu.tr\/deprem-arastirma-merkezi\/wp-json\/wp\/v2\/users\/433"}],"replies":[{"embeddable":true,"href":"https:\/\/atauni.edu.tr\/deprem-arastirma-merkezi\/wp-json\/wp\/v2\/comments?post=6202"}],"version-history":[{"count":9,"href":"https:\/\/atauni.edu.tr\/deprem-arastirma-merkezi\/wp-json\/wp\/v2\/pages\/6202\/revisions"}],"predecessor-version":[{"id":6409,"href":"https:\/\/atauni.edu.tr\/deprem-arastirma-merkezi\/wp-json\/wp\/v2\/pages\/6202\/revisions\/6409"}],"wp:attachment":[{"href":"https:\/\/atauni.edu.tr\/deprem-arastirma-merkezi\/wp-json\/wp\/v2\/media?parent=6202"}],"curies":[{"name":"wp","href":"https:\/\/api.w.org\/{rel}","templated":true}]}}