{"id":6205,"date":"2022-04-28T15:37:21","date_gmt":"2022-04-28T12:37:21","guid":{"rendered":"https:\/\/birimler.atauni.edu.tr\/deprem-arastirma-merkezi\/?page_id=6205"},"modified":"2025-05-22T10:05:10","modified_gmt":"2025-05-22T07:05:10","slug":"yayinlar","status":"publish","type":"page","link":"https:\/\/atauni.edu.tr\/deprem-arastirma-merkezi\/yayinlar\/","title":{"rendered":"Yay\u0131nlar"},"content":{"rendered":"\n<p>Bayrak, E., \u00c7elebi, O., K\u0131l\u0131\u00e7, M., \u00d6zer, \u00c7., &amp; Ayd\u0131n, A. C., (2025). The strong ground motion and structural response analysis of 06 February 2023 Pazarc\u0131k and Elbistan earthquakes (Mw 7.7 and 7.6): a Case study for Malatya-T\u00fcrkiye, Eastern Anatolia. BULLETIN OF EARTHQUAKE ENGINEERING , vol.23, no.1, 359-389.<\/p>\n\n\n\n<p>Karsli, F., &amp; Bayrak, E., (2024). Single-station microtremor surveys for site characterization: A case study in Erzurum city, eastern Turkey. EARTHQUAKE ENGINEERING AND ENGINEERING VIBRATION , vol.23, no.3, 563-576.<\/p>\n\n\n\n<p>Sara\u00e7, B., &amp; \u00d6ZER, \u00c7., (2024). Soil dynamic features of Atat\u00fcrk University Campus (Erzurum), eastern T\u00fcrkiye, by microtremor method. Baltica , vol.37, no.2, 125-136.<\/p>\n\n\n\n<p>\u00c7elebi, O., \u00d6zer, \u00c7., Bayrak, E., Bayrak, B., K\u0131l\u0131\u00e7, M., &amp; Ayd\u0131n, A. C., (2023). The damage assessment of masonry structures and engineering seismology studies (19-22 November 2021 Koprukoy earthquakes (Mw 5.1 and Mw 4.7) in Erzurum, Turkey). NATURAL HAZARDS , vol.119, 1611-1632.<\/p>\n\n\n\n<p>AYDIN, U., Pamuk, E., \u00d6ZER, \u00c7., (2022) Investigation of soil dynamic characteristics at seismic stations using H\/V spectral ratio method in Marmara Region, Turkey. NATURAL HAZARDS, cilt.110, sa.1, ss.587-606,2022<\/p>\n\n\n\n<p>\u00d6ZER \u00c7., Ozturk S.,Pamuk E., (2021) Tectonic and structural characteristics of Erzurum and its surroundings (Eastern Turkey): a detailed comparison between different geophysical parameters. TURKISH JOURNAL OF EARTH SCIENCES, cilt.31, sa.1, ss.85-108,2021<\/p>\n\n\n\n<p>BAYRAK E., \u00d6ZER \u00c7., (2021) The 24 January 2020 (Mw6.8) Sivrice (Elazig, Turkey) earthquake: a first look at spatiotemporal distribution and triggering of aftershocks. ARABIAN JOURNAL OF GEOSCIENCES, cilt.14, sa.22, 2021<\/p>\n\n\n\n<p>\u00d6ZER \u00c7. (2021). 4-D tomographic change of V-p and V-p\/V-s structure before destructive earthquakes: a case study of the Sivrice-Elazig earthquake (mw=6.8), Eastern Turkey. NATURAL HAZARDS, cilt.108, sa.2, ss.1901-1917,2021<\/p>\n\n\n\n<p>BAYRAK E., \u00d6ZER \u00c7., \u00c7AKICI H., KOCADA\u011e\u0130STAN M.E. (2021). 24 Ocak 2020 Sivrice (T\u00fcrkiye) Depremi (Mw6.8): Yer Hareketi Tahmin Denklemlerinin De\u011ferlendirilmesi ve Mikrotremor \u00c7al\u0131\u015fmalar\u0131. T\u00fcrk Deprem Ara\u015ft\u0131rma Dergisi, cilt.3, sa.2, ss.125-148,2021<\/p>\n\n\n\n<p>Pamuk E., \u00d6ZER \u00c7. (2020). The Site Effect Investigation with Using Horizontal-to-Vertical Spectral Ratio Method on Earthquake Data, South of Turkey. GEOTECTONICS, cilt.54, sa.4, ss.563-576,2020<\/p>\n\n\n\n<p>MULUMULU E., \u00d6ZER \u00c7., G\u00d6K E., GARC\u0130A C., POLAT O.D. (2020). 3-D Upper crustal velocity structure of the Inner Gulf of Izmir fromambient noise tomography. JOURNAL OF THE FACULTY OF ENGINEERING AND ARCHITECTURE OF GAZI UNIVERSITY, cilt.35, sa.1, ss.255-264, 2020<\/p>\n\n\n\n<p>PAMUK E., \u00d6ZER \u00c7. (2020). Rayleigh dalgas\u0131 Eliptisitesi kullan\u0131larak S-Dalga H\u0131z Yap\u0131s\u0131n\u0131n Elde Edilmesi: Erzurum \u00d6rne\u011fi Yerbilimleri\/Hacettepe \u00dcniversitesi Yerbilimleri Uygulama ve Ara\u015ft\u0131rma Merkezi Dergisi, cilt.41, sa.2, ss.147-168, 2020<\/p>\n\n\n\n<p>BAYRAK E., \u00d6ZER \u00c7., PERK \u015e. (2020). Erzurum ve \u00c7evresi \u0130\u00e7in Gerilme Tens\u00f6r ve Coulomb Analizleri. T\u00fcrk Deprem Ara\u015ft\u0131rma Dergisi, cilt.2, sa.1, ss.101-114,2020<\/p>\n\n\n\n<p>\u00d6ZER \u00c7., BAYRAK E. (2020). Coulomb Stress Changes after 11 May 2017 Askale-Erzurum(NETurkey) Earthquake (Mw= 4.7). International Journal of Earth Sciences Knowledge and Applications, cilt.2, sa.1, ss.13-18, 2020<\/p>\n\n\n\n<p>G\u00d6K E., ERDEM M., \u00d6ZER \u00c7., (2020) KOCAEL\u0130 VE \u00c7EVRES\u0130 \u0130\u00c7\u0130N COULOMB GER\u0130LME ANAL\u0130Z\u0130 M\u00fchendislik Bilimleri ve Tasar\u0131m Dergisi, cilt.8, sa.1, ss.1-11,2020<\/p>\n\n\n\n<p>BAYRAK E., \u00d6ZER \u00c7., PERK \u015e. (2020). The Ground-Motion Attenuation Comparison: A case study for the 2017\/05\/11 Askale earthquake (Mw4.7) Brilliant Engineering, cilt.1, sa.3, ss.22-26,2020<\/p>\n\n\n\n<p>\u00d6ZER \u00c7. (2020). Investigation of Soil Amplification in North Cyprus Journal of the Earth and Space Physics, cilt.45, sa.4, ss.53-61,2020<\/p>\n\n\n\n<p>\u00d6ZER \u00c7., \u00d6ZYAZICIO\u011eLU M.H., G\u00d6K E., POLAT O.D. (2019). Imaging the Crustal Structure Throughout the East Anatolian Fault Zone, Turkey, by Local Earthquake Tomography. PURE AND APPLIED GEOPHYSICS, cilt.176, sa.6, ss.2235-2261,2019<\/p>\n\n\n\n<p>\u00d6ZER \u00c7., \u00d6ZYAZICIO\u011eLU M.H. (2019). The local earthquake tomography of Erzurum(Turkey) geothermal area La tomograf\u00eda de terremoto local del \u00e1rea geot\u00e9rmica de Erzurum(Turqu\u00eda). Earth Sciences Research Journal, cilt.23, sa.3, ss.209-223,2019<\/p>\n\n\n\n<p>\u00d6ZER \u00c7. (2019). Determination of 3-D crustal seismic velocity structure beneath Hatay and surroundings. JOURNAL OF THE FACULTY OF ENGINEERING AND ARCHITECTURE OF GAZI UNIVERSITY, cilt.34, sa.4, ss.2215- 2227,2019<\/p>\n\n\n\n<p>\u00d6ZER \u00c7. (2019). Erzurum ve \u00c7evresi Yerel Zemin Etkilerinin SSR ve HVSR Y\u00f6ntemleri Kullan\u0131larak Ara\u015ft\u0131r\u0131lmas\u0131. Deu Muhendislik Fakultesi Fen ve Muhendislik, cilt.21, ss.247-257,2019<\/p>\n\n\n\n<p>\u00d6ZER \u00c7., Gok E., Polat O. (2018) Three-Dimensional Seismic Velocity Structure of the Aegean Region of Turkey from Local Earthquake Tomography. ANNALS OF GEOPHYSICS, cilt.61, sa.1,2018.<\/p>\n\n\n\n<p>\u00d6zyaz\u0131c\u0131o\u011flu, M. (2014). Spherical Wave Propagation in a Poroelastic Medium with Infinite Permeability: Time Domain Solution, The Scientific World Journal, Volume&nbsp;2014&nbsp;(2014), February, Article ID&nbsp;813097, pp.1-10DOI:10.1155\/2014\/813097.<\/p>\n\n\n\n<p>Utheim, T.; Havskov, J.; Ozyazicioglu, M.; Rodriguez, J.; Talavera E. (2014).RTQUAKE, a real time earthquake detection system integrated with SEISAN, Seismological Research Letters, V.85 (No.3), pp. 735-742 DOI: 10.1785\/0220130175.<\/p>\n\n\n\n<p>Orhan, S.N.; Ozyazicioglu, M. (2014). Determination Of Collapse Load Of Single Span Circular Masonry Arch Bridges By The Methods Of Limit Analysis, Pamukkale Journal of Eng. Sci. (Ref. Code : PAJES &#8211; 28863)&nbsp; (Accepted for publication, in Turkish).<\/p>\n\n\n\n<p>\u00d6zyaz\u0131c\u0131o\u011flu, M. (2013). Sudden pressurization of a spherical cavity in a poro-elastic medium, Mathematical Problems in Engineerimg, Volume 2013 (March), Article ID 632634. DOI: 10.1155\/2013\/632634.<\/p>\n\n\n\n<p>\u00d6zyaz\u0131c\u0131o\u011flu, M. (2013). Van earthquake of 2011 in its first year.,Yap\u0131D\u00fcnyas\u0131Dergisi, No.202-203, pp. 23-25 (in Turkish).<\/p>\n\n\n\n<p>Orhan, S.N.; Ozyazicioglu, M. (2012). Sternum kapamay\u00f6ntemleri, Sakarya University Journal of Science, <a href=\"http:\/\/www.saujs.sakarya.edu.tr\/issue\/view\/5000001937\">V.16(3<\/a>), pp.342-348,DOI: <a href=\"http:\/\/dx.doi.org\/10.5505\/saufbe.2012.25733\">10.5505\/saufbe.2012.25733<\/a> (in Turkish).<\/p>\n\n\n\n<p>Yildiz, E.; \u00d6zyaz\u0131c\u0131oglu, M.; \u00d6zkan, Y., (2010). Lateral Pressures on Rigid Retaining Walls. A Neural Networks Approach, Gazi\u00dcniv. FBE Dergi,23(2), pp.201-210<strong>.<\/strong><\/p>\n\n\n\n<p>M.Y. \u00d6zkan, M. \u00d6zyazicioglu and U.D. Aksar(2006). An evaluation of G\u00fcld\u00fcrcek dam response during 6 June 2000 Orta earthquake, Soil Dynamics and Earthquake Engng, Volume 26, Issue 5, pp.405-419<strong>. <\/strong>(May 2006), DOI ::10.1016\/j.soildyn.2005.10.007.<\/p>\n\n\n\n<p>S. Ozkuzukiran, M.Y. Ozkan, M.Ozyazicioglu, G.S. Yildiz(2006).\u201cSettlement behaviour of a concrete faced rock-fill dam\u201d, Geotechnical and Geological Engineering, V.24 (6), pp.1665\u20131678. (December 2006), DOI :10.1007\/s10706-005-5180-1.<\/p>\n\n\n\n<p>\u00d6zyaz\u0131c\u0131o\u011flu, M., Yaz\u0131c\u0131, \u015e. (1999). Quantification of ductility of double reinforced rectangular R\/C beams, A\u0130GM DepremAra\u015ft\u0131rmaB\u00fclteni, V.26, No.79, pp.104-117. (in Turkish)<\/p>\n","protected":false},"excerpt":{"rendered":"<p>Bayrak, E., \u00c7elebi, O., K\u0131l\u0131\u00e7, M., \u00d6zer, \u00c7., &amp; Ayd\u0131n, A. C., (2025). The strong ground motion and structural response analysis of 06 February 2023 Pazarc\u0131k and Elbistan earthquakes (Mw 7.7 and 7.6): a Case study for Malatya-T\u00fcrkiye, Eastern Anatolia. BULLETIN OF EARTHQUAKE ENGINEERING , vol.23, no.1, 359-389. Karsli, F., &amp; Bayrak, E., (2024). Single-station [&hellip;]<\/p>\n","protected":false},"author":433,"featured_media":0,"parent":0,"menu_order":0,"comment_status":"closed","ping_status":"closed","template":"","meta":{"footnotes":""},"class_list":["post-6205","page","type-page","status-publish","hentry"],"_links":{"self":[{"href":"https:\/\/atauni.edu.tr\/deprem-arastirma-merkezi\/wp-json\/wp\/v2\/pages\/6205","targetHints":{"allow":["GET"]}}],"collection":[{"href":"https:\/\/atauni.edu.tr\/deprem-arastirma-merkezi\/wp-json\/wp\/v2\/pages"}],"about":[{"href":"https:\/\/atauni.edu.tr\/deprem-arastirma-merkezi\/wp-json\/wp\/v2\/types\/page"}],"author":[{"embeddable":true,"href":"https:\/\/atauni.edu.tr\/deprem-arastirma-merkezi\/wp-json\/wp\/v2\/users\/433"}],"replies":[{"embeddable":true,"href":"https:\/\/atauni.edu.tr\/deprem-arastirma-merkezi\/wp-json\/wp\/v2\/comments?post=6205"}],"version-history":[{"count":6,"href":"https:\/\/atauni.edu.tr\/deprem-arastirma-merkezi\/wp-json\/wp\/v2\/pages\/6205\/revisions"}],"predecessor-version":[{"id":6411,"href":"https:\/\/atauni.edu.tr\/deprem-arastirma-merkezi\/wp-json\/wp\/v2\/pages\/6205\/revisions\/6411"}],"wp:attachment":[{"href":"https:\/\/atauni.edu.tr\/deprem-arastirma-merkezi\/wp-json\/wp\/v2\/media?parent=6205"}],"curies":[{"name":"wp","href":"https:\/\/api.w.org\/{rel}","templated":true}]}}