{"id":6212,"date":"2022-04-28T15:44:21","date_gmt":"2022-04-28T12:44:21","guid":{"rendered":"https:\/\/birimler.atauni.edu.tr\/deprem-arastirma-merkezi\/?page_id=6212"},"modified":"2023-04-25T11:18:24","modified_gmt":"2023-04-25T08:18:24","slug":"altyapi","status":"publish","type":"page","link":"https:\/\/atauni.edu.tr\/deprem-arastirma-merkezi\/altyapi\/","title":{"rendered":"Altyap\u0131"},"content":{"rendered":"\n<p>\u0130lk sismik kay\u0131t \u015febekesini Rusya\u2019dan temin edilen analog tip tek ve \u00fc\u00e7 bile\u015fenli sismometrelerle 1990 l\u0131 y\u0131llarda olu\u015fturan Merkezimiz, 1998 y\u0131l\u0131ndan itibaren Rekt\u00f6rl\u00fck imk\u00e2nlar\u0131 ile temin edilen 10 adet modern geni\u015f bant sismograf ve iki ivme \u00f6l\u00e7ere sahiptir. Sismograflar\u0131m\u0131z Do\u011fu Anadolu\u2019nun en kuzey do\u011fu ucundaki Posof ve Akyaka\u2019dan Erzincan-\u00dcz\u00fcml\u00fc\u2019ye kadar geni\u015f bir alan\u0131 kapsamakta olan modern istasyon yap\u0131lar\u0131na yerle\u015ftirilmi\u015ftir. Tekni\u011fine uygun kurulmu\u015f istasyonlar\u0131m\u0131zdan D\u00fcnya standartlar\u0131nda, en d\u00fc\u015f\u00fck g\u00fcr\u00fclt\u00fc seviyesinde kay\u0131t al\u0131nmaktad\u0131r.<br>\u00a0Merkezimiz, T.C. \u0130\u00e7i\u015fleri Bakanl\u0131\u011f\u0131 Afet ve Acil Durum Y\u00f6netimi Ba\u015fkanl\u0131\u011f\u0131 ile Do\u011fu Anadolu b\u00f6lgesinde konumland\u0131r\u0131lm\u0131\u015f olan toplam 25 adet deprem istasyonundan yer hareketleri izlenmekte, Merkezimizde \u00e7\u00f6z\u00fcmleme yap\u0131lmakta ve veri taban\u0131na i\u015flenmektedir.<br>Merkezimizde lisansl\u0131 SEISCOMP program\u0131 ile d\u00fcnya genelinde b\u00fcy\u00fck depremler merkezimizde otomatik \u00e7\u00f6z\u00fcmlenmektedir.<br>Yerel depremlerden i\u00e7in fay \u00e7\u00f6z\u00fcmleri de yap\u0131lmaktad\u0131r. Kurulu program grubu ile sismoloji ve deprem m\u00fchendisli\u011fi ile ilgili her t\u00fcrl\u00fc akademik ara\u015ft\u0131rma yap\u0131labilmektedir. <\/p>\n","protected":false},"excerpt":{"rendered":"<p>\u0130lk sismik kay\u0131t \u015febekesini Rusya\u2019dan temin edilen analog tip tek ve \u00fc\u00e7 bile\u015fenli sismometrelerle 1990 l\u0131 y\u0131llarda olu\u015fturan Merkezimiz, 1998 y\u0131l\u0131ndan itibaren Rekt\u00f6rl\u00fck imk\u00e2nlar\u0131 ile temin edilen 10 adet modern geni\u015f bant sismograf ve iki ivme \u00f6l\u00e7ere sahiptir. Sismograflar\u0131m\u0131z Do\u011fu Anadolu\u2019nun en kuzey do\u011fu ucundaki Posof ve Akyaka\u2019dan Erzincan-\u00dcz\u00fcml\u00fc\u2019ye kadar geni\u015f bir alan\u0131 kapsamakta olan [&hellip;]<\/p>\n","protected":false},"author":433,"featured_media":0,"parent":0,"menu_order":0,"comment_status":"closed","ping_status":"closed","template":"","meta":{"footnotes":""},"class_list":["post-6212","page","type-page","status-publish","hentry"],"_links":{"self":[{"href":"https:\/\/atauni.edu.tr\/deprem-arastirma-merkezi\/wp-json\/wp\/v2\/pages\/6212","targetHints":{"allow":["GET"]}}],"collection":[{"href":"https:\/\/atauni.edu.tr\/deprem-arastirma-merkezi\/wp-json\/wp\/v2\/pages"}],"about":[{"href":"https:\/\/atauni.edu.tr\/deprem-arastirma-merkezi\/wp-json\/wp\/v2\/types\/page"}],"author":[{"embeddable":true,"href":"https:\/\/atauni.edu.tr\/deprem-arastirma-merkezi\/wp-json\/wp\/v2\/users\/433"}],"replies":[{"embeddable":true,"href":"https:\/\/atauni.edu.tr\/deprem-arastirma-merkezi\/wp-json\/wp\/v2\/comments?post=6212"}],"version-history":[{"count":2,"href":"https:\/\/atauni.edu.tr\/deprem-arastirma-merkezi\/wp-json\/wp\/v2\/pages\/6212\/revisions"}],"predecessor-version":[{"id":6292,"href":"https:\/\/atauni.edu.tr\/deprem-arastirma-merkezi\/wp-json\/wp\/v2\/pages\/6212\/revisions\/6292"}],"wp:attachment":[{"href":"https:\/\/atauni.edu.tr\/deprem-arastirma-merkezi\/wp-json\/wp\/v2\/media?parent=6212"}],"curies":[{"name":"wp","href":"https:\/\/api.w.org\/{rel}","templated":true}]}}