{"id":6215,"date":"2022-04-28T15:44:55","date_gmt":"2022-04-28T12:44:55","guid":{"rendered":"https:\/\/birimler.atauni.edu.tr\/deprem-arastirma-merkezi\/?page_id=6215"},"modified":"2023-08-16T15:24:12","modified_gmt":"2023-08-16T12:24:12","slug":"isbirlikleri","status":"publish","type":"page","link":"https:\/\/atauni.edu.tr\/deprem-arastirma-merkezi\/isbirlikleri\/","title":{"rendered":"\u0130\u015fbirlikleri"},"content":{"rendered":"\t\t<div data-elementor-type=\"wp-page\" data-elementor-id=\"6215\" class=\"elementor elementor-6215\" data-elementor-post-type=\"page\">\n\t\t\t\t\t\t<section class=\"elementor-section elementor-top-section elementor-element elementor-element-7f1bf84d elementor-section-boxed elementor-section-height-default elementor-section-height-default\" data-id=\"7f1bf84d\" data-element_type=\"section\">\n\t\t\t\t\t\t<div class=\"elementor-container elementor-column-gap-default\">\n\t\t\t\t\t<div class=\"elementor-column elementor-col-100 elementor-top-column elementor-element elementor-element-768f0b13\" data-id=\"768f0b13\" data-element_type=\"column\">\n\t\t\t<div class=\"elementor-widget-wrap elementor-element-populated\">\n\t\t\t\t\t\t<div class=\"elementor-element elementor-element-2d77ac84 elementor-widget elementor-widget-text-editor\" data-id=\"2d77ac84\" data-element_type=\"widget\" data-widget_type=\"text-editor.default\">\n\t\t\t\t<div class=\"elementor-widget-container\">\n\t\t\t\t\t\t\t\t\t\n<p>AFAD (Eski AIGM), \u0130\u015fbirli\u011fi Protokol\u00fc, 15.04.2009<\/p>\n\n\n\n<p>AFAD \u00dcniversiteler Afet Y\u00f6netimi Uygulama ve Ara\u015ft\u0131rma Merkezleri Platformu<\/p>\n\t\t\t\t\t\t\t\t<\/div>\n\t\t\t\t<\/div>\n\t\t\t\t\t<\/div>\n\t\t<\/div>\n\t\t\t\t\t<\/div>\n\t\t<\/section>\n\t\t\t\t<section class=\"elementor-section elementor-top-section elementor-element elementor-element-e4bebed elementor-section-boxed elementor-section-height-default elementor-section-height-default\" data-id=\"e4bebed\" data-element_type=\"section\">\n\t\t\t\t\t\t<div class=\"elementor-container elementor-column-gap-default\">\n\t\t\t\t\t<div class=\"elementor-column elementor-col-50 elementor-top-column elementor-element elementor-element-827f7bd\" data-id=\"827f7bd\" data-element_type=\"column\">\n\t\t\t<div class=\"elementor-widget-wrap elementor-element-populated\">\n\t\t\t\t\t\t<div class=\"elementor-element elementor-element-0547c11 elementor-widget elementor-widget-image\" data-id=\"0547c11\" data-element_type=\"widget\" data-widget_type=\"image.default\">\n\t\t\t\t<div class=\"elementor-widget-container\">\n\t\t\t\t\t\t\t\t\t\t\t\t\t\t\t<img fetchpriority=\"high\" decoding=\"async\" width=\"1024\" height=\"682\" src=\"https:\/\/atauni.edu.tr\/deprem-arastirma-merkezi\/wp-content\/uploads\/sites\/496\/2023\/08\/Aymep_Toplanti_1-1024x682.jpg\" class=\"attachment-large size-large wp-image-6346\" alt=\"\" srcset=\"https:\/\/atauni.edu.tr\/deprem-arastirma-merkezi\/wp-content\/uploads\/sites\/496\/2023\/08\/Aymep_Toplanti_1-1024x682.jpg 1024w, https:\/\/atauni.edu.tr\/deprem-arastirma-merkezi\/wp-content\/uploads\/sites\/496\/2023\/08\/Aymep_Toplanti_1-300x200.jpg 300w, https:\/\/atauni.edu.tr\/deprem-arastirma-merkezi\/wp-content\/uploads\/sites\/496\/2023\/08\/Aymep_Toplanti_1-768x512.jpg 768w, https:\/\/atauni.edu.tr\/deprem-arastirma-merkezi\/wp-content\/uploads\/sites\/496\/2023\/08\/Aymep_Toplanti_1-1536x1023.jpg 1536w, https:\/\/atauni.edu.tr\/deprem-arastirma-merkezi\/wp-content\/uploads\/sites\/496\/2023\/08\/Aymep_Toplanti_1-600x400.jpg 600w, https:\/\/atauni.edu.tr\/deprem-arastirma-merkezi\/wp-content\/uploads\/sites\/496\/2023\/08\/Aymep_Toplanti_1-560x373.jpg 560w, https:\/\/atauni.edu.tr\/deprem-arastirma-merkezi\/wp-content\/uploads\/sites\/496\/2023\/08\/Aymep_Toplanti_1.jpg 1600w\" sizes=\"(max-width: 1024px) 100vw, 1024px\" \/>\t\t\t\t\t\t\t\t\t\t\t\t\t\t\t<\/div>\n\t\t\t\t<\/div>\n\t\t\t\t\t<\/div>\n\t\t<\/div>\n\t\t\t\t<div class=\"elementor-column elementor-col-50 elementor-top-column elementor-element elementor-element-a30a2f4\" data-id=\"a30a2f4\" data-element_type=\"column\">\n\t\t\t<div class=\"elementor-widget-wrap elementor-element-populated\">\n\t\t\t\t\t\t<div class=\"elementor-element elementor-element-03a42b0 elementor-widget elementor-widget-image\" data-id=\"03a42b0\" data-element_type=\"widget\" data-widget_type=\"image.default\">\n\t\t\t\t<div class=\"elementor-widget-container\">\n\t\t\t\t\t\t\t\t\t\t\t\t\t\t\t<img decoding=\"async\" width=\"1024\" height=\"768\" src=\"https:\/\/atauni.edu.tr\/deprem-arastirma-merkezi\/wp-content\/uploads\/sites\/496\/2023\/08\/Aymep_Toplanti_2.jpg\" class=\"attachment-large size-large wp-image-6347\" alt=\"\" srcset=\"https:\/\/atauni.edu.tr\/deprem-arastirma-merkezi\/wp-content\/uploads\/sites\/496\/2023\/08\/Aymep_Toplanti_2.jpg 1024w, https:\/\/atauni.edu.tr\/deprem-arastirma-merkezi\/wp-content\/uploads\/sites\/496\/2023\/08\/Aymep_Toplanti_2-300x225.jpg 300w, https:\/\/atauni.edu.tr\/deprem-arastirma-merkezi\/wp-content\/uploads\/sites\/496\/2023\/08\/Aymep_Toplanti_2-768x576.jpg 768w, https:\/\/atauni.edu.tr\/deprem-arastirma-merkezi\/wp-content\/uploads\/sites\/496\/2023\/08\/Aymep_Toplanti_2-600x450.jpg 600w, https:\/\/atauni.edu.tr\/deprem-arastirma-merkezi\/wp-content\/uploads\/sites\/496\/2023\/08\/Aymep_Toplanti_2-560x420.jpg 560w\" sizes=\"(max-width: 1024px) 100vw, 1024px\" \/>\t\t\t\t\t\t\t\t\t\t\t\t\t\t\t<\/div>\n\t\t\t\t<\/div>\n\t\t\t\t\t<\/div>\n\t\t<\/div>\n\t\t\t\t\t<\/div>\n\t\t<\/section>\n\t\t\t\t<\/div>\n\t\t","protected":false},"excerpt":{"rendered":"<p>AFAD (Eski AIGM), \u0130\u015fbirli\u011fi Protokol\u00fc, 15.04.2009 AFAD \u00dcniversiteler Afet Y\u00f6netimi Uygulama ve Ara\u015ft\u0131rma Merkezleri Platformu<\/p>\n","protected":false},"author":433,"featured_media":0,"parent":0,"menu_order":0,"comment_status":"closed","ping_status":"closed","template":"","meta":{"footnotes":""},"class_list":["post-6215","page","type-page","status-publish","hentry"],"_links":{"self":[{"href":"https:\/\/atauni.edu.tr\/deprem-arastirma-merkezi\/wp-json\/wp\/v2\/pages\/6215","targetHints":{"allow":["GET"]}}],"collection":[{"href":"https:\/\/atauni.edu.tr\/deprem-arastirma-merkezi\/wp-json\/wp\/v2\/pages"}],"about":[{"href":"https:\/\/atauni.edu.tr\/deprem-arastirma-merkezi\/wp-json\/wp\/v2\/types\/page"}],"author":[{"embeddable":true,"href":"https:\/\/atauni.edu.tr\/deprem-arastirma-merkezi\/wp-json\/wp\/v2\/users\/433"}],"replies":[{"embeddable":true,"href":"https:\/\/atauni.edu.tr\/deprem-arastirma-merkezi\/wp-json\/wp\/v2\/comments?post=6215"}],"version-history":[{"count":5,"href":"https:\/\/atauni.edu.tr\/deprem-arastirma-merkezi\/wp-json\/wp\/v2\/pages\/6215\/revisions"}],"predecessor-version":[{"id":6350,"href":"https:\/\/atauni.edu.tr\/deprem-arastirma-merkezi\/wp-json\/wp\/v2\/pages\/6215\/revisions\/6350"}],"wp:attachment":[{"href":"https:\/\/atauni.edu.tr\/deprem-arastirma-merkezi\/wp-json\/wp\/v2\/media?parent=6215"}],"curies":[{"name":"wp","href":"https:\/\/api.w.org\/{rel}","templated":true}]}}