{"id":6306,"date":"2023-08-16T14:41:08","date_gmt":"2023-08-16T11:41:08","guid":{"rendered":"https:\/\/birimler.atauni.edu.tr\/deprem-arastirma-merkezi\/?page_id=6306"},"modified":"2025-05-22T10:09:39","modified_gmt":"2025-05-22T07:09:39","slug":"toplumsal-katki","status":"publish","type":"page","link":"https:\/\/atauni.edu.tr\/deprem-arastirma-merkezi\/toplumsal-katki\/","title":{"rendered":"Toplumsal Katk\u0131"},"content":{"rendered":"\t\t<div data-elementor-type=\"wp-page\" data-elementor-id=\"6306\" class=\"elementor elementor-6306\" data-elementor-post-type=\"page\">\n\t\t\t\t\t\t<section class=\"elementor-section elementor-top-section elementor-element elementor-element-4cd1ef09 elementor-section-boxed elementor-section-height-default elementor-section-height-default\" data-id=\"4cd1ef09\" data-element_type=\"section\">\n\t\t\t\t\t\t<div class=\"elementor-container elementor-column-gap-default\">\n\t\t\t\t\t<div class=\"elementor-column elementor-col-100 elementor-top-column elementor-element elementor-element-764e09cc\" data-id=\"764e09cc\" data-element_type=\"column\">\n\t\t\t<div class=\"elementor-widget-wrap elementor-element-populated\">\n\t\t\t\t\t\t<div class=\"elementor-element elementor-element-4b486ac8 elementor-widget elementor-widget-text-editor\" data-id=\"4b486ac8\" data-element_type=\"widget\" data-widget_type=\"text-editor.default\">\n\t\t\t\t<div class=\"elementor-widget-container\">\n\t\t\t\t\t\t\t\t\t\n<p><strong>Toplumsal Duyarl\u0131l\u0131k Projeleri<\/strong><\/p>\n\n<ol class=\"wp-block-list\" type=\"1\">\n<li>Depreme Haz\u0131r m\u0131y\u0131z?<\/li>\n\n<li>Forum Erzurum Avm Ziyaret\u00e7ilerine Y\u00f6nelik Deprem Bilin\u00e7lendirme E\u011fitimi<\/li>\n\n<li>TRT Erzurum Radyosunda Deprem An\u0131nda ve Sonras\u0131nda Yap\u0131lmas\u0131 Gerekenler Hakk\u0131nda Bilgilendirme<\/li>\n\n<li>Muhtarlara Y\u00f6nelik Deprem Bilincinin Artt\u0131r\u0131lmas\u0131 E\u011fitimi<\/li>\n\n<li>Lisans ve Lisans\u00fcst\u00fc \u00d6\u011frencilerine Y\u00f6nelik Deprem Fark\u0131ndal\u0131k E\u011fitimi<\/li>\n\n<li>\u00d6zel Gereksinimli Bireyler \u0130\u00e7in Deprem Fark\u0131ndal\u0131k E\u011fitimi<\/li>\n\n<li>\u0130lkokul D\u00fczeyinde Deprem Fark\u0131ndal\u0131k E\u011fitimi<\/li>\n\n<li>Ortaokul D\u00fczeyinde Deprem Fark\u0131ndal\u0131k E\u011fitimi<\/li>\n\n<li>Lise D\u00fczeyinde Deprem Fark\u0131ndal\u0131k E\u011fitimi<\/li>\n\n<li>Depremden Korkmuyorum<\/li>\n<li>Deprem&#8217;i Tan\u0131yal\u0131m<\/li>\n<li>MNG AVM Ziyaret\u00e7ilerine Y\u00f6nelik Deprem Fark\u0131ndal\u0131k E\u011fitimi<\/li>\n<\/ol>\n\n<p><br \/><br \/><\/p>\n\t\t\t\t\t\t\t\t<\/div>\n\t\t\t\t<\/div>\n\t\t\t\t\t<\/div>\n\t\t<\/div>\n\t\t\t\t\t<\/div>\n\t\t<\/section>\n\t\t\t\t<section class=\"elementor-section elementor-top-section elementor-element elementor-element-0e8cf1d elementor-section-boxed elementor-section-height-default elementor-section-height-default\" data-id=\"0e8cf1d\" data-element_type=\"section\">\n\t\t\t\t\t\t<div class=\"elementor-container elementor-column-gap-default\">\n\t\t\t\t\t<div class=\"elementor-column elementor-col-16 elementor-top-column elementor-element elementor-element-0a7b80f\" data-id=\"0a7b80f\" data-element_type=\"column\">\n\t\t\t<div class=\"elementor-widget-wrap elementor-element-populated\">\n\t\t\t\t\t\t<div class=\"elementor-element elementor-element-550b513 elementor-widget elementor-widget-image\" data-id=\"550b513\" data-element_type=\"widget\" data-widget_type=\"image.default\">\n\t\t\t\t<div class=\"elementor-widget-container\">\n\t\t\t\t\t\t\t\t\t\t\t\t\t\t\t\t<a href=\"https:\/\/birimler.atauni.edu.tr\/deprem-arastirma-merkezi\/wp-content\/uploads\/sites\/496\/2023\/08\/Okul_Sismometre_2.jpeg\" data-elementor-open-lightbox=\"yes\" data-elementor-lightbox-title=\"Okul_Sismometre_2\" data-e-action-hash=\"#elementor-action%3Aaction%3Dlightbox%26settings%3DeyJpZCI6IjYzMTkiLCJ1cmwiOiJodHRwczpcL1wvYXRhdW5pLmVkdS50clwvZGVwcmVtLWFyYXN0aXJtYS1tZXJrZXppXC93cC1jb250ZW50XC91cGxvYWRzXC9zaXRlc1wvNDk2XC8yMDIzXC8wOFwvT2t1bF9TaXNtb21ldHJlXzIuanBlZyJ9\">\n\t\t\t\t\t\t\t<img fetchpriority=\"high\" decoding=\"async\" width=\"768\" height=\"1024\" src=\"https:\/\/atauni.edu.tr\/deprem-arastirma-merkezi\/wp-content\/uploads\/sites\/496\/2023\/08\/Okul_Sismometre_2-768x1024.jpeg\" class=\"attachment-large size-large wp-image-6319\" alt=\"\" srcset=\"https:\/\/atauni.edu.tr\/deprem-arastirma-merkezi\/wp-content\/uploads\/sites\/496\/2023\/08\/Okul_Sismometre_2-768x1024.jpeg 768w, https:\/\/atauni.edu.tr\/deprem-arastirma-merkezi\/wp-content\/uploads\/sites\/496\/2023\/08\/Okul_Sismometre_2-225x300.jpeg 225w, https:\/\/atauni.edu.tr\/deprem-arastirma-merkezi\/wp-content\/uploads\/sites\/496\/2023\/08\/Okul_Sismometre_2-1152x1536.jpeg 1152w, https:\/\/atauni.edu.tr\/deprem-arastirma-merkezi\/wp-content\/uploads\/sites\/496\/2023\/08\/Okul_Sismometre_2-450x600.jpeg 450w, https:\/\/atauni.edu.tr\/deprem-arastirma-merkezi\/wp-content\/uploads\/sites\/496\/2023\/08\/Okul_Sismometre_2-420x560.jpeg 420w, https:\/\/atauni.edu.tr\/deprem-arastirma-merkezi\/wp-content\/uploads\/sites\/496\/2023\/08\/Okul_Sismometre_2.jpeg 1536w\" sizes=\"(max-width: 768px) 100vw, 768px\" \/>\t\t\t\t\t\t\t\t<\/a>\n\t\t\t\t\t\t\t\t\t\t\t\t\t\t\t<\/div>\n\t\t\t\t<\/div>\n\t\t\t\t\t<\/div>\n\t\t<\/div>\n\t\t\t\t<div class=\"elementor-column elementor-col-16 elementor-top-column elementor-element elementor-element-fe44241\" data-id=\"fe44241\" data-element_type=\"column\">\n\t\t\t<div class=\"elementor-widget-wrap elementor-element-populated\">\n\t\t\t\t\t\t<div class=\"elementor-element elementor-element-4244009 elementor-widget elementor-widget-image\" data-id=\"4244009\" data-element_type=\"widget\" data-widget_type=\"image.default\">\n\t\t\t\t<div class=\"elementor-widget-container\">\n\t\t\t\t\t\t\t\t\t\t\t\t\t\t\t\t<a href=\"https:\/\/birimler.atauni.edu.tr\/deprem-arastirma-merkezi\/wp-content\/uploads\/sites\/496\/2023\/08\/TUBITAK_2237.jpg\" data-elementor-open-lightbox=\"yes\" data-elementor-lightbox-title=\"TUB\u0130TAK_2237\" data-e-action-hash=\"#elementor-action%3Aaction%3Dlightbox%26settings%3DeyJpZCI6IjYzMzQiLCJ1cmwiOiJodHRwczpcL1wvYXRhdW5pLmVkdS50clwvZGVwcmVtLWFyYXN0aXJtYS1tZXJrZXppXC93cC1jb250ZW50XC91cGxvYWRzXC9zaXRlc1wvNDk2XC8yMDIzXC8wOFwvVFVCSVRBS18yMjM3LmpwZyJ9\">\n\t\t\t\t\t\t\t<img decoding=\"async\" width=\"1024\" height=\"684\" src=\"https:\/\/atauni.edu.tr\/deprem-arastirma-merkezi\/wp-content\/uploads\/sites\/496\/2023\/08\/TUBITAK_2237-1024x684.jpg\" class=\"attachment-large size-large wp-image-6334\" alt=\"\" srcset=\"https:\/\/atauni.edu.tr\/deprem-arastirma-merkezi\/wp-content\/uploads\/sites\/496\/2023\/08\/TUBITAK_2237-1024x684.jpg 1024w, https:\/\/atauni.edu.tr\/deprem-arastirma-merkezi\/wp-content\/uploads\/sites\/496\/2023\/08\/TUBITAK_2237-300x200.jpg 300w, https:\/\/atauni.edu.tr\/deprem-arastirma-merkezi\/wp-content\/uploads\/sites\/496\/2023\/08\/TUBITAK_2237-768x513.jpg 768w, https:\/\/atauni.edu.tr\/deprem-arastirma-merkezi\/wp-content\/uploads\/sites\/496\/2023\/08\/TUBITAK_2237-600x401.jpg 600w, https:\/\/atauni.edu.tr\/deprem-arastirma-merkezi\/wp-content\/uploads\/sites\/496\/2023\/08\/TUBITAK_2237-560x374.jpg 560w, https:\/\/atauni.edu.tr\/deprem-arastirma-merkezi\/wp-content\/uploads\/sites\/496\/2023\/08\/TUBITAK_2237.jpg 1126w\" sizes=\"(max-width: 1024px) 100vw, 1024px\" \/>\t\t\t\t\t\t\t\t<\/a>\n\t\t\t\t\t\t\t\t\t\t\t\t\t\t\t<\/div>\n\t\t\t\t<\/div>\n\t\t\t\t\t<\/div>\n\t\t<\/div>\n\t\t\t\t<div class=\"elementor-column elementor-col-16 elementor-top-column elementor-element elementor-element-9e8d1e0\" data-id=\"9e8d1e0\" data-element_type=\"column\">\n\t\t\t<div class=\"elementor-widget-wrap elementor-element-populated\">\n\t\t\t\t\t\t<div class=\"elementor-element elementor-element-6e79fc6 elementor-widget elementor-widget-image\" data-id=\"6e79fc6\" data-element_type=\"widget\" data-widget_type=\"image.default\">\n\t\t\t\t<div class=\"elementor-widget-container\">\n\t\t\t\t\t\t\t\t\t\t\t\t\t\t\t\t<a href=\"https:\/\/birimler.atauni.edu.tr\/deprem-arastirma-merkezi\/wp-content\/uploads\/sites\/496\/2023\/08\/Forum-Erzurum-Avm-Ziyaretcilerine-Yonelik-Deprem-Bilinclendirme-Egitimi.jpeg\" data-elementor-open-lightbox=\"yes\" data-elementor-lightbox-title=\"Forum Erzurum Avm Ziyaret\u00e7ilerine Y\u00f6nelik Deprem Bilin\u00e7lendirme E\u011fitimi\" data-e-action-hash=\"#elementor-action%3Aaction%3Dlightbox%26settings%3DeyJpZCI6IjYzMjAiLCJ1cmwiOiJodHRwczpcL1wvYXRhdW5pLmVkdS50clwvZGVwcmVtLWFyYXN0aXJtYS1tZXJrZXppXC93cC1jb250ZW50XC91cGxvYWRzXC9zaXRlc1wvNDk2XC8yMDIzXC8wOFwvRm9ydW0tRXJ6dXJ1bS1Bdm0tWml5YXJldGNpbGVyaW5lLVlvbmVsaWstRGVwcmVtLUJpbGluY2xlbmRpcm1lLUVnaXRpbWkuanBlZyJ9\">\n\t\t\t\t\t\t\t<img decoding=\"async\" width=\"768\" height=\"1024\" src=\"https:\/\/atauni.edu.tr\/deprem-arastirma-merkezi\/wp-content\/uploads\/sites\/496\/2023\/08\/Forum-Erzurum-Avm-Ziyaretcilerine-Yonelik-Deprem-Bilinclendirme-Egitimi-768x1024.jpeg\" class=\"attachment-large size-large wp-image-6320\" alt=\"\" srcset=\"https:\/\/atauni.edu.tr\/deprem-arastirma-merkezi\/wp-content\/uploads\/sites\/496\/2023\/08\/Forum-Erzurum-Avm-Ziyaretcilerine-Yonelik-Deprem-Bilinclendirme-Egitimi-768x1024.jpeg 768w, https:\/\/atauni.edu.tr\/deprem-arastirma-merkezi\/wp-content\/uploads\/sites\/496\/2023\/08\/Forum-Erzurum-Avm-Ziyaretcilerine-Yonelik-Deprem-Bilinclendirme-Egitimi-225x300.jpeg 225w, https:\/\/atauni.edu.tr\/deprem-arastirma-merkezi\/wp-content\/uploads\/sites\/496\/2023\/08\/Forum-Erzurum-Avm-Ziyaretcilerine-Yonelik-Deprem-Bilinclendirme-Egitimi-1152x1536.jpeg 1152w, https:\/\/atauni.edu.tr\/deprem-arastirma-merkezi\/wp-content\/uploads\/sites\/496\/2023\/08\/Forum-Erzurum-Avm-Ziyaretcilerine-Yonelik-Deprem-Bilinclendirme-Egitimi-450x600.jpeg 450w, https:\/\/atauni.edu.tr\/deprem-arastirma-merkezi\/wp-content\/uploads\/sites\/496\/2023\/08\/Forum-Erzurum-Avm-Ziyaretcilerine-Yonelik-Deprem-Bilinclendirme-Egitimi-420x560.jpeg 420w, https:\/\/atauni.edu.tr\/deprem-arastirma-merkezi\/wp-content\/uploads\/sites\/496\/2023\/08\/Forum-Erzurum-Avm-Ziyaretcilerine-Yonelik-Deprem-Bilinclendirme-Egitimi.jpeg 1536w\" sizes=\"(max-width: 768px) 100vw, 768px\" \/>\t\t\t\t\t\t\t\t<\/a>\n\t\t\t\t\t\t\t\t\t\t\t\t\t\t\t<\/div>\n\t\t\t\t<\/div>\n\t\t\t\t\t<\/div>\n\t\t<\/div>\n\t\t\t\t<div class=\"elementor-column elementor-col-16 elementor-top-column elementor-element elementor-element-7518627\" data-id=\"7518627\" data-element_type=\"column\">\n\t\t\t<div class=\"elementor-widget-wrap elementor-element-populated\">\n\t\t\t\t\t\t<div class=\"elementor-element elementor-element-26b3f58 elementor-widget elementor-widget-image\" data-id=\"26b3f58\" data-element_type=\"widget\" data-widget_type=\"image.default\">\n\t\t\t\t<div class=\"elementor-widget-container\">\n\t\t\t\t\t\t\t\t\t\t\t\t\t\t\t\t<a href=\"https:\/\/birimler.atauni.edu.tr\/deprem-arastirma-merkezi\/wp-content\/uploads\/sites\/496\/2023\/08\/Ozel-Gereksinimli-Bireyler-Icin-Deprem-Farkindalik-Egitimi.jpeg\" data-elementor-open-lightbox=\"yes\" data-elementor-lightbox-title=\"\u00d6zel Gereksinimli Bireyler \u0130\u00e7in Deprem Fark\u0131ndal\u0131k E\u011fitimi\" data-e-action-hash=\"#elementor-action%3Aaction%3Dlightbox%26settings%3DeyJpZCI6IjYzMjEiLCJ1cmwiOiJodHRwczpcL1wvYXRhdW5pLmVkdS50clwvZGVwcmVtLWFyYXN0aXJtYS1tZXJrZXppXC93cC1jb250ZW50XC91cGxvYWRzXC9zaXRlc1wvNDk2XC8yMDIzXC8wOFwvT3plbC1HZXJla3NpbmltbGktQmlyZXlsZXItSWNpbi1EZXByZW0tRmFya2luZGFsaWstRWdpdGltaS5qcGVnIn0%3D\">\n\t\t\t\t\t\t\t<img loading=\"lazy\" decoding=\"async\" width=\"1024\" height=\"768\" src=\"https:\/\/atauni.edu.tr\/deprem-arastirma-merkezi\/wp-content\/uploads\/sites\/496\/2023\/08\/Ozel-Gereksinimli-Bireyler-Icin-Deprem-Farkindalik-Egitimi-1024x768.jpeg\" class=\"attachment-large size-large wp-image-6321\" alt=\"\" srcset=\"https:\/\/atauni.edu.tr\/deprem-arastirma-merkezi\/wp-content\/uploads\/sites\/496\/2023\/08\/Ozel-Gereksinimli-Bireyler-Icin-Deprem-Farkindalik-Egitimi-1024x768.jpeg 1024w, https:\/\/atauni.edu.tr\/deprem-arastirma-merkezi\/wp-content\/uploads\/sites\/496\/2023\/08\/Ozel-Gereksinimli-Bireyler-Icin-Deprem-Farkindalik-Egitimi-300x225.jpeg 300w, https:\/\/atauni.edu.tr\/deprem-arastirma-merkezi\/wp-content\/uploads\/sites\/496\/2023\/08\/Ozel-Gereksinimli-Bireyler-Icin-Deprem-Farkindalik-Egitimi-768x576.jpeg 768w, https:\/\/atauni.edu.tr\/deprem-arastirma-merkezi\/wp-content\/uploads\/sites\/496\/2023\/08\/Ozel-Gereksinimli-Bireyler-Icin-Deprem-Farkindalik-Egitimi-1536x1152.jpeg 1536w, https:\/\/atauni.edu.tr\/deprem-arastirma-merkezi\/wp-content\/uploads\/sites\/496\/2023\/08\/Ozel-Gereksinimli-Bireyler-Icin-Deprem-Farkindalik-Egitimi-600x450.jpeg 600w, https:\/\/atauni.edu.tr\/deprem-arastirma-merkezi\/wp-content\/uploads\/sites\/496\/2023\/08\/Ozel-Gereksinimli-Bireyler-Icin-Deprem-Farkindalik-Egitimi-560x420.jpeg 560w, https:\/\/atauni.edu.tr\/deprem-arastirma-merkezi\/wp-content\/uploads\/sites\/496\/2023\/08\/Ozel-Gereksinimli-Bireyler-Icin-Deprem-Farkindalik-Egitimi.jpeg 2048w\" sizes=\"(max-width: 1024px) 100vw, 1024px\" \/>\t\t\t\t\t\t\t\t<\/a>\n\t\t\t\t\t\t\t\t\t\t\t\t\t\t\t<\/div>\n\t\t\t\t<\/div>\n\t\t\t\t\t<\/div>\n\t\t<\/div>\n\t\t\t\t<div class=\"elementor-column elementor-col-16 elementor-top-column elementor-element elementor-element-c842a9a\" data-id=\"c842a9a\" data-element_type=\"column\">\n\t\t\t<div class=\"elementor-widget-wrap elementor-element-populated\">\n\t\t\t\t\t\t<div class=\"elementor-element elementor-element-3988f92 elementor-widget elementor-widget-image\" data-id=\"3988f92\" data-element_type=\"widget\" data-widget_type=\"image.default\">\n\t\t\t\t<div class=\"elementor-widget-container\">\n\t\t\t\t\t\t\t\t\t\t\t\t\t\t\t\t<a href=\"https:\/\/birimler.atauni.edu.tr\/deprem-arastirma-merkezi\/wp-content\/uploads\/sites\/496\/2023\/08\/Muhtarlara-Yonelik-Deprem-Bilincinin-Arttirilmasi-Egitimi.jpeg\" data-elementor-open-lightbox=\"yes\" data-elementor-lightbox-title=\"Muhtarlara Y\u00f6nelik Deprem Bilincinin Artt\u0131r\u0131lmas\u0131 E\u011fitimi\" data-e-action-hash=\"#elementor-action%3Aaction%3Dlightbox%26settings%3DeyJpZCI6IjYzMjIiLCJ1cmwiOiJodHRwczpcL1wvYXRhdW5pLmVkdS50clwvZGVwcmVtLWFyYXN0aXJtYS1tZXJrZXppXC93cC1jb250ZW50XC91cGxvYWRzXC9zaXRlc1wvNDk2XC8yMDIzXC8wOFwvTXVodGFybGFyYS1Zb25lbGlrLURlcHJlbS1CaWxpbmNpbmluLUFydHRpcmlsbWFzaS1FZ2l0aW1pLmpwZWcifQ%3D%3D\">\n\t\t\t\t\t\t\t<img loading=\"lazy\" decoding=\"async\" width=\"768\" height=\"1024\" src=\"https:\/\/atauni.edu.tr\/deprem-arastirma-merkezi\/wp-content\/uploads\/sites\/496\/2023\/08\/Muhtarlara-Yonelik-Deprem-Bilincinin-Arttirilmasi-Egitimi-768x1024.jpeg\" class=\"attachment-large size-large wp-image-6322\" alt=\"\" srcset=\"https:\/\/atauni.edu.tr\/deprem-arastirma-merkezi\/wp-content\/uploads\/sites\/496\/2023\/08\/Muhtarlara-Yonelik-Deprem-Bilincinin-Arttirilmasi-Egitimi-768x1024.jpeg 768w, https:\/\/atauni.edu.tr\/deprem-arastirma-merkezi\/wp-content\/uploads\/sites\/496\/2023\/08\/Muhtarlara-Yonelik-Deprem-Bilincinin-Arttirilmasi-Egitimi-225x300.jpeg 225w, https:\/\/atauni.edu.tr\/deprem-arastirma-merkezi\/wp-content\/uploads\/sites\/496\/2023\/08\/Muhtarlara-Yonelik-Deprem-Bilincinin-Arttirilmasi-Egitimi-1152x1536.jpeg 1152w, https:\/\/atauni.edu.tr\/deprem-arastirma-merkezi\/wp-content\/uploads\/sites\/496\/2023\/08\/Muhtarlara-Yonelik-Deprem-Bilincinin-Arttirilmasi-Egitimi-450x600.jpeg 450w, https:\/\/atauni.edu.tr\/deprem-arastirma-merkezi\/wp-content\/uploads\/sites\/496\/2023\/08\/Muhtarlara-Yonelik-Deprem-Bilincinin-Arttirilmasi-Egitimi-420x560.jpeg 420w, https:\/\/atauni.edu.tr\/deprem-arastirma-merkezi\/wp-content\/uploads\/sites\/496\/2023\/08\/Muhtarlara-Yonelik-Deprem-Bilincinin-Arttirilmasi-Egitimi.jpeg 1200w\" sizes=\"(max-width: 768px) 100vw, 768px\" \/>\t\t\t\t\t\t\t\t<\/a>\n\t\t\t\t\t\t\t\t\t\t\t\t\t\t\t<\/div>\n\t\t\t\t<\/div>\n\t\t\t\t\t<\/div>\n\t\t<\/div>\n\t\t\t\t<div class=\"elementor-column elementor-col-16 elementor-top-column elementor-element elementor-element-acb0b38\" data-id=\"acb0b38\" data-element_type=\"column\">\n\t\t\t<div class=\"elementor-widget-wrap elementor-element-populated\">\n\t\t\t\t\t\t<div class=\"elementor-element elementor-element-acf11f6 elementor-widget elementor-widget-image\" data-id=\"acf11f6\" data-element_type=\"widget\" data-widget_type=\"image.default\">\n\t\t\t\t<div class=\"elementor-widget-container\">\n\t\t\t\t\t\t\t\t\t\t\t\t\t\t\t\t<a href=\"https:\/\/birimler.atauni.edu.tr\/deprem-arastirma-merkezi\/wp-content\/uploads\/sites\/496\/2023\/08\/Okul_Sismometre.jpeg\" data-elementor-open-lightbox=\"yes\" data-elementor-lightbox-title=\"Okul_Sismometre\" data-e-action-hash=\"#elementor-action%3Aaction%3Dlightbox%26settings%3DeyJpZCI6IjYzMjMiLCJ1cmwiOiJodHRwczpcL1wvYXRhdW5pLmVkdS50clwvZGVwcmVtLWFyYXN0aXJtYS1tZXJrZXppXC93cC1jb250ZW50XC91cGxvYWRzXC9zaXRlc1wvNDk2XC8yMDIzXC8wOFwvT2t1bF9TaXNtb21ldHJlLmpwZWcifQ%3D%3D\">\n\t\t\t\t\t\t\t<img loading=\"lazy\" decoding=\"async\" width=\"641\" height=\"1024\" src=\"https:\/\/atauni.edu.tr\/deprem-arastirma-merkezi\/wp-content\/uploads\/sites\/496\/2023\/08\/Okul_Sismometre-641x1024.jpeg\" class=\"attachment-large size-large wp-image-6323\" alt=\"\" srcset=\"https:\/\/atauni.edu.tr\/deprem-arastirma-merkezi\/wp-content\/uploads\/sites\/496\/2023\/08\/Okul_Sismometre-641x1024.jpeg 641w, https:\/\/atauni.edu.tr\/deprem-arastirma-merkezi\/wp-content\/uploads\/sites\/496\/2023\/08\/Okul_Sismometre-188x300.jpeg 188w, https:\/\/atauni.edu.tr\/deprem-arastirma-merkezi\/wp-content\/uploads\/sites\/496\/2023\/08\/Okul_Sismometre-768x1227.jpeg 768w, https:\/\/atauni.edu.tr\/deprem-arastirma-merkezi\/wp-content\/uploads\/sites\/496\/2023\/08\/Okul_Sismometre-376x600.jpeg 376w, https:\/\/atauni.edu.tr\/deprem-arastirma-merkezi\/wp-content\/uploads\/sites\/496\/2023\/08\/Okul_Sismometre-350x560.jpeg 350w, https:\/\/atauni.edu.tr\/deprem-arastirma-merkezi\/wp-content\/uploads\/sites\/496\/2023\/08\/Okul_Sismometre.jpeg 828w\" sizes=\"(max-width: 641px) 100vw, 641px\" \/>\t\t\t\t\t\t\t\t<\/a>\n\t\t\t\t\t\t\t\t\t\t\t\t\t\t\t<\/div>\n\t\t\t\t<\/div>\n\t\t\t\t\t<\/div>\n\t\t<\/div>\n\t\t\t\t\t<\/div>\n\t\t<\/section>\n\t\t\t\t<\/div>\n\t\t","protected":false},"excerpt":{"rendered":"<p>Toplumsal Duyarl\u0131l\u0131k Projeleri<\/p>\n","protected":false},"author":462,"featured_media":0,"parent":0,"menu_order":0,"comment_status":"closed","ping_status":"closed","template":"","meta":{"footnotes":""},"class_list":["post-6306","page","type-page","status-publish","hentry"],"_links":{"self":[{"href":"https:\/\/atauni.edu.tr\/deprem-arastirma-merkezi\/wp-json\/wp\/v2\/pages\/6306","targetHints":{"allow":["GET"]}}],"collection":[{"href":"https:\/\/atauni.edu.tr\/deprem-arastirma-merkezi\/wp-json\/wp\/v2\/pages"}],"about":[{"href":"https:\/\/atauni.edu.tr\/deprem-arastirma-merkezi\/wp-json\/wp\/v2\/types\/page"}],"author":[{"embeddable":true,"href":"https:\/\/atauni.edu.tr\/deprem-arastirma-merkezi\/wp-json\/wp\/v2\/users\/462"}],"replies":[{"embeddable":true,"href":"https:\/\/atauni.edu.tr\/deprem-arastirma-merkezi\/wp-json\/wp\/v2\/comments?post=6306"}],"version-history":[{"count":20,"href":"https:\/\/atauni.edu.tr\/deprem-arastirma-merkezi\/wp-json\/wp\/v2\/pages\/6306\/revisions"}],"predecessor-version":[{"id":6414,"href":"https:\/\/atauni.edu.tr\/deprem-arastirma-merkezi\/wp-json\/wp\/v2\/pages\/6306\/revisions\/6414"}],"wp:attachment":[{"href":"https:\/\/atauni.edu.tr\/deprem-arastirma-merkezi\/wp-json\/wp\/v2\/media?parent=6306"}],"curies":[{"name":"wp","href":"https:\/\/api.w.org\/{rel}","templated":true}]}}