{"id":6351,"date":"2023-08-16T15:31:47","date_gmt":"2023-08-16T12:31:47","guid":{"rendered":"https:\/\/birimler.atauni.edu.tr\/deprem-arastirma-merkezi\/?page_id=6351"},"modified":"2023-08-16T15:52:10","modified_gmt":"2023-08-16T12:52:10","slug":"dis-paydaslar","status":"publish","type":"page","link":"https:\/\/atauni.edu.tr\/deprem-arastirma-merkezi\/dis-paydaslar\/","title":{"rendered":"D\u0131\u015f Payda\u015flar"},"content":{"rendered":"\n<p><a href=\"https:\/\/www.erzurum.bel.tr\/\" target=\"_blank\" rel=\"noreferrer noopener\">Erzurum B\u00fcy\u00fck\u015fehir Belediyesi<\/a><\/p>\n\n\n\n<p><a rel=\"noreferrer noopener\" href=\"https:\/\/erzurum.afad.gov.tr\/\" data-type=\"URL\" data-id=\"https:\/\/erzurum.afad.gov.tr\/\" target=\"_blank\">Erzurum \u0130l Afet ve Acil Durum M\u00fcd\u00fcrl\u00fc\u011f\u00fc<\/a><\/p>\n","protected":false},"excerpt":{"rendered":"<p>Erzurum B\u00fcy\u00fck\u015fehir Belediyesi Erzurum \u0130l Afet ve Acil Durum M\u00fcd\u00fcrl\u00fc\u011f\u00fc<\/p>\n","protected":false},"author":462,"featured_media":0,"parent":0,"menu_order":0,"comment_status":"closed","ping_status":"closed","template":"","meta":{"footnotes":""},"class_list":["post-6351","page","type-page","status-publish","hentry"],"_links":{"self":[{"href":"https:\/\/atauni.edu.tr\/deprem-arastirma-merkezi\/wp-json\/wp\/v2\/pages\/6351","targetHints":{"allow":["GET"]}}],"collection":[{"href":"https:\/\/atauni.edu.tr\/deprem-arastirma-merkezi\/wp-json\/wp\/v2\/pages"}],"about":[{"href":"https:\/\/atauni.edu.tr\/deprem-arastirma-merkezi\/wp-json\/wp\/v2\/types\/page"}],"author":[{"embeddable":true,"href":"https:\/\/atauni.edu.tr\/deprem-arastirma-merkezi\/wp-json\/wp\/v2\/users\/462"}],"replies":[{"embeddable":true,"href":"https:\/\/atauni.edu.tr\/deprem-arastirma-merkezi\/wp-json\/wp\/v2\/comments?post=6351"}],"version-history":[{"count":3,"href":"https:\/\/atauni.edu.tr\/deprem-arastirma-merkezi\/wp-json\/wp\/v2\/pages\/6351\/revisions"}],"predecessor-version":[{"id":6357,"href":"https:\/\/atauni.edu.tr\/deprem-arastirma-merkezi\/wp-json\/wp\/v2\/pages\/6351\/revisions\/6357"}],"wp:attachment":[{"href":"https:\/\/atauni.edu.tr\/deprem-arastirma-merkezi\/wp-json\/wp\/v2\/media?parent=6351"}],"curies":[{"name":"wp","href":"https:\/\/api.w.org\/{rel}","templated":true}]}}