{"id":5638,"date":"2021-07-13T09:49:25","date_gmt":"2021-07-13T06:49:25","guid":{"rendered":"https:\/\/portaltest.atauni.edu.tr\/bilgisayar-muhendisligi\/?page_id=5638"},"modified":"2025-04-07T15:44:59","modified_gmt":"2025-04-07T12:44:59","slug":"tarihce","status":"publish","type":"page","link":"https:\/\/atauni.edu.tr\/dijital-donusum-koordinatorlugu-2\/tarihce\/","title":{"rendered":"Tarih\u00e7e"},"content":{"rendered":"\t\t<div data-elementor-type=\"wp-page\" data-elementor-id=\"5638\" class=\"elementor elementor-5638\" data-elementor-post-type=\"page\">\n\t\t\t\t\t\t<section class=\"elementor-section elementor-top-section elementor-element elementor-element-059b5df elementor-section-boxed elementor-section-height-default elementor-section-height-default\" data-id=\"059b5df\" data-element_type=\"section\">\n\t\t\t\t\t\t<div class=\"elementor-container elementor-column-gap-default\">\n\t\t\t\t\t<div class=\"elementor-column elementor-col-100 elementor-top-column elementor-element elementor-element-005b65a\" data-id=\"005b65a\" data-element_type=\"column\">\n\t\t\t<div class=\"elementor-widget-wrap elementor-element-populated\">\n\t\t\t\t\t\t<div class=\"elementor-element elementor-element-1b5e708 elementor-widget elementor-widget-text-editor\" data-id=\"1b5e708\" data-element_type=\"widget\" data-widget_type=\"text-editor.default\">\n\t\t\t\t<div class=\"elementor-widget-container\">\n\t\t\t\t\t\t\t\t\t<p><strong><span style=\"color: var( --e-global-color-text );font-family: var( --e-global-typography-text-font-family ), Sans-serif;font-size: 1rem;letter-spacing: 0px\">Tarih\u00e7e<\/span><\/strong><\/p><p>Atat\u00fcrk \u00dcniversitesi Dijital D\u00f6n\u00fc\u015f\u00fcm Koordinat\u00f6rl\u00fc\u011f\u00fc, y\u00fcksek\u00f6\u011fretimde dijitalle\u015fme s\u00fcrecinin h\u0131z kazanmas\u0131yla birlikte \u00fcniversitenin e\u011fitim-\u00f6\u011fretim, ara\u015ft\u0131rma ve idari s\u00fcre\u00e7lerinde teknolojik altyap\u0131y\u0131 g\u00fc\u00e7lendirmek ve dijital k\u00fclt\u00fcr\u00fc yayg\u0131nla\u015ft\u0131rmak amac\u0131yla kurulmu\u015ftur.<br \/>T\u00fcrkiye&#8217;de 2018 y\u0131l\u0131nda Y\u00fcksek\u00f6\u011fretim Kurulu (Y\u00d6K) taraf\u0131ndan ba\u015flat\u0131lan \u201cY\u00fcksek\u00f6\u011fretimde Dijital D\u00f6n\u00fc\u015f\u00fcm Projesi\u201d kapsam\u0131nda Atat\u00fcrk \u00dcniversitesi, dijital d\u00f6n\u00fc\u015f\u00fcm s\u00fcrecini stratejik \u00f6nceliklerinden biri olarak belirlemi\u015ftir. Bu kapsamda 16 Ocak 2019 y\u0131l\u0131nda Rekt\u00f6rl\u00fck b\u00fcnyesinde Dijital D\u00f6n\u00fc\u015f\u00fcm ve Yaz\u0131l\u0131m Koordinat\u00f6rl\u00fc\u011f\u00fc olarak yap\u0131land\u0131r\u0131lan birim, zamanla kurumsal dijitalle\u015fme hedeflerinin artmas\u0131yla birlikte g\u00f6rev ve sorumluluk alan\u0131 geni\u015fletilmi\u015f; ard\u0131ndan Dijital D\u00f6n\u00fc\u015f\u00fcm Koordinat\u00f6rl\u00fc\u011f\u00fc ad\u0131yla yeniden te\u015fkilatland\u0131r\u0131lm\u0131\u015ft\u0131r.<br \/>Koordinat\u00f6rl\u00fc\u011f\u00fcn temel amac\u0131, \u00fcniversitenin t\u00fcm akademik ve idari birimlerinde dijital yetkinli\u011fi art\u0131rmak, veri odakl\u0131 y\u00f6netim k\u00fclt\u00fcr\u00fcn\u00fc yayg\u0131nla\u015ft\u0131rmak ve \u00e7a\u011fda\u015f teknolojileri kullanarak e\u011fitimde ve ara\u015ft\u0131rmada kaliteyi y\u00fckseltmektir. <br \/>Bug\u00fcn itibar\u0131yla Atat\u00fcrk \u00dcniversitesi Dijital D\u00f6n\u00fc\u015f\u00fcm Koordinat\u00f6rl\u00fc\u011f\u00fc, sadece \u00fcniversite i\u00e7indeki s\u00fcre\u00e7leri dijitalle\u015ftirmekle kalmay\u0131p, ayn\u0131 zamanda b\u00f6lgesel ve ulusal \u00f6l\u00e7ekte dijital d\u00f6n\u00fc\u015f\u00fcm politikalar\u0131na y\u00f6n veren, bilimsel \u00fcretkenli\u011fi ve dijital inovasyonu destekleyen bir merkez h\u00e2line gelmi\u015ftir.<\/p>\t\t\t\t\t\t\t\t<\/div>\n\t\t\t\t<\/div>\n\t\t\t\t\t<\/div>\n\t\t<\/div>\n\t\t\t\t\t<\/div>\n\t\t<\/section>\n\t\t\t\t<\/div>\n\t\t","protected":false},"excerpt":{"rendered":"<p>Tarih\u00e7e Atat\u00fcrk \u00dcniversitesi Dijital D\u00f6n\u00fc\u015f\u00fcm Koordinat\u00f6rl\u00fc\u011f\u00fc, y\u00fcksek\u00f6\u011fretimde dijitalle\u015fme s\u00fcrecinin h\u0131z kazanmas\u0131yla birlikte \u00fcniversitenin e\u011fitim-\u00f6\u011fretim, ara\u015ft\u0131rma ve idari s\u00fcre\u00e7lerinde teknolojik altyap\u0131y\u0131 g\u00fc\u00e7lendirmek ve dijital k\u00fclt\u00fcr\u00fc yayg\u0131nla\u015ft\u0131rmak amac\u0131yla kurulmu\u015ftur.T\u00fcrkiye&#8217;de 2018 y\u0131l\u0131nda Y\u00fcksek\u00f6\u011fretim Kurulu (Y\u00d6K) taraf\u0131ndan ba\u015flat\u0131lan \u201cY\u00fcksek\u00f6\u011fretimde Dijital D\u00f6n\u00fc\u015f\u00fcm Projesi\u201d kapsam\u0131nda Atat\u00fcrk \u00dcniversitesi, dijital d\u00f6n\u00fc\u015f\u00fcm s\u00fcrecini stratejik \u00f6nceliklerinden biri olarak belirlemi\u015ftir. Bu kapsamda 16 Ocak 2019 y\u0131l\u0131nda [&hellip;]<\/p>\n","protected":false},"author":1,"featured_media":0,"parent":0,"menu_order":0,"comment_status":"closed","ping_status":"closed","template":"","meta":{"footnotes":""},"class_list":["post-5638","page","type-page","status-publish","hentry"],"_links":{"self":[{"href":"https:\/\/atauni.edu.tr\/dijital-donusum-koordinatorlugu-2\/wp-json\/wp\/v2\/pages\/5638","targetHints":{"allow":["GET"]}}],"collection":[{"href":"https:\/\/atauni.edu.tr\/dijital-donusum-koordinatorlugu-2\/wp-json\/wp\/v2\/pages"}],"about":[{"href":"https:\/\/atauni.edu.tr\/dijital-donusum-koordinatorlugu-2\/wp-json\/wp\/v2\/types\/page"}],"author":[{"embeddable":true,"href":"https:\/\/atauni.edu.tr\/dijital-donusum-koordinatorlugu-2\/wp-json\/wp\/v2\/users\/1"}],"replies":[{"embeddable":true,"href":"https:\/\/atauni.edu.tr\/dijital-donusum-koordinatorlugu-2\/wp-json\/wp\/v2\/comments?post=5638"}],"version-history":[{"count":31,"href":"https:\/\/atauni.edu.tr\/dijital-donusum-koordinatorlugu-2\/wp-json\/wp\/v2\/pages\/5638\/revisions"}],"predecessor-version":[{"id":7844,"href":"https:\/\/atauni.edu.tr\/dijital-donusum-koordinatorlugu-2\/wp-json\/wp\/v2\/pages\/5638\/revisions\/7844"}],"wp:attachment":[{"href":"https:\/\/atauni.edu.tr\/dijital-donusum-koordinatorlugu-2\/wp-json\/wp\/v2\/media?parent=5638"}],"curies":[{"name":"wp","href":"https:\/\/api.w.org\/{rel}","templated":true}]}}