{"id":5682,"date":"2021-07-13T10:10:01","date_gmt":"2021-07-13T07:10:01","guid":{"rendered":"https:\/\/portaltest.atauni.edu.tr\/bilgisayar-muhendisligi\/?page_id=5682"},"modified":"2025-03-18T09:22:17","modified_gmt":"2025-03-18T06:22:17","slug":"misyon-vizyon-ve-temel-degerler","status":"publish","type":"page","link":"https:\/\/atauni.edu.tr\/dijital-donusum-koordinatorlugu-2\/misyon-vizyon-ve-temel-degerler\/","title":{"rendered":"Misyonumuz ve Vizyonumuz"},"content":{"rendered":"\t\t<div data-elementor-type=\"wp-page\" data-elementor-id=\"5682\" class=\"elementor elementor-5682\" data-elementor-post-type=\"page\">\n\t\t\t\t\t\t<section class=\"elementor-section elementor-top-section elementor-element elementor-element-730d320 elementor-section-boxed elementor-section-height-default elementor-section-height-default\" data-id=\"730d320\" data-element_type=\"section\">\n\t\t\t\t\t\t<div class=\"elementor-container elementor-column-gap-default\">\n\t\t\t\t\t<div class=\"elementor-column elementor-col-100 elementor-top-column elementor-element elementor-element-753d0860\" data-id=\"753d0860\" data-element_type=\"column\">\n\t\t\t<div class=\"elementor-widget-wrap\">\n\t\t\t\t\t\t\t<\/div>\n\t\t<\/div>\n\t\t\t\t\t<\/div>\n\t\t<\/section>\n\t\t\t\t<section class=\"elementor-section elementor-top-section elementor-element elementor-element-9be811a elementor-section-boxed elementor-section-height-default elementor-section-height-default\" data-id=\"9be811a\" data-element_type=\"section\">\n\t\t\t\t\t\t<div class=\"elementor-container elementor-column-gap-default\">\n\t\t\t\t\t<div class=\"elementor-column elementor-col-100 elementor-top-column elementor-element elementor-element-1ed847b7\" data-id=\"1ed847b7\" data-element_type=\"column\">\n\t\t\t<div class=\"elementor-widget-wrap elementor-element-populated\">\n\t\t\t\t\t\t<div class=\"elementor-element elementor-element-4ce0d07f elementor-widget elementor-widget-heading\" data-id=\"4ce0d07f\" data-element_type=\"widget\" data-widget_type=\"heading.default\">\n\t\t\t\t<div class=\"elementor-widget-container\">\n\t\t\t\t\t<h2 class=\"elementor-heading-title elementor-size-default\">Misyonumuz ve Vizyonumuz<\/h2>\t\t\t\t<\/div>\n\t\t\t\t<\/div>\n\t\t\t\t<div class=\"elementor-element elementor-element-63260862 elementor-widget-divider--view-line elementor-widget elementor-widget-divider\" data-id=\"63260862\" data-element_type=\"widget\" data-widget_type=\"divider.default\">\n\t\t\t\t<div class=\"elementor-widget-container\">\n\t\t\t\t\t\t\t<div class=\"elementor-divider\">\n\t\t\t<span class=\"elementor-divider-separator\">\n\t\t\t\t\t\t<\/span>\n\t\t<\/div>\n\t\t\t\t\t\t<\/div>\n\t\t\t\t<\/div>\n\t\t\t\t\t<\/div>\n\t\t<\/div>\n\t\t\t\t\t<\/div>\n\t\t<\/section>\n\t\t\t\t<section class=\"elementor-section elementor-top-section elementor-element elementor-element-c562acc elementor-section-boxed elementor-section-height-default elementor-section-height-default\" data-id=\"c562acc\" data-element_type=\"section\">\n\t\t\t\t\t\t<div class=\"elementor-container elementor-column-gap-default\">\n\t\t\t\t\t<div class=\"elementor-column elementor-col-100 elementor-top-column elementor-element elementor-element-9e90d31\" data-id=\"9e90d31\" data-element_type=\"column\">\n\t\t\t<div class=\"elementor-widget-wrap elementor-element-populated\">\n\t\t\t\t\t\t<div class=\"elementor-element elementor-element-111db06 elementor-widget elementor-widget-text-editor\" data-id=\"111db06\" data-element_type=\"widget\" data-widget_type=\"text-editor.default\">\n\t\t\t\t<div class=\"elementor-widget-container\">\n\t\t\t\t\t\t\t\t\t<p>\u00dcniversitemizin e\u011fitim, ara\u015ft\u0131rma, y\u00f6netim ve topluma katk\u0131 faaliyetlerini daha etkili bir \u015fekilde s\u00fcrd\u00fcrebilmesi i\u00e7in uygun dijital teknolojilerin, birey ve i\u015f s\u00fcre\u00e7lerine odaklanarak ara\u015ft\u0131r\u0131lmas\u0131, geli\u015ftirmesi ve yayg\u0131nla\u015ft\u0131r\u0131lmas\u0131d\u0131r.<\/p><p>Y\u00fcksek\u00f6\u011fretim Kurumlar\u0131nda Dijital D\u00f6n\u00fc\u015f\u00fcm\u00fcn Referans Noktas\u0131 olmak<\/p>\t\t\t\t\t\t\t\t<\/div>\n\t\t\t\t<\/div>\n\t\t\t\t\t<\/div>\n\t\t<\/div>\n\t\t\t\t\t<\/div>\n\t\t<\/section>\n\t\t\t\t<\/div>\n\t\t","protected":false},"excerpt":{"rendered":"<p>Misyonumuz ve Vizyonumuz \u00dcniversitemizin e\u011fitim, ara\u015ft\u0131rma, y\u00f6netim ve topluma katk\u0131 faaliyetlerini daha etkili bir \u015fekilde s\u00fcrd\u00fcrebilmesi i\u00e7in uygun dijital teknolojilerin, birey ve i\u015f s\u00fcre\u00e7lerine odaklanarak ara\u015ft\u0131r\u0131lmas\u0131, geli\u015ftirmesi ve yayg\u0131nla\u015ft\u0131r\u0131lmas\u0131d\u0131r. Y\u00fcksek\u00f6\u011fretim Kurumlar\u0131nda Dijital D\u00f6n\u00fc\u015f\u00fcm\u00fcn Referans Noktas\u0131 olmak<\/p>\n","protected":false},"author":1,"featured_media":0,"parent":0,"menu_order":0,"comment_status":"closed","ping_status":"closed","template":"elementor_header_footer","meta":{"footnotes":""},"class_list":["post-5682","page","type-page","status-publish","hentry"],"_links":{"self":[{"href":"https:\/\/atauni.edu.tr\/dijital-donusum-koordinatorlugu-2\/wp-json\/wp\/v2\/pages\/5682","targetHints":{"allow":["GET"]}}],"collection":[{"href":"https:\/\/atauni.edu.tr\/dijital-donusum-koordinatorlugu-2\/wp-json\/wp\/v2\/pages"}],"about":[{"href":"https:\/\/atauni.edu.tr\/dijital-donusum-koordinatorlugu-2\/wp-json\/wp\/v2\/types\/page"}],"author":[{"embeddable":true,"href":"https:\/\/atauni.edu.tr\/dijital-donusum-koordinatorlugu-2\/wp-json\/wp\/v2\/users\/1"}],"replies":[{"embeddable":true,"href":"https:\/\/atauni.edu.tr\/dijital-donusum-koordinatorlugu-2\/wp-json\/wp\/v2\/comments?post=5682"}],"version-history":[{"count":12,"href":"https:\/\/atauni.edu.tr\/dijital-donusum-koordinatorlugu-2\/wp-json\/wp\/v2\/pages\/5682\/revisions"}],"predecessor-version":[{"id":7489,"href":"https:\/\/atauni.edu.tr\/dijital-donusum-koordinatorlugu-2\/wp-json\/wp\/v2\/pages\/5682\/revisions\/7489"}],"wp:attachment":[{"href":"https:\/\/atauni.edu.tr\/dijital-donusum-koordinatorlugu-2\/wp-json\/wp\/v2\/media?parent=5682"}],"curies":[{"name":"wp","href":"https:\/\/api.w.org\/{rel}","templated":true}]}}