{"id":7430,"date":"2025-03-17T15:08:36","date_gmt":"2025-03-17T12:08:36","guid":{"rendered":"https:\/\/birimler.atauni.edu.tr\/dijital-donusum-koordinatorlugu\/?page_id=7430"},"modified":"2025-03-24T13:48:13","modified_gmt":"2025-03-24T10:48:13","slug":"e-kaynaklar","status":"publish","type":"page","link":"https:\/\/atauni.edu.tr\/dijital-donusum-koordinatorlugu-2\/e-kaynaklar\/","title":{"rendered":"E &#8211; Kaynaklar"},"content":{"rendered":"\t\t<div data-elementor-type=\"wp-page\" data-elementor-id=\"7430\" class=\"elementor elementor-7430\" data-elementor-post-type=\"page\">\n\t\t\t\t\t\t<section class=\"elementor-section elementor-top-section elementor-element elementor-element-2517076 elementor-section-boxed elementor-section-height-default elementor-section-height-default\" data-id=\"2517076\" data-element_type=\"section\">\n\t\t\t\t\t\t<div class=\"elementor-container elementor-column-gap-default\">\n\t\t\t\t\t<div class=\"elementor-column elementor-col-33 elementor-top-column elementor-element elementor-element-30dd49f\" data-id=\"30dd49f\" data-element_type=\"column\">\n\t\t\t<div class=\"elementor-widget-wrap elementor-element-populated\">\n\t\t\t\t\t\t<div class=\"elementor-element elementor-element-e742648 elementor-widget elementor-widget-ova_feature_box\" data-id=\"e742648\" data-element_type=\"widget\" data-widget_type=\"ova_feature_box.default\">\n\t\t\t\t<div class=\"elementor-widget-container\">\n\t\t\t\t\t\t\t<div class=\"ova_feature_box version_1\">\n\t\t\t<div class=\"ova-image\">\n\t\t\t\t<a href=\"https:\/\/birimler.atauni.edu.tr\/dijital-donusum-koordinatorlugu\/wp-content\/uploads\/sites\/802\/2025\/03\/DBS-Kullanim-Kilavuzu-1.pdf\" title=\"Ders Bilgi Sistemi Destek klavuzu\">\n\t\t\t\t\t\t\t\t\t\t\t\t\t\t\t\t\t\t<img decoding=\"async\" src=\"https:\/\/birimler.atauni.edu.tr\/dijital-donusum-koordinatorlugu-2\/wp-content\/uploads\/sites\/802\/2025\/03\/maxresdefault.jpg\" alt=\"maxresdefault\">\n\t\t\t\t\t\t\t\t\t\t\t\t\t\t\t\t\t\t\t\t<\/a>\n\t\t\t<\/div>\n\t\t\t<div class=\"ova-content\">\n\t\t\t\t<h3 class=\"title\">\n\t\t\t\t\t<a href=\"https:\/\/birimler.atauni.edu.tr\/dijital-donusum-koordinatorlugu\/wp-content\/uploads\/sites\/802\/2025\/03\/DBS-Kullanim-Kilavuzu-1.pdf\">\n\t\t\t\t\t\tDers Bilgi Sistemi Destek klavuzu\t\t\t\t\t<\/a>\n\t\t\t\t<\/h3>\n\t\t\t\t\t\t\t\t<div class=\"readmore\">\n\t\t\t\t\t<a href=\"https:\/\/birimler.atauni.edu.tr\/dijital-donusum-koordinatorlugu\/wp-content\/uploads\/sites\/802\/2025\/03\/DBS-Kullanim-Kilavuzu-1.pdf\" class=\"second_font\">\n\t\t\t\t\t\tDaha Fazlas\u0131...\t\t\t\t\t\t<i data-feather=\"chevron-right\"><\/i>\n\t\t\t\t\t<\/a>\n\t\t\t\t<\/div>\n\t\t\t\t\t\t\t\t\t\t\t\t<\/div>\n\n\t\t<\/div>\n\t\t\t\t\t\t<\/div>\n\t\t\t\t<\/div>\n\t\t\t\t\t<\/div>\n\t\t<\/div>\n\t\t\t\t<div class=\"elementor-column elementor-col-33 elementor-top-column elementor-element elementor-element-9f0c73b\" data-id=\"9f0c73b\" data-element_type=\"column\">\n\t\t\t<div class=\"elementor-widget-wrap elementor-element-populated\">\n\t\t\t\t\t\t<div class=\"elementor-element elementor-element-f843aca elementor-widget elementor-widget-ova_feature_box\" data-id=\"f843aca\" data-element_type=\"widget\" data-widget_type=\"ova_feature_box.default\">\n\t\t\t\t<div class=\"elementor-widget-container\">\n\t\t\t\t\t\t\t<div class=\"ova_feature_box version_1\">\n\t\t\t<div class=\"ova-image\">\n\t\t\t\t<a href=\"https:\/\/birimler.atauni.edu.tr\/dijital-donusum-koordinatorlugu\/wp-content\/uploads\/sites\/802\/2025\/03\/UNIVERSITE-SIRALAMA-INDEKSLERI-RAPORU.pdf\" title=\"\u00dcniversite S\u0131ralama \u0130ndeksleri Raporu\">\n\t\t\t\t\t\t\t\t\t\t\t\t\t\t\t\t\t\t<img decoding=\"async\" src=\"https:\/\/birimler.atauni.edu.tr\/dijital-donusum-koordinatorlugu-2\/wp-content\/uploads\/sites\/802\/2025\/03\/urapsiralama2022-slider_1.jpg\" alt=\"urapsiralama2022-slider_1\">\n\t\t\t\t\t\t\t\t\t\t\t\t\t\t\t\t\t\t\t\t<\/a>\n\t\t\t<\/div>\n\t\t\t<div class=\"ova-content\">\n\t\t\t\t<h3 class=\"title\">\n\t\t\t\t\t<a href=\"https:\/\/birimler.atauni.edu.tr\/dijital-donusum-koordinatorlugu\/wp-content\/uploads\/sites\/802\/2025\/03\/UNIVERSITE-SIRALAMA-INDEKSLERI-RAPORU.pdf\">\n\t\t\t\t\t\t\u00dcniversite S\u0131ralama \u0130ndeksleri Raporu\t\t\t\t\t<\/a>\n\t\t\t\t<\/h3>\n\t\t\t\t\t\t\t\t<div class=\"readmore\">\n\t\t\t\t\t<a href=\"https:\/\/birimler.atauni.edu.tr\/dijital-donusum-koordinatorlugu\/wp-content\/uploads\/sites\/802\/2025\/03\/UNIVERSITE-SIRALAMA-INDEKSLERI-RAPORU.pdf\" class=\"second_font\">\n\t\t\t\t\t\tDaha Fazlas\u0131...\t\t\t\t\t\t<i data-feather=\"chevron-right\"><\/i>\n\t\t\t\t\t<\/a>\n\t\t\t\t<\/div>\n\t\t\t\t\t\t\t\t\t\t\t\t<\/div>\n\n\t\t<\/div>\n\t\t\t\t\t\t<\/div>\n\t\t\t\t<\/div>\n\t\t\t\t\t<\/div>\n\t\t<\/div>\n\t\t\t\t<div class=\"elementor-column elementor-col-33 elementor-top-column elementor-element elementor-element-3c2046f\" data-id=\"3c2046f\" data-element_type=\"column\">\n\t\t\t<div class=\"elementor-widget-wrap elementor-element-populated\">\n\t\t\t\t\t\t<div class=\"elementor-element elementor-element-bdd99a4 elementor-widget elementor-widget-ova_feature_box\" data-id=\"bdd99a4\" data-element_type=\"widget\" data-widget_type=\"ova_feature_box.default\">\n\t\t\t\t<div class=\"elementor-widget-container\">\n\t\t\t\t\t\t\t<div class=\"ova_feature_box version_1\">\n\t\t\t<div class=\"ova-image\">\n\t\t\t\t<a href=\"https:\/\/birimler.atauni.edu.tr\/dijital-donusum-koordinatorlugu\/wp-content\/uploads\/sites\/802\/2025\/03\/Veri-ve-Iletisim-Guvenligi-tedbirleri.pdf\" title=\"Bilgi ve \u0130leti\u015fim G\u00fcvenli\u011fi Tedbirleri\">\n\t\t\t\t\t\t\t\t\t\t\t\t\t\t\t\t\t\t<img decoding=\"async\" src=\"https:\/\/birimler.atauni.edu.tr\/dijital-donusum-koordinatorlugu-2\/wp-content\/uploads\/sites\/802\/2025\/03\/images-1.jpg\" alt=\"images (1)\">\n\t\t\t\t\t\t\t\t\t\t\t\t\t\t\t\t\t\t\t\t<\/a>\n\t\t\t<\/div>\n\t\t\t<div class=\"ova-content\">\n\t\t\t\t<h3 class=\"title\">\n\t\t\t\t\t<a href=\"https:\/\/birimler.atauni.edu.tr\/dijital-donusum-koordinatorlugu\/wp-content\/uploads\/sites\/802\/2025\/03\/Veri-ve-Iletisim-Guvenligi-tedbirleri.pdf\">\n\t\t\t\t\t\tBilgi ve \u0130leti\u015fim G\u00fcvenli\u011fi Tedbirleri\t\t\t\t\t<\/a>\n\t\t\t\t<\/h3>\n\t\t\t\t\t\t\t\t<div class=\"readmore\">\n\t\t\t\t\t<a href=\"https:\/\/birimler.atauni.edu.tr\/dijital-donusum-koordinatorlugu\/wp-content\/uploads\/sites\/802\/2025\/03\/Veri-ve-Iletisim-Guvenligi-tedbirleri.pdf\" class=\"second_font\">\n\t\t\t\t\t\tDaha Fazlas\u0131...\t\t\t\t\t\t<i data-feather=\"chevron-right\"><\/i>\n\t\t\t\t\t<\/a>\n\t\t\t\t<\/div>\n\t\t\t\t\t\t\t\t\t\t\t\t<\/div>\n\n\t\t<\/div>\n\t\t\t\t\t\t<\/div>\n\t\t\t\t<\/div>\n\t\t\t\t\t<\/div>\n\t\t<\/div>\n\t\t\t\t\t<\/div>\n\t\t<\/section>\n\t\t\t\t<section class=\"elementor-section elementor-top-section elementor-element elementor-element-ff05ba8 elementor-section-boxed elementor-section-height-default elementor-section-height-default\" data-id=\"ff05ba8\" data-element_type=\"section\">\n\t\t\t\t\t\t<div class=\"elementor-container elementor-column-gap-default\">\n\t\t\t\t\t<div class=\"elementor-column elementor-col-100 elementor-top-column elementor-element elementor-element-cf4d4fd\" data-id=\"cf4d4fd\" data-element_type=\"column\">\n\t\t\t<div class=\"elementor-widget-wrap elementor-element-populated\">\n\t\t\t\t\t\t<div class=\"elementor-element elementor-element-e2ec13d elementor-widget elementor-widget-spacer\" data-id=\"e2ec13d\" data-element_type=\"widget\" data-widget_type=\"spacer.default\">\n\t\t\t\t<div class=\"elementor-widget-container\">\n\t\t\t\t\t\t\t<div class=\"elementor-spacer\">\n\t\t\t<div class=\"elementor-spacer-inner\"><\/div>\n\t\t<\/div>\n\t\t\t\t\t\t<\/div>\n\t\t\t\t<\/div>\n\t\t\t\t\t<\/div>\n\t\t<\/div>\n\t\t\t\t\t<\/div>\n\t\t<\/section>\n\t\t\t\t<section class=\"elementor-section elementor-top-section elementor-element elementor-element-673a14d elementor-section-boxed elementor-section-height-default elementor-section-height-default\" data-id=\"673a14d\" data-element_type=\"section\">\n\t\t\t\t\t\t<div class=\"elementor-container elementor-column-gap-default\">\n\t\t\t\t\t<div class=\"elementor-column elementor-col-33 elementor-top-column elementor-element elementor-element-bb76c38\" data-id=\"bb76c38\" data-element_type=\"column\">\n\t\t\t<div class=\"elementor-widget-wrap elementor-element-populated\">\n\t\t\t\t\t\t<div class=\"elementor-element elementor-element-9120729 elementor-widget elementor-widget-ova_feature_box\" data-id=\"9120729\" data-element_type=\"widget\" data-widget_type=\"ova_feature_box.default\">\n\t\t\t\t<div class=\"elementor-widget-container\">\n\t\t\t\t\t\t\t<div class=\"ova_feature_box version_1\">\n\t\t\t<div class=\"ova-image\">\n\t\t\t\t<a href=\"https:\/\/birimler.atauni.edu.tr\/dijital-donusum-koordinatorlugu\/wp-content\/uploads\/sites\/802\/2025\/03\/Orcid-kullanim-klavuzu.pdf\" title=\"OrcID Kay\u0131t K\u0131lavuzu\">\n\t\t\t\t\t\t\t\t\t\t\t\t\t\t\t\t\t\t<img decoding=\"async\" src=\"https:\/\/birimler.atauni.edu.tr\/dijital-donusum-koordinatorlugu-2\/wp-content\/uploads\/sites\/802\/2025\/03\/images-2.jpg\" alt=\"images\">\n\t\t\t\t\t\t\t\t\t\t\t\t\t\t\t\t\t\t\t\t<\/a>\n\t\t\t<\/div>\n\t\t\t<div class=\"ova-content\">\n\t\t\t\t<h3 class=\"title\">\n\t\t\t\t\t<a href=\"https:\/\/birimler.atauni.edu.tr\/dijital-donusum-koordinatorlugu\/wp-content\/uploads\/sites\/802\/2025\/03\/Orcid-kullanim-klavuzu.pdf\">\n\t\t\t\t\t\tOrcID Kay\u0131t K\u0131lavuzu\t\t\t\t\t<\/a>\n\t\t\t\t<\/h3>\n\t\t\t\t\t\t\t\t<div class=\"readmore\">\n\t\t\t\t\t<a href=\"https:\/\/birimler.atauni.edu.tr\/dijital-donusum-koordinatorlugu\/wp-content\/uploads\/sites\/802\/2025\/03\/Orcid-kullanim-klavuzu.pdf\" class=\"second_font\">\n\t\t\t\t\t\tDaha Fazlas\u0131...\t\t\t\t\t\t<i data-feather=\"chevron-right\"><\/i>\n\t\t\t\t\t<\/a>\n\t\t\t\t<\/div>\n\t\t\t\t\t\t\t\t\t\t\t\t<\/div>\n\n\t\t<\/div>\n\t\t\t\t\t\t<\/div>\n\t\t\t\t<\/div>\n\t\t\t\t\t<\/div>\n\t\t<\/div>\n\t\t\t\t<div class=\"elementor-column elementor-col-33 elementor-top-column elementor-element elementor-element-2f1c2a9\" data-id=\"2f1c2a9\" data-element_type=\"column\">\n\t\t\t<div class=\"elementor-widget-wrap elementor-element-populated\">\n\t\t\t\t\t\t<div class=\"elementor-element elementor-element-692d5fa elementor-widget elementor-widget-ova_feature_box\" data-id=\"692d5fa\" data-element_type=\"widget\" data-widget_type=\"ova_feature_box.default\">\n\t\t\t\t<div class=\"elementor-widget-container\">\n\t\t\t\t\t\t\t<div class=\"ova_feature_box version_1\">\n\t\t\t<div class=\"ova-image\">\n\t\t\t\t<a href=\"https:\/\/birimler.atauni.edu.tr\/dijital-donusum-koordinatorlugu\/wp-content\/uploads\/sites\/802\/2025\/03\/Ders-Izlencesi-Olusturma-Sihirbazi-Destek-Kilavuzu-1.pdf\" title=\"Ders \u0130zlencesi Olu\u015fturma Sihirbaz\u0131 Destek K\u0131lavuzu\">\n\t\t\t\t\t\t\t\t\t\t\t\t\t\t\t\t\t\t<img decoding=\"async\" src=\"https:\/\/birimler.atauni.edu.tr\/dijital-donusum-koordinatorlugu-2\/wp-content\/uploads\/sites\/802\/2025\/03\/Lesson-Plan-Maker-templates.jpg\" alt=\"Lesson-Plan-Maker-templates\">\n\t\t\t\t\t\t\t\t\t\t\t\t\t\t\t\t\t\t\t\t<\/a>\n\t\t\t<\/div>\n\t\t\t<div class=\"ova-content\">\n\t\t\t\t<h3 class=\"title\">\n\t\t\t\t\t<a href=\"https:\/\/birimler.atauni.edu.tr\/dijital-donusum-koordinatorlugu\/wp-content\/uploads\/sites\/802\/2025\/03\/Ders-Izlencesi-Olusturma-Sihirbazi-Destek-Kilavuzu-1.pdf\">\n\t\t\t\t\t\tDers \u0130zlencesi Olu\u015fturma Sihirbaz\u0131 Destek K\u0131lavuzu\t\t\t\t\t<\/a>\n\t\t\t\t<\/h3>\n\t\t\t\t\t\t\t\t<div class=\"readmore\">\n\t\t\t\t\t<a href=\"https:\/\/birimler.atauni.edu.tr\/dijital-donusum-koordinatorlugu\/wp-content\/uploads\/sites\/802\/2025\/03\/Ders-Izlencesi-Olusturma-Sihirbazi-Destek-Kilavuzu-1.pdf\" class=\"second_font\">\n\t\t\t\t\t\tDaha Fazlas\u0131...\t\t\t\t\t\t<i data-feather=\"chevron-right\"><\/i>\n\t\t\t\t\t<\/a>\n\t\t\t\t<\/div>\n\t\t\t\t\t\t\t\t\t\t\t\t<\/div>\n\n\t\t<\/div>\n\t\t\t\t\t\t<\/div>\n\t\t\t\t<\/div>\n\t\t\t\t\t<\/div>\n\t\t<\/div>\n\t\t\t\t<div class=\"elementor-column elementor-col-33 elementor-top-column elementor-element elementor-element-5ddfe3f\" data-id=\"5ddfe3f\" data-element_type=\"column\">\n\t\t\t<div class=\"elementor-widget-wrap elementor-element-populated\">\n\t\t\t\t\t\t<div class=\"elementor-element elementor-element-5c55636 elementor-widget elementor-widget-ova_feature_box\" data-id=\"5c55636\" data-element_type=\"widget\" data-widget_type=\"ova_feature_box.default\">\n\t\t\t\t<div class=\"elementor-widget-container\">\n\t\t\t\t\t\t\t<div class=\"ova_feature_box version_1\">\n\t\t\t<div class=\"ova-image\">\n\t\t\t\t<a href=\"https:\/\/birimler.atauni.edu.tr\/dijital-donusum-koordinatorlugu\/wp-content\/uploads\/sites\/802\/2025\/03\/publons-rehber.pdf\" title=\"Publons Kullan\u0131m K\u0131lavuzu\">\n\t\t\t\t\t\t\t\t\t\t\t\t\t\t\t\t\t\t<img decoding=\"async\" src=\"https:\/\/birimler.atauni.edu.tr\/dijital-donusum-koordinatorlugu-2\/wp-content\/uploads\/sites\/802\/2025\/03\/sddefault.jpg\" alt=\"sddefault\">\n\t\t\t\t\t\t\t\t\t\t\t\t\t\t\t\t\t\t\t\t<\/a>\n\t\t\t<\/div>\n\t\t\t<div class=\"ova-content\">\n\t\t\t\t<h3 class=\"title\">\n\t\t\t\t\t<a href=\"https:\/\/birimler.atauni.edu.tr\/dijital-donusum-koordinatorlugu\/wp-content\/uploads\/sites\/802\/2025\/03\/publons-rehber.pdf\">\n\t\t\t\t\t\tPublons Kullan\u0131m K\u0131lavuzu\t\t\t\t\t<\/a>\n\t\t\t\t<\/h3>\n\t\t\t\t\t\t\t\t<div class=\"readmore\">\n\t\t\t\t\t<a href=\"https:\/\/birimler.atauni.edu.tr\/dijital-donusum-koordinatorlugu\/wp-content\/uploads\/sites\/802\/2025\/03\/publons-rehber.pdf\" class=\"second_font\">\n\t\t\t\t\t\tDaha Fazlas\u0131...\t\t\t\t\t\t<i data-feather=\"chevron-right\"><\/i>\n\t\t\t\t\t<\/a>\n\t\t\t\t<\/div>\n\t\t\t\t\t\t\t\t\t\t\t\t<\/div>\n\n\t\t<\/div>\n\t\t\t\t\t\t<\/div>\n\t\t\t\t<\/div>\n\t\t\t\t\t<\/div>\n\t\t<\/div>\n\t\t\t\t\t<\/div>\n\t\t<\/section>\n\t\t\t\t<section class=\"elementor-section elementor-top-section elementor-element elementor-element-e6004a8 elementor-section-boxed elementor-section-height-default elementor-section-height-default\" data-id=\"e6004a8\" data-element_type=\"section\">\n\t\t\t\t\t\t<div class=\"elementor-container elementor-column-gap-default\">\n\t\t\t\t\t<div class=\"elementor-column elementor-col-100 elementor-top-column elementor-element elementor-element-b5f5396\" data-id=\"b5f5396\" data-element_type=\"column\">\n\t\t\t<div class=\"elementor-widget-wrap elementor-element-populated\">\n\t\t\t\t\t\t<div class=\"elementor-element elementor-element-2b5766e elementor-widget elementor-widget-spacer\" data-id=\"2b5766e\" data-element_type=\"widget\" data-widget_type=\"spacer.default\">\n\t\t\t\t<div class=\"elementor-widget-container\">\n\t\t\t\t\t\t\t<div class=\"elementor-spacer\">\n\t\t\t<div class=\"elementor-spacer-inner\"><\/div>\n\t\t<\/div>\n\t\t\t\t\t\t<\/div>\n\t\t\t\t<\/div>\n\t\t\t\t\t<\/div>\n\t\t<\/div>\n\t\t\t\t\t<\/div>\n\t\t<\/section>\n\t\t\t\t<section class=\"elementor-section elementor-top-section elementor-element elementor-element-cf83b27 elementor-section-boxed elementor-section-height-default elementor-section-height-default\" data-id=\"cf83b27\" data-element_type=\"section\">\n\t\t\t\t\t\t<div class=\"elementor-container elementor-column-gap-default\">\n\t\t\t\t\t<div class=\"elementor-column elementor-col-33 elementor-top-column elementor-element elementor-element-67d7c40\" data-id=\"67d7c40\" data-element_type=\"column\">\n\t\t\t<div class=\"elementor-widget-wrap elementor-element-populated\">\n\t\t\t\t\t\t<div class=\"elementor-element elementor-element-16dbaaf elementor-widget elementor-widget-ova_feature_box\" data-id=\"16dbaaf\" data-element_type=\"widget\" data-widget_type=\"ova_feature_box.default\">\n\t\t\t\t<div class=\"elementor-widget-container\">\n\t\t\t\t\t\t\t<div class=\"ova_feature_box version_1\">\n\t\t\t<div class=\"ova-image\">\n\t\t\t\t<a href=\"https:\/\/birimler.atauni.edu.tr\/dijital-donusum-koordinatorlugu\/wp-content\/uploads\/sites\/802\/2025\/03\/ETS-Destek-Kilavuzu.pdf\" title=\"ETS Destek K\u0131lavuzu\">\n\t\t\t\t\t\t\t\t\t\t\t\t\t\t\t\t\t\t<img decoding=\"async\" src=\"https:\/\/birimler.atauni.edu.tr\/dijital-donusum-koordinatorlugu-2\/wp-content\/uploads\/sites\/802\/2025\/03\/1562795056693.jpg\" alt=\"1562795056693\">\n\t\t\t\t\t\t\t\t\t\t\t\t\t\t\t\t\t\t\t\t<\/a>\n\t\t\t<\/div>\n\t\t\t<div class=\"ova-content\">\n\t\t\t\t<h3 class=\"title\">\n\t\t\t\t\t<a href=\"https:\/\/birimler.atauni.edu.tr\/dijital-donusum-koordinatorlugu\/wp-content\/uploads\/sites\/802\/2025\/03\/ETS-Destek-Kilavuzu.pdf\">\n\t\t\t\t\t\tETS Destek K\u0131lavuzu\t\t\t\t\t<\/a>\n\t\t\t\t<\/h3>\n\t\t\t\t\t\t\t\t<div class=\"readmore\">\n\t\t\t\t\t<a href=\"https:\/\/birimler.atauni.edu.tr\/dijital-donusum-koordinatorlugu\/wp-content\/uploads\/sites\/802\/2025\/03\/ETS-Destek-Kilavuzu.pdf\" class=\"second_font\">\n\t\t\t\t\t\tDaha Fazlas\u0131...\t\t\t\t\t\t<i data-feather=\"chevron-right\"><\/i>\n\t\t\t\t\t<\/a>\n\t\t\t\t<\/div>\n\t\t\t\t\t\t\t\t\t\t\t\t<\/div>\n\n\t\t<\/div>\n\t\t\t\t\t\t<\/div>\n\t\t\t\t<\/div>\n\t\t\t\t\t<\/div>\n\t\t<\/div>\n\t\t\t\t<div class=\"elementor-column elementor-col-33 elementor-top-column elementor-element elementor-element-db37e3d\" data-id=\"db37e3d\" data-element_type=\"column\">\n\t\t\t<div class=\"elementor-widget-wrap elementor-element-populated\">\n\t\t\t\t\t\t<div class=\"elementor-element elementor-element-8b93316 elementor-widget elementor-widget-ova_feature_box\" data-id=\"8b93316\" data-element_type=\"widget\" data-widget_type=\"ova_feature_box.default\">\n\t\t\t\t<div class=\"elementor-widget-container\">\n\t\t\t\t\t\t\t<div class=\"ova_feature_box version_1\">\n\t\t\t<div class=\"ova-image\">\n\t\t\t\t<a href=\"https:\/\/birimler.atauni.edu.tr\/dijital-donusum-koordinatorlugu\/wp-content\/uploads\/sites\/802\/2025\/03\/Ogretim_uyesi_portfolyo__15_01_2020-1.docx\" title=\"\u00d6\u011frenci Portfolyo Platformu \u00d6\u011fretim \u00dcyeleri \u0130\u00e7in Kullan\u0131m K\u0131lavuzu\">\n\t\t\t\t\t\t\t\t\t\t\t\t\t\t\t\t\t\t<img decoding=\"async\" src=\"https:\/\/birimler.atauni.edu.tr\/dijital-donusum-koordinatorlugu-2\/wp-content\/uploads\/sites\/802\/2025\/03\/sddefault-1.jpg\" alt=\"sddefault (1)\">\n\t\t\t\t\t\t\t\t\t\t\t\t\t\t\t\t\t\t\t\t<\/a>\n\t\t\t<\/div>\n\t\t\t<div class=\"ova-content\">\n\t\t\t\t<h3 class=\"title\">\n\t\t\t\t\t<a href=\"https:\/\/birimler.atauni.edu.tr\/dijital-donusum-koordinatorlugu\/wp-content\/uploads\/sites\/802\/2025\/03\/Ogretim_uyesi_portfolyo__15_01_2020-1.docx\">\n\t\t\t\t\t\t\u00d6\u011frenci Portfolyo Platformu \u00d6\u011fretim \u00dcyeleri \u0130\u00e7in Kullan\u0131m K\u0131lavuzu\t\t\t\t\t<\/a>\n\t\t\t\t<\/h3>\n\t\t\t\t\t\t\t\t<div class=\"readmore\">\n\t\t\t\t\t<a href=\"https:\/\/birimler.atauni.edu.tr\/dijital-donusum-koordinatorlugu\/wp-content\/uploads\/sites\/802\/2025\/03\/Ogretim_uyesi_portfolyo__15_01_2020-1.docx\" class=\"second_font\">\n\t\t\t\t\t\tDaha Fazlas\u0131...\t\t\t\t\t\t<i data-feather=\"chevron-right\"><\/i>\n\t\t\t\t\t<\/a>\n\t\t\t\t<\/div>\n\t\t\t\t\t\t\t\t\t\t\t\t<\/div>\n\n\t\t<\/div>\n\t\t\t\t\t\t<\/div>\n\t\t\t\t<\/div>\n\t\t\t\t\t<\/div>\n\t\t<\/div>\n\t\t\t\t<div class=\"elementor-column elementor-col-33 elementor-top-column elementor-element elementor-element-d62fa9b\" data-id=\"d62fa9b\" data-element_type=\"column\">\n\t\t\t<div class=\"elementor-widget-wrap elementor-element-populated\">\n\t\t\t\t\t\t<div class=\"elementor-element elementor-element-382b1d0 elementor-widget elementor-widget-ova_feature_box\" data-id=\"382b1d0\" data-element_type=\"widget\" data-widget_type=\"ova_feature_box.default\">\n\t\t\t\t<div class=\"elementor-widget-container\">\n\t\t\t\t\t\t\t<div class=\"ova_feature_box version_1\">\n\t\t\t<div class=\"ova-image\">\n\t\t\t\t<a href=\"https:\/\/birimler.atauni.edu.tr\/dijital-donusum-koordinatorlugu\/wp-content\/uploads\/sites\/802\/2025\/03\/Danisman_Portfolyo__15_01_2020-2.docx\" title=\"\u00d6\u011frenci Portfolyo Platformu Dan\u0131\u015fmanlar \u0130\u00e7in Kullan\u0131m K\u0131lavuzu\">\n\t\t\t\t\t\t\t\t\t\t\t\t\t\t\t\t\t\t<img decoding=\"async\" src=\"https:\/\/birimler.atauni.edu.tr\/dijital-donusum-koordinatorlugu-2\/wp-content\/uploads\/sites\/802\/2025\/03\/images-2.jpg\" alt=\"images\">\n\t\t\t\t\t\t\t\t\t\t\t\t\t\t\t\t\t\t\t\t<\/a>\n\t\t\t<\/div>\n\t\t\t<div class=\"ova-content\">\n\t\t\t\t<h3 class=\"title\">\n\t\t\t\t\t<a href=\"https:\/\/birimler.atauni.edu.tr\/dijital-donusum-koordinatorlugu\/wp-content\/uploads\/sites\/802\/2025\/03\/Danisman_Portfolyo__15_01_2020-2.docx\">\n\t\t\t\t\t\t\u00d6\u011frenci Portfolyo Platformu Dan\u0131\u015fmanlar \u0130\u00e7in Kullan\u0131m K\u0131lavuzu\t\t\t\t\t<\/a>\n\t\t\t\t<\/h3>\n\t\t\t\t\t\t\t\t<div class=\"readmore\">\n\t\t\t\t\t<a href=\"https:\/\/birimler.atauni.edu.tr\/dijital-donusum-koordinatorlugu\/wp-content\/uploads\/sites\/802\/2025\/03\/Danisman_Portfolyo__15_01_2020-2.docx\" class=\"second_font\">\n\t\t\t\t\t\tDaha Fazlas\u0131...\t\t\t\t\t\t<i data-feather=\"chevron-right\"><\/i>\n\t\t\t\t\t<\/a>\n\t\t\t\t<\/div>\n\t\t\t\t\t\t\t\t\t\t\t\t<\/div>\n\n\t\t<\/div>\n\t\t\t\t\t\t<\/div>\n\t\t\t\t<\/div>\n\t\t\t\t\t<\/div>\n\t\t<\/div>\n\t\t\t\t\t<\/div>\n\t\t<\/section>\n\t\t\t\t<\/div>\n\t\t","protected":false},"excerpt":{"rendered":"<p>Ders Bilgi Sistemi Destek klavuzu Daha Fazlas\u0131&#8230; \u00dcniversite S\u0131ralama \u0130ndeksleri Raporu Daha Fazlas\u0131&#8230; Bilgi ve \u0130leti\u015fim G\u00fcvenli\u011fi Tedbirleri Daha Fazlas\u0131&#8230; OrcID Kay\u0131t K\u0131lavuzu Daha Fazlas\u0131&#8230; Ders \u0130zlencesi Olu\u015fturma Sihirbaz\u0131 Destek K\u0131lavuzu Daha Fazlas\u0131&#8230; Publons Kullan\u0131m K\u0131lavuzu Daha Fazlas\u0131&#8230; ETS Destek K\u0131lavuzu Daha Fazlas\u0131&#8230; \u00d6\u011frenci Portfolyo Platformu \u00d6\u011fretim \u00dcyeleri \u0130\u00e7in Kullan\u0131m K\u0131lavuzu Daha Fazlas\u0131&#8230; \u00d6\u011frenci Portfolyo [&hellip;]<\/p>\n","protected":false},"author":242,"featured_media":0,"parent":0,"menu_order":0,"comment_status":"closed","ping_status":"closed","template":"","meta":{"footnotes":""},"class_list":["post-7430","page","type-page","status-publish","hentry"],"_links":{"self":[{"href":"https:\/\/atauni.edu.tr\/dijital-donusum-koordinatorlugu-2\/wp-json\/wp\/v2\/pages\/7430","targetHints":{"allow":["GET"]}}],"collection":[{"href":"https:\/\/atauni.edu.tr\/dijital-donusum-koordinatorlugu-2\/wp-json\/wp\/v2\/pages"}],"about":[{"href":"https:\/\/atauni.edu.tr\/dijital-donusum-koordinatorlugu-2\/wp-json\/wp\/v2\/types\/page"}],"author":[{"embeddable":true,"href":"https:\/\/atauni.edu.tr\/dijital-donusum-koordinatorlugu-2\/wp-json\/wp\/v2\/users\/242"}],"replies":[{"embeddable":true,"href":"https:\/\/atauni.edu.tr\/dijital-donusum-koordinatorlugu-2\/wp-json\/wp\/v2\/comments?post=7430"}],"version-history":[{"count":61,"href":"https:\/\/atauni.edu.tr\/dijital-donusum-koordinatorlugu-2\/wp-json\/wp\/v2\/pages\/7430\/revisions"}],"predecessor-version":[{"id":7814,"href":"https:\/\/atauni.edu.tr\/dijital-donusum-koordinatorlugu-2\/wp-json\/wp\/v2\/pages\/7430\/revisions\/7814"}],"wp:attachment":[{"href":"https:\/\/atauni.edu.tr\/dijital-donusum-koordinatorlugu-2\/wp-json\/wp\/v2\/media?parent=7430"}],"curies":[{"name":"wp","href":"https:\/\/api.w.org\/{rel}","templated":true}]}}