{"id":10466,"date":"2025-07-29T14:56:59","date_gmt":"2025-07-29T11:56:59","guid":{"rendered":"https:\/\/birimler.atauni.edu.tr\/dis-hekimligi-fakultesi\/?page_id=10466"},"modified":"2025-07-29T14:57:05","modified_gmt":"2025-07-29T11:57:05","slug":"etkinlikler","status":"publish","type":"page","link":"https:\/\/atauni.edu.tr\/dis-hekimligi-fakultesi\/etkinlikler\/","title":{"rendered":"Etkinlikler"},"content":{"rendered":"<form method=\"get\" class=\"row g-3\" style=\"margin-bottom: 20px;\"><div class=\"col-md-3\"><input type=\"text\" name=\"etkinlik_ara\" class=\"form-control\" placeholder=\"Etkinlik ara...\" value=\"\"><\/div><div class=\"col-md-3\"><input type=\"date\" name=\"baslangic_tarihi\" class=\"form-control\" value=\"\"><\/div><div class=\"col-md-3\"><input type=\"date\" name=\"bitis_tarihi\" class=\"form-control\" value=\"\"><\/div><div class=\"col-md-3\"><button type=\"submit\" class=\"btn btn-secondary w-50\">Filtrele<\/button><\/div><\/form><div class=\"etkinlikler-grid-container\" style=\"display: grid; grid-template-columns: repeat(3, 1fr); gap: 20px;\"><div class=\"etkinlik-grid-item\"><div class=\"etkinlik-thumbnail\"><img fetchpriority=\"high\" decoding=\"async\" width=\"300\" height=\"225\" src=\"https:\/\/atauni.edu.tr\/dis-hekimligi-fakultesi\/wp-content\/uploads\/sites\/57\/2026\/05\/WhatsApp-Image-2026-04-30-at-14.39.06-1-300x225.jpeg\" class=\"img-fluid wp-post-image\" alt=\"\" srcset=\"https:\/\/atauni.edu.tr\/dis-hekimligi-fakultesi\/wp-content\/uploads\/sites\/57\/2026\/05\/WhatsApp-Image-2026-04-30-at-14.39.06-1-300x225.jpeg 300w, https:\/\/atauni.edu.tr\/dis-hekimligi-fakultesi\/wp-content\/uploads\/sites\/57\/2026\/05\/WhatsApp-Image-2026-04-30-at-14.39.06-1-1024x768.jpeg 1024w, https:\/\/atauni.edu.tr\/dis-hekimligi-fakultesi\/wp-content\/uploads\/sites\/57\/2026\/05\/WhatsApp-Image-2026-04-30-at-14.39.06-1-768x576.jpeg 768w, https:\/\/atauni.edu.tr\/dis-hekimligi-fakultesi\/wp-content\/uploads\/sites\/57\/2026\/05\/WhatsApp-Image-2026-04-30-at-14.39.06-1-1536x1152.jpeg 1536w, https:\/\/atauni.edu.tr\/dis-hekimligi-fakultesi\/wp-content\/uploads\/sites\/57\/2026\/05\/WhatsApp-Image-2026-04-30-at-14.39.06-1-600x450.jpeg 600w, https:\/\/atauni.edu.tr\/dis-hekimligi-fakultesi\/wp-content\/uploads\/sites\/57\/2026\/05\/WhatsApp-Image-2026-04-30-at-14.39.06-1-560x420.jpeg 560w, https:\/\/atauni.edu.tr\/dis-hekimligi-fakultesi\/wp-content\/uploads\/sites\/57\/2026\/05\/WhatsApp-Image-2026-04-30-at-14.39.06-1.jpeg 1600w\" sizes=\"(max-width: 300px) 100vw, 300px\" \/><\/div><div class=\"etkinlik-datee\"><span class=\"day\">30<\/span><span class=\"month\">Nisan<\/span><span class=\"year\">2026<\/span><\/div><a href=\"https:\/\/atauni.edu.tr\/dis-hekimligi-fakultesi\/2026\/04\/30\/kudakaf-26-da-fakultemizin-ikinci-gun-etkinlikleri\/\" class=\"etkinlik-titlee\">KUDAKAF 26 da Fak\u00fcltemizin ikinci g\u00fcn etkinlikleri<\/a><\/div><div class=\"etkinlik-grid-item\"><div class=\"etkinlik-thumbnail\"><img decoding=\"async\" width=\"300\" height=\"225\" src=\"https:\/\/atauni.edu.tr\/dis-hekimligi-fakultesi\/wp-content\/uploads\/sites\/57\/2026\/04\/1-7-300x225.jpeg\" class=\"img-fluid wp-post-image\" alt=\"\" srcset=\"https:\/\/atauni.edu.tr\/dis-hekimligi-fakultesi\/wp-content\/uploads\/sites\/57\/2026\/04\/1-7-300x225.jpeg 300w, https:\/\/atauni.edu.tr\/dis-hekimligi-fakultesi\/wp-content\/uploads\/sites\/57\/2026\/04\/1-7-1024x768.jpeg 1024w, https:\/\/atauni.edu.tr\/dis-hekimligi-fakultesi\/wp-content\/uploads\/sites\/57\/2026\/04\/1-7-768x576.jpeg 768w, https:\/\/atauni.edu.tr\/dis-hekimligi-fakultesi\/wp-content\/uploads\/sites\/57\/2026\/04\/1-7-1536x1152.jpeg 1536w, https:\/\/atauni.edu.tr\/dis-hekimligi-fakultesi\/wp-content\/uploads\/sites\/57\/2026\/04\/1-7-600x450.jpeg 600w, https:\/\/atauni.edu.tr\/dis-hekimligi-fakultesi\/wp-content\/uploads\/sites\/57\/2026\/04\/1-7-560x420.jpeg 560w, https:\/\/atauni.edu.tr\/dis-hekimligi-fakultesi\/wp-content\/uploads\/sites\/57\/2026\/04\/1-7.jpeg 1600w\" sizes=\"(max-width: 300px) 100vw, 300px\" \/><\/div><div class=\"etkinlik-datee\"><span class=\"day\">29<\/span><span class=\"month\">Nisan<\/span><span class=\"year\">2026<\/span><\/div><a href=\"https:\/\/atauni.edu.tr\/dis-hekimligi-fakultesi\/2026\/04\/29\/prof-dr-sevda-kucuk-tarafindan-yapay-zeka-konferansi-verilmistir-2\/\" class=\"etkinlik-titlee\">KUDAKAF 26 da Fak\u00fcltemizin ilk g\u00fcn etkinlikleri<\/a><\/div><div class=\"etkinlik-grid-item\"><div class=\"etkinlik-thumbnail\"><img decoding=\"async\" width=\"300\" height=\"200\" src=\"https:\/\/atauni.edu.tr\/dis-hekimligi-fakultesi\/wp-content\/uploads\/sites\/57\/2026\/04\/1-300x200.jpeg\" class=\"img-fluid wp-post-image\" alt=\"\" srcset=\"https:\/\/atauni.edu.tr\/dis-hekimligi-fakultesi\/wp-content\/uploads\/sites\/57\/2026\/04\/1-300x200.jpeg 300w, https:\/\/atauni.edu.tr\/dis-hekimligi-fakultesi\/wp-content\/uploads\/sites\/57\/2026\/04\/1-1024x682.jpeg 1024w, https:\/\/atauni.edu.tr\/dis-hekimligi-fakultesi\/wp-content\/uploads\/sites\/57\/2026\/04\/1-768x512.jpeg 768w, https:\/\/atauni.edu.tr\/dis-hekimligi-fakultesi\/wp-content\/uploads\/sites\/57\/2026\/04\/1-1536x1023.jpeg 1536w, https:\/\/atauni.edu.tr\/dis-hekimligi-fakultesi\/wp-content\/uploads\/sites\/57\/2026\/04\/1-1200x800.jpeg 1200w, https:\/\/atauni.edu.tr\/dis-hekimligi-fakultesi\/wp-content\/uploads\/sites\/57\/2026\/04\/1-600x400.jpeg 600w, https:\/\/atauni.edu.tr\/dis-hekimligi-fakultesi\/wp-content\/uploads\/sites\/57\/2026\/04\/1-560x373.jpeg 560w, https:\/\/atauni.edu.tr\/dis-hekimligi-fakultesi\/wp-content\/uploads\/sites\/57\/2026\/04\/1.jpeg 1600w\" sizes=\"(max-width: 300px) 100vw, 300px\" \/><\/div><div class=\"etkinlik-datee\"><span class=\"day\">10<\/span><span class=\"month\">Nisan<\/span><span class=\"year\">2026<\/span><\/div><a href=\"https:\/\/atauni.edu.tr\/dis-hekimligi-fakultesi\/2026\/04\/10\/dis-hekimleri-icin-acil-tibbi-durum-sempozyumu\/\" class=\"etkinlik-titlee\">Di\u015f Hekimleri i\u00e7in Acil T\u0131bbi Durum Sempozyumu<\/a><\/div><div class=\"etkinlik-grid-item\"><div class=\"etkinlik-thumbnail\"><img loading=\"lazy\" decoding=\"async\" width=\"300\" height=\"225\" src=\"https:\/\/atauni.edu.tr\/dis-hekimligi-fakultesi\/wp-content\/uploads\/sites\/57\/2026\/04\/3-300x225.jpeg\" class=\"img-fluid wp-post-image\" alt=\"\" srcset=\"https:\/\/atauni.edu.tr\/dis-hekimligi-fakultesi\/wp-content\/uploads\/sites\/57\/2026\/04\/3-300x225.jpeg 300w, https:\/\/atauni.edu.tr\/dis-hekimligi-fakultesi\/wp-content\/uploads\/sites\/57\/2026\/04\/3-1024x768.jpeg 1024w, https:\/\/atauni.edu.tr\/dis-hekimligi-fakultesi\/wp-content\/uploads\/sites\/57\/2026\/04\/3-768x576.jpeg 768w, https:\/\/atauni.edu.tr\/dis-hekimligi-fakultesi\/wp-content\/uploads\/sites\/57\/2026\/04\/3-1536x1152.jpeg 1536w, https:\/\/atauni.edu.tr\/dis-hekimligi-fakultesi\/wp-content\/uploads\/sites\/57\/2026\/04\/3-600x450.jpeg 600w, https:\/\/atauni.edu.tr\/dis-hekimligi-fakultesi\/wp-content\/uploads\/sites\/57\/2026\/04\/3-560x420.jpeg 560w, https:\/\/atauni.edu.tr\/dis-hekimligi-fakultesi\/wp-content\/uploads\/sites\/57\/2026\/04\/3.jpeg 2048w\" sizes=\"(max-width: 300px) 100vw, 300px\" \/><\/div><div class=\"etkinlik-datee\"><span class=\"day\">09<\/span><span class=\"month\">Nisan<\/span><span class=\"year\">2026<\/span><\/div><a href=\"https:\/\/atauni.edu.tr\/dis-hekimligi-fakultesi\/2026\/04\/09\/fakultemiz-5-sinif-ogrencilerine-doc-dr-peris-celikel-tarafindan-dus-bilgilendirme-toplantisi-yapilmistir-2\/\" class=\"etkinlik-titlee\">Di\u015f Hekimli\u011fi Fak\u00fcltesi Uzmanl\u0131k S\u0131nav\u0131 (DUS) konulu seminer<\/a><\/div><div class=\"etkinlik-grid-item\"><div class=\"etkinlik-thumbnail\"><img loading=\"lazy\" decoding=\"async\" width=\"300\" height=\"231\" src=\"https:\/\/atauni.edu.tr\/dis-hekimligi-fakultesi\/wp-content\/uploads\/sites\/57\/2021\/07\/duyuru-300x231.jpg\" class=\"img-fluid wp-post-image\" alt=\"\" srcset=\"https:\/\/atauni.edu.tr\/dis-hekimligi-fakultesi\/wp-content\/uploads\/sites\/57\/2021\/07\/duyuru-300x231.jpg 300w, https:\/\/atauni.edu.tr\/dis-hekimligi-fakultesi\/wp-content\/uploads\/sites\/57\/2021\/07\/duyuru-768x591.jpg 768w, https:\/\/atauni.edu.tr\/dis-hekimligi-fakultesi\/wp-content\/uploads\/sites\/57\/2021\/07\/duyuru-600x462.jpg 600w, https:\/\/atauni.edu.tr\/dis-hekimligi-fakultesi\/wp-content\/uploads\/sites\/57\/2021\/07\/duyuru-560x431.jpg 560w, https:\/\/atauni.edu.tr\/dis-hekimligi-fakultesi\/wp-content\/uploads\/sites\/57\/2021\/07\/duyuru.jpg 780w\" sizes=\"(max-width: 300px) 100vw, 300px\" \/><\/div><div class=\"etkinlik-datee\"><span class=\"day\">11<\/span><span class=\"month\">Kas\u0131m<\/span><span class=\"year\">2025<\/span><\/div><a href=\"https:\/\/atauni.edu.tr\/dis-hekimligi-fakultesi\/2025\/11\/11\/onluk-giydirme-toreni\/\" class=\"etkinlik-titlee\">\u00d6NL\u00dcK G\u0130YD\u0130RME T\u00d6REN\u0130<\/a><\/div><div class=\"etkinlik-grid-item\"><div class=\"etkinlik-thumbnail\"><img loading=\"lazy\" decoding=\"async\" width=\"300\" height=\"200\" src=\"https:\/\/atauni.edu.tr\/dis-hekimligi-fakultesi\/wp-content\/uploads\/sites\/57\/2025\/07\/1111111-300x200.jpeg\" class=\"img-fluid wp-post-image\" alt=\"\" srcset=\"https:\/\/atauni.edu.tr\/dis-hekimligi-fakultesi\/wp-content\/uploads\/sites\/57\/2025\/07\/1111111-300x200.jpeg 300w, https:\/\/atauni.edu.tr\/dis-hekimligi-fakultesi\/wp-content\/uploads\/sites\/57\/2025\/07\/1111111-1024x682.jpeg 1024w, https:\/\/atauni.edu.tr\/dis-hekimligi-fakultesi\/wp-content\/uploads\/sites\/57\/2025\/07\/1111111-768x512.jpeg 768w, https:\/\/atauni.edu.tr\/dis-hekimligi-fakultesi\/wp-content\/uploads\/sites\/57\/2025\/07\/1111111-1536x1023.jpeg 1536w, https:\/\/atauni.edu.tr\/dis-hekimligi-fakultesi\/wp-content\/uploads\/sites\/57\/2025\/07\/1111111-1200x800.jpeg 1200w, https:\/\/atauni.edu.tr\/dis-hekimligi-fakultesi\/wp-content\/uploads\/sites\/57\/2025\/07\/1111111-600x400.jpeg 600w, https:\/\/atauni.edu.tr\/dis-hekimligi-fakultesi\/wp-content\/uploads\/sites\/57\/2025\/07\/1111111-560x373.jpeg 560w, https:\/\/atauni.edu.tr\/dis-hekimligi-fakultesi\/wp-content\/uploads\/sites\/57\/2025\/07\/1111111.jpeg 1600w\" sizes=\"(max-width: 300px) 100vw, 300px\" \/><\/div><div class=\"etkinlik-datee\"><span class=\"day\">29<\/span><span class=\"month\">Temmuz<\/span><span class=\"year\">2025<\/span><\/div><a href=\"https:\/\/atauni.edu.tr\/dis-hekimligi-fakultesi\/2025\/07\/29\/ataturk-universitesi-turkiye-1incisi-2ncisi-ile-dusta-zirvede-yer-aldi-2\/\" class=\"etkinlik-titlee\">Skill Tracker Program\u0131<\/a><\/div><div class=\"etkinlik-grid-item\"><div class=\"etkinlik-thumbnail\"><img loading=\"lazy\" decoding=\"async\" width=\"300\" height=\"231\" src=\"https:\/\/atauni.edu.tr\/dis-hekimligi-fakultesi\/wp-content\/uploads\/sites\/57\/2021\/07\/duyuru-300x231.jpg\" class=\"img-fluid wp-post-image\" alt=\"\" srcset=\"https:\/\/atauni.edu.tr\/dis-hekimligi-fakultesi\/wp-content\/uploads\/sites\/57\/2021\/07\/duyuru-300x231.jpg 300w, https:\/\/atauni.edu.tr\/dis-hekimligi-fakultesi\/wp-content\/uploads\/sites\/57\/2021\/07\/duyuru-768x591.jpg 768w, https:\/\/atauni.edu.tr\/dis-hekimligi-fakultesi\/wp-content\/uploads\/sites\/57\/2021\/07\/duyuru-600x462.jpg 600w, https:\/\/atauni.edu.tr\/dis-hekimligi-fakultesi\/wp-content\/uploads\/sites\/57\/2021\/07\/duyuru-560x431.jpg 560w, https:\/\/atauni.edu.tr\/dis-hekimligi-fakultesi\/wp-content\/uploads\/sites\/57\/2021\/07\/duyuru.jpg 780w\" sizes=\"(max-width: 300px) 100vw, 300px\" \/><\/div><div class=\"etkinlik-datee\"><span class=\"day\">16<\/span><span class=\"month\">Haziran<\/span><span class=\"year\">2025<\/span><\/div><a href=\"https:\/\/atauni.edu.tr\/dis-hekimligi-fakultesi\/2025\/06\/16\/ataturk-universitesi-turkiye-1incisi-2ncisi-ile-dusta-zirvede-yer-aldi\/\" class=\"etkinlik-titlee\">ATAT\u00dcRK \u00dcN\u0130VERS\u0130TES\u0130, T\u00dcRK\u0130YE 1&#8217;\u0130NC\u0130S\u0130, 2&#8217;NC\u0130S\u0130 \u0130LE DUS&#8217;TA Z\u0130RVEDE YER ALDI<\/a><\/div><\/div><div class=\"pagination\" style=\"margin-top: 20px;\"><\/div>\n\n\n\n<p><\/p>\n","protected":false},"excerpt":{"rendered":"","protected":false},"author":1,"featured_media":0,"parent":0,"menu_order":0,"comment_status":"closed","ping_status":"closed","template":"","meta":{"footnotes":""},"class_list":["post-10466","page","type-page","status-publish","hentry"],"_links":{"self":[{"href":"https:\/\/atauni.edu.tr\/dis-hekimligi-fakultesi\/wp-json\/wp\/v2\/pages\/10466","targetHints":{"allow":["GET"]}}],"collection":[{"href":"https:\/\/atauni.edu.tr\/dis-hekimligi-fakultesi\/wp-json\/wp\/v2\/pages"}],"about":[{"href":"https:\/\/atauni.edu.tr\/dis-hekimligi-fakultesi\/wp-json\/wp\/v2\/types\/page"}],"author":[{"embeddable":true,"href":"https:\/\/atauni.edu.tr\/dis-hekimligi-fakultesi\/wp-json\/wp\/v2\/users\/1"}],"replies":[{"embeddable":true,"href":"https:\/\/atauni.edu.tr\/dis-hekimligi-fakultesi\/wp-json\/wp\/v2\/comments?post=10466"}],"version-history":[{"count":1,"href":"https:\/\/atauni.edu.tr\/dis-hekimligi-fakultesi\/wp-json\/wp\/v2\/pages\/10466\/revisions"}],"predecessor-version":[{"id":10469,"href":"https:\/\/atauni.edu.tr\/dis-hekimligi-fakultesi\/wp-json\/wp\/v2\/pages\/10466\/revisions\/10469"}],"wp:attachment":[{"href":"https:\/\/atauni.edu.tr\/dis-hekimligi-fakultesi\/wp-json\/wp\/v2\/media?parent=10466"}],"curies":[{"name":"wp","href":"https:\/\/api.w.org\/{rel}","templated":true}]}}