{"id":5674,"date":"2021-07-13T10:47:12","date_gmt":"2021-07-13T07:47:12","guid":{"rendered":"https:\/\/portaltest.atauni.edu.tr\/muhendislik-fakultesi\/?page_id=5674"},"modified":"2025-05-26T10:41:18","modified_gmt":"2025-05-26T07:41:18","slug":"fakulte-kurulu","status":"publish","type":"page","link":"https:\/\/atauni.edu.tr\/dis-hekimligi-fakultesi\/fakulte-kurulu\/","title":{"rendered":"Fak\u00fclte Kurulu"},"content":{"rendered":"\t\t<div data-elementor-type=\"wp-page\" data-elementor-id=\"5674\" class=\"elementor elementor-5674\" data-elementor-post-type=\"page\">\n\t\t\t\t\t\t<section class=\"elementor-section elementor-top-section elementor-element elementor-element-5c0bf81b elementor-section-boxed elementor-section-height-default elementor-section-height-default\" data-id=\"5c0bf81b\" data-element_type=\"section\">\n\t\t\t\t\t\t<div class=\"elementor-container elementor-column-gap-default\">\n\t\t\t\t\t<div class=\"elementor-column elementor-col-100 elementor-top-column elementor-element elementor-element-192acb3f\" data-id=\"192acb3f\" data-element_type=\"column\">\n\t\t\t<div class=\"elementor-widget-wrap elementor-element-populated\">\n\t\t\t\t\t\t<div class=\"elementor-element elementor-element-2594621c elementor-widget elementor-widget-text-editor\" data-id=\"2594621c\" data-element_type=\"widget\" data-widget_type=\"text-editor.default\">\n\t\t\t\t<div class=\"elementor-widget-container\">\n\t\t\t\t\t\t\t\t\t<table width=\"414\"><tbody><tr><td width=\"276\">Prof. Dr. Recep ORBAK<\/td><td width=\"138\">BA\u015eKAN<\/td><\/tr><tr><td width=\"276\">Prof. Dr. \u0130smail CEYLAN<\/td><td width=\"138\">\u00dcYE<\/td><\/tr><tr><td width=\"276\">Prof. Dr. Binali \u00c7AKIR<\/td><td width=\"138\">\u00dcYE<\/td><\/tr><tr><td width=\"276\">Prof. Dr. Ertu\u011frul KARATA\u015e<\/td><td width=\"138\">\u00dcYE<\/td><\/tr><tr><td width=\"276\">Do\u00e7. Dr. Esra KUL<\/td><td width=\"138\">\u00dcYE<\/td><\/tr><tr><td width=\"276\">Do\u00e7.Dr. Geleng\u00fcl URVASIZO\u011eLU<\/td><td width=\"138\">\u00dcYE<\/td><\/tr><tr><td width=\"276\">Dr.\u00d6\u011fr.\u00dcyesi Didem \u00d6ZKAL EM\u0130NO\u011eLU<\/td><td width=\"138\">\u00dcYE<\/td><\/tr><tr><td width=\"276\">Fak\u00fclte Sekreteri Dursun G\u00f6r<\/td><td width=\"138\">RAPORT\u00d6R<\/td><\/tr><\/tbody><\/table>\t\t\t\t\t\t\t\t<\/div>\n\t\t\t\t<\/div>\n\t\t\t\t\t<\/div>\n\t\t<\/div>\n\t\t\t\t\t<\/div>\n\t\t<\/section>\n\t\t\t\t<\/div>\n\t\t","protected":false},"excerpt":{"rendered":"<p>Prof. Dr. Recep ORBAK BA\u015eKAN Prof. Dr. \u0130smail CEYLAN \u00dcYE Prof. Dr. Binali \u00c7AKIR \u00dcYE Prof. Dr. Ertu\u011frul KARATA\u015e \u00dcYE Do\u00e7. Dr. Esra KUL \u00dcYE Do\u00e7.Dr. Geleng\u00fcl URVASIZO\u011eLU \u00dcYE Dr.\u00d6\u011fr.\u00dcyesi Didem \u00d6ZKAL EM\u0130NO\u011eLU \u00dcYE Fak\u00fclte Sekreteri Dursun G\u00f6r RAPORT\u00d6R<\/p>\n","protected":false},"author":1,"featured_media":0,"parent":0,"menu_order":0,"comment_status":"closed","ping_status":"closed","template":"","meta":{"footnotes":""},"class_list":["post-5674","page","type-page","status-publish","hentry"],"_links":{"self":[{"href":"https:\/\/atauni.edu.tr\/dis-hekimligi-fakultesi\/wp-json\/wp\/v2\/pages\/5674","targetHints":{"allow":["GET"]}}],"collection":[{"href":"https:\/\/atauni.edu.tr\/dis-hekimligi-fakultesi\/wp-json\/wp\/v2\/pages"}],"about":[{"href":"https:\/\/atauni.edu.tr\/dis-hekimligi-fakultesi\/wp-json\/wp\/v2\/types\/page"}],"author":[{"embeddable":true,"href":"https:\/\/atauni.edu.tr\/dis-hekimligi-fakultesi\/wp-json\/wp\/v2\/users\/1"}],"replies":[{"embeddable":true,"href":"https:\/\/atauni.edu.tr\/dis-hekimligi-fakultesi\/wp-json\/wp\/v2\/comments?post=5674"}],"version-history":[{"count":44,"href":"https:\/\/atauni.edu.tr\/dis-hekimligi-fakultesi\/wp-json\/wp\/v2\/pages\/5674\/revisions"}],"predecessor-version":[{"id":10300,"href":"https:\/\/atauni.edu.tr\/dis-hekimligi-fakultesi\/wp-json\/wp\/v2\/pages\/5674\/revisions\/10300"}],"wp:attachment":[{"href":"https:\/\/atauni.edu.tr\/dis-hekimligi-fakultesi\/wp-json\/wp\/v2\/media?parent=5674"}],"curies":[{"name":"wp","href":"https:\/\/api.w.org\/{rel}","templated":true}]}}