{"id":5774,"date":"2021-07-13T13:54:52","date_gmt":"2021-07-13T10:54:52","guid":{"rendered":"https:\/\/portaltest.atauni.edu.tr\/muhendislik-fakultesi\/?page_id=5774"},"modified":"2022-01-13T11:19:11","modified_gmt":"2022-01-13T08:19:11","slug":"tarihce","status":"publish","type":"page","link":"https:\/\/atauni.edu.tr\/dis-hekimligi-fakultesi\/tarihce\/","title":{"rendered":"Tarih\u00e7e"},"content":{"rendered":"\t\t<div data-elementor-type=\"wp-page\" data-elementor-id=\"5774\" class=\"elementor elementor-5774\" data-elementor-post-type=\"page\">\n\t\t\t\t\t\t<section class=\"elementor-section elementor-top-section elementor-element elementor-element-46c2cb5d elementor-section-boxed elementor-section-height-default elementor-section-height-default\" data-id=\"46c2cb5d\" data-element_type=\"section\">\n\t\t\t\t\t\t<div class=\"elementor-container elementor-column-gap-default\">\n\t\t\t\t\t<div class=\"elementor-column elementor-col-100 elementor-top-column elementor-element elementor-element-299813e7\" data-id=\"299813e7\" data-element_type=\"column\">\n\t\t\t<div class=\"elementor-widget-wrap elementor-element-populated\">\n\t\t\t\t\t\t<div class=\"elementor-element elementor-element-3ec495a9 elementor-widget elementor-widget-heading\" data-id=\"3ec495a9\" data-element_type=\"widget\" data-widget_type=\"heading.default\">\n\t\t\t\t<div class=\"elementor-widget-container\">\n\t\t\t\t\t<h2 class=\"elementor-heading-title elementor-size-default\">Tarih\u00e7e<\/h2>\t\t\t\t<\/div>\n\t\t\t\t<\/div>\n\t\t\t\t<div class=\"elementor-element elementor-element-2092e3b3 elementor-widget-divider--view-line elementor-widget elementor-widget-divider\" data-id=\"2092e3b3\" data-element_type=\"widget\" data-widget_type=\"divider.default\">\n\t\t\t\t<div class=\"elementor-widget-container\">\n\t\t\t\t\t\t\t<div class=\"elementor-divider\">\n\t\t\t<span class=\"elementor-divider-separator\">\n\t\t\t\t\t\t<\/span>\n\t\t<\/div>\n\t\t\t\t\t\t<\/div>\n\t\t\t\t<\/div>\n\t\t\t\t\t<\/div>\n\t\t<\/div>\n\t\t\t\t\t<\/div>\n\t\t<\/section>\n\t\t\t\t<section class=\"elementor-section elementor-top-section elementor-element elementor-element-a00ea8d elementor-section-boxed elementor-section-height-default elementor-section-height-default\" data-id=\"a00ea8d\" data-element_type=\"section\">\n\t\t\t\t\t\t<div class=\"elementor-container elementor-column-gap-default\">\n\t\t\t\t\t<div class=\"elementor-column elementor-col-100 elementor-top-column elementor-element elementor-element-0ad1be4\" data-id=\"0ad1be4\" data-element_type=\"column\">\n\t\t\t<div class=\"elementor-widget-wrap elementor-element-populated\">\n\t\t\t\t\t\t<div class=\"elementor-element elementor-element-c133bed elementor-widget elementor-widget-text-editor\" data-id=\"c133bed\" data-element_type=\"widget\" data-widget_type=\"text-editor.default\">\n\t\t\t\t<div class=\"elementor-widget-container\">\n\t\t\t\t\t\t\t\t\t<p style=\"margin-bottom:0cm;margin-bottom:.0001pt;text-align:justify;line-height:normal\"><span style=\"font-size:14.0pt;,serif\">Atat\u00fcrk \u00dcniversitesi Di\u015f Hekimli\u011fi Fak\u00fcltesi; \u00fcniversitemizin\n6. Fak\u00fcltesi olarak 11 \u015eubat 1971 tarihinde 6990 say\u0131l\u0131 kanuna ek 1577 say\u0131l\u0131\nkanunla kuruldu. Fak\u00fclte dekanl\u0131\u011f\u0131na; T\u0131p Fak\u00fcltesi KBB \u00f6\u011fretim \u00fcyesi Prof. Dr.\nTali URAL (11.02.1971 &#8211; 29.04.1971) vek\u00e2leten atand\u0131.<\/span><\/p><p style=\"margin-bottom:0cm;margin-bottom:.0001pt;text-align:justify;line-height:normal\"><span style=\", serif;font-size: 14pt;letter-spacing: 0px\">Di\u015f\nHekimli\u011fi Fak\u00fcltesi kurulu\u015f y\u0131llar\u0131nda Numune Hastanesi \u015eerif&nbsp; Efendi\nPoliklini\u011fi\u2019nde hizmet verdi. \u015eerif&nbsp; Efendi Poliklini\u011fi zamanla fak\u00fcltenin\nihtiya\u00e7lar\u0131n\u0131 kar\u015f\u0131layamaz h\u00e2le geldi. Bunun sonucunda Di\u015f Hekimli\u011fi Fak\u00fcltesi\n25.01.1974 tarihinde G\u00f6\u011f\u00fcs Hastal\u0131klar\u0131 Hastanesi\u2019nin do\u011fu blokunun 1. kat\u0131na\nta\u015f\u0131nd\u0131.<\/span><\/p><p style=\"margin-bottom:0cm;margin-bottom:.0001pt;text-align:justify;line-height:normal\"><span style=\", serif;font-size: 14pt;letter-spacing: 0px\">Di\u015f\nHekimli\u011fi Fak\u00fcltesinin \u00fcniversite yerle\u015fkesi i\u00e7erisindeki binas\u0131n\u0131n temeli 1975\ny\u0131l\u0131nda at\u0131ld\u0131. Fak\u00fcltemiz 5 Kas\u0131m 1979 tarihinde \u00fcniversitemiz yerle\u015fkesindeki\nkendi binas\u0131na ta\u015f\u0131nd\u0131.<\/span><\/p><p style=\"margin-bottom:0cm;margin-bottom:.0001pt;text-align:justify;line-height:normal\"><span style=\", serif;font-size: 14pt;letter-spacing: 0px\">Zamanla\nartan sa\u011fl\u0131k hizmetleri talebini kar\u015f\u0131lamak&nbsp;ve yeniden yap\u0131land\u0131r\u0131lan\nanabilim dallar\u0131n\u0131n&nbsp; ihtiya\u00e7lar\u0131na cevap vermek amac\u0131yla,&nbsp;&nbsp;1999\ny\u0131l\u0131nda&nbsp; mevcut binan\u0131n yan\u0131na ek bina yap\u0131lm\u0131\u015ft\u0131r.<\/span><\/p><p style=\"margin-bottom:0cm;margin-bottom:.0001pt;text-align:justify;line-height:normal\"><span style=\", serif;font-size: 14pt;letter-spacing: 0px\">Fak\u00fcltemizde\n24 profes\u00f6r, 10 Do\u00e7ent, 20 Dr. \u00d6\u011fretim \u00fcyesi<\/span><span style=\", serif;font-size: 14pt;letter-spacing: 0px\">&nbsp;\n<\/span><span style=\", serif;font-size: 14pt;letter-spacing: 0px\">olmak \u00fczere toplam 54 \u00f6\u011fretim \u00fcyesi ile 93 ara\u015ft\u0131rma g\u00f6revlisi\nbulunmaktad\u0131r.<\/span><\/p><p>\n\n\n\n\n\n\n\n\n\n<\/p><p style=\"margin-bottom:14.0pt;text-align:justify;text-indent:35.4pt;line-height:normal\"><span style=\"font-size:14.0pt;,serif\">&nbsp;<\/span><\/p>\t\t\t\t\t\t\t\t<\/div>\n\t\t\t\t<\/div>\n\t\t\t\t\t<\/div>\n\t\t<\/div>\n\t\t\t\t\t<\/div>\n\t\t<\/section>\n\t\t\t\t<\/div>\n\t\t","protected":false},"excerpt":{"rendered":"<p>Tarih\u00e7e Atat\u00fcrk \u00dcniversitesi Di\u015f Hekimli\u011fi Fak\u00fcltesi; \u00fcniversitemizin 6. Fak\u00fcltesi olarak 11 \u015eubat 1971 tarihinde 6990 say\u0131l\u0131 kanuna ek 1577 say\u0131l\u0131 kanunla kuruldu. Fak\u00fclte dekanl\u0131\u011f\u0131na; T\u0131p Fak\u00fcltesi KBB \u00f6\u011fretim \u00fcyesi Prof. Dr. Tali URAL (11.02.1971 &#8211; 29.04.1971) vek\u00e2leten atand\u0131. Di\u015f Hekimli\u011fi Fak\u00fcltesi kurulu\u015f y\u0131llar\u0131nda Numune Hastanesi \u015eerif&nbsp; Efendi Poliklini\u011fi\u2019nde hizmet verdi. \u015eerif&nbsp; Efendi Poliklini\u011fi zamanla fak\u00fcltenin [&hellip;]<\/p>\n","protected":false},"author":1,"featured_media":0,"parent":0,"menu_order":0,"comment_status":"closed","ping_status":"closed","template":"elementor_header_footer","meta":{"footnotes":""},"class_list":["post-5774","page","type-page","status-publish","hentry"],"_links":{"self":[{"href":"https:\/\/atauni.edu.tr\/dis-hekimligi-fakultesi\/wp-json\/wp\/v2\/pages\/5774","targetHints":{"allow":["GET"]}}],"collection":[{"href":"https:\/\/atauni.edu.tr\/dis-hekimligi-fakultesi\/wp-json\/wp\/v2\/pages"}],"about":[{"href":"https:\/\/atauni.edu.tr\/dis-hekimligi-fakultesi\/wp-json\/wp\/v2\/types\/page"}],"author":[{"embeddable":true,"href":"https:\/\/atauni.edu.tr\/dis-hekimligi-fakultesi\/wp-json\/wp\/v2\/users\/1"}],"replies":[{"embeddable":true,"href":"https:\/\/atauni.edu.tr\/dis-hekimligi-fakultesi\/wp-json\/wp\/v2\/comments?post=5774"}],"version-history":[{"count":38,"href":"https:\/\/atauni.edu.tr\/dis-hekimligi-fakultesi\/wp-json\/wp\/v2\/pages\/5774\/revisions"}],"predecessor-version":[{"id":7606,"href":"https:\/\/atauni.edu.tr\/dis-hekimligi-fakultesi\/wp-json\/wp\/v2\/pages\/5774\/revisions\/7606"}],"wp:attachment":[{"href":"https:\/\/atauni.edu.tr\/dis-hekimligi-fakultesi\/wp-json\/wp\/v2\/media?parent=5774"}],"curies":[{"name":"wp","href":"https:\/\/api.w.org\/{rel}","templated":true}]}}