{"id":7240,"date":"2022-01-04T13:38:39","date_gmt":"2022-01-04T10:38:39","guid":{"rendered":"http:\/\/birimler.atauni.edu.tr\/dis-hekimligi-fakultesi\/?page_id=7240"},"modified":"2023-03-22T13:19:08","modified_gmt":"2023-03-22T10:19:08","slug":"organizasyon-yapisi","status":"publish","type":"page","link":"https:\/\/atauni.edu.tr\/dis-hekimligi-fakultesi\/organizasyon-yapisi\/","title":{"rendered":"Organizasyon Yap\u0131s\u0131"},"content":{"rendered":"\t\t<div data-elementor-type=\"wp-page\" data-elementor-id=\"7240\" class=\"elementor elementor-7240\" data-elementor-post-type=\"page\">\n\t\t\t\t\t\t<section class=\"elementor-section elementor-top-section elementor-element elementor-element-02f3f7d elementor-section-boxed elementor-section-height-default elementor-section-height-default\" data-id=\"02f3f7d\" data-element_type=\"section\">\n\t\t\t\t\t\t<div class=\"elementor-container elementor-column-gap-default\">\n\t\t\t\t\t<div class=\"elementor-column elementor-col-100 elementor-top-column elementor-element elementor-element-45e2865\" data-id=\"45e2865\" data-element_type=\"column\">\n\t\t\t<div class=\"elementor-widget-wrap elementor-element-populated\">\n\t\t\t\t\t\t<div class=\"elementor-element elementor-element-eaddebc elementor-widget elementor-widget-image\" data-id=\"eaddebc\" data-element_type=\"widget\" data-widget_type=\"image.default\">\n\t\t\t\t<div class=\"elementor-widget-container\">\n\t\t\t\t\t\t\t\t\t\t\t\t\t\t\t<img fetchpriority=\"high\" decoding=\"async\" width=\"1024\" height=\"576\" src=\"https:\/\/atauni.edu.tr\/dis-hekimligi-fakultesi\/wp-content\/uploads\/sites\/57\/2022\/01\/organizasyon-yapisi-1-1024x576.jpeg\" class=\"attachment-large size-large wp-image-7244\" alt=\"\" srcset=\"https:\/\/atauni.edu.tr\/dis-hekimligi-fakultesi\/wp-content\/uploads\/sites\/57\/2022\/01\/organizasyon-yapisi-1-1024x576.jpeg 1024w, https:\/\/atauni.edu.tr\/dis-hekimligi-fakultesi\/wp-content\/uploads\/sites\/57\/2022\/01\/organizasyon-yapisi-1-300x169.jpeg 300w, https:\/\/atauni.edu.tr\/dis-hekimligi-fakultesi\/wp-content\/uploads\/sites\/57\/2022\/01\/organizasyon-yapisi-1-768x432.jpeg 768w, https:\/\/atauni.edu.tr\/dis-hekimligi-fakultesi\/wp-content\/uploads\/sites\/57\/2022\/01\/organizasyon-yapisi-1-1536x864.jpeg 1536w, https:\/\/atauni.edu.tr\/dis-hekimligi-fakultesi\/wp-content\/uploads\/sites\/57\/2022\/01\/organizasyon-yapisi-1-600x338.jpeg 600w, https:\/\/atauni.edu.tr\/dis-hekimligi-fakultesi\/wp-content\/uploads\/sites\/57\/2022\/01\/organizasyon-yapisi-1-560x315.jpeg 560w, https:\/\/atauni.edu.tr\/dis-hekimligi-fakultesi\/wp-content\/uploads\/sites\/57\/2022\/01\/organizasyon-yapisi-1.jpeg 1600w\" sizes=\"(max-width: 1024px) 100vw, 1024px\" \/>\t\t\t\t\t\t\t\t\t\t\t\t\t\t\t<\/div>\n\t\t\t\t<\/div>\n\t\t\t\t\t<\/div>\n\t\t<\/div>\n\t\t\t\t\t<\/div>\n\t\t<\/section>\n\t\t\t\t<section class=\"elementor-section elementor-top-section elementor-element elementor-element-aa6b0d8 elementor-section-boxed elementor-section-height-default elementor-section-height-default\" data-id=\"aa6b0d8\" data-element_type=\"section\">\n\t\t\t\t\t\t<div class=\"elementor-container elementor-column-gap-default\">\n\t\t\t\t\t<div class=\"elementor-column elementor-col-100 elementor-top-column elementor-element elementor-element-6a4c074\" data-id=\"6a4c074\" data-element_type=\"column\">\n\t\t\t<div class=\"elementor-widget-wrap elementor-element-populated\">\n\t\t\t\t\t\t<div class=\"elementor-element elementor-element-e56ee04 elementor-widget elementor-widget-spacer\" data-id=\"e56ee04\" data-element_type=\"widget\" data-widget_type=\"spacer.default\">\n\t\t\t\t<div class=\"elementor-widget-container\">\n\t\t\t\t\t\t\t<div class=\"elementor-spacer\">\n\t\t\t<div class=\"elementor-spacer-inner\"><\/div>\n\t\t<\/div>\n\t\t\t\t\t\t<\/div>\n\t\t\t\t<\/div>\n\t\t\t\t\t<\/div>\n\t\t<\/div>\n\t\t\t\t\t<\/div>\n\t\t<\/section>\n\t\t\t\t<section class=\"elementor-section elementor-top-section elementor-element elementor-element-ab85e44 elementor-section-boxed elementor-section-height-default elementor-section-height-default\" data-id=\"ab85e44\" data-element_type=\"section\">\n\t\t\t\t\t\t<div class=\"elementor-container elementor-column-gap-default\">\n\t\t\t\t\t<div class=\"elementor-column elementor-col-100 elementor-top-column elementor-element elementor-element-0184869\" data-id=\"0184869\" data-element_type=\"column\">\n\t\t\t<div class=\"elementor-widget-wrap elementor-element-populated\">\n\t\t\t\t\t\t<div class=\"elementor-element elementor-element-546433f elementor-widget-divider--view-line elementor-widget elementor-widget-divider\" data-id=\"546433f\" data-element_type=\"widget\" data-widget_type=\"divider.default\">\n\t\t\t\t<div class=\"elementor-widget-container\">\n\t\t\t\t\t\t\t<div class=\"elementor-divider\">\n\t\t\t<span class=\"elementor-divider-separator\">\n\t\t\t\t\t\t<\/span>\n\t\t<\/div>\n\t\t\t\t\t\t<\/div>\n\t\t\t\t<\/div>\n\t\t\t\t\t<\/div>\n\t\t<\/div>\n\t\t\t\t\t<\/div>\n\t\t<\/section>\n\t\t\t\t<section class=\"elementor-section elementor-top-section elementor-element elementor-element-b515d9c elementor-section-boxed elementor-section-height-default elementor-section-height-default\" data-id=\"b515d9c\" data-element_type=\"section\">\n\t\t\t\t\t\t<div class=\"elementor-container elementor-column-gap-default\">\n\t\t\t\t\t<div class=\"elementor-column elementor-col-100 elementor-top-column elementor-element elementor-element-0aab89d\" data-id=\"0aab89d\" data-element_type=\"column\">\n\t\t\t<div class=\"elementor-widget-wrap elementor-element-populated\">\n\t\t\t\t\t\t<div class=\"elementor-element elementor-element-2593d93 elementor-widget elementor-widget-image\" data-id=\"2593d93\" data-element_type=\"widget\" data-widget_type=\"image.default\">\n\t\t\t\t<div class=\"elementor-widget-container\">\n\t\t\t\t\t\t\t\t\t\t\t\t\t\t\t<img decoding=\"async\" width=\"1024\" height=\"576\" src=\"https:\/\/atauni.edu.tr\/dis-hekimligi-fakultesi\/wp-content\/uploads\/sites\/57\/2022\/01\/organizasyon-yapisi-2-1024x576.jpeg\" class=\"attachment-large size-large wp-image-7245\" alt=\"\" srcset=\"https:\/\/atauni.edu.tr\/dis-hekimligi-fakultesi\/wp-content\/uploads\/sites\/57\/2022\/01\/organizasyon-yapisi-2-1024x576.jpeg 1024w, https:\/\/atauni.edu.tr\/dis-hekimligi-fakultesi\/wp-content\/uploads\/sites\/57\/2022\/01\/organizasyon-yapisi-2-300x169.jpeg 300w, https:\/\/atauni.edu.tr\/dis-hekimligi-fakultesi\/wp-content\/uploads\/sites\/57\/2022\/01\/organizasyon-yapisi-2-768x432.jpeg 768w, https:\/\/atauni.edu.tr\/dis-hekimligi-fakultesi\/wp-content\/uploads\/sites\/57\/2022\/01\/organizasyon-yapisi-2-1536x864.jpeg 1536w, https:\/\/atauni.edu.tr\/dis-hekimligi-fakultesi\/wp-content\/uploads\/sites\/57\/2022\/01\/organizasyon-yapisi-2-600x338.jpeg 600w, https:\/\/atauni.edu.tr\/dis-hekimligi-fakultesi\/wp-content\/uploads\/sites\/57\/2022\/01\/organizasyon-yapisi-2-560x315.jpeg 560w, https:\/\/atauni.edu.tr\/dis-hekimligi-fakultesi\/wp-content\/uploads\/sites\/57\/2022\/01\/organizasyon-yapisi-2.jpeg 1600w\" sizes=\"(max-width: 1024px) 100vw, 1024px\" \/>\t\t\t\t\t\t\t\t\t\t\t\t\t\t\t<\/div>\n\t\t\t\t<\/div>\n\t\t\t\t\t<\/div>\n\t\t<\/div>\n\t\t\t\t\t<\/div>\n\t\t<\/section>\n\t\t\t\t<section class=\"elementor-section elementor-top-section elementor-element elementor-element-6f9168e elementor-section-boxed elementor-section-height-default elementor-section-height-default\" data-id=\"6f9168e\" data-element_type=\"section\">\n\t\t\t\t\t\t<div class=\"elementor-container elementor-column-gap-default\">\n\t\t\t\t\t<div class=\"elementor-column elementor-col-100 elementor-top-column elementor-element elementor-element-3064510\" data-id=\"3064510\" data-element_type=\"column\">\n\t\t\t<div class=\"elementor-widget-wrap elementor-element-populated\">\n\t\t\t\t\t\t<div class=\"elementor-element elementor-element-d0014f1 elementor-widget-divider--view-line elementor-widget elementor-widget-divider\" data-id=\"d0014f1\" data-element_type=\"widget\" data-widget_type=\"divider.default\">\n\t\t\t\t<div class=\"elementor-widget-container\">\n\t\t\t\t\t\t\t<div class=\"elementor-divider\">\n\t\t\t<span class=\"elementor-divider-separator\">\n\t\t\t\t\t\t<\/span>\n\t\t<\/div>\n\t\t\t\t\t\t<\/div>\n\t\t\t\t<\/div>\n\t\t\t\t\t<\/div>\n\t\t<\/div>\n\t\t\t\t\t<\/div>\n\t\t<\/section>\n\t\t\t\t<section class=\"elementor-section elementor-top-section elementor-element elementor-element-252df58 elementor-section-boxed elementor-section-height-default elementor-section-height-default\" data-id=\"252df58\" data-element_type=\"section\">\n\t\t\t\t\t\t<div class=\"elementor-container elementor-column-gap-default\">\n\t\t\t\t\t<div class=\"elementor-column elementor-col-100 elementor-top-column elementor-element elementor-element-7964ec2\" data-id=\"7964ec2\" data-element_type=\"column\">\n\t\t\t<div class=\"elementor-widget-wrap elementor-element-populated\">\n\t\t\t\t\t\t<div class=\"elementor-element elementor-element-ed9e1f6 elementor-widget elementor-widget-heading\" data-id=\"ed9e1f6\" data-element_type=\"widget\" data-widget_type=\"heading.default\">\n\t\t\t\t<div class=\"elementor-widget-container\">\n\t\t\t\t\t<h2 class=\"elementor-heading-title elementor-size-default\">Fak\u00fcltemiz \u0130dari Personel \u015eemas\u0131<\/h2>\t\t\t\t<\/div>\n\t\t\t\t<\/div>\n\t\t\t\t\t<\/div>\n\t\t<\/div>\n\t\t\t\t\t<\/div>\n\t\t<\/section>\n\t\t\t\t<section class=\"elementor-section elementor-top-section elementor-element elementor-element-cf9804b elementor-section-boxed elementor-section-height-default elementor-section-height-default\" data-id=\"cf9804b\" data-element_type=\"section\">\n\t\t\t\t\t\t<div class=\"elementor-container elementor-column-gap-default\">\n\t\t\t\t\t<div class=\"elementor-column elementor-col-100 elementor-top-column elementor-element elementor-element-0aac665\" data-id=\"0aac665\" data-element_type=\"column\">\n\t\t\t<div class=\"elementor-widget-wrap elementor-element-populated\">\n\t\t\t\t\t\t<div class=\"elementor-element elementor-element-f890827 elementor-widget elementor-widget-image\" data-id=\"f890827\" data-element_type=\"widget\" data-widget_type=\"image.default\">\n\t\t\t\t<div class=\"elementor-widget-container\">\n\t\t\t\t\t\t\t\t\t\t\t\t\t\t\t<img decoding=\"async\" width=\"719\" height=\"756\" src=\"https:\/\/atauni.edu.tr\/dis-hekimligi-fakultesi\/wp-content\/uploads\/sites\/57\/2023\/03\/idari-personel-semasi.png\" class=\"attachment-large size-large wp-image-9245\" alt=\"\" srcset=\"https:\/\/atauni.edu.tr\/dis-hekimligi-fakultesi\/wp-content\/uploads\/sites\/57\/2023\/03\/idari-personel-semasi.png 719w, https:\/\/atauni.edu.tr\/dis-hekimligi-fakultesi\/wp-content\/uploads\/sites\/57\/2023\/03\/idari-personel-semasi-285x300.png 285w, https:\/\/atauni.edu.tr\/dis-hekimligi-fakultesi\/wp-content\/uploads\/sites\/57\/2023\/03\/idari-personel-semasi-571x600.png 571w, https:\/\/atauni.edu.tr\/dis-hekimligi-fakultesi\/wp-content\/uploads\/sites\/57\/2023\/03\/idari-personel-semasi-533x560.png 533w\" sizes=\"(max-width: 719px) 100vw, 719px\" \/>\t\t\t\t\t\t\t\t\t\t\t\t\t\t\t<\/div>\n\t\t\t\t<\/div>\n\t\t\t\t\t<\/div>\n\t\t<\/div>\n\t\t\t\t\t<\/div>\n\t\t<\/section>\n\t\t\t\t<section class=\"elementor-section elementor-top-section elementor-element elementor-element-c19700e elementor-section-boxed elementor-section-height-default elementor-section-height-default\" data-id=\"c19700e\" data-element_type=\"section\">\n\t\t\t\t\t\t<div class=\"elementor-container elementor-column-gap-default\">\n\t\t\t\t\t<div class=\"elementor-column elementor-col-100 elementor-top-column elementor-element elementor-element-6aaf937\" data-id=\"6aaf937\" data-element_type=\"column\">\n\t\t\t<div class=\"elementor-widget-wrap elementor-element-populated\">\n\t\t\t\t\t\t<div class=\"elementor-element elementor-element-0be0754 elementor-widget-divider--view-line elementor-widget elementor-widget-divider\" data-id=\"0be0754\" data-element_type=\"widget\" data-widget_type=\"divider.default\">\n\t\t\t\t<div class=\"elementor-widget-container\">\n\t\t\t\t\t\t\t<div class=\"elementor-divider\">\n\t\t\t<span class=\"elementor-divider-separator\">\n\t\t\t\t\t\t<\/span>\n\t\t<\/div>\n\t\t\t\t\t\t<\/div>\n\t\t\t\t<\/div>\n\t\t\t\t\t<\/div>\n\t\t<\/div>\n\t\t\t\t\t<\/div>\n\t\t<\/section>\n\t\t\t\t<section class=\"elementor-section elementor-top-section elementor-element elementor-element-60b5f60 elementor-section-boxed elementor-section-height-default elementor-section-height-default\" data-id=\"60b5f60\" data-element_type=\"section\">\n\t\t\t\t\t\t<div class=\"elementor-container elementor-column-gap-default\">\n\t\t\t\t\t<div class=\"elementor-column elementor-col-100 elementor-top-column elementor-element elementor-element-83d467d\" data-id=\"83d467d\" data-element_type=\"column\">\n\t\t\t<div class=\"elementor-widget-wrap elementor-element-populated\">\n\t\t\t\t\t\t<div class=\"elementor-element elementor-element-1189de6 elementor-widget elementor-widget-text-editor\" data-id=\"1189de6\" data-element_type=\"widget\" data-widget_type=\"text-editor.default\">\n\t\t\t\t<div class=\"elementor-widget-container\">\n\t\t\t\t\t\t\t\t\t<p><strong>Kalite Y\u00f6netim \u015eemas\u0131<\/strong><\/p>\t\t\t\t\t\t\t\t<\/div>\n\t\t\t\t<\/div>\n\t\t\t\t\t<\/div>\n\t\t<\/div>\n\t\t\t\t\t<\/div>\n\t\t<\/section>\n\t\t\t\t<section class=\"elementor-section elementor-top-section elementor-element elementor-element-d84fb23 elementor-section-boxed elementor-section-height-default elementor-section-height-default\" data-id=\"d84fb23\" data-element_type=\"section\">\n\t\t\t\t\t\t<div class=\"elementor-container elementor-column-gap-default\">\n\t\t\t\t\t<div class=\"elementor-column elementor-col-100 elementor-top-column elementor-element elementor-element-6b27938\" data-id=\"6b27938\" data-element_type=\"column\">\n\t\t\t<div class=\"elementor-widget-wrap elementor-element-populated\">\n\t\t\t\t\t\t<div class=\"elementor-element elementor-element-62bf74f elementor-widget elementor-widget-image\" data-id=\"62bf74f\" data-element_type=\"widget\" data-widget_type=\"image.default\">\n\t\t\t\t<div class=\"elementor-widget-container\">\n\t\t\t\t\t\t\t\t\t\t\t\t\t\t\t<img loading=\"lazy\" decoding=\"async\" width=\"1024\" height=\"576\" src=\"https:\/\/atauni.edu.tr\/dis-hekimligi-fakultesi\/wp-content\/uploads\/sites\/57\/2022\/08\/kalite-yonetim-semasi-2-1024x576.png\" class=\"attachment-large size-large wp-image-8576\" alt=\"\" srcset=\"https:\/\/atauni.edu.tr\/dis-hekimligi-fakultesi\/wp-content\/uploads\/sites\/57\/2022\/08\/kalite-yonetim-semasi-2-1024x576.png 1024w, https:\/\/atauni.edu.tr\/dis-hekimligi-fakultesi\/wp-content\/uploads\/sites\/57\/2022\/08\/kalite-yonetim-semasi-2-300x169.png 300w, https:\/\/atauni.edu.tr\/dis-hekimligi-fakultesi\/wp-content\/uploads\/sites\/57\/2022\/08\/kalite-yonetim-semasi-2-768x432.png 768w, https:\/\/atauni.edu.tr\/dis-hekimligi-fakultesi\/wp-content\/uploads\/sites\/57\/2022\/08\/kalite-yonetim-semasi-2-1536x864.png 1536w, https:\/\/atauni.edu.tr\/dis-hekimligi-fakultesi\/wp-content\/uploads\/sites\/57\/2022\/08\/kalite-yonetim-semasi-2-600x338.png 600w, https:\/\/atauni.edu.tr\/dis-hekimligi-fakultesi\/wp-content\/uploads\/sites\/57\/2022\/08\/kalite-yonetim-semasi-2-560x315.png 560w, https:\/\/atauni.edu.tr\/dis-hekimligi-fakultesi\/wp-content\/uploads\/sites\/57\/2022\/08\/kalite-yonetim-semasi-2.png 1920w\" sizes=\"(max-width: 1024px) 100vw, 1024px\" \/>\t\t\t\t\t\t\t\t\t\t\t\t\t\t\t<\/div>\n\t\t\t\t<\/div>\n\t\t\t\t\t<\/div>\n\t\t<\/div>\n\t\t\t\t\t<\/div>\n\t\t<\/section>\n\t\t\t\t<section class=\"elementor-section elementor-top-section elementor-element elementor-element-2aed06d elementor-section-boxed elementor-section-height-default elementor-section-height-default\" data-id=\"2aed06d\" data-element_type=\"section\">\n\t\t\t\t\t\t<div class=\"elementor-container elementor-column-gap-default\">\n\t\t\t\t\t<div class=\"elementor-column elementor-col-100 elementor-top-column elementor-element elementor-element-82203ce\" data-id=\"82203ce\" data-element_type=\"column\">\n\t\t\t<div class=\"elementor-widget-wrap elementor-element-populated\">\n\t\t\t\t\t\t<div class=\"elementor-element elementor-element-503ef28 elementor-widget-divider--view-line elementor-widget elementor-widget-divider\" data-id=\"503ef28\" data-element_type=\"widget\" data-widget_type=\"divider.default\">\n\t\t\t\t<div class=\"elementor-widget-container\">\n\t\t\t\t\t\t\t<div class=\"elementor-divider\">\n\t\t\t<span class=\"elementor-divider-separator\">\n\t\t\t\t\t\t<\/span>\n\t\t<\/div>\n\t\t\t\t\t\t<\/div>\n\t\t\t\t<\/div>\n\t\t\t\t\t<\/div>\n\t\t<\/div>\n\t\t\t\t\t<\/div>\n\t\t<\/section>\n\t\t\t\t<section class=\"elementor-section elementor-top-section elementor-element elementor-element-d49ac80 elementor-section-boxed elementor-section-height-default elementor-section-height-default\" data-id=\"d49ac80\" data-element_type=\"section\">\n\t\t\t\t\t\t<div class=\"elementor-container elementor-column-gap-default\">\n\t\t\t\t\t<div class=\"elementor-column elementor-col-100 elementor-top-column elementor-element elementor-element-7e53dcf\" data-id=\"7e53dcf\" data-element_type=\"column\">\n\t\t\t<div class=\"elementor-widget-wrap elementor-element-populated\">\n\t\t\t\t\t\t<div class=\"elementor-element elementor-element-f2cb116 elementor-widget elementor-widget-text-editor\" data-id=\"f2cb116\" data-element_type=\"widget\" data-widget_type=\"text-editor.default\">\n\t\t\t\t<div class=\"elementor-widget-container\">\n\t\t\t\t\t\t\t\t\t<p><strong>Organizasyon \u015eemas\u0131<\/strong><\/p>\t\t\t\t\t\t\t\t<\/div>\n\t\t\t\t<\/div>\n\t\t\t\t\t<\/div>\n\t\t<\/div>\n\t\t\t\t\t<\/div>\n\t\t<\/section>\n\t\t\t\t<section class=\"elementor-section elementor-top-section elementor-element elementor-element-9dd306a elementor-section-boxed elementor-section-height-default elementor-section-height-default\" data-id=\"9dd306a\" data-element_type=\"section\">\n\t\t\t\t\t\t<div class=\"elementor-container elementor-column-gap-default\">\n\t\t\t\t\t<div class=\"elementor-column elementor-col-100 elementor-top-column elementor-element elementor-element-a921078\" data-id=\"a921078\" data-element_type=\"column\">\n\t\t\t<div class=\"elementor-widget-wrap elementor-element-populated\">\n\t\t\t\t\t\t<div class=\"elementor-element elementor-element-e4f6887 elementor-widget elementor-widget-image\" data-id=\"e4f6887\" data-element_type=\"widget\" data-widget_type=\"image.default\">\n\t\t\t\t<div class=\"elementor-widget-container\">\n\t\t\t\t\t\t\t\t\t\t\t\t\t\t\t<img loading=\"lazy\" decoding=\"async\" width=\"1024\" height=\"562\" src=\"https:\/\/atauni.edu.tr\/dis-hekimligi-fakultesi\/wp-content\/uploads\/sites\/57\/2022\/11\/ORG-SEM-1024x562.png\" class=\"attachment-large size-large wp-image-8713\" alt=\"\" srcset=\"https:\/\/atauni.edu.tr\/dis-hekimligi-fakultesi\/wp-content\/uploads\/sites\/57\/2022\/11\/ORG-SEM-1024x562.png 1024w, https:\/\/atauni.edu.tr\/dis-hekimligi-fakultesi\/wp-content\/uploads\/sites\/57\/2022\/11\/ORG-SEM-300x165.png 300w, https:\/\/atauni.edu.tr\/dis-hekimligi-fakultesi\/wp-content\/uploads\/sites\/57\/2022\/11\/ORG-SEM-768x421.png 768w, https:\/\/atauni.edu.tr\/dis-hekimligi-fakultesi\/wp-content\/uploads\/sites\/57\/2022\/11\/ORG-SEM-600x329.png 600w, https:\/\/atauni.edu.tr\/dis-hekimligi-fakultesi\/wp-content\/uploads\/sites\/57\/2022\/11\/ORG-SEM-560x307.png 560w, https:\/\/atauni.edu.tr\/dis-hekimligi-fakultesi\/wp-content\/uploads\/sites\/57\/2022\/11\/ORG-SEM.png 1282w\" sizes=\"(max-width: 1024px) 100vw, 1024px\" \/>\t\t\t\t\t\t\t\t\t\t\t\t\t\t\t<\/div>\n\t\t\t\t<\/div>\n\t\t\t\t\t<\/div>\n\t\t<\/div>\n\t\t\t\t\t<\/div>\n\t\t<\/section>\n\t\t\t\t<section class=\"elementor-section elementor-top-section elementor-element elementor-element-7da51d1 elementor-section-boxed elementor-section-height-default elementor-section-height-default\" data-id=\"7da51d1\" data-element_type=\"section\">\n\t\t\t\t\t\t<div class=\"elementor-container elementor-column-gap-default\">\n\t\t\t\t\t<div class=\"elementor-column elementor-col-100 elementor-top-column elementor-element elementor-element-4e88fed\" data-id=\"4e88fed\" data-element_type=\"column\">\n\t\t\t<div class=\"elementor-widget-wrap elementor-element-populated\">\n\t\t\t\t\t\t<div class=\"elementor-element elementor-element-69cbb67 elementor-widget-divider--view-line elementor-widget elementor-widget-divider\" data-id=\"69cbb67\" data-element_type=\"widget\" data-widget_type=\"divider.default\">\n\t\t\t\t<div class=\"elementor-widget-container\">\n\t\t\t\t\t\t\t<div class=\"elementor-divider\">\n\t\t\t<span class=\"elementor-divider-separator\">\n\t\t\t\t\t\t<\/span>\n\t\t<\/div>\n\t\t\t\t\t\t<\/div>\n\t\t\t\t<\/div>\n\t\t\t\t\t<\/div>\n\t\t<\/div>\n\t\t\t\t\t<\/div>\n\t\t<\/section>\n\t\t\t\t<section class=\"elementor-section elementor-top-section elementor-element elementor-element-5f1d35e elementor-section-boxed elementor-section-height-default elementor-section-height-default\" data-id=\"5f1d35e\" data-element_type=\"section\">\n\t\t\t\t\t\t<div class=\"elementor-container elementor-column-gap-default\">\n\t\t\t\t\t<div class=\"elementor-column elementor-col-100 elementor-top-column elementor-element elementor-element-e46aee5\" data-id=\"e46aee5\" data-element_type=\"column\">\n\t\t\t<div class=\"elementor-widget-wrap elementor-element-populated\">\n\t\t\t\t\t\t<div class=\"elementor-element elementor-element-114a087 elementor-widget elementor-widget-image\" data-id=\"114a087\" data-element_type=\"widget\" data-widget_type=\"image.default\">\n\t\t\t\t<div class=\"elementor-widget-container\">\n\t\t\t\t\t\t\t\t\t\t\t\t\t\t\t<img loading=\"lazy\" decoding=\"async\" width=\"1024\" height=\"573\" src=\"https:\/\/atauni.edu.tr\/dis-hekimligi-fakultesi\/wp-content\/uploads\/sites\/57\/2023\/03\/egitim-organizasyon-semasi-1024x573.png\" class=\"attachment-large size-large wp-image-9224\" alt=\"\" srcset=\"https:\/\/atauni.edu.tr\/dis-hekimligi-fakultesi\/wp-content\/uploads\/sites\/57\/2023\/03\/egitim-organizasyon-semasi-1024x573.png 1024w, https:\/\/atauni.edu.tr\/dis-hekimligi-fakultesi\/wp-content\/uploads\/sites\/57\/2023\/03\/egitim-organizasyon-semasi-300x168.png 300w, https:\/\/atauni.edu.tr\/dis-hekimligi-fakultesi\/wp-content\/uploads\/sites\/57\/2023\/03\/egitim-organizasyon-semasi-768x430.png 768w, https:\/\/atauni.edu.tr\/dis-hekimligi-fakultesi\/wp-content\/uploads\/sites\/57\/2023\/03\/egitim-organizasyon-semasi-600x336.png 600w, https:\/\/atauni.edu.tr\/dis-hekimligi-fakultesi\/wp-content\/uploads\/sites\/57\/2023\/03\/egitim-organizasyon-semasi-560x313.png 560w, https:\/\/atauni.edu.tr\/dis-hekimligi-fakultesi\/wp-content\/uploads\/sites\/57\/2023\/03\/egitim-organizasyon-semasi.png 1276w\" sizes=\"(max-width: 1024px) 100vw, 1024px\" \/>\t\t\t\t\t\t\t\t\t\t\t\t\t\t\t<\/div>\n\t\t\t\t<\/div>\n\t\t\t\t\t<\/div>\n\t\t<\/div>\n\t\t\t\t\t<\/div>\n\t\t<\/section>\n\t\t\t\t<section class=\"elementor-section elementor-top-section elementor-element elementor-element-8f48aa4 elementor-section-boxed elementor-section-height-default elementor-section-height-default\" data-id=\"8f48aa4\" data-element_type=\"section\">\n\t\t\t\t\t\t<div class=\"elementor-container elementor-column-gap-default\">\n\t\t\t\t\t<div class=\"elementor-column elementor-col-100 elementor-top-column elementor-element elementor-element-22fe49e\" data-id=\"22fe49e\" data-element_type=\"column\">\n\t\t\t<div class=\"elementor-widget-wrap elementor-element-populated\">\n\t\t\t\t\t\t<div class=\"elementor-element elementor-element-f91089c elementor-widget-divider--view-line elementor-widget elementor-widget-divider\" data-id=\"f91089c\" data-element_type=\"widget\" data-widget_type=\"divider.default\">\n\t\t\t\t<div class=\"elementor-widget-container\">\n\t\t\t\t\t\t\t<div class=\"elementor-divider\">\n\t\t\t<span class=\"elementor-divider-separator\">\n\t\t\t\t\t\t<\/span>\n\t\t<\/div>\n\t\t\t\t\t\t<\/div>\n\t\t\t\t<\/div>\n\t\t\t\t\t<\/div>\n\t\t<\/div>\n\t\t\t\t\t<\/div>\n\t\t<\/section>\n\t\t\t\t<\/div>\n\t\t","protected":false},"excerpt":{"rendered":"<p>Fak\u00fcltemiz \u0130dari Personel \u015eemas\u0131 Kalite Y\u00f6netim \u015eemas\u0131 Organizasyon \u015eemas\u0131<\/p>\n","protected":false},"author":46,"featured_media":0,"parent":0,"menu_order":0,"comment_status":"closed","ping_status":"closed","template":"","meta":{"footnotes":""},"class_list":["post-7240","page","type-page","status-publish","hentry"],"_links":{"self":[{"href":"https:\/\/atauni.edu.tr\/dis-hekimligi-fakultesi\/wp-json\/wp\/v2\/pages\/7240","targetHints":{"allow":["GET"]}}],"collection":[{"href":"https:\/\/atauni.edu.tr\/dis-hekimligi-fakultesi\/wp-json\/wp\/v2\/pages"}],"about":[{"href":"https:\/\/atauni.edu.tr\/dis-hekimligi-fakultesi\/wp-json\/wp\/v2\/types\/page"}],"author":[{"embeddable":true,"href":"https:\/\/atauni.edu.tr\/dis-hekimligi-fakultesi\/wp-json\/wp\/v2\/users\/46"}],"replies":[{"embeddable":true,"href":"https:\/\/atauni.edu.tr\/dis-hekimligi-fakultesi\/wp-json\/wp\/v2\/comments?post=7240"}],"version-history":[{"count":34,"href":"https:\/\/atauni.edu.tr\/dis-hekimligi-fakultesi\/wp-json\/wp\/v2\/pages\/7240\/revisions"}],"predecessor-version":[{"id":9248,"href":"https:\/\/atauni.edu.tr\/dis-hekimligi-fakultesi\/wp-json\/wp\/v2\/pages\/7240\/revisions\/9248"}],"wp:attachment":[{"href":"https:\/\/atauni.edu.tr\/dis-hekimligi-fakultesi\/wp-json\/wp\/v2\/media?parent=7240"}],"curies":[{"name":"wp","href":"https:\/\/api.w.org\/{rel}","templated":true}]}}