{"id":7268,"date":"2022-01-04T14:37:07","date_gmt":"2022-01-04T11:37:07","guid":{"rendered":"https:\/\/birimler.atauni.edu.tr\/dis-hekimligi-fakultesi\/?page_id=7268"},"modified":"2022-01-04T15:36:39","modified_gmt":"2022-01-04T12:36:39","slug":"dekan-mesaji","status":"publish","type":"page","link":"https:\/\/atauni.edu.tr\/dis-hekimligi-fakultesi\/dekan-mesaji\/","title":{"rendered":"Dekan Mesaj\u0131"},"content":{"rendered":"\t\t<div data-elementor-type=\"wp-page\" data-elementor-id=\"7268\" class=\"elementor elementor-7268\" data-elementor-post-type=\"page\">\n\t\t\t\t\t\t<section class=\"elementor-section elementor-top-section elementor-element elementor-element-28923f9 elementor-section-boxed elementor-section-height-default elementor-section-height-default\" data-id=\"28923f9\" data-element_type=\"section\">\n\t\t\t\t\t\t<div class=\"elementor-container elementor-column-gap-default\">\n\t\t\t\t\t<div class=\"elementor-column elementor-col-100 elementor-top-column elementor-element elementor-element-ef22930\" data-id=\"ef22930\" data-element_type=\"column\">\n\t\t\t<div class=\"elementor-widget-wrap elementor-element-populated\">\n\t\t\t\t\t\t<div class=\"elementor-element elementor-element-99f1aab elementor-widget elementor-widget-text-editor\" data-id=\"99f1aab\" data-element_type=\"widget\" data-widget_type=\"text-editor.default\">\n\t\t\t\t<div class=\"elementor-widget-container\">\n\t\t\t\t\t\t\t\t\t<p>Atat\u00fcrk \u00dcniversitesi Di\u015f Hekimli\u011fi Fak\u00fcltesi web sayfas\u0131na ho\u015f geldiniz. Web sayfam\u0131zda fak\u00fcltemiz hakk\u0131nda k\u0131sa tan\u0131t\u0131c\u0131 bilgiler, fak\u00fcltemizin akademik yap\u0131s\u0131, m\u00fcfredat\u0131, uygulanan y\u00f6netmelik\/y\u00f6nergeler ve bilimsel faaliyetler hakk\u0131nda k\u0131sa bilgiler bulacaks\u0131n\u0131z.\u00a0<span style=\"letter-spacing: 0px\">Atat\u00fcrk \u00dcniversitesi Di\u015f Hekimli\u011fi Fak\u00fcltesi; ismini ta\u015f\u0131makla gurur duydu\u011fumuz Atat\u00fcrk\u2019\u00fcn \u00e7izdi\u011fi yolda ilerleyen \u00e7a\u011fda\u015f bir e\u011fitim kurumudur. Fak\u00fcltemiz; de\u011ferli akademisyen kadrosu, sahip oldu\u011fu cihaz, ekipman ve laboratuvar olanaklar\u0131 ile \u00fclkemizdeki di\u015f hekimli\u011fi fak\u00fclteleri i\u00e7erisinde ilk s\u0131ralarda yer al\u0131r.\u00a0Atat\u00fcrk \u00dcniversitesi Di\u015f Hekimli\u011fi Fak\u00fcltesi 40 y\u0131l\u0131 a\u015fk\u0131n bir s\u00fcredir \u00f6\u011frenci e\u011fitimi ve hasta tedavi hizmetleri sunmaktad\u0131r.\u00a0\u00a0<\/span><span style=\"letter-spacing: 0px\">Di\u015f hekimli\u011fi mesle\u011fi, bilim ile sanat\u0131n i\u00e7 i\u00e7e oldu\u011fu, e\u011fitimi ve uygulamas\u0131 zor mesleklerden biridir. \u00d6\u011frencilerimizi bu mesle\u011fe haz\u0131rlarken amac\u0131m\u0131z; kaliteli bir e\u011fitim vermenin yan\u0131 s\u0131ra, onlar\u0131n \u00e7a\u011fda\u015f bireyler olarak ele\u015ftirel d\u00fc\u015f\u00fcnce ve bilimsel anlay\u0131\u015fa sahip, insan haklar\u0131na ve etik de\u011ferlere sayg\u0131l\u0131, mesle\u011finde ba\u015far\u0131l\u0131 ve rekabete a\u00e7\u0131k olmalar\u0131n\u0131 sa\u011flamakt\u0131r. Bunlar\u0131n ba\u015far\u0131labilmesi i\u00e7in gen\u00e7lerimizin mutlu bir \u00f6\u011frencilik d\u00f6neminden ge\u00e7meleri gerekir. Bizim t\u00fcm \u00e7abam\u0131z onlara bu ortam\u0131 sunmakt\u0131r.<\/span><span style=\"letter-spacing: 0px\">Fak\u00fcltemizde; a\u011f\u0131z di\u015f sa\u011fl\u0131\u011f\u0131 alan\u0131ndaki t\u00fcm teknolojik yenilikler ve sa\u011fl\u0131k sekt\u00f6r\u00fcndeki geli\u015fmeler yak\u0131ndan takip edilir. Hasta memnuniyetine b\u00fcy\u00fck \u00f6nem verilir ve yap\u0131lan tedavilerin kalitesi \u00f6n planda tutulur.<\/span><span style=\"letter-spacing: 0px\">Teknolojik geli\u015fmelere uyum sa\u011flamak ve kurumlar aras\u0131 rekabet ortam\u0131nda var olmak i\u00e7in, planlama \u00e7al\u0131\u015fmalar\u0131 ve kaynaklar\u0131n rasyonel bir \u015fekilde kullan\u0131lmas\u0131 gerekir. Fak\u00fcltemizde; mali ve fiziki kaynaklarla, insan kaynaklar\u0131n\u0131 daha verimli ve etkin h\u00e2le getirmek, kurumsal ve akademik anlamda geli\u015fmeleri h\u0131zland\u0131rmak i\u00e7in \u00e7al\u0131\u015f\u0131l\u0131yor.<\/span><\/p>\t\t\t\t\t\t\t\t<\/div>\n\t\t\t\t<\/div>\n\t\t\t\t\t<\/div>\n\t\t<\/div>\n\t\t\t\t\t<\/div>\n\t\t<\/section>\n\t\t\t\t<\/div>\n\t\t","protected":false},"excerpt":{"rendered":"<p>Atat\u00fcrk \u00dcniversitesi Di\u015f Hekimli\u011fi Fak\u00fcltesi web sayfas\u0131na ho\u015f geldiniz. Web sayfam\u0131zda fak\u00fcltemiz hakk\u0131nda k\u0131sa tan\u0131t\u0131c\u0131 bilgiler, fak\u00fcltemizin akademik yap\u0131s\u0131, m\u00fcfredat\u0131, uygulanan y\u00f6netmelik\/y\u00f6nergeler ve bilimsel faaliyetler hakk\u0131nda k\u0131sa bilgiler bulacaks\u0131n\u0131z.&nbsp;Atat\u00fcrk \u00dcniversitesi Di\u015f Hekimli\u011fi Fak\u00fcltesi; ismini ta\u015f\u0131makla gurur duydu\u011fumuz Atat\u00fcrk\u2019\u00fcn \u00e7izdi\u011fi yolda ilerleyen \u00e7a\u011fda\u015f bir e\u011fitim kurumudur. Fak\u00fcltemiz; de\u011ferli akademisyen kadrosu, sahip oldu\u011fu cihaz, ekipman ve laboratuvar [&hellip;]<\/p>\n","protected":false},"author":46,"featured_media":0,"parent":0,"menu_order":0,"comment_status":"closed","ping_status":"closed","template":"","meta":{"footnotes":""},"class_list":["post-7268","page","type-page","status-publish","hentry"],"_links":{"self":[{"href":"https:\/\/atauni.edu.tr\/dis-hekimligi-fakultesi\/wp-json\/wp\/v2\/pages\/7268","targetHints":{"allow":["GET"]}}],"collection":[{"href":"https:\/\/atauni.edu.tr\/dis-hekimligi-fakultesi\/wp-json\/wp\/v2\/pages"}],"about":[{"href":"https:\/\/atauni.edu.tr\/dis-hekimligi-fakultesi\/wp-json\/wp\/v2\/types\/page"}],"author":[{"embeddable":true,"href":"https:\/\/atauni.edu.tr\/dis-hekimligi-fakultesi\/wp-json\/wp\/v2\/users\/46"}],"replies":[{"embeddable":true,"href":"https:\/\/atauni.edu.tr\/dis-hekimligi-fakultesi\/wp-json\/wp\/v2\/comments?post=7268"}],"version-history":[{"count":8,"href":"https:\/\/atauni.edu.tr\/dis-hekimligi-fakultesi\/wp-json\/wp\/v2\/pages\/7268\/revisions"}],"predecessor-version":[{"id":7297,"href":"https:\/\/atauni.edu.tr\/dis-hekimligi-fakultesi\/wp-json\/wp\/v2\/pages\/7268\/revisions\/7297"}],"wp:attachment":[{"href":"https:\/\/atauni.edu.tr\/dis-hekimligi-fakultesi\/wp-json\/wp\/v2\/media?parent=7268"}],"curies":[{"name":"wp","href":"https:\/\/api.w.org\/{rel}","templated":true}]}}