{"id":7298,"date":"2022-01-04T15:38:17","date_gmt":"2022-01-04T12:38:17","guid":{"rendered":"http:\/\/birimler.atauni.edu.tr\/dis-hekimligi-fakultesi\/?page_id=7298"},"modified":"2025-01-24T13:06:15","modified_gmt":"2025-01-24T10:06:15","slug":"diste-uzmanlik-ogrencileri","status":"publish","type":"page","link":"https:\/\/atauni.edu.tr\/dis-hekimligi-fakultesi\/diste-uzmanlik-ogrencileri\/","title":{"rendered":"Di\u015f Hekimli\u011fi Uzmanl\u0131k \u00d6\u011frencileri"},"content":{"rendered":"\t\t<div data-elementor-type=\"wp-page\" data-elementor-id=\"7298\" class=\"elementor elementor-7298\" data-elementor-post-type=\"page\">\n\t\t\t\t\t\t<section class=\"elementor-section elementor-top-section elementor-element elementor-element-8cbd044 elementor-section-boxed elementor-section-height-default elementor-section-height-default\" data-id=\"8cbd044\" data-element_type=\"section\">\n\t\t\t\t\t\t<div class=\"elementor-container elementor-column-gap-default\">\n\t\t\t\t\t<div class=\"elementor-column elementor-col-100 elementor-top-column elementor-element elementor-element-550f0ad\" data-id=\"550f0ad\" data-element_type=\"column\">\n\t\t\t<div class=\"elementor-widget-wrap elementor-element-populated\">\n\t\t\t\t\t\t\t<\/div>\n\t\t<\/div>\n\t\t\t\t\t<\/div>\n\t\t<\/section>\n\t\t\t\t<section class=\"elementor-section elementor-top-section elementor-element elementor-element-9ceff4d elementor-section-boxed elementor-section-height-default elementor-section-height-default\" data-id=\"9ceff4d\" data-element_type=\"section\">\n\t\t\t\t\t\t<div class=\"elementor-container elementor-column-gap-default\">\n\t\t\t\t\t<div class=\"elementor-column elementor-col-100 elementor-top-column elementor-element elementor-element-905b74e\" data-id=\"905b74e\" data-element_type=\"column\">\n\t\t\t<div class=\"elementor-widget-wrap elementor-element-populated\">\n\t\t\t\t\t\t<div class=\"elementor-element elementor-element-08619ed elementor-widget elementor-widget-accordion\" data-id=\"08619ed\" data-element_type=\"widget\" data-widget_type=\"accordion.default\">\n\t\t\t\t<div class=\"elementor-widget-container\">\n\t\t\t\t\t\t\t<div class=\"elementor-accordion\">\n\t\t\t\t\t\t\t<div class=\"elementor-accordion-item\">\n\t\t\t\t\t<div id=\"elementor-tab-title-8781\" class=\"elementor-tab-title\" data-tab=\"1\" role=\"button\" aria-controls=\"elementor-tab-content-8781\" aria-expanded=\"false\">\n\t\t\t\t\t\t\t\t\t\t\t\t\t<span class=\"elementor-accordion-icon elementor-accordion-icon-left\" aria-hidden=\"true\">\n\t\t\t\t\t\t\t\t\t\t\t\t\t\t\t<span class=\"elementor-accordion-icon-closed\"><i class=\"fas fa-plus\"><\/i><\/span>\n\t\t\t\t\t\t\t\t<span class=\"elementor-accordion-icon-opened\"><i class=\"fas fa-minus\"><\/i><\/span>\n\t\t\t\t\t\t\t\t\t\t\t\t\t\t<\/span>\n\t\t\t\t\t\t\t\t\t\t\t\t<a class=\"elementor-accordion-title\" tabindex=\"0\">UZMANLIK S\u00dcREC\u0130 FORMLARI<\/a>\n\t\t\t\t\t<\/div>\n\t\t\t\t\t<div id=\"elementor-tab-content-8781\" class=\"elementor-tab-content elementor-clearfix\" data-tab=\"1\" role=\"region\" aria-labelledby=\"elementor-tab-title-8781\"><p><strong><a href=\"https:\/\/birimler.atauni.edu.tr\/dis-hekimligi-fakultesi\/wp-content\/uploads\/sites\/57\/2025\/01\/TEZ-KONUSU-BILDIRIM-FORMU-EK-1.doc\">TEZ KONUSU B\u0130LD\u0130R\u0130M FORMU (EK-1)<\/a><\/strong><\/p><p><strong><a href=\"https:\/\/birimler.atauni.edu.tr\/dis-hekimligi-fakultesi\/wp-content\/uploads\/sites\/57\/2020\/07\/TEZ-ILERLEME-RAPORU.docx\">TEZ \u0130LERLEME\u00a0 RAPORU (EK-2)<\/a> <\/strong><\/p><p><strong><a href=\"https:\/\/birimler.atauni.edu.tr\/dis-hekimligi-fakultesi\/wp-content\/uploads\/sites\/57\/2020\/07\/TEZ-SAVUNMA-SONUC-TUTANAGI-VE-JURI-DEGERLENDIRME-FORMLARI-EK-3-EK-4.docx\">TEZ SAVUNMA SONU\u00c7 TUTANA\u011eI VE J\u00dcR\u0130 DE\u011eERLEND\u0130RME FORMLARI (EK-3), (EK-4)<\/a><\/strong><\/p><p><strong><a href=\"https:\/\/birimler.atauni.edu.tr\/dis-hekimligi-fakultesi\/wp-content\/uploads\/sites\/57\/2020\/07\/ROTASYON-DEGERLENDIRME-FORMU-EK-5.docx\">ROTASYON DE\u011eERLEND\u0130RME FORMU ( EK-5)<\/a><\/strong><\/p><p><strong><a href=\"https:\/\/birimler.atauni.edu.tr\/dis-hekimligi-fakultesi\/wp-content\/uploads\/sites\/57\/2020\/07\/UZMANLIK-EGITIMI-BITIRME-SINAV-TUTANAKLARI.doc\">UZMANLIK E\u011e\u0130T\u0130M\u0130 B\u0130T\u0130RME SINAV TUTANAKLARI<\/a><\/strong><\/p><p><strong><a href=\"https:\/\/birimler.atauni.edu.tr\/dis-hekimligi-fakultesi\/wp-content\/uploads\/sites\/57\/2020\/07\/EGITIMI-3-YIL-OLAN-1.docx\">DUS DERSLER\u0130 VE \u0130\u015eLEM PUAN ONAY KARNES\u0130(E\u011e\u0130T\u0130M\u0130 3 YIL OLAN)<\/a><\/strong><\/p><p><strong><a href=\"https:\/\/birimler.atauni.edu.tr\/dis-hekimligi-fakultesi\/wp-content\/uploads\/sites\/57\/2020\/07\/EGITIMI-4-YIL-OLAN.docx\">DUS DERSLER\u0130 VE \u0130\u015eLEM PUAN ONAY KARNES\u0130(E\u011e\u0130T\u0130M\u0130 4 YIL OLAN)<\/a><\/strong><\/p><\/div>\n\t\t\t\t<\/div>\n\t\t\t\t\t\t\t\t<\/div>\n\t\t\t\t\t\t<\/div>\n\t\t\t\t<\/div>\n\t\t\t\t\t<\/div>\n\t\t<\/div>\n\t\t\t\t\t<\/div>\n\t\t<\/section>\n\t\t\t\t<\/div>\n\t\t","protected":false},"excerpt":{"rendered":"<p>UZMANLIK S\u00dcREC\u0130 FORMLARI TEZ KONUSU B\u0130LD\u0130R\u0130M FORMU (EK-1) TEZ \u0130LERLEME\u00a0 RAPORU (EK-2) TEZ SAVUNMA SONU\u00c7 TUTANA\u011eI VE J\u00dcR\u0130 DE\u011eERLEND\u0130RME FORMLARI (EK-3), (EK-4) ROTASYON DE\u011eERLEND\u0130RME FORMU ( EK-5) UZMANLIK E\u011e\u0130T\u0130M\u0130 B\u0130T\u0130RME SINAV TUTANAKLARI DUS DERSLER\u0130 VE \u0130\u015eLEM PUAN ONAY KARNES\u0130(E\u011e\u0130T\u0130M\u0130 3 YIL OLAN) DUS DERSLER\u0130 VE \u0130\u015eLEM PUAN ONAY KARNES\u0130(E\u011e\u0130T\u0130M\u0130 4 YIL OLAN)<\/p>\n","protected":false},"author":46,"featured_media":0,"parent":0,"menu_order":0,"comment_status":"closed","ping_status":"closed","template":"","meta":{"footnotes":""},"class_list":["post-7298","page","type-page","status-publish","hentry"],"_links":{"self":[{"href":"https:\/\/atauni.edu.tr\/dis-hekimligi-fakultesi\/wp-json\/wp\/v2\/pages\/7298","targetHints":{"allow":["GET"]}}],"collection":[{"href":"https:\/\/atauni.edu.tr\/dis-hekimligi-fakultesi\/wp-json\/wp\/v2\/pages"}],"about":[{"href":"https:\/\/atauni.edu.tr\/dis-hekimligi-fakultesi\/wp-json\/wp\/v2\/types\/page"}],"author":[{"embeddable":true,"href":"https:\/\/atauni.edu.tr\/dis-hekimligi-fakultesi\/wp-json\/wp\/v2\/users\/46"}],"replies":[{"embeddable":true,"href":"https:\/\/atauni.edu.tr\/dis-hekimligi-fakultesi\/wp-json\/wp\/v2\/comments?post=7298"}],"version-history":[{"count":176,"href":"https:\/\/atauni.edu.tr\/dis-hekimligi-fakultesi\/wp-json\/wp\/v2\/pages\/7298\/revisions"}],"predecessor-version":[{"id":10011,"href":"https:\/\/atauni.edu.tr\/dis-hekimligi-fakultesi\/wp-json\/wp\/v2\/pages\/7298\/revisions\/10011"}],"wp:attachment":[{"href":"https:\/\/atauni.edu.tr\/dis-hekimligi-fakultesi\/wp-json\/wp\/v2\/media?parent=7298"}],"curies":[{"name":"wp","href":"https:\/\/api.w.org\/{rel}","templated":true}]}}