{"id":7500,"date":"2022-01-07T15:00:06","date_gmt":"2022-01-07T12:00:06","guid":{"rendered":"http:\/\/birimler.atauni.edu.tr\/dis-hekimligi-fakultesi\/?page_id=7500"},"modified":"2026-01-30T14:43:57","modified_gmt":"2026-01-30T11:43:57","slug":"etik-kurul","status":"publish","type":"page","link":"https:\/\/atauni.edu.tr\/dis-hekimligi-fakultesi\/etik-kurul\/","title":{"rendered":"Etik Kurul"},"content":{"rendered":"\t\t<div data-elementor-type=\"wp-page\" data-elementor-id=\"7500\" class=\"elementor elementor-7500\" data-elementor-post-type=\"page\">\n\t\t\t\t\t\t<section class=\"elementor-section elementor-top-section elementor-element elementor-element-6960b2b elementor-section-boxed elementor-section-height-default elementor-section-height-default\" data-id=\"6960b2b\" data-element_type=\"section\">\n\t\t\t\t\t\t<div class=\"elementor-container elementor-column-gap-default\">\n\t\t\t\t\t<div class=\"elementor-column elementor-col-100 elementor-top-column elementor-element elementor-element-c86e7f1\" data-id=\"c86e7f1\" data-element_type=\"column\">\n\t\t\t<div class=\"elementor-widget-wrap elementor-element-populated\">\n\t\t\t\t\t\t<div class=\"elementor-element elementor-element-ab30c2a elementor-widget elementor-widget-accordion\" data-id=\"ab30c2a\" data-element_type=\"widget\" data-widget_type=\"accordion.default\">\n\t\t\t\t<div class=\"elementor-widget-container\">\n\t\t\t\t\t\t\t<div class=\"elementor-accordion\">\n\t\t\t\t\t\t\t<div class=\"elementor-accordion-item\">\n\t\t\t\t\t<div id=\"elementor-tab-title-1791\" class=\"elementor-tab-title\" data-tab=\"1\" role=\"button\" aria-controls=\"elementor-tab-content-1791\" aria-expanded=\"false\">\n\t\t\t\t\t\t\t\t\t\t\t\t\t<span class=\"elementor-accordion-icon elementor-accordion-icon-left\" aria-hidden=\"true\">\n\t\t\t\t\t\t\t\t\t\t\t\t\t\t\t<span class=\"elementor-accordion-icon-closed\"><i class=\"fas fa-plus\"><\/i><\/span>\n\t\t\t\t\t\t\t\t<span class=\"elementor-accordion-icon-opened\"><i class=\"fas fa-minus\"><\/i><\/span>\n\t\t\t\t\t\t\t\t\t\t\t\t\t\t<\/span>\n\t\t\t\t\t\t\t\t\t\t\t\t<a class=\"elementor-accordion-title\" tabindex=\"0\">Etik Kurul \u00dcyeleri<\/a>\n\t\t\t\t\t<\/div>\n\t\t\t\t\t<div id=\"elementor-tab-content-1791\" class=\"elementor-tab-content elementor-clearfix\" data-tab=\"1\" role=\"region\" aria-labelledby=\"elementor-tab-title-1791\"><table width=\"548\"><tbody><tr><td colspan=\"2\" width=\"548\"><strong>ET\u0130K KURUL \u00dcYELER\u0130<\/strong><\/td><\/tr><tr><td width=\"313\">Prof.Dr. Ahmet Berhan YILMAZ<\/td><td width=\"235\">BA\u015eKAN<\/td><\/tr><tr><td width=\"313\">Prof.Dr. Song\u00fcl C\u00d6MERT KILI\u00c7<\/td><td width=\"235\">\u00dcYE<\/td><\/tr><tr><td width=\"313\">Prof.Dr. Sera DEREL\u0130O\u011eLU<\/td><td width=\"235\">\u00dcYE<\/td><\/tr><tr><td width=\"313\">Prof.Dr. Yusuf Ziya BAYINDIR<\/td><td width=\"235\">\u00dcYE<\/td><\/tr><tr><td width=\"313\">Prof.Dr. Binali \u00c7AKIR<\/td><td width=\"235\">\u00dcYE<\/td><\/tr><\/tbody><\/table><\/div>\n\t\t\t\t<\/div>\n\t\t\t\t\t\t\t<div class=\"elementor-accordion-item\">\n\t\t\t\t\t<div id=\"elementor-tab-title-1792\" class=\"elementor-tab-title\" data-tab=\"2\" role=\"button\" aria-controls=\"elementor-tab-content-1792\" aria-expanded=\"false\">\n\t\t\t\t\t\t\t\t\t\t\t\t\t<span class=\"elementor-accordion-icon elementor-accordion-icon-left\" aria-hidden=\"true\">\n\t\t\t\t\t\t\t\t\t\t\t\t\t\t\t<span class=\"elementor-accordion-icon-closed\"><i class=\"fas fa-plus\"><\/i><\/span>\n\t\t\t\t\t\t\t\t<span class=\"elementor-accordion-icon-opened\"><i class=\"fas fa-minus\"><\/i><\/span>\n\t\t\t\t\t\t\t\t\t\t\t\t\t\t<\/span>\n\t\t\t\t\t\t\t\t\t\t\t\t<a class=\"elementor-accordion-title\" tabindex=\"0\">Formlar<\/a>\n\t\t\t\t\t<\/div>\n\t\t\t\t\t<div id=\"elementor-tab-content-1792\" class=\"elementor-tab-content elementor-clearfix\" data-tab=\"2\" role=\"region\" aria-labelledby=\"elementor-tab-title-1792\"><p><a href=\"https:\/\/eski.atauni.edu.tr\/uploads\/disHekForm\/\">Ba\u015fvuru Formu<\/a><\/p><p><a href=\"https:\/\/birimler.atauni.edu.tr\/dis-hekimligi-fakultesi\/wp-content\/uploads\/sites\/57\/2020\/07\/Ataturk-Universitesi-Bilimsel-Arastirma-ve-Yayin-Etigi-Yonergesi.docx\">Atat\u00fcrk \u00dcniversitesi Bilimsel Ara\u015ft\u0131rma ve Yay\u0131n Eti\u011fi Y\u00f6nergesi<\/a><\/p><p><a href=\"https:\/\/birimler.atauni.edu.tr\/dis-hekimligi-fakultesi\/wp-content\/uploads\/sites\/57\/2020\/07\/Helsinki-Formu.docx\">Helsinki Formu<\/a><\/p><p><a href=\"https:\/\/birimler.atauni.edu.tr\/dis-hekimligi-fakultesi\/wp-content\/uploads\/sites\/57\/2020\/07\/Klinik-Uygulamalari-Klavuzu.docx\">Klinik Uygulamalar\u0131 Klavuzu<\/a><\/p><p><a href=\"https:\/\/birimler.atauni.edu.tr\/dis-hekimligi-fakultesi\/wp-content\/uploads\/sites\/57\/2020\/07\/Yuksek-Ogretim-Kurulu-Bilimsel-Arastirma-ve-Yayin-Etigi-Yonergesi.pdf\">Y\u00fcksek \u00d6\u011fretim Kurulu Bilimsel Ara\u015ft\u0131rma ve Yay\u0131n Eti\u011fi Y\u00f6nergesi<\/a><\/p><p><a href=\"http:\/\/birimler.atauni.edu.tr\/dis-hekimligi-fakultesi\/wp-content\/uploads\/sites\/57\/2020\/07\/BILGILENDIRILMIS-ONAM-FORMU.pdf\" target=\"_blank\" rel=\"noopener\">Bilgilendirilmi\u015f Onam Formu<\/a><\/p><\/div>\n\t\t\t\t<\/div>\n\t\t\t\t\t\t\t\t<\/div>\n\t\t\t\t\t\t<\/div>\n\t\t\t\t<\/div>\n\t\t\t\t\t<\/div>\n\t\t<\/div>\n\t\t\t\t\t<\/div>\n\t\t<\/section>\n\t\t\t\t<\/div>\n\t\t","protected":false},"excerpt":{"rendered":"<p>Etik Kurul \u00dcyeleri ET\u0130K KURUL \u00dcYELER\u0130 Prof.Dr. Ahmet Berhan YILMAZ BA\u015eKAN Prof.Dr. Song\u00fcl C\u00d6MERT KILI\u00c7 \u00dcYE Prof.Dr. Sera DEREL\u0130O\u011eLU \u00dcYE Prof.Dr. Yusuf Ziya BAYINDIR \u00dcYE Prof.Dr. Binali \u00c7AKIR \u00dcYE Formlar Ba\u015fvuru Formu Atat\u00fcrk \u00dcniversitesi Bilimsel Ara\u015ft\u0131rma ve Yay\u0131n Eti\u011fi Y\u00f6nergesi Helsinki Formu Klinik Uygulamalar\u0131 Klavuzu Y\u00fcksek \u00d6\u011fretim Kurulu Bilimsel Ara\u015ft\u0131rma ve Yay\u0131n Eti\u011fi Y\u00f6nergesi Bilgilendirilmi\u015f [&hellip;]<\/p>\n","protected":false},"author":46,"featured_media":0,"parent":0,"menu_order":0,"comment_status":"closed","ping_status":"closed","template":"","meta":{"footnotes":""},"class_list":["post-7500","page","type-page","status-publish","hentry"],"_links":{"self":[{"href":"https:\/\/atauni.edu.tr\/dis-hekimligi-fakultesi\/wp-json\/wp\/v2\/pages\/7500","targetHints":{"allow":["GET"]}}],"collection":[{"href":"https:\/\/atauni.edu.tr\/dis-hekimligi-fakultesi\/wp-json\/wp\/v2\/pages"}],"about":[{"href":"https:\/\/atauni.edu.tr\/dis-hekimligi-fakultesi\/wp-json\/wp\/v2\/types\/page"}],"author":[{"embeddable":true,"href":"https:\/\/atauni.edu.tr\/dis-hekimligi-fakultesi\/wp-json\/wp\/v2\/users\/46"}],"replies":[{"embeddable":true,"href":"https:\/\/atauni.edu.tr\/dis-hekimligi-fakultesi\/wp-json\/wp\/v2\/comments?post=7500"}],"version-history":[{"count":64,"href":"https:\/\/atauni.edu.tr\/dis-hekimligi-fakultesi\/wp-json\/wp\/v2\/pages\/7500\/revisions"}],"predecessor-version":[{"id":10655,"href":"https:\/\/atauni.edu.tr\/dis-hekimligi-fakultesi\/wp-json\/wp\/v2\/pages\/7500\/revisions\/10655"}],"wp:attachment":[{"href":"https:\/\/atauni.edu.tr\/dis-hekimligi-fakultesi\/wp-json\/wp\/v2\/media?parent=7500"}],"curies":[{"name":"wp","href":"https:\/\/api.w.org\/{rel}","templated":true}]}}