{"id":7535,"date":"2022-01-10T09:25:41","date_gmt":"2022-01-10T06:25:41","guid":{"rendered":"http:\/\/birimler.atauni.edu.tr\/dis-hekimligi-fakultesi\/?page_id=7535"},"modified":"2025-07-30T11:23:34","modified_gmt":"2025-07-30T08:23:34","slug":"fakulte-dergisi-2","status":"publish","type":"page","link":"https:\/\/atauni.edu.tr\/dis-hekimligi-fakultesi\/fakulte-dergisi-2\/","title":{"rendered":"Fak\u00fclte Dergisi"},"content":{"rendered":"\t\t<div data-elementor-type=\"wp-page\" data-elementor-id=\"7535\" class=\"elementor elementor-7535\" data-elementor-post-type=\"page\">\n\t\t\t\t\t\t<section class=\"elementor-section elementor-top-section elementor-element elementor-element-101e17e elementor-section-boxed elementor-section-height-default elementor-section-height-default\" data-id=\"101e17e\" data-element_type=\"section\">\n\t\t\t\t\t\t<div class=\"elementor-container elementor-column-gap-default\">\n\t\t\t\t\t<div class=\"elementor-column elementor-col-100 elementor-top-column elementor-element elementor-element-41662f8\" data-id=\"41662f8\" data-element_type=\"column\">\n\t\t\t<div class=\"elementor-widget-wrap elementor-element-populated\">\n\t\t\t\t\t\t<div class=\"elementor-element elementor-element-7a3aac5 elementor-widget elementor-widget-text-editor\" data-id=\"7a3aac5\" data-element_type=\"widget\" data-widget_type=\"text-editor.default\">\n\t\t\t\t<div class=\"elementor-widget-container\">\n\t\t\t\t\t\t\t\t\tYeni Ba\u015fvuru yap\u0131lacak makaleler \u0130ngilizce olarak 05\/01\/2022 tarihinden itibaren <a href=\"https:\/\/jdfau.manuscriptmanager.net\">https:\/\/jdfau.manuscriptmanager.net<\/a> adresinden yap\u0131lacakt\u0131r.\u00a0<a href=\"https:\/\/dergipark.org.tr\/tr\/\">https:\/\/dergipark.org.tr\/tr\/<\/a>\n\n05\/01\/2022 eski sistemde bulunan makaleler <a href=\"http:\/\/dfd.atauni.edu.tr\/\">http:\/\/dfd.atauni.edu.tr\/<\/a> adresinden takip edilecektir.\t\t\t\t\t\t\t\t<\/div>\n\t\t\t\t<\/div>\n\t\t\t\t\t<\/div>\n\t\t<\/div>\n\t\t\t\t\t<\/div>\n\t\t<\/section>\n\t\t\t\t<\/div>\n\t\t","protected":false},"excerpt":{"rendered":"<p>Yeni Ba\u015fvuru yap\u0131lacak makaleler \u0130ngilizce olarak 05\/01\/2022 tarihinden itibaren https:\/\/jdfau.manuscriptmanager.net adresinden yap\u0131lacakt\u0131r.\u00a0https:\/\/dergipark.org.tr\/tr\/ 05\/01\/2022 eski sistemde bulunan makaleler http:\/\/dfd.atauni.edu.tr\/ adresinden takip edilecektir.<\/p>\n","protected":false},"author":46,"featured_media":0,"parent":0,"menu_order":0,"comment_status":"closed","ping_status":"closed","template":"","meta":{"footnotes":""},"class_list":["post-7535","page","type-page","status-publish","hentry"],"_links":{"self":[{"href":"https:\/\/atauni.edu.tr\/dis-hekimligi-fakultesi\/wp-json\/wp\/v2\/pages\/7535","targetHints":{"allow":["GET"]}}],"collection":[{"href":"https:\/\/atauni.edu.tr\/dis-hekimligi-fakultesi\/wp-json\/wp\/v2\/pages"}],"about":[{"href":"https:\/\/atauni.edu.tr\/dis-hekimligi-fakultesi\/wp-json\/wp\/v2\/types\/page"}],"author":[{"embeddable":true,"href":"https:\/\/atauni.edu.tr\/dis-hekimligi-fakultesi\/wp-json\/wp\/v2\/users\/46"}],"replies":[{"embeddable":true,"href":"https:\/\/atauni.edu.tr\/dis-hekimligi-fakultesi\/wp-json\/wp\/v2\/comments?post=7535"}],"version-history":[{"count":22,"href":"https:\/\/atauni.edu.tr\/dis-hekimligi-fakultesi\/wp-json\/wp\/v2\/pages\/7535\/revisions"}],"predecessor-version":[{"id":10473,"href":"https:\/\/atauni.edu.tr\/dis-hekimligi-fakultesi\/wp-json\/wp\/v2\/pages\/7535\/revisions\/10473"}],"wp:attachment":[{"href":"https:\/\/atauni.edu.tr\/dis-hekimligi-fakultesi\/wp-json\/wp\/v2\/media?parent=7535"}],"curies":[{"name":"wp","href":"https:\/\/api.w.org\/{rel}","templated":true}]}}