{"id":8652,"date":"2022-10-20T16:29:39","date_gmt":"2022-10-20T13:29:39","guid":{"rendered":"http:\/\/birimler.atauni.edu.tr\/dis-hekimligi-fakultesi\/?page_id=8652"},"modified":"2025-10-31T15:55:41","modified_gmt":"2025-10-31T12:55:41","slug":"mufredat-programi","status":"publish","type":"page","link":"https:\/\/atauni.edu.tr\/dis-hekimligi-fakultesi\/mufredat-programi\/","title":{"rendered":"M\u00fcfredat Program\u0131"},"content":{"rendered":"\t\t<div data-elementor-type=\"wp-page\" data-elementor-id=\"8652\" class=\"elementor elementor-8652\" data-elementor-post-type=\"page\">\n\t\t\t\t\t\t<section class=\"elementor-section elementor-top-section elementor-element elementor-element-87f2ff1 elementor-section-boxed elementor-section-height-default elementor-section-height-default\" data-id=\"87f2ff1\" data-element_type=\"section\">\n\t\t\t\t\t\t<div class=\"elementor-container elementor-column-gap-default\">\n\t\t\t\t\t<div class=\"elementor-column elementor-col-100 elementor-top-column elementor-element elementor-element-1eede7d\" data-id=\"1eede7d\" data-element_type=\"column\">\n\t\t\t<div class=\"elementor-widget-wrap elementor-element-populated\">\n\t\t\t\t\t\t<div class=\"elementor-element elementor-element-c59693a elementor-widget elementor-widget-text-editor\" data-id=\"c59693a\" data-element_type=\"widget\" data-widget_type=\"text-editor.default\">\n\t\t\t\t<div class=\"elementor-widget-container\">\n\t\t\t\t\t\t\t\t\t<p>M\u00fcfredat Program\u0131 i\u00e7in <a href=\"http:\/\/birimler.atauni.edu.tr\/dis-hekimligi-fakultesi\/wp-content\/uploads\/sites\/57\/2025\/10\/DHF-Mufredat-Programi.pdf\">t\u0131klayn\u0131z.<\/a><\/p>\t\t\t\t\t\t\t\t<\/div>\n\t\t\t\t<\/div>\n\t\t\t\t\t<\/div>\n\t\t<\/div>\n\t\t\t\t\t<\/div>\n\t\t<\/section>\n\t\t\t\t<\/div>\n\t\t","protected":false},"excerpt":{"rendered":"<p>M\u00fcfredat Program\u0131 i\u00e7in t\u0131klayn\u0131z.<\/p>\n","protected":false},"author":46,"featured_media":0,"parent":0,"menu_order":0,"comment_status":"closed","ping_status":"closed","template":"","meta":{"footnotes":""},"class_list":["post-8652","page","type-page","status-publish","hentry"],"_links":{"self":[{"href":"https:\/\/atauni.edu.tr\/dis-hekimligi-fakultesi\/wp-json\/wp\/v2\/pages\/8652","targetHints":{"allow":["GET"]}}],"collection":[{"href":"https:\/\/atauni.edu.tr\/dis-hekimligi-fakultesi\/wp-json\/wp\/v2\/pages"}],"about":[{"href":"https:\/\/atauni.edu.tr\/dis-hekimligi-fakultesi\/wp-json\/wp\/v2\/types\/page"}],"author":[{"embeddable":true,"href":"https:\/\/atauni.edu.tr\/dis-hekimligi-fakultesi\/wp-json\/wp\/v2\/users\/46"}],"replies":[{"embeddable":true,"href":"https:\/\/atauni.edu.tr\/dis-hekimligi-fakultesi\/wp-json\/wp\/v2\/comments?post=8652"}],"version-history":[{"count":29,"href":"https:\/\/atauni.edu.tr\/dis-hekimligi-fakultesi\/wp-json\/wp\/v2\/pages\/8652\/revisions"}],"predecessor-version":[{"id":10571,"href":"https:\/\/atauni.edu.tr\/dis-hekimligi-fakultesi\/wp-json\/wp\/v2\/pages\/8652\/revisions\/10571"}],"wp:attachment":[{"href":"https:\/\/atauni.edu.tr\/dis-hekimligi-fakultesi\/wp-json\/wp\/v2\/media?parent=8652"}],"curies":[{"name":"wp","href":"https:\/\/api.w.org\/{rel}","templated":true}]}}