{"id":1502,"date":"2022-06-28T06:33:47","date_gmt":"2022-06-28T06:33:47","guid":{"rendered":"https:\/\/oia.atauni.edu.tr\/new\/?page_id=1502"},"modified":"2022-06-28T06:33:47","modified_gmt":"2022-06-28T06:33:47","slug":"esc-bilgi","status":"publish","type":"page","link":"https:\/\/atauni.edu.tr\/dis-iliskiler-ofisi\/esc-bilgi\/","title":{"rendered":"ESC Bilgi"},"content":{"rendered":"<div class=\"bd-row row-0 n-4 lv-1 first row clearfix\">\n<div class=\"items-wrapper columns-inside row\">\n<div class=\" builder-column col-lg-12 col-md-12 col-sm-12 twelve index-1 last first \">\n<div class=\" no-effect custom-settings settings-col has-custom alt-bg\">\n<div class=\"bd-row row-0 n-3 lv-2 first clearfix\">\n<div class=\"items-wrapper items-inside index-1 first\">\n<div class=\"item-inner stpb-heading\">\n<h3 class=\" align-center\">Avrupa Dayan\u0131\u015fma Program\u0131 (ESC) Nedir?<\/h3>\n<\/div>\n<div class=\"clear\"><\/div>\n<\/div>\n<\/div>\n<div class=\"bd-row row-1 n-3 lv-2 clearfix\">\n<div class=\"items-wrapper items-inside index-2\">\n<div class=\"item-inner stpb-heading\">\n<h5 class=\" align-center\"><em>European Solidarity Corps (ESC)<\/em><\/h5>\n<\/div>\n<\/div>\n<\/div>\n<div class=\"bd-row row-2 n-3 lv-2 last clearfix\">\n<div class=\"items-wrapper items-inside index-3 last\">\n<div class=\"item-inner stpb-text\">\n<div class=\"item-text-wrapper text-default no-effect\">\n<p>Avrupa Dayan\u0131\u015fma Program\u0131, gen\u00e7lerin kendi \u00fclkelerinde veya Avrupa\u2019daki insanlara fayda sa\u011flayan g\u00f6n\u00fcll\u00fc \u00e7al\u0131\u015fmalar\u0131na proje kapsam\u0131nda kat\u0131lmalar\u0131na olanak sa\u011flayan yeni Avrupa Birli\u011fi Giri\u015fimidir. 18-30 ya\u015f s\u0131n\u0131r\u0131 aras\u0131ndaki Gen\u00e7lerin ba\u015fvurabilece\u011fi bir programd\u0131r.<\/p>\n<p>Avrupa Dayan\u0131\u015fma Program\u0131na (European Solidarity Corps) ait G\u00f6n\u00fcll\u00fc veri taban\u0131n\u0131 olu\u015fturmak ve yeni ba\u015fvurular almak amac\u0131yla her gencin kay\u0131t olabilece\u011fi sistem mevcuttur. Bu sistem G\u00f6n\u00fcll\u00fcn\u00fcn Proje ara\u015ft\u0131rmas\u0131na olanak sa\u011flarken ayn\u0131 zamanda Proje i\u00e7in aranan g\u00f6n\u00fcll\u00fc se\u00e7iminde kolayl\u0131k sa\u011flamaktad\u0131r. Gen\u00e7ler belirli ara\u015ft\u0131rmalar ve se\u00e7tikleri konu kapsam\u0131nda kendilerini bir projeye dahil edebilmek i\u00e7in b\u00fcy\u00fck \u00e7aba g\u00f6stermektedirler. Proje ba\u015fvuru s\u00fcre\u00e7leri ; Program \u00fclkeleri\u201d veya \u201ckom\u015fu ortak \u00fclkeler\u201dde (uygun \u00fclkeler listesi) yer alan Kalite Sertifikas\u0131 veya G\u00f6n\u00fcll\u00fcl\u00fck akreditasyonu olan t\u00fcm kurulu\u015flar (STK, Kamu kurulu\u015fu veya sosyal sorumluluk alan\u0131nda aktif kar amac\u0131 g\u00fcden kurulu\u015flar) ortak olabilir ve ba\u015fvurabilir. Kat\u0131l\u0131mc\u0131 \u00fclkeler faaliyetlerin ba\u015flad\u0131\u011f\u0131 tarihten \u00f6nce ge\u00e7erli bir akreditasyona sahip olmal\u0131d\u0131r.<\/p>\n<p>Atat\u00fcrk \u00dcniversitesi, D\u0131\u015f \u0130li\u015fkiler Ofisi Koordinat\u00f6rl\u00fc\u011f\u00fc olarak 2008 tarihinden g\u00fcn\u00fcm\u00fcze kadar 61 (EVS) yeni ismi (ESC) G\u00f6n\u00fcll\u00fcl\u00fck Projesi T\u00fcrkiye Ulusal Ajans\u0131 taraf\u0131ndan desteklenmi\u015ftir. Projeleri Gen\u00e7lik birimi yazmak ile birlikte proje konular\u0131n\u0131 da geli\u015ftirmektedir. Bunun sayesinde desteklenen projeler kapsam\u0131nda \u00f6\u011frencilerimiz kolay bir ba\u015fvuru sonucunda se\u00e7imlere d\u00e2hil olmaktad\u0131r.<\/p>\n<p>Avrupa Dayan\u0131\u015fma Program\u0131na kat\u0131lan gen\u00e7ler, daha ho\u015fg\u00f6r\u00fcl\u00fc bir toplum in\u015fa etmek, savunmas\u0131z insanlar\u0131 desteklemek ve toplumsal zorluklara yan\u0131t vermek i\u00e7in bir araya getirilmektedir. Yard\u0131m etmek, \u00f6\u011frenmek ve geli\u015ftirmek isteyen gen\u00e7ler i\u00e7in ESC ilham verici ve g\u00fc\u00e7lendirici bir deneyim sunmaktad\u0131r. \u0130nsan onuruna ve insan haklar\u0131na sayg\u0131l\u0131 ayn\u0131 zamanda de\u011ferlerinin fark\u0131nda olan \u00e7o\u011fulculuk, ayr\u0131mc\u0131l\u0131k yapmama, ho\u015fg\u00f6r\u00fc, adalet, dayan\u0131\u015fma ve e\u015fitli\u011fin h\u00fck\u00fcm s\u00fcrd\u00fc\u011f\u00fc adil ve e\u015fit bir toplumun tan\u0131t\u0131m\u0131na inanan gen\u00e7 nesiller yeti\u015ftirmek ama\u00e7lanmaktad\u0131r.<\/p>\n<p>Avrupa Dayan\u0131\u015fma Program\u0131 k\u00fclt\u00fcrlerine ve geleneklerine sayg\u0131 g\u00f6steren gen\u00e7lerin insanlar aras\u0131ndaki dayan\u0131\u015fmay\u0131 art\u0131rmak i\u00e7in \u00e7aba sarf etmelerini ve ortak sorumluluklar ve kar\u015f\u0131l\u0131kl\u0131 destek toplulu\u011fu olu\u015fturmalar\u0131n\u0131 hedeflemektedir.<\/p>\n<p>Programa kat\u0131lan Gen\u00e7ler Avrupa Dayan\u0131\u015fma Program\u0131 taraf\u0131ndan haz\u0131rlanan uluslararas\u0131 sertifika almaya hak kazanmaktad\u0131r.<\/p>\n<hr \/>\n<\/div>\n<\/div>\n<\/div>\n<\/div>\n<\/div>\n<\/div>\n<\/div>\n<\/div>\n<div class=\"bd-row row-1 n-4 lv-1 row clearfix\">\n<div class=\"items-wrapper items-inside index-2 row\">\n<div class=\"builder-item col-lg-12 col-md-12 col-sm-12 twelve index-1 last first \">\n<div class=\"item-inner stpb-heading\">\n<h3 class=\" align-center\">Avrupa Dayan\u0131\u015fma Program\u0131na Kat\u0131lman\u0131n Faydalar\u0131 Nelerdir?<\/h3>\n<\/div>\n<\/div>\n<\/div>\n<\/div>\n<div class=\"bd-row row-2 n-4 lv-1 row clearfix\">\n<div class=\"items-wrapper items-inside index-3 row\">\n<div class=\"builder-item col-lg-12 col-md-12 col-sm-12 twelve index-1 last first \">\n<div class=\"item-inner stpb-text\">\n<div class=\"item-text-wrapper text-default no-effect\">\n<p>Bir Avrupa Dayan\u0131\u015fma Program\u0131 ESC projesine kat\u0131lmak, herhangi bir gen\u00e7 i\u00e7in \u00f6nemli bir ba\u015far\u0131 olmaktad\u0131r. Kariyer planlamalar\u0131nda \u00f6nemli bir referans olmaktad\u0131r. \u0130\u015f ba\u015fvurusu yaparken veya daha fazla bilgi edinmek i\u00e7in kullan\u0131lmaktad\u0131r.<\/p>\n<p>Gelecekteki kariyer beklentileri i\u00e7in faydal\u0131 olman\u0131n yan\u0131 s\u0131ra, Avrupa Dayan\u0131\u015fma Program\u0131, \u00fcstlenilen projenin t\u00fcr\u00fcne ba\u011fl\u0131 olarak de\u011fi\u015fen farkl\u0131 avantajlar sa\u011flamaktad\u0131r.<\/p>\n<p>G\u00f6n\u00fcll\u00fc\/Kat\u0131l\u0131mc\u0131 bir \u00fccret kar\u015f\u0131l\u0131\u011f\u0131 \u00e7al\u0131\u015fmamaktad\u0131r. Ancak faaliyet s\u00fcresi boyunca seyahat, yeme-i\u00e7me, konaklama ve sigorta deste\u011fi sa\u011flanacakt\u0131r.<\/p>\n<p><strong>Avrupa Dayan\u0131\u015fma Kolordusu hakk\u0131nda daha fazla bilgi:<\/strong><br \/>\n*\u00a0<a href=\"https:\/\/www.ua.gov.tr\/\">https:\/\/www.ua.gov.tr\/<\/a><br \/>\n*\u00a0<a href=\"https:\/\/europa.eu\/youth\/solidarity_tr\">https:\/\/europa.eu\/youth\/solidarity_tr<\/a><\/p>\n<p>&gt; Kurumsal olarak d\u00fczenlenen program maddeleri online ba\u015fvuru sisteminde yer almaktad\u0131r.<\/p>\n<\/div>\n<\/div>\n<\/div>\n<\/div>\n<\/div>\n","protected":false},"excerpt":{"rendered":"<p>Avrupa Dayan\u0131\u015fma Program\u0131 (ESC) Nedir? European Solidarity Corps (ESC) Avrupa Dayan\u0131\u015fma Program\u0131, gen\u00e7lerin kendi \u00fclkelerinde veya Avrupa\u2019daki insanlara fayda sa\u011flayan g\u00f6n\u00fcll\u00fc \u00e7al\u0131\u015fmalar\u0131na proje kapsam\u0131nda kat\u0131lmalar\u0131na olanak sa\u011flayan yeni Avrupa Birli\u011fi Giri\u015fimidir. 18-30 ya\u015f s\u0131n\u0131r\u0131 aras\u0131ndaki Gen\u00e7lerin ba\u015fvurabilece\u011fi bir programd\u0131r. Avrupa Dayan\u0131\u015fma Program\u0131na (European Solidarity Corps) ait G\u00f6n\u00fcll\u00fc veri taban\u0131n\u0131 olu\u015fturmak ve yeni ba\u015fvurular almak amac\u0131yla [&hellip;]<\/p>\n","protected":false},"author":658,"featured_media":0,"parent":0,"menu_order":0,"comment_status":"closed","ping_status":"closed","template":"","meta":{"footnotes":""},"class_list":["post-1502","page","type-page","status-publish","hentry"],"_links":{"self":[{"href":"https:\/\/atauni.edu.tr\/dis-iliskiler-ofisi\/wp-json\/wp\/v2\/pages\/1502","targetHints":{"allow":["GET"]}}],"collection":[{"href":"https:\/\/atauni.edu.tr\/dis-iliskiler-ofisi\/wp-json\/wp\/v2\/pages"}],"about":[{"href":"https:\/\/atauni.edu.tr\/dis-iliskiler-ofisi\/wp-json\/wp\/v2\/types\/page"}],"author":[{"embeddable":true,"href":"https:\/\/atauni.edu.tr\/dis-iliskiler-ofisi\/wp-json\/wp\/v2\/users\/658"}],"replies":[{"embeddable":true,"href":"https:\/\/atauni.edu.tr\/dis-iliskiler-ofisi\/wp-json\/wp\/v2\/comments?post=1502"}],"version-history":[{"count":0,"href":"https:\/\/atauni.edu.tr\/dis-iliskiler-ofisi\/wp-json\/wp\/v2\/pages\/1502\/revisions"}],"wp:attachment":[{"href":"https:\/\/atauni.edu.tr\/dis-iliskiler-ofisi\/wp-json\/wp\/v2\/media?parent=1502"}],"curies":[{"name":"wp","href":"https:\/\/api.w.org\/{rel}","templated":true}]}}