{"id":1504,"date":"2022-06-28T06:34:28","date_gmt":"2022-06-28T06:34:28","guid":{"rendered":"https:\/\/oia.atauni.edu.tr\/new\/?page_id=1504"},"modified":"2022-06-28T06:34:28","modified_gmt":"2022-06-28T06:34:28","slug":"pax-bilgi","status":"publish","type":"page","link":"https:\/\/atauni.edu.tr\/dis-iliskiler-ofisi\/pax-bilgi\/","title":{"rendered":"PAX Bilgi"},"content":{"rendered":"<div class=\"bd-row row-0 n-2 lv-2 first clearfix\">\n<div class=\"items-wrapper  items-inside index-1 first\">\n<div class=\"item-inner stpb-heading\">\n<h5 class=\" align-center\" style=\"text-align: center\">PAX Nedir?<\/h5>\n<\/div>\n<\/div>\n<\/div>\n<div class=\"bd-row row-1 n-2 lv-2 last clearfix\">\n<div class=\"items-wrapper  items-inside index-2 last\">\n<div class=\"item-inner stpb-text\">\n<div class=\"item-text-wrapper text-default no-effect\">\n<p>PAX olarak da bilinen Tayvan Ulusal Chung Hsing \u00dcniversitesi Akademik De\u011fi\u015fim Program\u0131 \u00fcniversitemizin i\u015fbirli\u011fi i\u00e7erisinde oldu\u011fu uluslararas\u0131 akademik ve k\u00fclt\u00fcrel bir de\u011fi\u015fim program\u0131d\u0131r. \u00dcniversitemizden her y\u0131l 2 \u2013 4 \u00f6\u011frenci bir veya iki d\u00f6nemli\u011fine g\u00f6nderilmektedir. \u00d6\u011frenciler, seyahat, yurt ve di\u011fer t\u00fcm masraflar\u0131n\u0131 kendileri kar\u015f\u0131lamaktad\u0131rlar. Tayvan Ulusal Chung Hsing \u00dcniversitesi bu program kapsam\u0131ndaki \u00f6\u011frencilere 3000-6000 Tayvan Dolar\u0131 aras\u0131nda de\u011fi\u015fen miktarlarda burs vermektedir. Ziraat, M\u00fchendislik, Veterinerlik, \u0130ktisadi ve \u0130dari Bilimler, Fen ve Hukuk Fak\u00fcltelerinin ilgili b\u00f6l\u00fcmlerinde okuyan lisans, y\u00fcksek lisans ve doktora \u00f6\u011frencileri ba\u015fvurabilmektedir. \u00d6\u011frenciler kendi alanlar\u0131yla ilgili \u0130ngilizce dersler almakta ve \u00c7ince \u00f6\u011frenmektedirler. Bu e\u011fitimden sonra Tayvan\u2019da kal\u0131p y\u00fcksek lisans ve doktora yapan \u00f6\u011frencilerimiz de olmu\u015ftur.<\/p>\n<\/div>\n<\/div>\n<\/div>\n<\/div>\n","protected":false},"excerpt":{"rendered":"<p>PAX Nedir? PAX olarak da bilinen Tayvan Ulusal Chung Hsing \u00dcniversitesi Akademik De\u011fi\u015fim Program\u0131 \u00fcniversitemizin i\u015fbirli\u011fi i\u00e7erisinde oldu\u011fu uluslararas\u0131 akademik ve k\u00fclt\u00fcrel bir de\u011fi\u015fim program\u0131d\u0131r. \u00dcniversitemizden her y\u0131l 2 \u2013 4 \u00f6\u011frenci bir veya iki d\u00f6nemli\u011fine g\u00f6nderilmektedir. \u00d6\u011frenciler, seyahat, yurt ve di\u011fer t\u00fcm masraflar\u0131n\u0131 kendileri kar\u015f\u0131lamaktad\u0131rlar. Tayvan Ulusal Chung Hsing \u00dcniversitesi bu program kapsam\u0131ndaki \u00f6\u011frencilere [&hellip;]<\/p>\n","protected":false},"author":658,"featured_media":0,"parent":0,"menu_order":0,"comment_status":"closed","ping_status":"closed","template":"","meta":{"footnotes":""},"class_list":["post-1504","page","type-page","status-publish","hentry"],"_links":{"self":[{"href":"https:\/\/atauni.edu.tr\/dis-iliskiler-ofisi\/wp-json\/wp\/v2\/pages\/1504","targetHints":{"allow":["GET"]}}],"collection":[{"href":"https:\/\/atauni.edu.tr\/dis-iliskiler-ofisi\/wp-json\/wp\/v2\/pages"}],"about":[{"href":"https:\/\/atauni.edu.tr\/dis-iliskiler-ofisi\/wp-json\/wp\/v2\/types\/page"}],"author":[{"embeddable":true,"href":"https:\/\/atauni.edu.tr\/dis-iliskiler-ofisi\/wp-json\/wp\/v2\/users\/658"}],"replies":[{"embeddable":true,"href":"https:\/\/atauni.edu.tr\/dis-iliskiler-ofisi\/wp-json\/wp\/v2\/comments?post=1504"}],"version-history":[{"count":0,"href":"https:\/\/atauni.edu.tr\/dis-iliskiler-ofisi\/wp-json\/wp\/v2\/pages\/1504\/revisions"}],"wp:attachment":[{"href":"https:\/\/atauni.edu.tr\/dis-iliskiler-ofisi\/wp-json\/wp\/v2\/media?parent=1504"}],"curies":[{"name":"wp","href":"https:\/\/api.w.org\/{rel}","templated":true}]}}