{"id":1506,"date":"2022-06-28T06:35:21","date_gmt":"2022-06-28T06:35:21","guid":{"rendered":"https:\/\/oia.atauni.edu.tr\/new\/?page_id=1506"},"modified":"2026-03-18T15:41:03","modified_gmt":"2026-03-18T12:41:03","slug":"orhun-bilgi","status":"publish","type":"page","link":"https:\/\/atauni.edu.tr\/dis-iliskiler-ofisi\/orhun-bilgi\/","title":{"rendered":"Orhun Bilgi"},"content":{"rendered":"\t\t<div data-elementor-type=\"wp-page\" data-elementor-id=\"1506\" class=\"elementor elementor-1506\" data-elementor-post-type=\"page\">\n\t\t\t\t\t\t<section class=\"elementor-section elementor-top-section elementor-element elementor-element-5e4f188e elementor-section-boxed elementor-section-height-default elementor-section-height-default\" data-id=\"5e4f188e\" data-element_type=\"section\">\n\t\t\t\t\t\t<div class=\"elementor-container elementor-column-gap-default\">\n\t\t\t\t\t<div class=\"elementor-column elementor-col-100 elementor-top-column elementor-element elementor-element-ef0ff7b\" data-id=\"ef0ff7b\" data-element_type=\"column\">\n\t\t\t<div class=\"elementor-widget-wrap elementor-element-populated\">\n\t\t\t\t\t\t<div class=\"elementor-element elementor-element-9efc18e elementor-tabs-view-vertical elementor-widget elementor-widget-tabs\" data-id=\"9efc18e\" data-element_type=\"widget\" data-widget_type=\"tabs.default\">\n\t\t\t\t<div class=\"elementor-widget-container\">\n\t\t\t\t\t\t\t<div class=\"elementor-tabs\">\n\t\t\t<div class=\"elementor-tabs-wrapper\" role=\"tablist\" >\n\t\t\t\t\t\t\t\t\t<div id=\"elementor-tab-title-1661\" class=\"elementor-tab-title elementor-tab-desktop-title\" aria-selected=\"true\" data-tab=\"1\" role=\"tab\" tabindex=\"0\" aria-controls=\"elementor-tab-content-1661\" aria-expanded=\"false\">Orhun De\u011fi\u015fim Program\u0131<\/div>\n\t\t\t\t\t\t\t\t\t<div id=\"elementor-tab-title-1662\" class=\"elementor-tab-title elementor-tab-desktop-title\" aria-selected=\"false\" data-tab=\"2\" role=\"tab\" tabindex=\"-1\" aria-controls=\"elementor-tab-content-1662\" aria-expanded=\"false\">Gelen \u00d6\u011frenci \/ \u00d6\u011fretim eleman\u0131 Rehberi ve Belgeler<\/div>\n\t\t\t\t\t\t\t\t\t<div id=\"elementor-tab-title-1663\" class=\"elementor-tab-title elementor-tab-desktop-title\" aria-selected=\"false\" data-tab=\"3\" role=\"tab\" tabindex=\"-1\" aria-controls=\"elementor-tab-content-1663\" aria-expanded=\"false\">Giden \u00d6\u011frenci \/ \u00d6\u011fretim eleman\u0131 Rehberi ve Belgeler<\/div>\n\t\t\t\t\t\t\t\t\t<div id=\"elementor-tab-title-1664\" class=\"elementor-tab-title elementor-tab-desktop-title\" aria-selected=\"false\" data-tab=\"4\" role=\"tab\" tabindex=\"-1\" aria-controls=\"elementor-tab-content-1664\" aria-expanded=\"false\">Ba\u015fvuru ve Gerekli Belgeler<\/div>\n\t\t\t\t\t\t\t<\/div>\n\t\t\t<div class=\"elementor-tabs-content-wrapper\" role=\"tablist\" aria-orientation=\"vertical\">\n\t\t\t\t\t\t\t\t\t<div class=\"elementor-tab-title elementor-tab-mobile-title\" aria-selected=\"true\" data-tab=\"1\" role=\"tab\" tabindex=\"0\" aria-controls=\"elementor-tab-content-1661\" aria-expanded=\"false\">Orhun De\u011fi\u015fim Program\u0131<\/div>\n\t\t\t\t\t<div id=\"elementor-tab-content-1661\" class=\"elementor-tab-content elementor-clearfix\" data-tab=\"1\" role=\"tabpanel\" aria-labelledby=\"elementor-tab-title-1661\" tabindex=\"0\" hidden=\"false\"><p>ORHUN De\u011fi\u015fim Program\u0131, T\u00fcrk Devletleri T\u00fcrk \u00dcniversiteler Birli\u011fi \u00fcyesi \u00dcniversiteler aras\u0131nda \u00f6\u011frenci ve \u00f6\u011fretim eleman\u0131 de\u011fi\u015fimini kolayla\u015ft\u0131rmay\u0131 ama\u00e7layan bir programd\u0131r (<a href=\"https:\/\/www.turkunib.org\/en\" target=\"_blank\" rel=\"noopener\">www.turkunib.org<\/a>).<\/p><p><b>ORHUN De\u011fi\u015fim Program\u0131&#8217;ndan kimler yararlanabilir?<\/b><\/p><p>ORHUN De\u011fi\u015fim Program\u0131 Y\u00f6netmeli\u011fine g\u00f6re, \u00fcye \u00fcniversitelerin tam zamanl\u0131 \u00f6\u011frencileri, TurkUnib \u00fcyesi y\u00fcksek\u00f6\u011fretim kurumunda \u00f6rg\u00fcn \u00f6\u011fretim program\u0131na kay\u0131tl\u0131 olmalar\u0131 halinde, ilgili y\u00fcksek\u00f6\u011fretim kurumunun ikili ORHUN De\u011fi\u015fim Program\u0131 imzalamas\u0131 \u015fart\u0131yla Programdan yararlanabilirler.<\/p><p><b>ORHUN De\u011fi\u015fim Program\u0131 Ba\u015fvuru Ko\u015fullar\u0131 Nelerdir?<\/b><\/p><p>ORHUN De\u011fi\u015fim Program\u0131na ba\u015fvurabilmek i\u00e7in \u00f6\u011frencinin lisans, y\u00fcksek lisans veya doktora yap\u0131yor olmas\u0131 gerekir. Kat\u0131lmaya hak kazanabilmek i\u00e7in \u00f6nlisans ve lisans \u00f6\u011frencilerinin Genel Not Ortalamas\u0131n\u0131n (GPA) 4 \u00fczerinden en az 2,5 olmas\u0131 gerekir. Lisans\u00fcst\u00fc \u00f6\u011frencilerin Genel Not Ortalamas\u0131n\u0131n %50 dil puan\u0131 ve %50 genel not ortalamas\u0131 olmak \u00fczere d\u00f6rt \u00fczerinden en az 3.00 olmas\u0131 gerekir. \u00d6nlisans veya lisans d\u00fczeyinde 1. s\u0131n\u0131fta okuyan \u00f6\u011frenciler ile lisans\u00fcst\u00fc haz\u0131rl\u0131k s\u0131n\u0131flar\u0131 ve bilimsel haz\u0131rl\u0131k programlar\u0131nda yer alan \u00f6\u011frenciler ilk yar\u0131y\u0131lda bu programa kat\u0131lamazlar.<\/p><p><b>\u015eartlar\u0131 sa\u011flayan bir \u00f6\u011frenci ORHUN De\u011fi\u015fim Program\u0131na nas\u0131l ba\u015fvurmal\u0131d\u0131r?<\/b><\/p><p>Ba\u015fvurular, \u00f6\u011frencinin bulundu\u011fu \u00fcniversitenin ORHUN De\u011fi\u015fim Program\u0131ndan sorumlu birimine gerekli formlar\u0131 do\u011fru bir \u015fekilde doldurarak yap\u0131lmal\u0131d\u0131r.<\/p><p><b>ORHUN De\u011fi\u015fim Program\u0131na kat\u0131l\u0131m i\u00e7in hangi zaman s\u0131n\u0131rlamalar\u0131 vard\u0131r?<\/b><\/p><p>\u00d6\u011frenciler yurt d\u0131\u015f\u0131nda en az bir, en fazla iki yar\u0131y\u0131l \u00f6\u011frenim g\u00f6rebilirler. D\u00f6nemlerinin s\u00fcresi, ilgili \u00fclkelerin e\u011fitim sistemlerindeki farkl\u0131l\u0131klar dikkate al\u0131narak farkl\u0131 olabilir, de\u011fi\u015fim bir d\u00f6nem olabilir. ORHUN De\u011fi\u015fim Program\u0131na akademik personel de kat\u0131labilir. \u00d6\u011fretim eleman\u0131 hareketlilik s\u00fcreleri ayn\u0131 e\u011fitim-\u00f6\u011fretim y\u0131l\u0131nda bir defaya mahsus olmak \u00fczere en az iki hafta , en fazla \u00fc\u00e7 ay olabilir.<\/p><p><b>\u00d6\u011frenciler ORHUN De\u011fi\u015fim Program\u0131na kat\u0131ld\u0131klar\u0131nda herhangi bir \u00f6\u011frenim \u00fccreti \u00f6demek zorunda m\u0131d\u0131r?<\/b><\/p><p>\u00d6\u011frenciler, program s\u00fcresince ev sahibi kuruma herhangi bir \u00f6\u011frenim \u00fccreti \u00f6demezler ancak zorunlu \u00f6\u011frenim \u00fccretlerini kendi kurumlar\u0131na \u00f6demeye devam ederler. De\u011fi\u015fim program\u0131 kapsam\u0131nda ev sahibi kuruma ayr\u0131ca herhangi bir \u00fccret \u00f6demezler.<\/p><p><strong>ORHUN \u0130\u00e7in Tercih Yap\u0131labilecek \u00dcniversiteler<\/strong><\/p><p>ORHUN De\u011fi\u015fim Program\u0131 kapsam\u0131nda tercih edilebilecek \u00fcniversitelerin g\u00fcncel listesine ve detayl\u0131 bilgiler i\u00e7in\u00a0<a style=\"font-size: 1rem;letter-spacing: 0px\" href=\"https:\/\/atauni.edu.tr\/dis-iliskiler-ofisi\/wp-content\/uploads\/sites\/810\/2026\/03\/orhun_universiteler.xls\" target=\"_blank\" rel=\"noopener\">t\u0131klay\u0131n\u0131z.<\/a><\/p><p><b>Ba\u015fvuru \u0130\u00e7in: <\/b><u>orhun@atauni.edu.tr<\/u><\/p><\/div>\n\t\t\t\t\t\t\t\t\t<div class=\"elementor-tab-title elementor-tab-mobile-title\" aria-selected=\"false\" data-tab=\"2\" role=\"tab\" tabindex=\"-1\" aria-controls=\"elementor-tab-content-1662\" aria-expanded=\"false\">Gelen \u00d6\u011frenci \/ \u00d6\u011fretim eleman\u0131 Rehberi ve Belgeler<\/div>\n\t\t\t\t\t<div id=\"elementor-tab-content-1662\" class=\"elementor-tab-content elementor-clearfix\" data-tab=\"2\" role=\"tabpanel\" aria-labelledby=\"elementor-tab-title-1662\" tabindex=\"0\" hidden=\"hidden\"><p>ORHUN De\u011fi\u015fim Program\u0131 kapsam\u0131nda \u00fcniversitemize gelecek \u00f6\u011frenciler ve \u00f6\u011fretim elemanlar\u0131n\u0131n hareketlilik s\u00fcrecini sorunsuz tamamlamalar\u0131 i\u00e7in a\u015fa\u011f\u0131daki ad\u0131mlar ve belgeler takip edilmelidir, akademik takvim ve konaklama gibi bilgiler Atat\u00fcrk \u00dcniversitesi D\u0131\u015f \u0130li\u015fkiler birimi web sitesinde mevcuttur.<\/p><p><b>Ba\u015fvuru \u00d6ncesi<\/b><\/p><p>Ba\u015fvuru formu eksiksiz doldurulmal\u0131 ve ilgili birime g\u00f6nderilmelidir.<\/p><p>Pasaport fotokopisi temin edilmelidir.<\/p><p>G\u00fcncel transkript (\u00d6\u011frenciler i\u00e7in) ve akademik \u00f6zge\u00e7mi\u015f (\u00d6\u011fretim Elemanlar\u0131 i\u00e7in) haz\u0131rlanmal\u0131d\u0131r.<\/p><p><b>Kabul S\u00fcreci<\/b><\/p><p>Kat\u0131l\u0131mc\u0131lara resmi kabul mektubu g\u00f6nderilecektir.<\/p><p>Kabul sonras\u0131, \u00fcniversiteye kay\u0131t i\u015flemleri i\u00e7in gerekli y\u00f6nlendirmeler D\u0131\u015f \u0130li\u015fkiler Birimi taraf\u0131ndan yap\u0131l\u0131r.<\/p><p>Ders kay\u0131tlar\u0131 ve akademik dan\u0131\u015fman atanmas\u0131 i\u015flemleri tamamlanmal\u0131d\u0131r.<\/p><p><b>Hareketlilik S\u0131ras\u0131nda<\/b><\/p><p>Konaklama ve ya\u015fam d\u00fczenlemeleri hakk\u0131nda D\u0131\u015f \u0130li\u015fkiler Birimi rehberlik sa\u011flar.<\/p><p>\u00dcniversite ve kamp\u00fcs olanaklar\u0131 hakk\u0131nda bilgilendirme yap\u0131l\u0131r.<\/p><p>Akademik ve idari dan\u0131\u015fmanl\u0131k hizmeti sunulur.<\/p><p><b>Hareketlilik Sonras\u0131<\/b><\/p><p>Kat\u0131l\u0131mc\u0131lar, ders ve faaliyet raporlar\u0131n\u0131 ilgili birimlere sunmal\u0131d\u0131r.<\/p><p>Sertifika veya kat\u0131l\u0131m belgeleri teslim edilir.<\/p><p>Her t\u00fcrl\u00fc idari i\u015flem eksiksiz tamamlanmal\u0131d\u0131r.<\/p><p><b>Kabul ve Kay\u0131t S\u00fcreci<\/b><\/p><p><b>\u00d6\u011frenim Protokol\u00fc (Study Pr<\/b>otocol) imzaland\u0131ktan sonra \u00fcniversitemiz taraf\u0131ndan \u00f6\u011frenciye imzal\u0131 ve m\u00fch\u00fcrl\u00fc bir \u00d6\u011frenci Kabul Belgesi (Student Admission Document) g\u00f6nderilir.<\/p><p>Kabul belgesi alan \u00f6\u011frenciler, \u00fcniversitemizdeki kay\u0131tlar\u0131n\u0131 belirten s\u00fcreler i\u00e7erisinde g\u00fcncellemekle y\u00fck\u00fcml\u00fcd\u00fcr.<\/p><p><b>E\u011fitim S\u00fcreci ve Dersler<\/b><\/p><p>\u00d6\u011frenci, \u00d6\u011fenim Protokol\u00fcnde belirtilen dersleri ve kredileri takip etmek zorundad\u0131r.<\/p><p>Ders de\u011fi\u015fiklikleri, akademik d\u00f6nemin ba\u015flang\u0131c\u0131n\u0131 takip eden 30 g\u00fcn i\u00e7inde yap\u0131lmal\u0131 ve onaylanmal\u0131d\u0131r.<\/p><p>De\u011fi\u015fim s\u00fcresince \u00f6\u011frenciler, \u00fcniversitemizin (ev sahibi kurum) disiplin kurallar\u0131na uymakla y\u00fck\u00fcml\u00fcd\u00fcr.<\/p><p><b>Mali Hususlar ve Konaklama<\/b><\/p><p>Gelen \u00f6\u011frenciler, \u00fcniversitemize (ev sahibi kurum) herhangi bir \u00f6\u011frenim \u00fccreti \u00f6demezler.<\/p><p>Pilot uygulama esaslar\u0131na g\u00f6re; \u00f6\u011frencilerin ia\u015fe (yeme-i\u00e7me) ve konaklama imkanlar\u0131 \u00fcniversitemiz taraf\u0131ndan sa\u011flan\u0131r.<\/p><p><b>De\u011fi\u015fim Sonu \u0130\u015flemleri<\/b><\/p><p>De\u011fi\u015fim s\u00fcresi sonunda \u00f6\u011frenciye ald\u0131\u011f\u0131 notlar\u0131 ve kredileri g\u00f6steren Transkript ve e\u011fitim tarihlerini belirten Kat\u0131l\u0131m Belgesi verilir.<\/p><p>\u00d6\u011frenci, de\u011fi\u015fim sonunda kendi \u00fcniversitesine Nihai Rapor (Final Report) sunmak zorundad\u0131r.<\/p><p><b>Hareketlilik Kapsam\u0131<\/b><\/p><p>\u00d6\u011fretim eleman\u0131 hareketlili\u011fi akademik takvim i\u00e7inde en az iki hafta, en fazla 3 ay s\u00fcreyle ger\u00e7ekle\u015febilir.<\/p><p>Hareketlilik kapsam\u0131nda haftal\u0131k ders saati ve akademik faaliyet toplam\u0131 en az 6 saat olmal\u0131d\u0131r. Sadece ders verme de\u011fil, seminer, panel veya konferans gibi etkinliklerde bu kapsama dahildir.<\/p><p>Ders verme faaliyeti i\u00e7ermeyen planlar de\u011fi\u015fim kapsam\u0131nda kabul edilmez.<\/p><p><b>Mali Hususlar<\/b><\/p><p>\u00dcniversitemiz (ev sahibi kurum), gelen \u00f6\u011fretim eleman\u0131n\u0131n konaklama ve ia\u015fe (yeme-i\u00e7me) masraflar\u0131n\u0131 kar\u015f\u0131lar.<\/p><p>Yol masraflar\u0131 ve g\u00fcnl\u00fck yevmiyeler \u00f6\u011fretim eleman\u0131n\u0131n kendi kurumu (g\u00f6nderen kurum) taraf\u0131ndan \u00f6denir.<\/p><p><b>De\u011fi\u015fim Sonu \u0130\u015flemleri\u00a0<\/b><\/p><p>Faaliyet tamamland\u0131ktan sonra \u00fcniversitemiz taraf\u0131ndan \u00f6\u011fretim eleman\u0131na, program\u0131n s\u00fcresini ve kapsam\u0131n\u0131 belirten imzal\u0131 ve m\u00fch\u00fcrl\u00fc bir Kat\u0131l\u0131m Belgesi (Certificate of Participation\/Attendance) verilir.<\/p><\/div>\n\t\t\t\t\t\t\t\t\t<div class=\"elementor-tab-title elementor-tab-mobile-title\" aria-selected=\"false\" data-tab=\"3\" role=\"tab\" tabindex=\"-1\" aria-controls=\"elementor-tab-content-1663\" aria-expanded=\"false\">Giden \u00d6\u011frenci \/ \u00d6\u011fretim eleman\u0131 Rehberi ve Belgeler<\/div>\n\t\t\t\t\t<div id=\"elementor-tab-content-1663\" class=\"elementor-tab-content elementor-clearfix\" data-tab=\"3\" role=\"tabpanel\" aria-labelledby=\"elementor-tab-title-1663\" tabindex=\"0\" hidden=\"hidden\"><p><b>Giden \u00d6\u011frenci\/\u00d6\u011fretim Eleman\u0131 Rehberi ve Belgeler<\/b><\/p>\n<p><b>1. Giden \u00d6\u011frenci (Outgoing Student)<\/b><\/p>\n<p><b>&nbsp;<\/b><\/p>\n<p><b>Ba\u015fvuru Kabul ve \u015eartlar\u0131:<\/b><\/p>\n<p>Ba\u015fvuru yapacak \u00f6\u011frencinin genel not ortalamas\u0131 (GNO) 4.00 \u00fczerinden en az <b>2.50<\/b> olmal\u0131d\u0131r.<\/p>\n<p>Haz\u0131rl\u0131k s\u0131n\u0131f\u0131 \u00f6\u011frencileri, birinci s\u0131n\u0131f\u0131n hen\u00fcz ba\u015f\u0131nda olan AGNO&#8217;su olu\u015fmam\u0131\u015f \u00f6\u011frenciler ve son s\u0131n\u0131f \u00f6\u011frencileri programdan yararlanamaz.<\/p>\n<p>Ba\u015fvurular, \u00fcniversitemizin Orhun De\u011fi\u015fim Program\u0131 Koordinasyon Ofisi taraf\u0131ndan de\u011ferlendirilir ve sonu\u00e7lar web sitemizde ilan edilir.<\/p>\n<p><b>Ders Se\u00e7imi ve \u00d6\u011frenim Protokol\u00fc:<\/b><\/p>\n<p>Hareketlilik ba\u015flamadan \u00f6nce \u00f6\u011frenci,<b> \u00d6\u011frenim Protokol\u00fc&#8217;n\u00fc (Study Protocol)<\/b> haz\u0131rlamal\u0131d\u0131r. Bu belgede gidilecek \u00fcniversitede al\u0131nacak dersler ve bunlar\u0131n \u00fcniversitemizdeki kar\u015f\u0131l\u0131klar\u0131 a\u00e7\u0131k\u00e7a belirtilir.<\/p>\n<p>Se\u00e7ilen derslerin kredi toplam\u0131, \u00f6\u011frencinin \u00fcniversitemizde o d\u00f6nem almas\u0131 gereken y\u00fck\u00fcnden az olamaz.<\/p>\n<p>\u00d6\u011frenim Protokol\u00fc \u00f6\u011frenci, b\u00f6l\u00fcm ba\u015fkan\u0131 ve koordinat\u00f6rl\u00fck taraf\u0131ndan imzalanmal\u0131d\u0131r.<\/p>\n<p><b>Mali Y\u00fck\u00fcml\u00fcl\u00fckler:&nbsp;<\/b><\/p>\n<p><b>Har\u00e7 \u00d6demesi:<\/b> De\u011fi\u015fim s\u00fcresince \u00fcniversitemize (g\u00f6nderen kurum) katk\u0131 pay\u0131\/\u00f6\u011frenim \u00fccreti \u00f6denmeye devam edilir. Gidilen \u00fcniversiteye har\u00e7 \u00f6denmez.<\/p>\n<p><b>Destekler:<\/b> Pilot program kapsam\u0131nda; ula\u015f\u0131m masraflar\u0131n\u0131z \u00fcniversitemiz (g\u00f6nderen kurum) taraf\u0131ndan kar\u015f\u0131lan\u0131r. Konaklama ve yemek ihtiyac\u0131n\u0131z ise gitti\u011finiz \u00fcniversite (ev sahibi) taraf\u0131ndan sa\u011flan\u0131r.<\/p>\n<p><strong>NOT: <\/strong>Gidi\u015f &#8211; d\u00f6n\u00fc\u015f u\u00e7ak bileti Azerbaycan \u00fcniversiteleri i\u00e7in <strong>300 USD<\/strong>, di\u011fer \u00fcniversiteler i\u00e7in <strong>350 USD<\/strong> olarak belirlenmi\u015ftir. Bu miktar\u0131 a\u015fan biletlerin a\u015f\u0131lan kadar k\u0131sm\u0131 kat\u0131l\u0131mc\u0131 taraf\u0131ndan kar\u015f\u0131lan\u0131r.<\/p>\n<p><b>D\u00f6n\u00fc\u015f \u0130\u015flemleri:<\/b><\/p>\n<p>De\u011fi\u015fim program\u0131n\u0131 tamamlayan \u00f6\u011frenci, d\u00f6n\u00fc\u015f tarihinden itibaren 30 g\u00fcn i\u00e7inde a\u015fa\u011f\u0131daki belgeleri koordinasyon ofisine teslim etmelidir:<\/p>\n<p>&nbsp; &nbsp; &nbsp; &nbsp; <b>&nbsp; 1.<\/b> Gidilen \u00fcniversiteden al\u0131nan Transkript.<\/p>\n<p>&nbsp; &nbsp; &nbsp; &nbsp; &nbsp; <b>2.<\/b> Kat\u0131l\u0131m Belgesi (Certificate of Attendance).<\/p>\n<p>&nbsp; &nbsp; &nbsp; &nbsp; &nbsp; <b>3.<\/b> \u00d6\u011frenci Nihai Raporu (Student Final Report).<\/p>\n<p><b>2. Giden \u00d6\u011fretim Eleman\u0131 (Outgoing Academic Staff)<\/b><\/p>\n<p><b>Hareketlilik \u015eartlar\u0131:<\/b><\/p>\n<p>T\u00fcm \u00f6\u011fretim elemanlar\u0131m\u0131z programa ba\u015fvurabilir.<\/p>\n<p>Hareketlilik s\u00fcresi <b>en az 2 hafta, en fazla 1 ay<\/b> olabilir.<\/p>\n<p>Haftal\u0131k ders saati ve akademik faaliyet toplam\u0131 <b>en az 6 saat <\/b>olmal\u0131d\u0131r. Ders saatinin 6 saati dolduramad\u0131\u011f\u0131 durumlarda seminer, panel veya konferans gibi faaliyetler de de\u011ferlendirmeye dahil edilir.<\/p>\n<p><b>Planlama:<\/b><\/p>\n<p>Hareketlilik ba\u015flamadan en az 15 g\u00fcn \u00f6nce <b>\u00d6\u011fretim Eleman\u0131 Hareketlili\u011fi Plan\u0131 (Teaching Staff Mobility Plan)<\/b> haz\u0131rlanarak koordinasyon ofisine sunulmal\u0131d\u0131r.<\/p>\n<p><span style=\"font-size: 1rem;letter-spacing: 0px\">Bu plan, hem \u00fcniversitemiz hem de gidilecek kurumun ilgili y\u00f6netim kurullar\u0131 taraf\u0131ndan onaylanmal\u0131d\u0131r.<\/span><\/p>\n<p><span style=\"font-size: 1rem;letter-spacing: 0px\">Seyahat tarihinizden en az 1 ay \u00f6nce g\u00f6revlendirme onay s\u00fcrecinizin tamamlanmas\u0131 gerekmektedir.<\/span><\/p>\n<p><b>Mali Hususlar:<\/b><\/p>\n<p>\u00d6\u011fretim eleman\u0131n\u0131n <b>yol masraflar\u0131<\/b>&nbsp;\u00fcniversitemiz (g\u00f6nderen kurum) taraf\u0131ndan \u00f6denir.<\/p>\n<p><strong>NOT: <\/strong>Gidi\u015f &#8211; d\u00f6n\u00fc\u015f u\u00e7ak bileti Azerbaycan \u00fcniversiteleri i\u00e7in <strong>300 USD<\/strong>, di\u011fer \u00fcniversiteler i\u00e7in <strong>350 USD<\/strong> olarak belirlenmi\u015ftir. Bu miktar\u0131 a\u015fan biletlerin a\u015f\u0131lan kadar k\u0131sm\u0131 kat\u0131l\u0131mc\u0131 taraf\u0131ndan kar\u015f\u0131lan\u0131r.<\/p>\n<p>Konaklama ve ia\u015fe giderleri, gidilen \u00fcniversite (ev sahibi kurum) taraf\u0131ndan kar\u015f\u0131lan\u0131r.<\/p>\n<p><b>D\u00f6n\u00fc\u015f \u0130\u015flemleri:&nbsp;<\/b><\/p>\n<p><span style=\"font-size: 1rem;letter-spacing: 0px\">Faaliyet tamamland\u0131ktan sonra en ge\u00e7 <\/span><b style=\"font-size: 1rem;letter-spacing: 0px\">15 g\u00fcn <\/b><span style=\"font-size: 1rem;letter-spacing: 0px\">i\u00e7inden a\u015fa\u011f\u0131daki belgeler koordinasyon ofisine teslim etmelidir:<\/span><\/p>\n<p>&nbsp; &nbsp; &nbsp; &nbsp; &nbsp; &nbsp;<b> 1.<\/b> Gidilen \u00fcniversite taraf\u0131ndan imzalanm\u0131\u015f <b>Kat\u0131l\u0131m Belgesi (Activity Participation Document).<\/b><\/p>\n<p>&nbsp; &nbsp; &nbsp; &nbsp; &nbsp; <b>&nbsp; 2.<\/b> \u00d6\u011fretim Eleman\u0131 Hareketlilik Nihai Raporu.<\/p><\/div>\n\t\t\t\t\t\t\t\t\t<div class=\"elementor-tab-title elementor-tab-mobile-title\" aria-selected=\"false\" data-tab=\"4\" role=\"tab\" tabindex=\"-1\" aria-controls=\"elementor-tab-content-1664\" aria-expanded=\"false\">Ba\u015fvuru ve Gerekli Belgeler<\/div>\n\t\t\t\t\t<div id=\"elementor-tab-content-1664\" class=\"elementor-tab-content elementor-clearfix\" data-tab=\"4\" role=\"tabpanel\" aria-labelledby=\"elementor-tab-title-1664\" tabindex=\"0\" hidden=\"hidden\"><p><b>Ba\u015fvuru ve Gerekli Belgeler<\/b><\/p><p><b>\u00a0<\/b><\/p><p><b>\u00a0ORHUN \u0130\u00e7in Tercih Yap\u0131labilecek \u00dcniversiteler<\/b><\/p><p>ORHUN De\u011fi\u015fim Program\u0131 kapsam\u0131nda tercih edilebilecek \u00fcniversitelerin g\u00fcncel listesine ve detayl\u0131 bilgiler i\u00e7in\u00a0<a style=\"font-size: 1rem;letter-spacing: 0px\" href=\"https:\/\/atauni.edu.tr\/dis-iliskiler-ofisi\/wp-content\/uploads\/sites\/810\/2026\/03\/orhun_universiteler.xls\" target=\"_blank\" rel=\"noopener\">t\u0131klay\u0131n\u0131z.<\/a><\/p><p><b>\u00a0<\/b><\/p><p><b>\u00d6\u011frenci Ba\u015fvuru ve Gerekli Belgeler<\/b><\/p><p><a href=\"https:\/\/birimler.atauni.edu.tr\/dis-iliskiler-ofisi\/wp-content\/uploads\/sites\/810\/2026\/02\/form-1.docx\" target=\"_blank\" rel=\"noopener\">\u00d6\u011frenci Ba\u015fvuru Formu<\/a><\/p><p><a href=\"https:\/\/birimler.atauni.edu.tr\/dis-iliskiler-ofisi\/wp-content\/uploads\/sites\/810\/2026\/02\/bilgi-1-1-1.docx\" target=\"_blank\" rel=\"noopener\">\u00d6\u011frenci Bilgi Formu<\/a><\/p><p><a href=\"https:\/\/birimler.atauni.edu.tr\/dis-iliskiler-ofisi\/wp-content\/uploads\/sites\/810\/2026\/02\/kabul_belgesi-1.docx\" target=\"_blank\" rel=\"noopener\">\u00d6\u011frenci Kabul Belgesi<\/a><\/p><p><b>\u00d6\u011fretim \u00dcyesi Ba\u015fvuru ve Gerekli Belgeler<\/b><\/p><p><a style=\"background-color: #ffffff\" href=\"https:\/\/birimler.atauni.edu.tr\/dis-iliskiler-ofisi\/wp-content\/uploads\/sites\/810\/2026\/02\/bilgi_form-1-1.docx\" target=\"_blank\" rel=\"noopener\">\u00d6\u011fretim \u00dcyesi Bilgi Formu<\/a><\/p><p><a href=\"https:\/\/birimler.atauni.edu.tr\/dis-iliskiler-ofisi\/wp-content\/uploads\/sites\/810\/2026\/02\/hareketlik-3-1.docx\">\u00d6\u011fretim \u00dcyesi Hareketlilik Program\u0131<\/a><\/p><p><a href=\"https:\/\/birimler.atauni.edu.tr\/dis-iliskiler-ofisi\/wp-content\/uploads\/sites\/810\/2026\/02\/katilim_belge-1.docx\"><span style=\"background-color: #ffffff;font-size: 1rem;letter-spacing: 0px\">\u00d6\u011fretim\u00a0<\/span>\u00dcyesi ORHUN Kat\u0131l\u0131m Belgesi<\/a><\/p><p><a href=\"https:\/\/birimler.atauni.edu.tr\/dis-iliskiler-ofisi\/wp-content\/uploads\/sites\/810\/2026\/02\/rapor_formu-1.docx\" target=\"_blank\" rel=\"noopener\">\u00d6\u011fretim \u00dcyesi Hareketlili\u011fi Nihai Rapor Formu<\/a><\/p><p><b>Protokol Belgeleri<\/b><\/p><p><a href=\"https:\/\/birimler.atauni.edu.tr\/dis-iliskiler-ofisi\/wp-content\/uploads\/sites\/810\/2026\/02\/Kurumlararasi-Protokol-2021-1-1.docx\" target=\"_blank\" rel=\"noopener\">ORHUN De\u011fi\u015fimi Program\u0131 Protokol\u00fc<\/a><\/p><p><a href=\"https:\/\/birimler.atauni.edu.tr\/dis-iliskiler-ofisi\/wp-content\/uploads\/sites\/810\/2026\/02\/protokol-1-1.docx\" target=\"_blank\" rel=\"noopener\">ORHUN De\u011fi\u015fim Program\u0131 \u00d6\u011frenim Protokol\u00fc<\/a><\/p><\/div>\n\t\t\t\t\t\t\t<\/div>\n\t\t<\/div>\n\t\t\t\t\t\t<\/div>\n\t\t\t\t<\/div>\n\t\t\t\t\t<\/div>\n\t\t<\/div>\n\t\t\t\t\t<\/div>\n\t\t<\/section>\n\t\t\t\t<\/div>\n\t\t","protected":false},"excerpt":{"rendered":"<p>Orhun De\u011fi\u015fim Program\u0131 Gelen \u00d6\u011frenci \/ \u00d6\u011fretim eleman\u0131 Rehberi ve Belgeler Giden \u00d6\u011frenci \/ \u00d6\u011fretim eleman\u0131 Rehberi ve Belgeler Ba\u015fvuru ve Gerekli Belgeler Orhun De\u011fi\u015fim Program\u0131 ORHUN De\u011fi\u015fim Program\u0131, T\u00fcrk Devletleri T\u00fcrk \u00dcniversiteler Birli\u011fi \u00fcyesi \u00dcniversiteler aras\u0131nda \u00f6\u011frenci ve \u00f6\u011fretim eleman\u0131 de\u011fi\u015fimini kolayla\u015ft\u0131rmay\u0131 ama\u00e7layan bir programd\u0131r (www.turkunib.org). ORHUN De\u011fi\u015fim Program\u0131&#8217;ndan kimler yararlanabilir? ORHUN De\u011fi\u015fim Program\u0131 [&hellip;]<\/p>\n","protected":false},"author":658,"featured_media":0,"parent":0,"menu_order":0,"comment_status":"closed","ping_status":"closed","template":"","meta":{"footnotes":""},"class_list":["post-1506","page","type-page","status-publish","hentry"],"_links":{"self":[{"href":"https:\/\/atauni.edu.tr\/dis-iliskiler-ofisi\/wp-json\/wp\/v2\/pages\/1506","targetHints":{"allow":["GET"]}}],"collection":[{"href":"https:\/\/atauni.edu.tr\/dis-iliskiler-ofisi\/wp-json\/wp\/v2\/pages"}],"about":[{"href":"https:\/\/atauni.edu.tr\/dis-iliskiler-ofisi\/wp-json\/wp\/v2\/types\/page"}],"author":[{"embeddable":true,"href":"https:\/\/atauni.edu.tr\/dis-iliskiler-ofisi\/wp-json\/wp\/v2\/users\/658"}],"replies":[{"embeddable":true,"href":"https:\/\/atauni.edu.tr\/dis-iliskiler-ofisi\/wp-json\/wp\/v2\/comments?post=1506"}],"version-history":[{"count":33,"href":"https:\/\/atauni.edu.tr\/dis-iliskiler-ofisi\/wp-json\/wp\/v2\/pages\/1506\/revisions"}],"predecessor-version":[{"id":12208,"href":"https:\/\/atauni.edu.tr\/dis-iliskiler-ofisi\/wp-json\/wp\/v2\/pages\/1506\/revisions\/12208"}],"wp:attachment":[{"href":"https:\/\/atauni.edu.tr\/dis-iliskiler-ofisi\/wp-json\/wp\/v2\/media?parent=1506"}],"curies":[{"name":"wp","href":"https:\/\/api.w.org\/{rel}","templated":true}]}}