{"id":1533,"date":"2022-06-28T07:00:48","date_gmt":"2022-06-28T07:00:48","guid":{"rendered":"https:\/\/oia.atauni.edu.tr\/new\/?page_id=1533"},"modified":"2022-06-28T07:00:48","modified_gmt":"2022-06-28T07:00:48","slug":"ka103-bilgi","status":"publish","type":"page","link":"https:\/\/atauni.edu.tr\/dis-iliskiler-ofisi\/ka103-bilgi\/","title":{"rendered":"KA103 Bilgi"},"content":{"rendered":"<div class=\"bd-row row-1 n-14 lv-2 clearfix\">\n<div class=\"items-wrapper items-inside index-2\">\n<div class=\"item-inner stpb-heading\">\n<h5 class=\" align-default\">Erasmus+ KA103 Nedir?<\/h5>\n<\/div>\n<\/div>\n<\/div>\n<div class=\"bd-row row-2 n-14 lv-2 clearfix\">\n<div class=\"items-wrapper items-inside index-3\">\n<div class=\"item-inner stpb-text\">\n<div class=\"item-text-wrapper text-default no-effect\">\n<p align=\"justify\">Erasmus KA103 Program\u0131yla \u00d6\u011frenciler program \u00fclkelerinde Erasmus hareketlili\u011fi yap\u0131p Avrupa\u2019da bir \u00fclkede e\u011fitim alma ya da staj yapma f\u0131rsat\u0131 bulurken farkl\u0131 k\u00fclt\u00fcrlerle i\u00e7 i\u00e7e olabilirler ve kendi k\u00fclt\u00fcrlerini uluslararas\u0131 bir ortamda payla\u015fabilirler. \u00d6\u011frencide aranan \u015fartlar \u00d6rg\u00fcn \u00f6\u011fretime devam eden \u00f6\u011frenci olmak, istenilen AGNO ve Yabanc\u0131 Dil yeterlili\u011fine sahip olmak ile s\u0131n\u0131rl\u0131d\u0131r.<\/p>\n<\/div>\n<\/div>\n<div class=\"clear\"><\/div>\n<\/div>\n<\/div>\n<div class=\"bd-row row-3 n-14 lv-2 clearfix\">\n<div class=\"items-wrapper items-inside index-4\">\n<div class=\"item-inner stpb-heading\">\n<h5 class=\" align-default\">Hangi \u00fclkelere gidilebilir?<\/h5>\n<\/div>\n<\/div>\n<\/div>\n<div class=\"bd-row row-4 n-14 lv-2 clearfix\">\n<div class=\"items-wrapper items-inside index-5\">\n<div class=\"item-inner stpb-text\">\n<div class=\"item-text-wrapper text-default no-effect\">\n<p>Erasmus+ KA103 program\u0131 ile AB \u00fcyesi \u00fclkeler ve AB \u00fcyesi olmayan program \u00fclkelerine (Norve\u00e7, \u0130zlanda, Lihten\u015ftayn, \u0130svi\u00e7re, Makedonya ve T\u00fcrkiye) \u00f6\u011frenim ve staj hareketlili\u011fi i\u00e7in gidilebilir. \u00dcniversitemiz \u00f6\u011frencileri \u00fcniversitemizle anla\u015fmas\u0131 bulunan a\u015fa\u011f\u0131daki \u00fclkelere kontenjan d\u00e2hilinde gidebilirler.<\/p>\n<\/div>\n<\/div>\n<div class=\"clear\"><\/div>\n<\/div>\n<\/div>\n<div class=\"bd-row row-5 n-14 lv-2 clearfix\">\n<div class=\"items-wrapper items-inside index-6\">\n<div class=\"item-inner stpb-table\">\n<table class=\"table pricing table-hover\">\n<tbody>\n<tr class=\"default\">\n<td class=\"default\">\n<ul>\n<li>Letonya<\/li>\n<\/ul>\n<\/td>\n<td class=\"default\">\n<ul>\n<li>Almanya<\/li>\n<\/ul>\n<\/td>\n<td class=\"default\">\n<ul>\n<li>Portekiz<\/li>\n<\/ul>\n<\/td>\n<td class=\"default\">\n<ul>\n<li>Macaristan<\/li>\n<\/ul>\n<\/td>\n<\/tr>\n<tr class=\"default\">\n<td class=\"default\">\n<ul>\n<li>Romanya<\/li>\n<\/ul>\n<\/td>\n<td class=\"default\">\n<ul>\n<li>Finlandiya<\/li>\n<\/ul>\n<\/td>\n<td class=\"default\">\n<ul>\n<li>\u0130spanya<\/li>\n<\/ul>\n<\/td>\n<td class=\"default\">\n<ul>\n<li>Litvanya<\/li>\n<\/ul>\n<\/td>\n<\/tr>\n<tr class=\"default\">\n<td class=\"default\">\n<ul>\n<li>Slovakya<\/li>\n<\/ul>\n<\/td>\n<td class=\"default\">\n<ul>\n<li>Fransa<\/li>\n<\/ul>\n<\/td>\n<td class=\"default\">\n<ul>\n<li>Slovenya<\/li>\n<\/ul>\n<\/td>\n<td class=\"default\">\n<ul>\n<li>Polonya<\/li>\n<\/ul>\n<\/td>\n<\/tr>\n<tr class=\"default\">\n<td class=\"default\">\n<ul>\n<li>\u0130talya<\/li>\n<\/ul>\n<\/td>\n<td class=\"default\">\n<ul>\n<li>\u00c7ek Cumhuriyeti<\/li>\n<\/ul>\n<\/td>\n<td class=\"default\">\n<ul>\n<li>Estonya<\/li>\n<\/ul>\n<\/td>\n<td class=\"default\">\n<ul>\n<li>Yunanistan<\/li>\n<\/ul>\n<\/td>\n<\/tr>\n<\/tbody>\n<\/table>\n<\/div>\n<div class=\"clear\"><\/div>\n<\/div>\n<\/div>\n<div class=\"bd-row row-6 n-14 lv-2 clearfix\">\n<div class=\"items-wrapper items-inside index-7\">\n<div class=\"item-inner stpb-heading\">\n<h5 class=\" align-default\">Ne Zaman Ba\u015fvurulabillir?<\/h5>\n<\/div>\n<\/div>\n<\/div>\n<div class=\"bd-row row-7 n-14 lv-2 clearfix\">\n<div class=\"items-wrapper items-inside index-8\">\n<div class=\"item-inner stpb-text\">\n<div class=\"item-text-wrapper text-default no-effect\">\n<p>Erasmus+ KA103 program\u0131na ba\u015fvurular genellikle program\u0131n ger\u00e7ekle\u015fece\u011fi y\u0131ldan bir \u00f6nceki y\u0131l ba\u015flar. Genellikle her y\u0131l \u015eubat\u2019\u0131n son haftas\u0131 veya Mart\u2019\u0131n ilk iki haftas\u0131 aras\u0131nda olur. Her y\u0131l\u0131n planlanan takvimi bu aral\u0131klar aras\u0131nda de\u011fi\u015fiklik g\u00f6stermektedir. Web sitemizden bu takvim her y\u0131l duyurulur.<\/p>\n<\/div>\n<\/div>\n<div class=\"clear\"><\/div>\n<\/div>\n<\/div>\n<div class=\"bd-row row-8 n-14 lv-2 clearfix\">\n<div class=\"items-wrapper items-inside index-9\">\n<div class=\"item-inner stpb-heading\">\n<h5 class=\" align-default\">Ne Zaman Gidilebilir?<\/h5>\n<\/div>\n<\/div>\n<\/div>\n<div class=\"bd-row row-9 n-14 lv-2 clearfix\">\n<div class=\"items-wrapper items-inside index-10\">\n<div class=\"item-inner stpb-text\">\n<div class=\"item-text-wrapper text-default no-effect\">\n<p>\u00d6\u011frenciler tek bir yar\u0131y\u0131l ( G\u00fcz ya da Bahar) ya da t\u00fcm akademik d\u00f6nem ( G\u00fcz ve Bahar) \u015feklinde Erasmus+ hareketlili\u011fini ger\u00e7ekle\u015ftirebilirler. G\u00fcz d\u00f6nemi akademik y\u0131l her y\u0131l genellikle Eyl\u00fcl-Ocak d\u00f6nemi aras\u0131ndad\u0131r, Bahar d\u00f6nemi ise \u015eubat-Haziran aras\u0131ndad\u0131r.<\/p>\n<\/div>\n<\/div>\n<\/div>\n<\/div>\n<hr \/>\n<div class=\"bd-row row-10 n-14 lv-2 clearfix\">\n<div class=\"items-wrapper items-inside index-11\">\n<div class=\"item-inner stpb-heading\">\n<h5 class=\" align-default\" style=\"text-align: center\"><strong>Staj Hareketlili\u011fi \u00d6\u011frenci Se\u00e7im Kriter ve \u00d6ncelikleri<\/strong><\/h5>\n<\/div>\n<div class=\"clear\"><\/div>\n<\/div>\n<\/div>\n<div class=\"bd-row row-11 n-14 lv-2 clearfix\">\n<div class=\"items-wrapper items-inside index-12\">\n<div class=\"item-inner stpb-text\">\n<div class=\"item-text-wrapper text-default no-effect\">\n<p><strong><i>De\u011ferlendirmeye Al\u0131nma \u015eartlar\u0131<\/i><\/strong><\/p>\n<ul>\n<li>Atat\u00fcrk \u00dcniversitesi lisans veya lisans\u00fcst\u00fc program\u0131nda \u00f6\u011frenci olmak,<\/li>\n<li>Lisans \u00f6\u011frencileri i\u00e7in 2.20 AGNO,<\/li>\n<li>Y\u00fcksek Lisans ve doktora \u00f6\u011frencileri i\u00e7in 2.50 AGNO,<\/li>\n<li>Yap\u0131lacak olan Dil s\u0131nav\u0131ndan en az A2 d\u00fczeyi gibi hususlar dikkate al\u0131n\u0131r.<\/li>\n<\/ul>\n<p>&nbsp;<\/p>\n<p><strong><i>\u00d6\u011frenci De\u011ferlendirme Kriterleri (Staj)<\/i><\/strong><\/p>\n<p>Ba\u015fvuran \u00f6\u011frencilerin %50 akademik not ortalamas\u0131 (AGNO) ve %50 yabanc\u0131 dil d\u00fczeyinin etkiledi\u011fi a\u011f\u0131rl\u0131kl\u0131 ortalamaya g\u00f6re Erasmus+ puan\u0131 olu\u015fturulur. Daha \u00f6nce Erasmus+ hareketlili\u011finden faydalanm\u0131\u015f \u00f6\u011frencinin Erasmus+ puan\u0131ndan 10 puan d\u00fc\u015f\u00fcl\u00fcr.<\/p>\n<p>De\u011ferlendirme s\u00fcrecine kat\u0131lan \u00f6\u011frencilerin ilan\u0131 alfabetik s\u0131ra ile ger\u00e7ekle\u015ftirilir. Staj hareketlili\u011fi kapsam\u0131nda puan s\u0131ralamas\u0131 olmaks\u0131z\u0131n minimum \u015fartlar\u0131 sa\u011flayan t\u00fcm adaylardan ilan edilen tarih aral\u0131\u011f\u0131nda kabul mektuplar\u0131n\u0131 kendilerinin temin ederek Erasmus Ofisine teslim etmesi beklenir.<\/p>\n<p>&nbsp;<\/p>\n<p>Erasmus Not E\u015fde\u011ferlili\u011fi \u0130\u00e7in\u00a0<a href=\"https:\/\/oia.atauni.edu.tr\/wp-content\/uploads\/2017\/04\/ErasmusNotE%C5%9Fde%C4%9Felilik.pdf\">T\u0131klayn\u0131z.<\/a><\/p>\n<p>ATASEM Erasmus+ s\u0131nav tan\u0131t\u0131m\u0131 i\u00e7in\u00a0<a href=\"https:\/\/youtu.be\/9AzSJflgh-8\" target=\"_blank\" rel=\"noopener\" data-rel=\"lightbox-video-0\">T\u0131klay\u0131n\u0131z.<\/a><\/p>\n<p>\u00dcniversitemizin 26\/05\/2017 tarih ve 86432244-40 numaral\u0131 De\u011fi\u015fim Programlar\u0131 Uygulama Esaslar\u0131 Senato Karar\u0131 i\u00e7in\u00a0<a href=\"https:\/\/oia.atauni.edu.tr\/wp-content\/uploads\/2018\/02\/De%C4%9Fi%C5%9Fim-Programlar%C4%B1-Senato-Karar%C4%B1-May%C4%B1s-2017.pdf\" target=\"_blank\" rel=\"noopener\">t\u0131klay\u0131n\u0131z.<\/a><\/p>\n<p>2019 KA103 uygulama el kitab\u0131n\u0131 indirmek i\u00e7in\u00a0<a href=\"https:\/\/oia.atauni.edu.tr\/wp-content\/uploads\/2020\/02\/2019-sozlesme-donemi-yuksekogretim-kurumlari-icin-el-kitabi.pdf\">t\u0131klay\u0131n\u0131z.<\/a><\/p>\n<\/div>\n<\/div>\n<div class=\"clear\"><\/div>\n<\/div>\n<\/div>\n<div class=\"bd-row row-12 n-14 lv-2 clearfix\">\n<div class=\"items-wrapper items-inside index-13\">\n<div class=\"item-inner stpb-heading\">\n<h5 class=\" align-default\">Hibesiz (\u201c0\u201d Hibeli) \u00d6\u011frenci Olma Durumu<\/h5>\n<\/div>\n<\/div>\n<\/div>\n<div class=\"bd-row row-13 n-14 lv-2 last clearfix\">\n<div class=\"items-wrapper items-inside index-14 last\">\n<div class=\"item-inner stpb-text\">\n<div class=\"item-text-wrapper text-default no-effect\">\n<p>\u00d6\u011frenciler istedikleri takdirde hibe almaks\u0131z\u0131n faaliyetlere kat\u0131labilirler. \u00d6\u011frencilerin faaliyet s\u00fcreleri k\u0131smen veya tamamen hibelendirilir veya faaliyet tamamen hibesiz \u201cs\u0131f\u0131r hibeli\u201d \u00f6\u011frenci olarak ger\u00e7ekle\u015ftirilebilir. Faaliyet s\u00fcresinin k\u0131smen hibelendirilmesi halinde, hibe verilecek s\u00fcre, \u00f6\u011frenim hareketlili\u011fi i\u00e7in ise 3 aydan, staj hareketlili\u011fi i\u00e7in 2 aydan k\u0131sa olamaz. Hibesiz \u00f6\u011frenciler de di\u011fer ba\u015fvurularla beraber genel de\u011ferlendirmeye tabi tutulur ve hibeli \u00f6\u011frencilerle ayn\u0131 s\u00fcre\u00e7ten ge\u00e7er. Hibesiz \u00f6\u011frencinin fark\u0131, \u00f6\u011frencinin b\u00fct\u00e7e hesaplamalar\u0131na dahil edilmemesi ve kendisine \u00f6deme yap\u0131lmamas\u0131d\u0131r. Hibe al\u0131nmamas\u0131 \u00f6\u011frencinin se\u00e7im s\u00fcrecine dahil olmamas\u0131na gerek\u00e7e de\u011fildir.<\/p>\n<p>&nbsp;<\/p>\n<\/div>\n<\/div>\n<\/div>\n<\/div>\n<div class=\"bd-row row-0 n-8 lv-2 first clearfix\">\n<div class=\"items-wrapper items-inside index-1 first\">\n<div class=\"item-inner stpb-heading\">\n<h5 class=\" align-default\">Hibe Miktarlar\u0131 Ne Kadard\u0131r?<\/h5>\n<\/div>\n<\/div>\n<\/div>\n<div class=\"bd-row row-1 n-8 lv-2 clearfix\">\n<div class=\"items-wrapper items-inside index-2\">\n<div class=\"item-inner stpb-table\">\n<table class=\"table pricing table-hover table-bordered\">\n<tbody>\n<tr class=\"highlight\">\n<td class=\"default blank\"><\/td>\n<td class=\"default\"><b>Tablo 1. 2018 s\u00f6zle\u015fme d\u00f6neminde se\u00e7ilen \u00f6\u011frencilere uygulanacak hibe tablosu<\/b><\/td>\n<td class=\"default blank\"><\/td>\n<td class=\"default blank\"><\/td>\n<\/tr>\n<tr class=\"default\">\n<td class=\"default\">\u00dclke Gruplar\u0131<\/td>\n<td class=\"default\">Hareketlilikte Misafir Olunan \u00dclkeler<\/td>\n<td class=\"default\">Ayl\u0131k Hibe \u00d6\u011frenim (Avro)<\/td>\n<td class=\"default\">Ayl\u0131k Hibe Staj (Avro)<\/td>\n<\/tr>\n<tr class=\"default\">\n<td class=\"default\">1. ve 2. Grup Program \u00dclkeleri<\/td>\n<td class=\"default\">Birle\u015fik Krall\u0131k, Danimarka, Finlandiya, \u0130rlanda, \u0130sve\u00e7, \u0130zlanda, Lihten\u015ftayn, L\u00fcksemburg, Norve\u00e7, Almanya, Avusturya, Bel\u00e7ika, Fransa, G\u00fcney K\u0131br\u0131s, Hollanda, \u0130spanya, \u0130talya, Malta, Portekiz, Yunanistan,<\/td>\n<td class=\"default\">500<\/td>\n<td class=\"default\">600<\/td>\n<\/tr>\n<tr class=\"default\">\n<td class=\"default\">3. Grup Program \u00dclkeleri<\/td>\n<td class=\"default\">Bulgaristan, \u00c7ek Cumhuriyeti, Estonya, H\u0131rvatistan, Letonya, Litvanya, Macaristan, Makedonya, Polonya, Romanya, Slovakya, Slovenya, T\u00fcrkiye<\/td>\n<td class=\"default\">300<\/td>\n<td class=\"default\">400<\/td>\n<\/tr>\n<\/tbody>\n<\/table>\n<\/div>\n<div class=\"clear\"><\/div>\n<\/div>\n<\/div>\n<div class=\"bd-row row-2 n-8 lv-2 clearfix\">\n<div class=\"items-wrapper items-inside index-3\">\n<div class=\"item-inner stpb-text\">\n<div class=\"item-text-wrapper text-default no-effect\">\n<p>* \u00d6demeler, toplam hibenin %80\u2019i gitmeden \u00f6nce, %20\u2019si d\u00f6n\u00fcnce olmak \u00fczere iki taksitte yap\u0131l\u0131r.<\/p>\n<\/div>\n<\/div>\n<hr \/>\n<\/div>\n<\/div>\n<div class=\"bd-row row-3 n-8 lv-2 clearfix\">\n<div class=\"items-wrapper items-inside index-4\">\n<div class=\"item-inner stpb-heading\">\n<h5 class=\" align-default\" style=\"text-align: center\"><strong>\u00d6\u011frenim Hareketlili\u011fi \u00d6\u011frenci Se\u00e7im Kriter ve \u00d6ncelikleri<\/strong><\/h5>\n<\/div>\n<div class=\"clear\"><\/div>\n<\/div>\n<\/div>\n<div class=\"bd-row row-4 n-8 lv-2 clearfix\">\n<div class=\"items-wrapper items-inside index-5\">\n<div class=\"item-inner stpb-text\">\n<div class=\"item-text-wrapper text-default no-effect\">\n<p><strong><i>De\u011ferlendirmeye Al\u0131nma \u015eartlar\u0131<\/i><\/strong><\/p>\n<ul>\n<li>Atat\u00fcrk \u00dcniversitesi lisans veya lisans\u00fcst\u00fc program\u0131nda \u00f6\u011frenci olmak,<\/li>\n<li>Lisans \u00f6\u011frencileri i\u00e7in 2.20 AGNO,<\/li>\n<li>Y\u00fcksek Lisans ve doktora \u00f6\u011frencileri i\u00e7in 2.50 AGNO,<\/li>\n<li>Yap\u0131lacak olan Dil s\u0131nav\u0131ndan en az B1 d\u00fczeyi,<\/li>\n<li>Yeterli say\u0131da AKTS (ECTS) kredi y\u00fck\u00fc olmas\u0131 (Bir yar\u0131y\u0131l i\u00e7in 30 AKTS)<\/li>\n<li>E\u011fer \u00f6\u011frencinin alttan dersi varsa AGNO \u015fart\u0131n\u0131 sa\u011fl\u0131yor olmas\u0131,<\/li>\n<li>Mevcut \u00f6\u011frenim kademesi i\u00e7erisinde daha \u00f6nce faaliyetlerden yararlanm\u0131\u015fsa, yeni faaliyetle beraber toplam s\u00fcrenin 12 ay\u0131 ge\u00e7meyecek olmas\u0131 gibi hususlar dikkate al\u0131n\u0131r.<\/li>\n<\/ul>\n<\/div>\n<\/div>\n<div class=\"clear\"><\/div>\n<\/div>\n<\/div>\n<div class=\"bd-row row-5 n-8 lv-2 clearfix\">\n<div class=\"items-wrapper items-inside index-6\">\n<div class=\"item-inner stpb-heading\">\n<h5 class=\" align-default\">\u00d6\u011frenci De\u011ferlendirme Kriterleri<\/h5>\n<\/div>\n<\/div>\n<\/div>\n<div class=\"bd-row row-6 n-8 lv-2 clearfix\">\n<div class=\"items-wrapper items-inside index-7\">\n<div class=\"item-inner stpb-table\">\n<table class=\"table pricing table-hover table-bordered\">\n<tbody>\n<tr class=\"heading\">\n<th class=\"default\">\u00d6l\u00e7\u00fct<\/th>\n<th class=\"default\">A\u011f\u0131rl\u0131k Puan<\/th>\n<\/tr>\n<tr class=\"default\">\n<td class=\"default\">Akademik ba\u015far\u0131 d\u00fczeyi<\/td>\n<td class=\"default\">%50 (toplam 100 puan \u00fczerinden)<\/td>\n<\/tr>\n<tr class=\"default\">\n<td class=\"default\">Dil seviyesi<\/td>\n<td class=\"default\">%50 (toplam 100 puan \u00fczerinden)<\/td>\n<\/tr>\n<tr class=\"default\">\n<td class=\"default\">Online s\u0131nav ve s\u00f6zl\u00fc m\u00fclakat uygulanmas\u0131 halinde<\/td>\n<td class=\"default\">%25 online dil s\u0131nav\u0131, %25 s\u00f6zl\u00fc m\u00fclakat (toplam 100 puan<\/td>\n<\/tr>\n<tr class=\"default\">\n<td class=\"default\">\u015eehit ve gazi \u00e7ocuklar\u0131na<\/td>\n<td class=\"default\">+15 puan<b>\u00a0*<\/b><\/td>\n<\/tr>\n<tr class=\"default\">\n<td class=\"default\">Engelli \u00f6\u011frencilere (engellili\u011fin belgelenmesi kayd\u0131yla)<\/td>\n<td class=\"default\">+10 puan<\/td>\n<\/tr>\n<tr class=\"default\">\n<td class=\"default\">2828 Say\u0131l\u0131 Sosyal Hizmetler Kanunu Kapsam\u0131nda<br \/>\nhaklar\u0131nda korunma, bak\u0131m veya bar\u0131nma karar\u0131 al\u0131nm\u0131\u015f \u00f6\u011frencilere<\/td>\n<td class=\"default\">+10 puan<b>\u00a0**<\/b><\/td>\n<\/tr>\n<tr class=\"default\">\n<td class=\"default\">Daha \u00f6nce yararlanma (hibeli veya hibesiz)<\/td>\n<td class=\"default\">-10 puan<\/td>\n<\/tr>\n<tr class=\"default\">\n<td class=\"default\">Vatanda\u015f\u0131 olunan \u00fclkede hareketlili\u011fe kat\u0131lma<\/td>\n<td class=\"default\">-10 puan<\/td>\n<\/tr>\n<tr class=\"default\">\n<td class=\"default\">Hareketlili\u011fe se\u00e7ilen \u00f6\u011frenciler i\u00e7in: Y\u00fcksek\u00f6\u011fretim kurumu taraf\u0131ndan hareketlilikle<br \/>\nlgili olarak d\u00fczenlenen toplant\u0131lara\/e\u011fitimlere mazeretsiz kat\u0131lmama<br \/>\n(\u00f6\u011frencinin Erasmus\u2019a tekrar ba\u015fvurmas\u0131 halinde uygulan\u0131r)<\/td>\n<td class=\"default\">-5 puan<\/td>\n<\/tr>\n<\/tbody>\n<\/table>\n<\/div>\n<div class=\"clear\"><\/div>\n<\/div>\n<\/div>\n<div class=\"bd-row row-7 n-8 lv-2 last clearfix\">\n<div class=\"items-wrapper items-inside index-8 last\">\n<div class=\"item-inner stpb-text\">\n<div class=\"item-text-wrapper text-default no-effect\">\n<p align=\"justify\">Ayr\u0131ca, Erasmus+ KA103 ve KA107 hareketliliklerinden yararlanmak isteyen \u00f6\u011frenci yerle\u015ftirmelerinde t\u00fcm kriterlerin e\u015fit olmas\u0131 halinde, do\u011fum tarihine g\u00f6re ya\u015f\u0131 k\u00fc\u00e7\u00fck olana \u00f6ncelik verilmektedir.<\/p>\n<p><b>*<\/b>\u00a0Muharip gaziler ve bunlar\u0131n e\u015f ve \u00e7ocuklar\u0131 ile harp \u015fehitlerinin e\u015f ve \u00e7ocuklar\u0131n\u0131n yan\u0131 s\u0131ra 12\/4\/1991 tarih ve 3713 say\u0131l\u0131 Ter\u00f6rle M\u00fccadele Kanunu\u2019nun 21. Maddesine g\u00f6re \u201ckamu g\u00f6revlilerinden yurti\u00e7inde ve yurtd\u0131\u015f\u0131nda g\u00f6revlerini ifa ederlerken veya s\u0131fatlar\u0131 kalkm\u0131\u015f olsa bile bu g\u00f6revlerini yapmalar\u0131ndan dolay\u0131 ter\u00f6r eylemlerine muhatap olarak yaralanan, engelli h\u00e2le gelen, \u00f6len veya \u00f6ld\u00fcr\u00fclenler\u201din e\u015f ve \u00e7ocuklar\u0131 ile 23 Temmuz 2016 tarih ve 667 say\u0131l\u0131 KHK\u2019nin 7. Maddesi uyar\u0131nca, 15 Temmuz 2016 tarihinde ger\u00e7ekle\u015ftirilen darbe te\u015febb\u00fcs\u00fc ve ter\u00f6r eylemi ile bu eylemin devam\u0131 niteli\u011findeki eylemler sebebiyle hayat\u0131n\u0131 kaybedenlerin e\u015f ve \u00e7ocuklar\u0131 veya malul olan siviller ile bu ki\u015filerin e\u015f ve \u00e7ocuklar\u0131 Erasmus+ \u00f6\u011frenci hareketlili\u011fine ba\u015fvurmalar\u0131 halinde \u00f6nceliklendirilir.<br \/>\n<b>**<\/b>\u00a0\u00d6nceliklendirme i\u00e7in \u00f6\u011frencinin Aile ve Sosyal Politikalar Bakanl\u0131\u011f\u0131\u2019ndan hakk\u0131nda 2828 say\u0131l\u0131 Kanun uyar\u0131nca koruma, bak\u0131m veya bar\u0131nma karar\u0131 oldu\u011funa dair yaz\u0131y\u0131 ibraz etmesi gerekir.<\/p>\n<\/div>\n<\/div>\n<\/div>\n<\/div>\n","protected":false},"excerpt":{"rendered":"<p>Erasmus+ KA103 Nedir? Erasmus KA103 Program\u0131yla \u00d6\u011frenciler program \u00fclkelerinde Erasmus hareketlili\u011fi yap\u0131p Avrupa\u2019da bir \u00fclkede e\u011fitim alma ya da staj yapma f\u0131rsat\u0131 bulurken farkl\u0131 k\u00fclt\u00fcrlerle i\u00e7 i\u00e7e olabilirler ve kendi k\u00fclt\u00fcrlerini uluslararas\u0131 bir ortamda payla\u015fabilirler. \u00d6\u011frencide aranan \u015fartlar \u00d6rg\u00fcn \u00f6\u011fretime devam eden \u00f6\u011frenci olmak, istenilen AGNO ve Yabanc\u0131 Dil yeterlili\u011fine sahip olmak ile s\u0131n\u0131rl\u0131d\u0131r. Hangi [&hellip;]<\/p>\n","protected":false},"author":658,"featured_media":1384,"parent":0,"menu_order":0,"comment_status":"closed","ping_status":"closed","template":"","meta":{"footnotes":""},"class_list":["post-1533","page","type-page","status-publish","has-post-thumbnail","hentry"],"_links":{"self":[{"href":"https:\/\/atauni.edu.tr\/dis-iliskiler-ofisi\/wp-json\/wp\/v2\/pages\/1533","targetHints":{"allow":["GET"]}}],"collection":[{"href":"https:\/\/atauni.edu.tr\/dis-iliskiler-ofisi\/wp-json\/wp\/v2\/pages"}],"about":[{"href":"https:\/\/atauni.edu.tr\/dis-iliskiler-ofisi\/wp-json\/wp\/v2\/types\/page"}],"author":[{"embeddable":true,"href":"https:\/\/atauni.edu.tr\/dis-iliskiler-ofisi\/wp-json\/wp\/v2\/users\/658"}],"replies":[{"embeddable":true,"href":"https:\/\/atauni.edu.tr\/dis-iliskiler-ofisi\/wp-json\/wp\/v2\/comments?post=1533"}],"version-history":[{"count":0,"href":"https:\/\/atauni.edu.tr\/dis-iliskiler-ofisi\/wp-json\/wp\/v2\/pages\/1533\/revisions"}],"wp:featuredmedia":[{"embeddable":true,"href":"https:\/\/atauni.edu.tr\/dis-iliskiler-ofisi\/wp-json\/"}],"wp:attachment":[{"href":"https:\/\/atauni.edu.tr\/dis-iliskiler-ofisi\/wp-json\/wp\/v2\/media?parent=1533"}],"curies":[{"name":"wp","href":"https:\/\/api.w.org\/{rel}","templated":true}]}}