{"id":1830,"date":"2022-07-04T07:23:19","date_gmt":"2022-07-04T07:23:19","guid":{"rendered":"https:\/\/oia.atauni.edu.tr\/new\/?page_id=1830"},"modified":"2022-07-04T07:23:19","modified_gmt":"2022-07-04T07:23:19","slug":"giden-ogrenci-rehberi","status":"publish","type":"page","link":"https:\/\/atauni.edu.tr\/dis-iliskiler-ofisi\/giden-ogrenci-rehberi\/","title":{"rendered":"Giden \u00d6\u011frenci Rehberi"},"content":{"rendered":"\t\t<div data-elementor-type=\"wp-page\" data-elementor-id=\"1830\" class=\"elementor elementor-1830\" data-elementor-post-type=\"page\">\n\t\t\t\t\t\t<section class=\"elementor-section elementor-top-section elementor-element elementor-element-77622e32 elementor-section-boxed elementor-section-height-default elementor-section-height-default\" data-id=\"77622e32\" data-element_type=\"section\">\n\t\t\t\t\t\t<div class=\"elementor-container elementor-column-gap-default\">\n\t\t\t\t\t<div class=\"elementor-column elementor-col-100 elementor-top-column elementor-element elementor-element-4941d746\" data-id=\"4941d746\" data-element_type=\"column\">\n\t\t\t<div class=\"elementor-widget-wrap elementor-element-populated\">\n\t\t\t\t\t\t<div class=\"elementor-element elementor-element-4b652a94 elementor-widget elementor-widget-text-editor\" data-id=\"4b652a94\" data-element_type=\"widget\" data-widget_type=\"text-editor.default\">\n\t\t\t\t<div class=\"elementor-widget-container\">\n\t\t\t\t\t\t\t\t\tMerhaba Sevgili Arkada\u015flar,\n\nHareketlili\u011fe haz\u0131rsan\u0131z, yurt i\u00e7i veya yurt d\u0131\u015f\u0131nda farkl\u0131 yerlerde bir s\u00fcreli\u011fine bulunmak istiyorsan\u0131z do\u011fru yerdesiniz. Arkan\u0131za yaslan\u0131n ve kendiniz i\u00e7in uygun bir hareketlilik program\u0131 bulun.(Programlar hakk\u0131nda detayl\u0131 bilgi almak i\u00e7in a\u015fa\u011f\u0131daki ilgili program\u0131n ba\u015fl\u0131\u011f\u0131na t\u0131klayarak detayl\u0131 bilgi sayfas\u0131na ula\u015fabilirsiniz)\t\t\t\t\t\t\t\t<\/div>\n\t\t\t\t<\/div>\n\t\t\t\t\t<\/div>\n\t\t<\/div>\n\t\t\t\t\t<\/div>\n\t\t<\/section>\n\t\t\t\t<section class=\"elementor-section elementor-top-section elementor-element elementor-element-8c08f66 elementor-section-boxed elementor-section-height-default elementor-section-height-default\" data-id=\"8c08f66\" data-element_type=\"section\">\n\t\t\t\t\t\t<div class=\"elementor-container elementor-column-gap-default\">\n\t\t\t\t\t<div class=\"elementor-column elementor-col-33 elementor-top-column elementor-element elementor-element-1435af3\" data-id=\"1435af3\" data-element_type=\"column\">\n\t\t\t<div class=\"elementor-widget-wrap elementor-element-populated\">\n\t\t\t\t\t\t<div class=\"elementor-element elementor-element-f99b18c elementor-view-default elementor-position-block-start elementor-mobile-position-block-start elementor-widget elementor-widget-icon-box\" data-id=\"f99b18c\" data-element_type=\"widget\" data-widget_type=\"icon-box.default\">\n\t\t\t\t<div class=\"elementor-widget-container\">\n\t\t\t\t\t\t\t<div class=\"elementor-icon-box-wrapper\">\n\n\t\t\t\t\t\t<div class=\"elementor-icon-box-icon\">\n\t\t\t\t<a href=\"https:\/\/oia.atauni.edu.tr\/new\/erasmus-bilgi\" class=\"elementor-icon\" tabindex=\"-1\" aria-label=\"Erasmus+\">\n\t\t\t\t<i aria-hidden=\"true\" class=\"fab fa-jira\"><\/i>\t\t\t\t<\/a>\n\t\t\t<\/div>\n\t\t\t\n\t\t\t\t\t\t<div class=\"elementor-icon-box-content\">\n\n\t\t\t\t\t\t\t\t\t<h3 class=\"elementor-icon-box-title\">\n\t\t\t\t\t\t<a href=\"https:\/\/oia.atauni.edu.tr\/new\/erasmus-bilgi\" >\n\t\t\t\t\t\t\tErasmus+\t\t\t\t\t\t<\/a>\n\t\t\t\t\t<\/h3>\n\t\t\t\t\n\t\t\t\t\t\t\t\t\t<p class=\"elementor-icon-box-description\">\n\t\t\t\t\t\t\u00dcniversitemizin anla\u015fmas\u0131 olan Avrupa ve ortak \u00fclkelere hem \u00f6\u011frenim hem de staj amac\u0131yla gidebilmenizi sa\u011flayan bir programd\u0131r. Gidilen \u00fclkeye g\u00f6re sizlere ayl\u0131k belirli bir miktar da hibe \u00f6denmektedir.\t\t\t\t\t<\/p>\n\t\t\t\t\n\t\t\t<\/div>\n\t\t\t\n\t\t<\/div>\n\t\t\t\t\t\t<\/div>\n\t\t\t\t<\/div>\n\t\t\t\t\t<\/div>\n\t\t<\/div>\n\t\t\t\t<div class=\"elementor-column elementor-col-33 elementor-top-column elementor-element elementor-element-b71abe9\" data-id=\"b71abe9\" data-element_type=\"column\">\n\t\t\t<div class=\"elementor-widget-wrap elementor-element-populated\">\n\t\t\t\t\t\t<div class=\"elementor-element elementor-element-3b2f012 elementor-view-default elementor-position-block-start elementor-mobile-position-block-start elementor-widget elementor-widget-icon-box\" data-id=\"3b2f012\" data-element_type=\"widget\" data-widget_type=\"icon-box.default\">\n\t\t\t\t<div class=\"elementor-widget-container\">\n\t\t\t\t\t\t\t<div class=\"elementor-icon-box-wrapper\">\n\n\t\t\t\t\t\t<div class=\"elementor-icon-box-icon\">\n\t\t\t\t<a href=\"https:\/\/oia.atauni.edu.tr\/new\/farabi-bilgi\" class=\"elementor-icon\" tabindex=\"-1\" aria-label=\"Farabi\">\n\t\t\t\t<i aria-hidden=\"true\" class=\" lab la-jira\"><\/i>\t\t\t\t<\/a>\n\t\t\t<\/div>\n\t\t\t\n\t\t\t\t\t\t<div class=\"elementor-icon-box-content\">\n\n\t\t\t\t\t\t\t\t\t<h3 class=\"elementor-icon-box-title\">\n\t\t\t\t\t\t<a href=\"https:\/\/oia.atauni.edu.tr\/new\/farabi-bilgi\" >\n\t\t\t\t\t\t\tFarabi\t\t\t\t\t\t<\/a>\n\t\t\t\t\t<\/h3>\n\t\t\t\t\n\t\t\t\t\t\t\t\t\t<p class=\"elementor-icon-box-description\">\n\t\t\t\t\t\tYurt i\u00e7inde anla\u015fmal\u0131 olan \u00fcniversitelere \u00f6\u011frenim amac\u0131yla gidebilmenizi sa\u011flayan bir programd\u0131r. Programdan faydaland\u0131\u011f\u0131n\u0131z s\u00fcrece size ayl\u0131k bir miktar \u00f6deme yap\u0131lmaktad\u0131r.\t\t\t\t\t<\/p>\n\t\t\t\t\n\t\t\t<\/div>\n\t\t\t\n\t\t<\/div>\n\t\t\t\t\t\t<\/div>\n\t\t\t\t<\/div>\n\t\t\t\t\t<\/div>\n\t\t<\/div>\n\t\t\t\t<div class=\"elementor-column elementor-col-33 elementor-top-column elementor-element elementor-element-25f0809\" data-id=\"25f0809\" data-element_type=\"column\">\n\t\t\t<div class=\"elementor-widget-wrap elementor-element-populated\">\n\t\t\t\t\t\t<div class=\"elementor-element elementor-element-f24be6d elementor-view-default elementor-position-block-start elementor-mobile-position-block-start elementor-widget elementor-widget-icon-box\" data-id=\"f24be6d\" data-element_type=\"widget\" data-widget_type=\"icon-box.default\">\n\t\t\t\t<div class=\"elementor-widget-container\">\n\t\t\t\t\t\t\t<div class=\"elementor-icon-box-wrapper\">\n\n\t\t\t\t\t\t<div class=\"elementor-icon-box-icon\">\n\t\t\t\t<a href=\"https:\/\/oia.atauni.edu.tr\/new\/mevlana-bilgi\" class=\"elementor-icon\" tabindex=\"-1\" aria-label=\"Mevlana\">\n\t\t\t\t<i aria-hidden=\"true\" class=\"fab fa-jira\"><\/i>\t\t\t\t<\/a>\n\t\t\t<\/div>\n\t\t\t\n\t\t\t\t\t\t<div class=\"elementor-icon-box-content\">\n\n\t\t\t\t\t\t\t\t\t<h3 class=\"elementor-icon-box-title\">\n\t\t\t\t\t\t<a href=\"https:\/\/oia.atauni.edu.tr\/new\/mevlana-bilgi\" >\n\t\t\t\t\t\t\tMevlana\t\t\t\t\t\t<\/a>\n\t\t\t\t\t<\/h3>\n\t\t\t\t\n\t\t\t\t\t\t\t\t\t<p class=\"elementor-icon-box-description\">\n\t\t\t\t\t\tY\u00d6K taraf\u0131ndan belirlenen \u00fclkelere (Avrupa Haricinde) \u00f6\u011frenim amac\u0131yla gidebilmenizi sa\u011flayan bir programd\u0131r. Gidilen \u00fclkeye g\u00f6re size ayl\u0131k bir \u00f6deme yap\u0131lmaktad\u0131r.\t\t\t\t\t<\/p>\n\t\t\t\t\n\t\t\t<\/div>\n\t\t\t\n\t\t<\/div>\n\t\t\t\t\t\t<\/div>\n\t\t\t\t<\/div>\n\t\t\t\t\t<\/div>\n\t\t<\/div>\n\t\t\t\t\t<\/div>\n\t\t<\/section>\n\t\t\t\t<section class=\"elementor-section elementor-top-section elementor-element elementor-element-ccf6cf7 elementor-section-boxed elementor-section-height-default elementor-section-height-default\" data-id=\"ccf6cf7\" data-element_type=\"section\">\n\t\t\t\t\t\t<div class=\"elementor-container elementor-column-gap-default\">\n\t\t\t\t\t<div class=\"elementor-column elementor-col-33 elementor-top-column elementor-element elementor-element-4075e91\" data-id=\"4075e91\" data-element_type=\"column\">\n\t\t\t<div class=\"elementor-widget-wrap elementor-element-populated\">\n\t\t\t\t\t\t<div class=\"elementor-element elementor-element-07024fe elementor-view-default elementor-position-block-start elementor-mobile-position-block-start elementor-widget elementor-widget-icon-box\" data-id=\"07024fe\" data-element_type=\"widget\" data-widget_type=\"icon-box.default\">\n\t\t\t\t<div class=\"elementor-widget-container\">\n\t\t\t\t\t\t\t<div class=\"elementor-icon-box-wrapper\">\n\n\t\t\t\t\t\t<div class=\"elementor-icon-box-icon\">\n\t\t\t\t<a href=\"https:\/\/oia.atauni.edu.tr\/new\/esc-bilgi\" class=\"elementor-icon\" tabindex=\"-1\" aria-label=\"Erasmus ESC\">\n\t\t\t\t<i aria-hidden=\"true\" class=\"fab fa-jira\"><\/i>\t\t\t\t<\/a>\n\t\t\t<\/div>\n\t\t\t\n\t\t\t\t\t\t<div class=\"elementor-icon-box-content\">\n\n\t\t\t\t\t\t\t\t\t<h3 class=\"elementor-icon-box-title\">\n\t\t\t\t\t\t<a href=\"https:\/\/oia.atauni.edu.tr\/new\/esc-bilgi\" >\n\t\t\t\t\t\t\tErasmus ESC\t\t\t\t\t\t<\/a>\n\t\t\t\t\t<\/h3>\n\t\t\t\t\n\t\t\t\t\t\t\t\t\t<p class=\"elementor-icon-box-description\">\n\t\t\t\t\t\t\u00d6\u011frenim amac\u0131yla de\u011fil, ama daha k\u0131sa s\u00fcre g\u00f6n\u00fcll\u00fc projelerde \u00e7al\u0131\u015fmak isteyenler i\u00e7in Avrupa'ya gidebilecekleri e\u011flenceli bir programd\u0131r. ESC (Avrupa G\u00f6n\u00fcll\u00fc Hizmeti) yapt\u0131\u011f\u0131n\u0131z s\u00fcrede sizlere bir miktar har\u00e7l\u0131k \u00f6denmektedir. \t\t\t\t\t<\/p>\n\t\t\t\t\n\t\t\t<\/div>\n\t\t\t\n\t\t<\/div>\n\t\t\t\t\t\t<\/div>\n\t\t\t\t<\/div>\n\t\t\t\t\t<\/div>\n\t\t<\/div>\n\t\t\t\t<div class=\"elementor-column elementor-col-33 elementor-top-column elementor-element elementor-element-88636b6\" data-id=\"88636b6\" data-element_type=\"column\">\n\t\t\t<div class=\"elementor-widget-wrap elementor-element-populated\">\n\t\t\t\t\t\t<div class=\"elementor-element elementor-element-4443227 elementor-view-default elementor-position-block-start elementor-mobile-position-block-start elementor-widget elementor-widget-icon-box\" data-id=\"4443227\" data-element_type=\"widget\" data-widget_type=\"icon-box.default\">\n\t\t\t\t<div class=\"elementor-widget-container\">\n\t\t\t\t\t\t\t<div class=\"elementor-icon-box-wrapper\">\n\n\t\t\t\t\t\t<div class=\"elementor-icon-box-icon\">\n\t\t\t\t<a href=\"https:\/\/oia.atauni.edu.tr\/new\/pax-bilgi\" class=\"elementor-icon\" tabindex=\"-1\" aria-label=\"PAX\">\n\t\t\t\t<i aria-hidden=\"true\" class=\" lab la-jira\"><\/i>\t\t\t\t<\/a>\n\t\t\t<\/div>\n\t\t\t\n\t\t\t\t\t\t<div class=\"elementor-icon-box-content\">\n\n\t\t\t\t\t\t\t\t\t<h3 class=\"elementor-icon-box-title\">\n\t\t\t\t\t\t<a href=\"https:\/\/oia.atauni.edu.tr\/new\/pax-bilgi\" >\n\t\t\t\t\t\t\tPAX\t\t\t\t\t\t<\/a>\n\t\t\t\t\t<\/h3>\n\t\t\t\t\n\t\t\t\t\t\t\t\t\t<p class=\"elementor-icon-box-description\">\n\t\t\t\t\t\tTayvan Ulusal Chung Hsing \u00dcniversitesi'nde burslu olarak bir d\u00f6nem \u00f6\u011frenim g\u00f6rmenizi sa\u011flayan bir programd\u0131r.\t\t\t\t\t<\/p>\n\t\t\t\t\n\t\t\t<\/div>\n\t\t\t\n\t\t<\/div>\n\t\t\t\t\t\t<\/div>\n\t\t\t\t<\/div>\n\t\t\t\t\t<\/div>\n\t\t<\/div>\n\t\t\t\t<div class=\"elementor-column elementor-col-33 elementor-top-column elementor-element elementor-element-7c39a7e\" data-id=\"7c39a7e\" data-element_type=\"column\">\n\t\t\t<div class=\"elementor-widget-wrap elementor-element-populated\">\n\t\t\t\t\t\t<div class=\"elementor-element elementor-element-3cd22e7 elementor-view-default elementor-position-block-start elementor-mobile-position-block-start elementor-widget elementor-widget-icon-box\" data-id=\"3cd22e7\" data-element_type=\"widget\" data-widget_type=\"icon-box.default\">\n\t\t\t\t<div class=\"elementor-widget-container\">\n\t\t\t\t\t\t\t<div class=\"elementor-icon-box-wrapper\">\n\n\t\t\t\t\t\t<div class=\"elementor-icon-box-icon\">\n\t\t\t\t<a href=\"https:\/\/oia.atauni.edu.tr\/new\/orhun-bilgi\" class=\"elementor-icon\" tabindex=\"-1\" aria-label=\"Orhun\">\n\t\t\t\t<i aria-hidden=\"true\" class=\"fab fa-jira\"><\/i>\t\t\t\t<\/a>\n\t\t\t<\/div>\n\t\t\t\n\t\t\t\t\t\t<div class=\"elementor-icon-box-content\">\n\n\t\t\t\t\t\t\t\t\t<h3 class=\"elementor-icon-box-title\">\n\t\t\t\t\t\t<a href=\"https:\/\/oia.atauni.edu.tr\/new\/orhun-bilgi\" >\n\t\t\t\t\t\t\tOrhun\t\t\t\t\t\t<\/a>\n\t\t\t\t\t<\/h3>\n\t\t\t\t\n\t\t\t\t\t\t\t\t\t<p class=\"elementor-icon-box-description\">\n\t\t\t\t\t\tOrhun De\u011fi\u015fim Program\u0131 ile \u00f6\u011frenciler T\u00fcrk Kene\u015fi T\u00fcrk \u00dcniversiteler Birli\u011fi \u00fcyeleri aras\u0131nda imzalanacak protokoller kapsam\u0131nda yap\u0131lan \u00f6\u011frenci ve \u00f6\u011fretim \u00fcyesi de\u011fi\u015fim program\u0131d\u0131r.\t\t\t\t\t<\/p>\n\t\t\t\t\n\t\t\t<\/div>\n\t\t\t\n\t\t<\/div>\n\t\t\t\t\t\t<\/div>\n\t\t\t\t<\/div>\n\t\t\t\t\t<\/div>\n\t\t<\/div>\n\t\t\t\t\t<\/div>\n\t\t<\/section>\n\t\t\t\t<\/div>\n\t\t","protected":false},"excerpt":{"rendered":"<p>Merhaba Sevgili Arkada\u015flar, Hareketlili\u011fe haz\u0131rsan\u0131z, yurt i\u00e7i veya yurt d\u0131\u015f\u0131nda farkl\u0131 yerlerde bir s\u00fcreli\u011fine bulunmak istiyorsan\u0131z do\u011fru yerdesiniz. Arkan\u0131za yaslan\u0131n ve kendiniz i\u00e7in uygun bir hareketlilik program\u0131 bulun.(Programlar hakk\u0131nda detayl\u0131 bilgi almak i\u00e7in a\u015fa\u011f\u0131daki ilgili program\u0131n ba\u015fl\u0131\u011f\u0131na t\u0131klayarak detayl\u0131 bilgi sayfas\u0131na ula\u015fabilirsiniz) Erasmus+ \u00dcniversitemizin anla\u015fmas\u0131 olan Avrupa ve ortak \u00fclkelere hem \u00f6\u011frenim hem de staj [&hellip;]<\/p>\n","protected":false},"author":658,"featured_media":0,"parent":0,"menu_order":0,"comment_status":"closed","ping_status":"closed","template":"","meta":{"footnotes":""},"class_list":["post-1830","page","type-page","status-publish","hentry"],"_links":{"self":[{"href":"https:\/\/atauni.edu.tr\/dis-iliskiler-ofisi\/wp-json\/wp\/v2\/pages\/1830","targetHints":{"allow":["GET"]}}],"collection":[{"href":"https:\/\/atauni.edu.tr\/dis-iliskiler-ofisi\/wp-json\/wp\/v2\/pages"}],"about":[{"href":"https:\/\/atauni.edu.tr\/dis-iliskiler-ofisi\/wp-json\/wp\/v2\/types\/page"}],"author":[{"embeddable":true,"href":"https:\/\/atauni.edu.tr\/dis-iliskiler-ofisi\/wp-json\/wp\/v2\/users\/658"}],"replies":[{"embeddable":true,"href":"https:\/\/atauni.edu.tr\/dis-iliskiler-ofisi\/wp-json\/wp\/v2\/comments?post=1830"}],"version-history":[{"count":0,"href":"https:\/\/atauni.edu.tr\/dis-iliskiler-ofisi\/wp-json\/wp\/v2\/pages\/1830\/revisions"}],"wp:attachment":[{"href":"https:\/\/atauni.edu.tr\/dis-iliskiler-ofisi\/wp-json\/wp\/v2\/media?parent=1830"}],"curies":[{"name":"wp","href":"https:\/\/api.w.org\/{rel}","templated":true}]}}