{"id":1867,"date":"2022-07-04T08:31:35","date_gmt":"2022-07-04T08:31:35","guid":{"rendered":"https:\/\/oia.atauni.edu.tr\/new\/?page_id=1867"},"modified":"2026-02-19T12:57:22","modified_gmt":"2026-02-19T09:57:22","slug":"ofis-bilgi","status":"publish","type":"page","link":"https:\/\/atauni.edu.tr\/dis-iliskiler-ofisi\/ofis-bilgi\/","title":{"rendered":"Ofis Bilgi"},"content":{"rendered":"\t\t<div data-elementor-type=\"wp-page\" data-elementor-id=\"1867\" class=\"elementor elementor-1867\" data-elementor-post-type=\"page\">\n\t\t\t\t\t\t<section class=\"elementor-section elementor-top-section elementor-element elementor-element-c5b6904 elementor-section-boxed elementor-section-height-default elementor-section-height-default\" data-id=\"c5b6904\" data-element_type=\"section\">\n\t\t\t\t\t\t<div class=\"elementor-container elementor-column-gap-default\">\n\t\t\t\t\t<div class=\"elementor-column elementor-col-100 elementor-top-column elementor-element elementor-element-59187fa\" data-id=\"59187fa\" data-element_type=\"column\">\n\t\t\t<div class=\"elementor-widget-wrap elementor-element-populated\">\n\t\t\t\t\t\t<div class=\"elementor-element elementor-element-c4f288b elementor-tabs-view-vertical elementor-widget elementor-widget-tabs\" data-id=\"c4f288b\" data-element_type=\"widget\" data-widget_type=\"tabs.default\">\n\t\t\t\t<div class=\"elementor-widget-container\">\n\t\t\t\t\t\t\t<div class=\"elementor-tabs\">\n\t\t\t<div class=\"elementor-tabs-wrapper\" role=\"tablist\" >\n\t\t\t\t\t\t\t\t\t<div id=\"elementor-tab-title-2061\" class=\"elementor-tab-title elementor-tab-desktop-title\" aria-selected=\"true\" data-tab=\"1\" role=\"tab\" tabindex=\"0\" aria-controls=\"elementor-tab-content-2061\" aria-expanded=\"false\">Y\u00f6netim Kurulu<\/div>\n\t\t\t\t\t\t\t\t\t<div id=\"elementor-tab-title-2062\" class=\"elementor-tab-title elementor-tab-desktop-title\" aria-selected=\"false\" data-tab=\"2\" role=\"tab\" tabindex=\"-1\" aria-controls=\"elementor-tab-content-2062\" aria-expanded=\"false\">Uluslararas\u0131 Dan\u0131\u015fma Kurulu<\/div>\n\t\t\t\t\t\t\t\t\t<div id=\"elementor-tab-title-2063\" class=\"elementor-tab-title elementor-tab-desktop-title\" aria-selected=\"false\" data-tab=\"3\" role=\"tab\" tabindex=\"-1\" aria-controls=\"elementor-tab-content-2063\" aria-expanded=\"false\">Erasmus+ Program\u0131 Se\u00e7im Komisyonu<\/div>\n\t\t\t\t\t\t\t\t\t<div id=\"elementor-tab-title-2064\" class=\"elementor-tab-title elementor-tab-desktop-title\" aria-selected=\"false\" data-tab=\"4\" role=\"tab\" tabindex=\"-1\" aria-controls=\"elementor-tab-content-2064\" aria-expanded=\"false\">Di\u011fer Belge ve Evraklar<\/div>\n\t\t\t\t\t\t\t<\/div>\n\t\t\t<div class=\"elementor-tabs-content-wrapper\" role=\"tablist\" aria-orientation=\"vertical\">\n\t\t\t\t\t\t\t\t\t<div class=\"elementor-tab-title elementor-tab-mobile-title\" aria-selected=\"true\" data-tab=\"1\" role=\"tab\" tabindex=\"0\" aria-controls=\"elementor-tab-content-2061\" aria-expanded=\"false\">Y\u00f6netim Kurulu<\/div>\n\t\t\t\t\t<div id=\"elementor-tab-content-2061\" class=\"elementor-tab-content elementor-clearfix\" data-tab=\"1\" role=\"tabpanel\" aria-labelledby=\"elementor-tab-title-2061\" tabindex=\"0\" hidden=\"false\"><table border=\"1\" cellspacing=\"0\" cellpadding=\"10\">\n<thead>\n<tr>\n<th>G\u00f6rev<\/th>\n<th>\u0130sim<\/th>\n<\/tr>\n<\/thead>\n<tbody>\n<tr>\n<td>Koordinat\u00f6r \/ Ba\u015fkan<\/td>\n<td>Prof. Dr. Selda \u00d6RS CIRIK<\/td>\n<\/tr>\n<tr>\n<td>Y\u00f6netim Kurulu \u00dcyesi<\/td>\n<td>Prof. Dr. Serdar B\u0130LEN<\/td>\n<\/tr>\n<tr>\n<td>Y\u00f6netim Kurulu \u00dcyesi<\/td>\n<td>Prof. Dr. Mehmet MEL\u0130KO\u011eLU<\/td>\n<\/tr>\n<tr>\n<td>Y\u00f6netim Kurulu \u00dcyesi<\/td>\n<td>Prof. Dr. Hayrunnisa NADARO\u011eLU<\/td>\n<\/tr>\n<tr>\n<td>Y\u00f6netim Kurulu \u00dcyesi<\/td>\n<td>Prof. Dr. \u0130smail SE\u00c7ER<\/td>\n<\/tr>\n<tr>\n<td>Y\u00f6netim Kurulu \u00dcyesi<\/td>\n<td>Do\u00e7. Dr. Oktay YA\u011eIZ<\/td>\n<\/tr>\n<tr>\n<td>Y\u00f6netim Kurulu \u00dcyesi<\/td>\n<td>Do\u00e7. Dr. Ali \u00c7a\u011flar G\u00dcLL\u00dcCE<\/td>\n<\/tr>\n<tr>\n<td>Raport\u00f6r<\/td>\n<td>Muhammet \u00c7elebi<\/td>\n<\/tr>\n<\/tbody>\n<\/table><\/div>\n\t\t\t\t\t\t\t\t\t<div class=\"elementor-tab-title elementor-tab-mobile-title\" aria-selected=\"false\" data-tab=\"2\" role=\"tab\" tabindex=\"-1\" aria-controls=\"elementor-tab-content-2062\" aria-expanded=\"false\">Uluslararas\u0131 Dan\u0131\u015fma Kurulu<\/div>\n\t\t\t\t\t<div id=\"elementor-tab-content-2062\" class=\"elementor-tab-content elementor-clearfix\" data-tab=\"2\" role=\"tabpanel\" aria-labelledby=\"elementor-tab-title-2062\" tabindex=\"0\" hidden=\"hidden\"><table data-tablestyle=\"MsoTableGrid\" data-tablelook=\"1184\"><tbody><tr><td data-celllook=\"65536\"><p><b><span data-contrast=\"auto\">ALAN ADI<\/span><\/b><span data-ccp-props=\"{&quot;201341983&quot;:0,&quot;335559740&quot;:259}\">\u00a0<\/span><\/p><p><b><span data-contrast=\"none\">MISSION AREA<\/span><\/b><span data-ccp-props=\"{&quot;201341983&quot;:0,&quot;335559740&quot;:259}\">\u00a0<\/span><\/p><\/td><td data-celllook=\"65536\"><p><b><span data-contrast=\"auto\">AD\/SOYAD \u2013 UNVAN<\/span><\/b><span data-ccp-props=\"{&quot;201341983&quot;:0,&quot;335559740&quot;:259}\">\u00a0<\/span><\/p><p><b><span data-contrast=\"none\">NAME\/SURNAME &#8211; TITLE<\/span><\/b><span data-ccp-props=\"{&quot;201341983&quot;:0,&quot;335559740&quot;:259}\">\u00a0<\/span><\/p><\/td><td data-celllook=\"65536\"><p><b><span data-contrast=\"auto\">\u00dcN\u0130VERS\u0130TE\/KURUM \u2013 KURULU\u015e, \u00dcLKE<\/span><\/b><span data-ccp-props=\"{&quot;201341983&quot;:0,&quot;335559740&quot;:259}\">\u00a0<\/span><\/p><p><b><span data-contrast=\"none\">UNIVERS\u0130TY\/ORGANIZATION, COUNTRY<\/span><\/b><span data-ccp-props=\"{&quot;201341983&quot;:0,&quot;335559740&quot;:259}\">\u00a0<\/span><\/p><\/td><td data-celllook=\"65536\"><p><b><span data-contrast=\"auto\">E-POSTA<\/span><\/b><span data-ccp-props=\"{&quot;201341983&quot;:0,&quot;335559740&quot;:259}\">\u00a0<\/span><\/p><p><b><span data-contrast=\"none\">E-MAIL<\/span><\/b><span data-ccp-props=\"{&quot;201341983&quot;:0,&quot;335559740&quot;:259}\">\u00a0<\/span><\/p><\/td><\/tr><tr><td colspan=\"1\" rowspan=\"3\" data-celllook=\"0\"><p><b><span data-contrast=\"auto\">E\u011e\u0130T\u0130M<\/span><\/b><span data-ccp-props=\"{&quot;201341983&quot;:0,&quot;335559740&quot;:259}\">\u00a0<\/span><\/p><p><b><span data-contrast=\"none\">EDUCATION<\/span><\/b><span data-ccp-props=\"{&quot;201341983&quot;:0,&quot;335559740&quot;:259}\">\u00a0<\/span><\/p><\/td><td data-celllook=\"0\"><p><a href=\"https:\/\/people.uwe.ac.uk\/Person\/MehmetAydin\"><span data-contrast=\"none\">Dr. Mehmet Emin Ayd\u0131n<\/span><\/a><span data-contrast=\"none\">, Assoc. Professor<\/span><span data-ccp-props=\"{&quot;201341983&quot;:0,&quot;335559740&quot;:259}\">\u00a0<\/span><\/p><\/td><td data-celllook=\"0\"><p><span data-contrast=\"none\">University West of Bristol, England<\/span><span data-ccp-props=\"{&quot;201341983&quot;:0,&quot;335559740&quot;:259}\">\u00a0<\/span><\/p><\/td><td data-celllook=\"0\"><p><span data-contrast=\"none\">mehmet.aydin@uwe.ac.uk<\/span><span data-ccp-props=\"{&quot;201341983&quot;:0,&quot;335559740&quot;:259}\">\u00a0<\/span><\/p><\/td><\/tr><tr><td data-celllook=\"0\"><p><a href=\"https:\/\/profile.upm.edu.my\/mrs\/professional.html\"><span data-contrast=\"none\">Dr. Mohd Roslan bin Sulaiman<\/span><\/a><span data-contrast=\"none\">, Professor<\/span><span data-ccp-props=\"{&quot;201341983&quot;:0,&quot;335559740&quot;:259}\">\u00a0<\/span><\/p><\/td><td data-celllook=\"0\"><p><span data-contrast=\"none\">University Putra Malaysia, Malaysia<\/span><span data-ccp-props=\"{&quot;201341983&quot;:0,&quot;335559740&quot;:259}\">\u00a0<\/span><\/p><\/td><td data-celllook=\"0\"><p><span data-contrast=\"none\">mrs@upm.edu.my<\/span><span data-ccp-props=\"{&quot;201341983&quot;:0,&quot;335559740&quot;:259}\">\u00a0<\/span><\/p><\/td><\/tr><tr><td data-celllook=\"0\"><p><a href=\"https:\/\/profile.upm.edu.my\/mrs\/professional.html\"><span data-contrast=\"none\">Dr.\u00a0<\/span> <span data-contrast=\"none\">Saeid Shojaei,\u00a0<\/span><\/a> <span data-contrast=\"auto\">Assoc. Professor<\/span><span data-contrast=\"auto\">\u00a0<\/span><span data-ccp-props=\"{&quot;201341983&quot;:0,&quot;335559740&quot;:259}\">\u00a0<\/span><\/p><\/td><td data-celllook=\"0\"><p><span data-contrast=\"none\">University of Tabriz, Iran<\/span><span data-ccp-props=\"{&quot;201341983&quot;:0,&quot;335559740&quot;:259}\">\u00a0<\/span><\/p><\/td><td data-celllook=\"0\"><p><span data-contrast=\"none\">shojaei.sh@gmail.com<\/span><span data-ccp-props=\"{&quot;201341983&quot;:0,&quot;335559740&quot;:259}\">\u00a0<\/span><\/p><\/td><\/tr><tr><td colspan=\"1\" rowspan=\"2\" data-celllook=\"0\"><p><b><span data-contrast=\"auto\">ARA\u015eTIRMA<\/span><\/b><span data-ccp-props=\"{&quot;201341983&quot;:0,&quot;335559740&quot;:259}\">\u00a0<\/span><\/p><p><b><span data-contrast=\"none\">RESEARCH<\/span><\/b><span data-ccp-props=\"{&quot;201341983&quot;:0,&quot;335559740&quot;:259}\">\u00a0<\/span><\/p><\/td><td data-celllook=\"0\"><p><a href=\"https:\/\/cos.northeastern.edu\/people\/sanjeev-mukerjee\/\"><span data-contrast=\"none\">Dr. Sanjeev Mukerjee<\/span><\/a><span data-contrast=\"none\">, Professor<\/span><span data-ccp-props=\"{&quot;201341983&quot;:0,&quot;335559740&quot;:259}\">\u00a0<\/span><\/p><\/td><td data-celllook=\"0\"><p><span data-contrast=\"none\">Northeastern University, USA<\/span><span data-ccp-props=\"{&quot;201341983&quot;:0,&quot;335559740&quot;:259}\">\u00a0<\/span><\/p><\/td><td data-celllook=\"0\"><p><span data-contrast=\"none\">s.mukerjee@northeastern.edu<\/span><span data-ccp-props=\"{&quot;201341983&quot;:0,&quot;335559740&quot;:259}\">\u00a0<\/span><\/p><\/td><\/tr><tr><td data-celllook=\"0\"><p><a href=\"https:\/\/apps.ualberta.ca\/directory\/person\/bametaj\"><span data-contrast=\"none\">Dr. Burim Ametaj,<\/span><\/a><span data-contrast=\"none\"> Professor<\/span><span data-ccp-props=\"{&quot;201341983&quot;:0,&quot;335559740&quot;:259}\">\u00a0<\/span><\/p><\/td><td data-celllook=\"0\"><p><span data-contrast=\"none\">University of Alberta, Canada<\/span><span data-ccp-props=\"{&quot;201341983&quot;:0,&quot;335559740&quot;:259}\">\u00a0<\/span><\/p><\/td><td data-celllook=\"0\"><p><span data-contrast=\"none\">bametaj@ualberta.ca<\/span><span data-ccp-props=\"{&quot;201341983&quot;:0,&quot;335559740&quot;:259}\">\u00a0<\/span><\/p><\/td><\/tr><tr><td colspan=\"1\" rowspan=\"2\" data-celllook=\"0\"><p><b><span data-contrast=\"auto\">TOPLUMA KATKI<\/span><\/b><span data-ccp-props=\"{&quot;201341983&quot;:0,&quot;335559740&quot;:259}\">\u00a0<\/span><\/p><p><b><span data-contrast=\"none\">SOCIETAL CONTRIBUTION<\/span><\/b><span data-ccp-props=\"{&quot;201341983&quot;:0,&quot;335559740&quot;:259}\">\u00a0<\/span><\/p><\/td><td data-celllook=\"0\"><p><a href=\"https:\/\/amu.edu.az\/news\/3726\/speaker-of-icme-2023-garay-garaybayli\"><span data-contrast=\"none\">Dr. Garay Garaybayli<\/span><\/a><span data-contrast=\"none\">, Professor<\/span><span data-ccp-props=\"{&quot;201341983&quot;:0,&quot;335559740&quot;:259}\">\u00a0<\/span><\/p><\/td><td data-celllook=\"0\"><p><span data-contrast=\"none\">Azerbaijan Medical University, Azerbaijan<\/span><span data-ccp-props=\"{&quot;201341983&quot;:0,&quot;335559740&quot;:259}\">\u00a0<\/span><\/p><\/td><td data-celllook=\"0\"><p><span data-contrast=\"none\">mushfig.orujov@amu.edu.az<\/span><span data-ccp-props=\"{&quot;201341983&quot;:0,&quot;335559740&quot;:259}\">\u00a0<\/span><\/p><\/td><\/tr><tr><td data-celllook=\"0\"><p><a href=\"https:\/\/chemiedidaktik.uni-bremen.de\/mitarbeiter\/ingo-eilks\/\"><span data-contrast=\"none\">Dr. Ingo Eilks<\/span><\/a><span data-contrast=\"none\">, Professor<\/span><span data-ccp-props=\"{&quot;201341983&quot;:0,&quot;335559740&quot;:259}\">\u00a0<\/span><\/p><\/td><td data-celllook=\"0\"><p><span data-contrast=\"none\">University of Bremen, Germany<\/span><span data-ccp-props=\"{&quot;201341983&quot;:0,&quot;335559740&quot;:259}\">\u00a0<\/span><\/p><\/td><td data-celllook=\"0\"><p><span data-contrast=\"none\">ingo.eilks@uni-bremen.de<\/span><span data-ccp-props=\"{&quot;201341983&quot;:0,&quot;335559740&quot;:259}\">\u00a0<\/span><\/p><\/td><\/tr><tr><td colspan=\"1\" rowspan=\"2\" data-celllook=\"0\"><p><b><span data-contrast=\"auto\">ARA\u015eTIRMA \u2013 TOPLUMA KATKI<\/span><\/b><span data-ccp-props=\"{&quot;201341983&quot;:0,&quot;335559740&quot;:259}\">\u00a0<\/span><\/p><p><b><span data-contrast=\"none\">RESEARCH-SOCIETAL CONTRIBUTION<\/span><\/b><span data-ccp-props=\"{&quot;201341983&quot;:0,&quot;335559740&quot;:259}\">\u00a0<\/span><\/p><\/td><td data-celllook=\"0\"><p><a href=\"https:\/\/pure.sruc.ac.uk\/en\/persons\/richard-dewhurst\"><span data-contrast=\"none\">Dr. Richard Dewhurst<\/span><\/a><span data-contrast=\"none\">, Professor<\/span><span data-ccp-props=\"{&quot;201341983&quot;:0,&quot;335559740&quot;:259}\">\u00a0<\/span><\/p><\/td><td data-celllook=\"0\"><p><span data-contrast=\"none\">SRUC (Scotland&#8217;s Rural College), Scotland<\/span><span data-ccp-props=\"{&quot;201341983&quot;:0,&quot;335559740&quot;:259}\">\u00a0<\/span><\/p><\/td><td data-celllook=\"0\"><p><span data-contrast=\"none\">richard.dewhurst@sruc.ac.uk<\/span><span data-ccp-props=\"{&quot;201341983&quot;:0,&quot;335559740&quot;:259}\">\u00a0<\/span><\/p><\/td><\/tr><tr><td data-celllook=\"0\"><p><a href=\"https:\/\/bestlaboratory.wixsite.com\/best\/professor\"><span data-contrast=\"none\">Dr. Tae-Hyung Kim<\/span><\/a><span data-contrast=\"none\">, Assoc. Professor<\/span><span data-ccp-props=\"{&quot;201341983&quot;:0,&quot;335559740&quot;:259}\">\u00a0<\/span><\/p><\/td><td data-celllook=\"0\"><p><span data-contrast=\"none\">Chung-Ang University, South Korea<\/span><span data-ccp-props=\"{&quot;201341983&quot;:0,&quot;335559740&quot;:259}\">\u00a0<\/span><\/p><\/td><td data-celllook=\"0\"><p><span data-contrast=\"none\">thkim0512@ca.ac.kr thkim0512@gmail.com<\/span><span data-ccp-props=\"{&quot;201341983&quot;:0,&quot;335559740&quot;:259}\">\u00a0<\/span><\/p><\/td><\/tr><tr><td colspan=\"1\" rowspan=\"3\" data-celllook=\"0\"><p><b><span data-contrast=\"auto\">E\u011e\u0130T\u0130M-ARA\u015eTIRMA-TOPLUMA KATKI<\/span><\/b><span data-ccp-props=\"{&quot;201341983&quot;:0,&quot;335559740&quot;:259}\">\u00a0<\/span><\/p><p><b><span data-contrast=\"none\">EDUCATION-RESEARCH-SOCIETAL CONTRIBUTION<\/span><\/b><span data-ccp-props=\"{&quot;201341983&quot;:0,&quot;335559740&quot;:259}\">\u00a0<\/span><\/p><\/td><td data-celllook=\"0\"><p><a href=\"https:\/\/ge.linkedin.com\/in\/irina-shotadze-76943311a\"><span data-contrast=\"none\">Dr. Irina Shotadze<\/span><\/a><span data-contrast=\"none\">, Professor<\/span><span data-ccp-props=\"{&quot;201341983&quot;:0,&quot;335559740&quot;:259}\">\u00a0<\/span><\/p><\/td><td data-celllook=\"0\"><p><span data-contrast=\"none\">Petre Shotadze Tbilisi Medical Academy, Georgia<\/span><span data-ccp-props=\"{&quot;201341983&quot;:0,&quot;335559740&quot;:259}\">\u00a0<\/span><\/p><\/td><td data-celllook=\"0\"><p><span data-contrast=\"none\">international@tma.edu.ge<\/span><span data-ccp-props=\"{&quot;201341983&quot;:0,&quot;335559740&quot;:259}\">\u00a0<\/span><\/p><\/td><\/tr><tr><td data-celllook=\"0\"><p><a href=\"https:\/\/fr.linkedin.com\/in\/sevser-sahpaz-b1a10223\"><span data-contrast=\"none\">Dr. Sevser Sahpaz<\/span><\/a><span data-contrast=\"none\">, Professor<\/span><span data-ccp-props=\"{&quot;201341983&quot;:0,&quot;335559740&quot;:259}\">\u00a0<\/span><\/p><\/td><td data-celllook=\"0\"><p><span data-contrast=\"none\">Lille University, France<\/span><span data-ccp-props=\"{&quot;201341983&quot;:0,&quot;335559740&quot;:259}\">\u00a0<\/span><\/p><\/td><td data-celllook=\"0\"><p><span data-contrast=\"none\">sevser.sahpaz@univ-lille.fr<\/span><span data-ccp-props=\"{&quot;201341983&quot;:0,&quot;335559740&quot;:259}\">\u00a0<\/span><\/p><\/td><\/tr><tr><td data-celllook=\"0\"><p><a href=\"https:\/\/cvnet.cpd.ua.es\/curriculum-breve\/es\/garcia-martinez-javier\/11486\"><span data-contrast=\"none\">Dr. Javier Garcia Martinez<\/span><\/a><span data-contrast=\"none\">, Professor<\/span><span data-ccp-props=\"{&quot;201341983&quot;:0,&quot;335559740&quot;:259}\">\u00a0<\/span><\/p><\/td><td data-celllook=\"0\"><p><span data-contrast=\"auto\">Alicante University, Spain<\/span><span data-ccp-props=\"{&quot;201341983&quot;:0,&quot;335559740&quot;:259}\">\u00a0<\/span><\/p><\/td><td data-celllook=\"0\"><p><span data-contrast=\"none\">j.garcia@ua.es<\/span><span data-ccp-props=\"{&quot;201341983&quot;:0,&quot;335559740&quot;:259}\">\u00a0<\/span><\/p><\/td><\/tr><\/tbody><\/table><\/div>\n\t\t\t\t\t\t\t\t\t<div class=\"elementor-tab-title elementor-tab-mobile-title\" aria-selected=\"false\" data-tab=\"3\" role=\"tab\" tabindex=\"-1\" aria-controls=\"elementor-tab-content-2063\" aria-expanded=\"false\">Erasmus+ Program\u0131 Se\u00e7im Komisyonu<\/div>\n\t\t\t\t\t<div id=\"elementor-tab-content-2063\" class=\"elementor-tab-content elementor-clearfix\" data-tab=\"3\" role=\"tabpanel\" aria-labelledby=\"elementor-tab-title-2063\" tabindex=\"0\" hidden=\"hidden\"><p>\u00a0<\/p><table><tbody><tr><td width=\"302\"><strong>Unvan\u0131 \/ Ad\u0131 Soyad\u0131<\/strong><\/td><td width=\"302\"><strong>G\u00f6revi<\/strong><\/td><\/tr><tr><td width=\"302\">Do\u00e7. Dr. Oktay YA\u011eIZ<\/td><td width=\"302\">Ba\u015fkan<\/td><\/tr><tr><td width=\"302\">Do\u00e7. Dr. Ceyhun OZAN<\/td><td width=\"302\">Asil \u00dcye<\/td><\/tr><tr><td width=\"302\">Do\u00e7. Dr. \u015e\u00fckran EFE<\/td><td width=\"302\">Asil \u00dcye<\/td><\/tr><tr><td width=\"302\">Do\u00e7. Dr. Ezgi \u00d6ren<\/td><td width=\"302\">Asil \u00dcye<\/td><\/tr><tr><td width=\"302\">Dr. \u00d6\u011fr. \u00dcyesi Esin KAVURAN<\/td><td width=\"302\">Yedek \u00dcye<\/td><\/tr><tr><td width=\"302\">Dr. \u00d6\u011fr. \u00dcyesi Mehmet Akif NAS<\/td><td width=\"302\">Yedek \u00dcye<\/td><\/tr><\/tbody><\/table><\/div>\n\t\t\t\t\t\t\t\t\t<div class=\"elementor-tab-title elementor-tab-mobile-title\" aria-selected=\"false\" data-tab=\"4\" role=\"tab\" tabindex=\"-1\" aria-controls=\"elementor-tab-content-2064\" aria-expanded=\"false\">Di\u011fer Belge ve Evraklar<\/div>\n\t\t\t\t\t<div id=\"elementor-tab-content-2064\" class=\"elementor-tab-content elementor-clearfix\" data-tab=\"4\" role=\"tabpanel\" aria-labelledby=\"elementor-tab-title-2064\" tabindex=\"0\" hidden=\"hidden\"><ul><li>Atat\u00fcrk \u00dcniversitesi Uluslararas\u0131la\u015fma Stratejisi ve Eylem Plan\u0131 2024-2028 i\u00e7in <a href=\"https:\/\/oia.atauni.edu.tr\/new\/wp-content\/uploads\/2024\/02\/Uluslararasilasma-Stratejisi-ve-Eylem-Plani-2024-2028.pdf\" target=\"_blank\" rel=\"noopener\">t\u0131klay\u0131n\u0131z.<\/a><\/li><li>De\u011fi\u015fim Programlar\u0131 Uygulama Esaslar\u0131 i\u00e7in <a href=\"https:\/\/oia.atauni.edu.tr\/new\/wp-content\/uploads\/2024\/02\/Ogrenci-Degisim-Programlari-Uygulama-Esaslari-1.pdf\" target=\"_blank\" rel=\"noopener\">t\u0131klay\u0131n\u0131z.<\/a><\/li><li>Atat\u00fcrk \u00dcniversitesi tan\u0131t\u0131m sunumunu g\u00f6r\u00fcnt\u00fclemek i\u00e7in <a href=\"https:\/\/www.canva.com\/design\/DAHAL-L7EmA\/W4beQtJyomf0iZib4lQkFw\/view?utm_content=DAHAL-L7EmA&amp;utm_campaign=designshare&amp;utm_medium=link2&amp;utm_source=uniquelinks&amp;utlId=ha06a1de6a9#1\">t\u0131klay\u0131n\u0131z.<\/a> Sunumu indirmek i\u00e7in <a href=\"https:\/\/atauni.edu.tr\/dis-iliskiler-ofisi\/wp-content\/uploads\/sites\/810\/2026\/02\/ATAUNI-PRESENTATION.pptx\">t\u0131klay\u0131n\u0131z.<\/a><\/li><\/ul><\/div>\n\t\t\t\t\t\t\t<\/div>\n\t\t<\/div>\n\t\t\t\t\t\t<\/div>\n\t\t\t\t<\/div>\n\t\t\t\t\t<\/div>\n\t\t<\/div>\n\t\t\t\t\t<\/div>\n\t\t<\/section>\n\t\t\t\t<\/div>\n\t\t","protected":false},"excerpt":{"rendered":"<p>Y\u00f6netim Kurulu Uluslararas\u0131 Dan\u0131\u015fma Kurulu Erasmus+ Program\u0131 Se\u00e7im Komisyonu Di\u011fer Belge ve Evraklar Y\u00f6netim Kurulu G\u00f6rev \u0130sim Koordinat\u00f6r \/ Ba\u015fkan Prof. Dr. Selda \u00d6RS CIRIK Y\u00f6netim Kurulu \u00dcyesi Prof. Dr. Serdar B\u0130LEN Y\u00f6netim Kurulu \u00dcyesi Prof. Dr. Mehmet MEL\u0130KO\u011eLU Y\u00f6netim Kurulu \u00dcyesi Prof. Dr. Hayrunnisa NADARO\u011eLU Y\u00f6netim Kurulu \u00dcyesi Prof. Dr. \u0130smail SE\u00c7ER Y\u00f6netim Kurulu [&hellip;]<\/p>\n","protected":false},"author":658,"featured_media":0,"parent":0,"menu_order":0,"comment_status":"closed","ping_status":"closed","template":"","meta":{"footnotes":""},"class_list":["post-1867","page","type-page","status-publish","hentry"],"_links":{"self":[{"href":"https:\/\/atauni.edu.tr\/dis-iliskiler-ofisi\/wp-json\/wp\/v2\/pages\/1867","targetHints":{"allow":["GET"]}}],"collection":[{"href":"https:\/\/atauni.edu.tr\/dis-iliskiler-ofisi\/wp-json\/wp\/v2\/pages"}],"about":[{"href":"https:\/\/atauni.edu.tr\/dis-iliskiler-ofisi\/wp-json\/wp\/v2\/types\/page"}],"author":[{"embeddable":true,"href":"https:\/\/atauni.edu.tr\/dis-iliskiler-ofisi\/wp-json\/wp\/v2\/users\/658"}],"replies":[{"embeddable":true,"href":"https:\/\/atauni.edu.tr\/dis-iliskiler-ofisi\/wp-json\/wp\/v2\/comments?post=1867"}],"version-history":[{"count":24,"href":"https:\/\/atauni.edu.tr\/dis-iliskiler-ofisi\/wp-json\/wp\/v2\/pages\/1867\/revisions"}],"predecessor-version":[{"id":11959,"href":"https:\/\/atauni.edu.tr\/dis-iliskiler-ofisi\/wp-json\/wp\/v2\/pages\/1867\/revisions\/11959"}],"wp:attachment":[{"href":"https:\/\/atauni.edu.tr\/dis-iliskiler-ofisi\/wp-json\/wp\/v2\/media?parent=1867"}],"curies":[{"name":"wp","href":"https:\/\/api.w.org\/{rel}","templated":true}]}}