{"id":8766,"date":"2025-05-05T15:00:15","date_gmt":"2025-05-05T12:00:15","guid":{"rendered":"https:\/\/birimler.atauni.edu.tr\/dis-iliskiler-ofisi\/?page_id=8766"},"modified":"2025-05-05T15:03:07","modified_gmt":"2025-05-05T12:03:07","slug":"duyurular","status":"publish","type":"page","link":"https:\/\/atauni.edu.tr\/dis-iliskiler-ofisi\/duyurular\/","title":{"rendered":"Duyurular"},"content":{"rendered":"\t\t<div data-elementor-type=\"wp-page\" data-elementor-id=\"8766\" class=\"elementor elementor-8766\" data-elementor-post-type=\"page\">\n\t\t\t\t\t\t<section class=\"elementor-section elementor-top-section elementor-element elementor-element-7b33933 elementor-section-boxed elementor-section-height-default elementor-section-height-default\" data-id=\"7b33933\" data-element_type=\"section\">\n\t\t\t\t\t\t<div class=\"elementor-container elementor-column-gap-default\">\n\t\t\t\t\t<div class=\"elementor-column elementor-col-100 elementor-top-column elementor-element elementor-element-ba1cf5f\" data-id=\"ba1cf5f\" data-element_type=\"column\">\n\t\t\t<div class=\"elementor-widget-wrap elementor-element-populated\">\n\t\t\t\t\t\t<div class=\"elementor-element elementor-element-c7f3762 elementor-widget elementor-widget-shortcode\" data-id=\"c7f3762\" data-element_type=\"widget\" data-widget_type=\"shortcode.default\">\n\t\t\t\t<div class=\"elementor-widget-container\">\n\t\t\t\t\t\t\t<div class=\"elementor-shortcode\"><form method=\"get\" class=\"row g-3\" style=\"margin-bottom: 20px;\"><div class=\"col-md-3\"><input type=\"text\" name=\"Duyuru_ara\" class=\"form-control\" placeholder=\"Duyuru ara...\" value=\"\"><\/div><div class=\"col-md-3\"><input type=\"date\" name=\"baslangic_tarihi\" class=\"form-control\" value=\"\"><\/div><div class=\"col-md-3\"><input type=\"date\" name=\"bitis_tarihi\" class=\"form-control\" value=\"\"><\/div><div class=\"col-md-3\"><button type=\"submit\" class=\"btn btn-secondary w-50\">Filtrele<\/button><\/div><\/form><ul class=\"kategori-yazilari-liste\"><li style=\"display: flex; margin-bottom: 10px; align-items: center;\"><div class=\"post-content\" style=\"flex-grow: 1;\"><span class=\"post-date Duyurutarih\" style=\"display: block; font-weight: bold; margin-bottom: 5px;\">3 Nisan 2026<\/span><a class=\"Duyurubaslik\" href=\"https:\/\/atauni.edu.tr\/dis-iliskiler-ofisi\/erasmus-2024-yili-ka131-2024-1-tr01-ka131-hed-000219313-projesi-personel-egitim-alma-hareketliligi-ilani-2\/\">Erasmus+ 2024 Y\u0131l\u0131 KA131 (2024-1-TR01-KA131-HED-000219313) Projesi Personel E\u011fitim Alma Hareketlili\u011fi \u0130lan\u0131<\/a><\/div><\/li><li style=\"display: flex; margin-bottom: 10px; align-items: center;\"><div class=\"post-content\" style=\"flex-grow: 1;\"><span class=\"post-date Duyurutarih\" style=\"display: block; font-weight: bold; margin-bottom: 5px;\">3 Nisan 2026<\/span><a class=\"Duyurubaslik\" href=\"https:\/\/atauni.edu.tr\/dis-iliskiler-ofisi\/erasmus-programi-2024-yili-2024-1-tr01-ka131-hed-000220582-hucresel-tedaviler-yuksekogretim-hareketlilik-konsorsiyumu-personel-egitim-alma-hareketliligi-basvurulari\/\">Erasmus+ Program\u0131 2024 Y\u0131l\u0131 (2024-1-TR01-KA131-HED-000220582) H\u00fccresel Tedaviler Y\u00fcksek\u00f6\u011fretim Hareketlilik Konsorsiyumu Personel E\u011fitim Alma Hareketlili\u011fi Ba\u015fvurular\u0131<\/a><\/div><\/li><li style=\"display: flex; margin-bottom: 10px; align-items: center;\"><div class=\"post-content\" style=\"flex-grow: 1;\"><span class=\"post-date Duyurutarih\" style=\"display: block; font-weight: bold; margin-bottom: 5px;\">3 Nisan 2026<\/span><a class=\"Duyurubaslik\" href=\"https:\/\/atauni.edu.tr\/dis-iliskiler-ofisi\/erasmus-programi-2024-yili-2024-1-tr01-ka131-hed-000220582-hucresel-tedaviler-yuksekogretim-hareketlilik-konsorsiyumu-kisa-sureli-doktora-staj-hareketliligi-basvurulari\/\">Erasmus+ Program\u0131 2024 Y\u0131l\u0131 (2024-1-TR01-KA131-HED-000220582) H\u00fccresel Tedaviler Y\u00fcksek\u00f6\u011fretim Hareketlilik Konsorsiyumu K\u0131sa S\u00fcreli Doktora Staj Hareketlili\u011fi Ba\u015fvurular\u0131<\/a><\/div><\/li><li style=\"display: flex; margin-bottom: 10px; align-items: center;\"><div class=\"post-content\" style=\"flex-grow: 1;\"><span class=\"post-date Duyurutarih\" style=\"display: block; font-weight: bold; margin-bottom: 5px;\">25 Mart 2026<\/span><a class=\"Duyurubaslik\" href=\"https:\/\/atauni.edu.tr\/dis-iliskiler-ofisi\/erasmus-programi-2026-2027-akademik-yili-ogrenci-hareketlilikleri-basvurulari-egitim-bilgisi-guncelleme\/\">Erasmus+ Program\u0131 2026-2027 Akademik Y\u0131l\u0131 \u00d6\u011frenci Hareketlilikleri Ba\u015fvurular\u0131 E\u011fitim Bilgisi G\u00fcncelleme<\/a><\/div><\/li><li style=\"display: flex; margin-bottom: 10px; align-items: center;\"><div class=\"post-content\" style=\"flex-grow: 1;\"><span class=\"post-date Duyurutarih\" style=\"display: block; font-weight: bold; margin-bottom: 5px;\">24 Mart 2026<\/span><a class=\"Duyurubaslik\" href=\"https:\/\/atauni.edu.tr\/dis-iliskiler-ofisi\/erasmus-programi-2025-yili-ka131-projesi-2026-2027-akademik-yili-staj-hareketliligi-basvurulari\/\">Erasmus+ Program\u0131 2025 Y\u0131l\u0131 KA131 Projesi 2026-2027 Akademik Y\u0131l\u0131 Staj Hareketlili\u011fi Ba\u015fvurular\u0131<\/a><\/div><\/li><li style=\"display: flex; margin-bottom: 10px; align-items: center;\"><div class=\"post-content\" style=\"flex-grow: 1;\"><span class=\"post-date Duyurutarih\" style=\"display: block; font-weight: bold; margin-bottom: 5px;\">24 Mart 2026<\/span><a class=\"Duyurubaslik\" href=\"https:\/\/atauni.edu.tr\/dis-iliskiler-ofisi\/erasmus-programi-2025-yili-ka131-projesi-2026-2027-akademik-yili-kisa-sureli-doktora-staj-hareketliligi-basvurulari\/\">Erasmus+ Program\u0131 2025 Y\u0131l\u0131 KA131 Projesi 2026-2027 Akademik Y\u0131l\u0131 K\u0131sa S\u00fcreli Doktora Staj Hareketlili\u011fi Ba\u015fvurular\u0131<\/a><\/div><\/li><li style=\"display: flex; margin-bottom: 10px; align-items: center;\"><div class=\"post-content\" style=\"flex-grow: 1;\"><span class=\"post-date Duyurutarih\" style=\"display: block; font-weight: bold; margin-bottom: 5px;\">24 Mart 2026<\/span><a class=\"Duyurubaslik\" href=\"https:\/\/atauni.edu.tr\/dis-iliskiler-ofisi\/erasmus-programi-2026-yili-ka131-ve-2024-2025-yillari-ka171-projeleri-2026-2027-akademik-yili-ogrenim-hareketliligi-basvurulari\/\">Erasmus+ Program\u0131 2026 Y\u0131l\u0131 KA131 ve 2024-2025 Y\u0131llar\u0131 KA171 Projeleri 2026-2027 Akademik Y\u0131l\u0131 \u00d6\u011frenim Hareketlili\u011fi Ba\u015fvurular\u0131<\/a><\/div><\/li><li style=\"display: flex; margin-bottom: 10px; align-items: center;\"><div class=\"post-content\" style=\"flex-grow: 1;\"><span class=\"post-date Duyurutarih\" style=\"display: block; font-weight: bold; margin-bottom: 5px;\">17 Mart 2026<\/span><a class=\"Duyurubaslik\" href=\"https:\/\/atauni.edu.tr\/dis-iliskiler-ofisi\/erasmus-programi-2025-2026-ka131-ve-2024-2025-yili-ka171-projeleri-2026-2027-akademik-yili-dil-sinavlari-sonuclari\/\">Erasmus+ Program\u0131 2025-2026 KA131 ve 2024-2025 y\u0131l\u0131 KA171 Projeleri 2026-2027 Akademik Y\u0131l\u0131 Dil S\u0131navlar\u0131 Sonu\u00e7lar\u0131\u00a0<\/a><\/div><\/li><li style=\"display: flex; margin-bottom: 10px; align-items: center;\"><div class=\"post-content\" style=\"flex-grow: 1;\"><span class=\"post-date Duyurutarih\" style=\"display: block; font-weight: bold; margin-bottom: 5px;\">9 Mart 2026<\/span><a class=\"Duyurubaslik\" href=\"https:\/\/atauni.edu.tr\/dis-iliskiler-ofisi\/erasmus-programi-2025-2026-ka131-ve-2024-2025-yili-ka171-projeleri-2026-2027-akademik-yili-dil-sinavlari-detaylari\/\">Erasmus+ Program\u0131 2025-2026 KA131 ve 2024-2025 y\u0131l\u0131 KA171 Projeleri 2026-2027 Akademik Y\u0131l\u0131 Dil S\u0131navlar\u0131 Detaylar\u0131<\/a><\/div><\/li><li style=\"display: flex; margin-bottom: 10px; align-items: center;\"><div class=\"post-content\" style=\"flex-grow: 1;\"><span class=\"post-date Duyurutarih\" style=\"display: block; font-weight: bold; margin-bottom: 5px;\">3 Mart 2026<\/span><a class=\"Duyurubaslik\" href=\"https:\/\/atauni.edu.tr\/dis-iliskiler-ofisi\/orhun-degisim-programi-basvurulari-basladi\/\">ORHUN De\u011fi\u015fim Program\u0131 Ba\u015fvurular\u0131 Ba\u015flad\u0131<\/a><\/div><\/li><\/ul><nav class=\"pagination\" style=\"margin-top: 20px;\"><ul class='page-numbers'>\n\t<li><span aria-current=\"page\" class=\"page-numbers current\">1<\/span><\/li>\n\t<li><a class=\"page-numbers\" href=\"https:\/\/atauni.edu.tr\/dis-iliskiler-ofisi\/wp-json\/wp\/v2\/pages\/8766\/page\/2\/\">2<\/a><\/li>\n\t<li><a class=\"page-numbers\" href=\"https:\/\/atauni.edu.tr\/dis-iliskiler-ofisi\/wp-json\/wp\/v2\/pages\/8766\/page\/3\/\">3<\/a><\/li>\n\t<li><span class=\"page-numbers dots\">&hellip;<\/span><\/li>\n\t<li><a class=\"page-numbers\" href=\"https:\/\/atauni.edu.tr\/dis-iliskiler-ofisi\/wp-json\/wp\/v2\/pages\/8766\/page\/43\/\">43<\/a><\/li>\n\t<li><a class=\"next page-numbers\" href=\"https:\/\/atauni.edu.tr\/dis-iliskiler-ofisi\/wp-json\/wp\/v2\/pages\/8766\/page\/2\/\">Sonraki &raquo;<\/a><\/li>\n<\/ul>\n<\/nav><\/div>\n\t\t\t\t\t\t<\/div>\n\t\t\t\t<\/div>\n\t\t\t\t\t<\/div>\n\t\t<\/div>\n\t\t\t\t\t<\/div>\n\t\t<\/section>\n\t\t\t\t<\/div>\n\t\t","protected":false},"excerpt":{"rendered":"","protected":false},"author":8,"featured_media":0,"parent":0,"menu_order":0,"comment_status":"closed","ping_status":"closed","template":"","meta":{"footnotes":""},"class_list":["post-8766","page","type-page","status-publish","hentry"],"_links":{"self":[{"href":"https:\/\/atauni.edu.tr\/dis-iliskiler-ofisi\/wp-json\/wp\/v2\/pages\/8766","targetHints":{"allow":["GET"]}}],"collection":[{"href":"https:\/\/atauni.edu.tr\/dis-iliskiler-ofisi\/wp-json\/wp\/v2\/pages"}],"about":[{"href":"https:\/\/atauni.edu.tr\/dis-iliskiler-ofisi\/wp-json\/wp\/v2\/types\/page"}],"author":[{"embeddable":true,"href":"https:\/\/atauni.edu.tr\/dis-iliskiler-ofisi\/wp-json\/wp\/v2\/users\/8"}],"replies":[{"embeddable":true,"href":"https:\/\/atauni.edu.tr\/dis-iliskiler-ofisi\/wp-json\/wp\/v2\/comments?post=8766"}],"version-history":[{"count":4,"href":"https:\/\/atauni.edu.tr\/dis-iliskiler-ofisi\/wp-json\/wp\/v2\/pages\/8766\/revisions"}],"predecessor-version":[{"id":8770,"href":"https:\/\/atauni.edu.tr\/dis-iliskiler-ofisi\/wp-json\/wp\/v2\/pages\/8766\/revisions\/8770"}],"wp:attachment":[{"href":"https:\/\/atauni.edu.tr\/dis-iliskiler-ofisi\/wp-json\/wp\/v2\/media?parent=8766"}],"curies":[{"name":"wp","href":"https:\/\/api.w.org\/{rel}","templated":true}]}}