{"id":5638,"date":"2021-07-13T09:49:25","date_gmt":"2021-07-13T06:49:25","guid":{"rendered":"https:\/\/portaltest.atauni.edu.tr\/bilgisayar-muhendisligi\/?page_id=5638"},"modified":"2021-09-13T10:21:35","modified_gmt":"2021-09-13T07:21:35","slug":"tarihce","status":"publish","type":"page","link":"https:\/\/atauni.edu.tr\/dis-ticaret-bolumu\/tarihce\/","title":{"rendered":"Tarih\u00e7e"},"content":{"rendered":"\t\t<div data-elementor-type=\"wp-page\" data-elementor-id=\"5638\" class=\"elementor elementor-5638\" data-elementor-post-type=\"page\">\n\t\t\t\t\t\t<section class=\"elementor-section elementor-top-section elementor-element elementor-element-730d320 elementor-section-boxed elementor-section-height-default elementor-section-height-default\" data-id=\"730d320\" data-element_type=\"section\">\n\t\t\t\t\t\t<div class=\"elementor-container elementor-column-gap-default\">\n\t\t\t\t\t<div class=\"elementor-column elementor-col-100 elementor-top-column elementor-element elementor-element-753d0860\" data-id=\"753d0860\" data-element_type=\"column\">\n\t\t\t<div class=\"elementor-widget-wrap\">\n\t\t\t\t\t\t\t<\/div>\n\t\t<\/div>\n\t\t\t\t\t<\/div>\n\t\t<\/section>\n\t\t\t\t<section class=\"elementor-section elementor-top-section elementor-element elementor-element-9be811a elementor-section-boxed elementor-section-height-default elementor-section-height-default\" data-id=\"9be811a\" data-element_type=\"section\">\n\t\t\t\t\t\t<div class=\"elementor-container elementor-column-gap-default\">\n\t\t\t\t\t<div class=\"elementor-column elementor-col-100 elementor-top-column elementor-element elementor-element-1ed847b7\" data-id=\"1ed847b7\" data-element_type=\"column\">\n\t\t\t<div class=\"elementor-widget-wrap elementor-element-populated\">\n\t\t\t\t\t\t<div class=\"elementor-element elementor-element-4ce0d07f elementor-widget elementor-widget-heading\" data-id=\"4ce0d07f\" data-element_type=\"widget\" data-widget_type=\"heading.default\">\n\t\t\t\t<div class=\"elementor-widget-container\">\n\t\t\t\t\t<h2 class=\"elementor-heading-title elementor-size-default\">Tarih\u00e7e<\/h2>\t\t\t\t<\/div>\n\t\t\t\t<\/div>\n\t\t\t\t<div class=\"elementor-element elementor-element-63260862 elementor-widget-divider--view-line elementor-widget elementor-widget-divider\" data-id=\"63260862\" data-element_type=\"widget\" data-widget_type=\"divider.default\">\n\t\t\t\t<div class=\"elementor-widget-container\">\n\t\t\t\t\t\t\t<div class=\"elementor-divider\">\n\t\t\t<span class=\"elementor-divider-separator\">\n\t\t\t\t\t\t<\/span>\n\t\t<\/div>\n\t\t\t\t\t\t<\/div>\n\t\t\t\t<\/div>\n\t\t\t\t\t<\/div>\n\t\t<\/div>\n\t\t\t\t\t<\/div>\n\t\t<\/section>\n\t\t\t\t<section class=\"elementor-section elementor-top-section elementor-element elementor-element-681db8b elementor-section-boxed elementor-section-height-default elementor-section-height-default\" data-id=\"681db8b\" data-element_type=\"section\">\n\t\t\t\t\t\t<div class=\"elementor-container elementor-column-gap-default\">\n\t\t\t\t\t<div class=\"elementor-column elementor-col-100 elementor-top-column elementor-element elementor-element-ad4dac5\" data-id=\"ad4dac5\" data-element_type=\"column\">\n\t\t\t<div class=\"elementor-widget-wrap elementor-element-populated\">\n\t\t\t\t\t\t<div class=\"elementor-element elementor-element-2f96b3d elementor-widget elementor-widget-text-editor\" data-id=\"2f96b3d\" data-element_type=\"widget\" data-widget_type=\"text-editor.default\">\n\t\t\t\t<div class=\"elementor-widget-container\">\n\t\t\t\t\t\t\t\t\t<p>D\u0131\u015f Ticaret B\u00f6l\u00fcm\u00fc&#8217;n\u00fcn k\u00f6keni, ekonomide ya\u015fanan de\u011fi\u015fim ve geli\u015fmelere ba\u011fl\u0131 olarak ortaya \u00e7\u0131kan ihtiya\u00e7lara cevap vermek amac\u0131yla olu\u015fmu\u015ftur. Bu b\u00f6l\u00fcm, uluslararas\u0131 ticaretin artan \u00f6nemine kar\u015f\u0131l\u0131k vermeyi ama\u00e7layarak kurulmu\u015f ve e\u011fitim-\u00f6\u011fretim faaliyetlerine ba\u015flam\u0131\u015ft\u0131r.<\/p>\n<p>B\u00f6l\u00fcm\u00fcn tarih\u00e7esi, d\u0131\u015f ticaret alan\u0131ndaki uzmanla\u015fma ihtiyac\u0131n\u0131n fark edilmesi ile ba\u015flamakta ve bu alanda yeti\u015fmi\u015f insan g\u00fcc\u00fcne olan talebi kar\u015f\u0131lamaya y\u00f6nelik olarak geli\u015fim g\u00f6stermektedir. D\u0131\u015f Ticaret B\u00f6l\u00fcm\u00fc, \u00f6\u011frencilere d\u0131\u015f ticaretin temel ilkeleri, uluslararas\u0131 pazarlama, ticaret hukuku, g\u00fcmr\u00fck i\u015flemleri gibi konularda e\u011fitim vermeyi ama\u00e7lamaktad\u0131r.<\/p>\n<p>E\u011fitim program\u0131, teorik ve pratik bilgilerin birle\u015ftirilmesi yoluyla \u00f6\u011frencilerin d\u0131\u015f ticaret sekt\u00f6r\u00fcnde ba\u015far\u0131l\u0131 olabilmelerini hedeflemektedir. Ayr\u0131ca, b\u00f6l\u00fcm\u00fcn amac\u0131, \u00f6\u011frencilere k\u00fcresel pazarlarda rekabet edebilme yetkinli\u011fi kazand\u0131rmak ve d\u0131\u015f ticaret alan\u0131nda liderlik yapabilecek elemanlar\u0131 yeti\u015ftirerek sekt\u00f6re katk\u0131da bulunmakt\u0131r.<\/p>\n<p>Bu b\u00f6l\u00fcmde verilen e\u011fitim, g\u00fcn\u00fcm\u00fcz\u00fcn h\u0131zl\u0131 de\u011fi\u015fen d\u00fcnya ko\u015fullar\u0131na adapte olabilen, d\u0131\u015f ticaretin kompleks yap\u0131s\u0131n\u0131 kavrayabilen ve bu alanda ba\u015far\u0131l\u0131 bir \u015fekilde \u00e7al\u0131\u015fabilecek profesyoneller yeti\u015ftirmeyi hedeflemektedir. D\u0131\u015f Ticaret B\u00f6l\u00fcm\u00fc, mezunlar\u0131n\u0131n d\u0131\u015f ticaret sekt\u00f6r\u00fcnde etkili bir rol oynamalar\u0131n\u0131 sa\u011flayarak \u00fclke ekonomisine katk\u0131da bulunmay\u0131 ama\u00e7lamaktad\u0131r.<\/p>\t\t\t\t\t\t\t\t<\/div>\n\t\t\t\t<\/div>\n\t\t\t\t\t<\/div>\n\t\t<\/div>\n\t\t\t\t\t<\/div>\n\t\t<\/section>\n\t\t\t\t<\/div>\n\t\t","protected":false},"excerpt":{"rendered":"<p>D\u0131\u015f Ticaret B\u00f6l\u00fcm\u00fcn\u00fcn Kurulu\u015fu ve Geli\u015fimi D\u0131\u015f ticaret b\u00f6l\u00fcm\u00fc, \u00fclkeler aras\u0131 ticaretin artmas\u0131yla birlikte \u00f6nem kazanan bir aland\u0131r. Bu b\u00f6l\u00fcm\u00fcn kurulmas\u0131na y\u00f6nelik \u00e7al\u0131\u015fmalar, d\u0131\u015f ticaretin \u00fclke ekonomilerine katk\u0131lar\u0131n\u0131n anla\u015f\u0131lmas\u0131yla ba\u015flam\u0131\u015ft\u0131r. Tarih\u00e7e D\u0131\u015f ticaret b\u00f6l\u00fcm\u00fcn\u00fcn temelleri, uluslararas\u0131 ticaret ili\u015fkilerinin geli\u015fmesiyle at\u0131lm\u0131\u015ft\u0131r. B\u00f6l\u00fcm\u00fcn kurulu\u015f ama\u00e7lar\u0131 aras\u0131nda, d\u0131\u015f ticarete ili\u015fkin i\u015flemlerin y\u00fcr\u00fct\u00fclmesi, d\u0131\u015f ticaret politikalar\u0131n\u0131n belirlenmesi ve uygulamaya [&hellip;]<\/p>\n","protected":false},"author":1,"featured_media":0,"parent":0,"menu_order":0,"comment_status":"closed","ping_status":"closed","template":"","meta":{"footnotes":""},"class_list":["post-5638","page","type-page","status-publish","hentry"],"_links":{"self":[{"href":"https:\/\/atauni.edu.tr\/dis-ticaret-bolumu\/wp-json\/wp\/v2\/pages\/5638","targetHints":{"allow":["GET"]}}],"collection":[{"href":"https:\/\/atauni.edu.tr\/dis-ticaret-bolumu\/wp-json\/wp\/v2\/pages"}],"about":[{"href":"https:\/\/atauni.edu.tr\/dis-ticaret-bolumu\/wp-json\/wp\/v2\/types\/page"}],"author":[{"embeddable":true,"href":"https:\/\/atauni.edu.tr\/dis-ticaret-bolumu\/wp-json\/wp\/v2\/users\/1"}],"replies":[{"embeddable":true,"href":"https:\/\/atauni.edu.tr\/dis-ticaret-bolumu\/wp-json\/wp\/v2\/comments?post=5638"}],"version-history":[{"count":22,"href":"https:\/\/atauni.edu.tr\/dis-ticaret-bolumu\/wp-json\/wp\/v2\/pages\/5638\/revisions"}],"predecessor-version":[{"id":6117,"href":"https:\/\/atauni.edu.tr\/dis-ticaret-bolumu\/wp-json\/wp\/v2\/pages\/5638\/revisions\/6117"}],"wp:attachment":[{"href":"https:\/\/atauni.edu.tr\/dis-ticaret-bolumu\/wp-json\/wp\/v2\/media?parent=5638"}],"curies":[{"name":"wp","href":"https:\/\/api.w.org\/{rel}","templated":true}]}}