{"id":5728,"date":"2021-07-13T11:33:38","date_gmt":"2021-07-13T08:33:38","guid":{"rendered":"https:\/\/portaltest.atauni.edu.tr\/bilgisayar-muhendisligi\/?page_id=5728"},"modified":"2021-08-27T15:49:46","modified_gmt":"2021-08-27T12:49:46","slug":"bolum-tanitimi","status":"publish","type":"page","link":"https:\/\/atauni.edu.tr\/dis-ticaret-bolumu\/bolum-tanitimi\/","title":{"rendered":"B\u00f6l\u00fcm Tan\u0131t\u0131m\u0131"},"content":{"rendered":"\t\t<div data-elementor-type=\"wp-page\" data-elementor-id=\"5728\" class=\"elementor elementor-5728\" data-elementor-post-type=\"page\">\n\t\t\t\t\t\t<section class=\"elementor-section elementor-top-section elementor-element elementor-element-730d320 elementor-section-boxed elementor-section-height-default elementor-section-height-default\" data-id=\"730d320\" data-element_type=\"section\">\n\t\t\t\t\t\t<div class=\"elementor-container elementor-column-gap-default\">\n\t\t\t\t\t<div class=\"elementor-column elementor-col-100 elementor-top-column elementor-element elementor-element-753d0860\" data-id=\"753d0860\" data-element_type=\"column\">\n\t\t\t<div class=\"elementor-widget-wrap\">\n\t\t\t\t\t\t\t<\/div>\n\t\t<\/div>\n\t\t\t\t\t<\/div>\n\t\t<\/section>\n\t\t\t\t<section class=\"elementor-section elementor-top-section elementor-element elementor-element-9be811a elementor-section-boxed elementor-section-height-default elementor-section-height-default\" data-id=\"9be811a\" data-element_type=\"section\">\n\t\t\t\t\t\t<div class=\"elementor-container elementor-column-gap-default\">\n\t\t\t\t\t<div class=\"elementor-column elementor-col-100 elementor-top-column elementor-element elementor-element-1ed847b7\" data-id=\"1ed847b7\" data-element_type=\"column\">\n\t\t\t<div class=\"elementor-widget-wrap elementor-element-populated\">\n\t\t\t\t\t\t<div class=\"elementor-element elementor-element-4ce0d07f elementor-widget elementor-widget-heading\" data-id=\"4ce0d07f\" data-element_type=\"widget\" data-widget_type=\"heading.default\">\n\t\t\t\t<div class=\"elementor-widget-container\">\n\t\t\t\t\t<h2 class=\"elementor-heading-title elementor-size-default\">B\u00f6l\u00fcm Tan\u0131t\u0131m\u0131<\/h2>\t\t\t\t<\/div>\n\t\t\t\t<\/div>\n\t\t\t\t<div class=\"elementor-element elementor-element-63260862 elementor-widget-divider--view-line elementor-widget elementor-widget-divider\" data-id=\"63260862\" data-element_type=\"widget\" data-widget_type=\"divider.default\">\n\t\t\t\t<div class=\"elementor-widget-container\">\n\t\t\t\t\t\t\t<div class=\"elementor-divider\">\n\t\t\t<span class=\"elementor-divider-separator\">\n\t\t\t\t\t\t<\/span>\n\t\t<\/div>\n\t\t\t\t\t\t<\/div>\n\t\t\t\t<\/div>\n\t\t\t\t\t<\/div>\n\t\t<\/div>\n\t\t\t\t\t<\/div>\n\t\t<\/section>\n\t\t\t\t<section class=\"elementor-section elementor-top-section elementor-element elementor-element-681db8b elementor-section-boxed elementor-section-height-default elementor-section-height-default\" data-id=\"681db8b\" data-element_type=\"section\">\n\t\t\t\t\t\t<div class=\"elementor-container elementor-column-gap-default\">\n\t\t\t\t\t<div class=\"elementor-column elementor-col-100 elementor-top-column elementor-element elementor-element-ad4dac5\" data-id=\"ad4dac5\" data-element_type=\"column\">\n\t\t\t<div class=\"elementor-widget-wrap elementor-element-populated\">\n\t\t\t\t\t\t<div class=\"elementor-element elementor-element-2f96b3d elementor-widget elementor-widget-text-editor\" data-id=\"2f96b3d\" data-element_type=\"widget\" data-widget_type=\"text-editor.default\">\n\t\t\t\t<div class=\"elementor-widget-container\">\n\t\t\t\t\t\t\t\t\t<p>Atat\u00fcrk \u00dcniversitesi D\u0131\u015f Ticaret B\u00f6l\u00fcm\u00fc, \u00f6\u011frencilere d\u0131\u015f ticaret alan\u0131nda kapsaml\u0131 bir e\u011fitim sunan prestijli bir b\u00f6l\u00fcmd\u00fcr. B\u00f6l\u00fcm\u00fcn temel amac\u0131, \u00f6\u011frencilerin d\u0131\u015f ticaretin teorik ve pratik y\u00f6nlerini \u00f6\u011frenmelerini sa\u011flamak ve sekt\u00f6rde ba\u015far\u0131l\u0131 olabilecek donan\u0131ma sahip bireyler yeti\u015ftirmektir.<\/p>\n<p>D\u0131\u015f Ticaret B\u00f6l\u00fcm\u00fc, d\u0131\u015f ticaretin temelleri, uluslararas\u0131 pazarlama, d\u0131\u015f ticaret lojisti\u011fi, g\u00fcmr\u00fck i\u015flemleri, uluslararas\u0131 finansman gibi konularda dersler sunar. \u00d6\u011frenciler, ayr\u0131ca, yabanc\u0131 ticaret anla\u015fmalar\u0131, uluslararas\u0131 ticaret hukuku ve k\u00fcresel ekonomi gibi alanlarda da e\u011fitim al\u0131rlar.<\/p>\n<p>B\u00f6l\u00fcm\u00fcn \u00f6\u011fretim kadrosu, d\u0131\u015f ticaret alan\u0131nda uzman ve deneyimli akademisyenlerden olu\u015fur. \u00d6\u011fretim elemanlar\u0131, \u00f6\u011frencilere ger\u00e7ek ya\u015fam \u00f6rnekleri ile teorik bilgileri harmanlayarak aktar\u0131r ve sekt\u00f6rle i\u015fbirli\u011fi i\u00e7inde projeler ve uygulamalar yoluyla \u00f6\u011frenmeyi destekler.<\/p>\n<p>\u00d6\u011frencilerin mezuniyet sonras\u0131nda d\u0131\u015f ticaret sekt\u00f6r\u00fcndeSuccessful bir \u015fekilde \u00e7al\u0131\u015fabilmeleri i\u00e7in gerekli bilgi, beceri ve yetkinlikleri kazanmalar\u0131na \u00f6nem verilir. Mezunlar, ihracat ve ithalat \u015firketleri, bankalar, sigorta \u015firketleri, lojistik firmalar\u0131 gibi \u00e7e\u015fitli kurumlarda istihdam edilebilirler.<\/p>\n<p>D\u0131\u015f Ticaret B\u00f6l\u00fcm\u00fc, \u00f6\u011frencilere d\u0131\u015f ticaret alan\u0131ndaki geli\u015fmeleri takip edebilmeleri ve sekt\u00f6r\u00fcn ihtiya\u00e7lar\u0131na uygun \u015fekilde yeti\u015febilmeleri i\u00e7in s\u00fcrekli olarak g\u00fcncellenen bir m\u00fcfredat sunar. Ayr\u0131ca, b\u00f6l\u00fcm, \u00f6\u011frencilerin staj ve proje \u00e7al\u0131\u015fmalar\u0131 yoluyla praktik deneyim kazanmalar\u0131n\u0131 te\u015fvik eder.<\/p>\t\t\t\t\t\t\t\t<\/div>\n\t\t\t\t<\/div>\n\t\t\t\t\t<\/div>\n\t\t<\/div>\n\t\t\t\t\t<\/div>\n\t\t<\/section>\n\t\t\t\t<\/div>\n\t\t","protected":false},"excerpt":{"rendered":"<p>D\u0131\u015f Ticaret B\u00f6l\u00fcm\u00fc, \u00f6\u011frencilere uluslararas\u0131 ticaretin temellerini \u00f6\u011fretmek ve onlar\u0131 k\u00fcresel ekonomide ba\u015far\u0131l\u0131 bir \u015fekilde \u00e7al\u0131\u015fmak i\u00e7in haz\u0131rlayan bir b\u00f6l\u00fcmd\u00fcr. Bu b\u00f6l\u00fcmde, d\u0131\u015f ticaretle ilgili temel kavramlar, teoriler ve uygulamalar hakk\u0131nda derinlemesine bilgi verilir. D\u0131\u015f Ticaret B\u00f6l\u00fcm\u00fc \u00f6\u011frencileri, uluslararas\u0131 ticaretin ekonomik, siyasi ve yasal y\u00f6nlerini inceleyerek, k\u00fcresel pazarlarda rekabet\u00e7i bir \u015fekilde \u00e7al\u0131\u015fabilme yetenekleri kazan\u0131r. B\u00f6l\u00fcm\u00fcn [&hellip;]<\/p>\n","protected":false},"author":1,"featured_media":0,"parent":0,"menu_order":0,"comment_status":"closed","ping_status":"closed","template":"elementor_header_footer","meta":{"footnotes":""},"class_list":["post-5728","page","type-page","status-publish","hentry"],"_links":{"self":[{"href":"https:\/\/atauni.edu.tr\/dis-ticaret-bolumu\/wp-json\/wp\/v2\/pages\/5728","targetHints":{"allow":["GET"]}}],"collection":[{"href":"https:\/\/atauni.edu.tr\/dis-ticaret-bolumu\/wp-json\/wp\/v2\/pages"}],"about":[{"href":"https:\/\/atauni.edu.tr\/dis-ticaret-bolumu\/wp-json\/wp\/v2\/types\/page"}],"author":[{"embeddable":true,"href":"https:\/\/atauni.edu.tr\/dis-ticaret-bolumu\/wp-json\/wp\/v2\/users\/1"}],"replies":[{"embeddable":true,"href":"https:\/\/atauni.edu.tr\/dis-ticaret-bolumu\/wp-json\/wp\/v2\/comments?post=5728"}],"version-history":[{"count":8,"href":"https:\/\/atauni.edu.tr\/dis-ticaret-bolumu\/wp-json\/wp\/v2\/pages\/5728\/revisions"}],"predecessor-version":[{"id":6100,"href":"https:\/\/atauni.edu.tr\/dis-ticaret-bolumu\/wp-json\/wp\/v2\/pages\/5728\/revisions\/6100"}],"wp:attachment":[{"href":"https:\/\/atauni.edu.tr\/dis-ticaret-bolumu\/wp-json\/wp\/v2\/media?parent=5728"}],"curies":[{"name":"wp","href":"https:\/\/api.w.org\/{rel}","templated":true}]}}