{"id":5751,"date":"2021-07-13T12:50:27","date_gmt":"2021-07-13T09:50:27","guid":{"rendered":"https:\/\/portaltest.atauni.edu.tr\/bilgisayar-muhendisligi\/?page_id=5751"},"modified":"2021-08-27T15:49:39","modified_gmt":"2021-08-27T12:49:39","slug":"lisansustu-ders-listesi","status":"publish","type":"page","link":"https:\/\/atauni.edu.tr\/dis-ticaret-bolumu\/lisansustu-ders-listesi\/","title":{"rendered":"Ders Listesi"},"content":{"rendered":"\t\t<div data-elementor-type=\"wp-page\" data-elementor-id=\"5751\" class=\"elementor elementor-5751\" data-elementor-post-type=\"page\">\n\t\t\t\t\t\t<section class=\"elementor-section elementor-top-section elementor-element elementor-element-730d320 elementor-section-boxed elementor-section-height-default elementor-section-height-default\" data-id=\"730d320\" data-element_type=\"section\">\n\t\t\t\t\t\t<div class=\"elementor-container elementor-column-gap-default\">\n\t\t\t\t\t<div class=\"elementor-column elementor-col-100 elementor-top-column elementor-element elementor-element-753d0860\" data-id=\"753d0860\" data-element_type=\"column\">\n\t\t\t<div class=\"elementor-widget-wrap\">\n\t\t\t\t\t\t\t<\/div>\n\t\t<\/div>\n\t\t\t\t\t<\/div>\n\t\t<\/section>\n\t\t\t\t<section class=\"elementor-section elementor-top-section elementor-element elementor-element-9be811a elementor-section-boxed elementor-section-height-default elementor-section-height-default\" data-id=\"9be811a\" data-element_type=\"section\">\n\t\t\t\t\t\t<div class=\"elementor-container elementor-column-gap-default\">\n\t\t\t\t\t<div class=\"elementor-column elementor-col-100 elementor-top-column elementor-element elementor-element-1ed847b7\" data-id=\"1ed847b7\" data-element_type=\"column\">\n\t\t\t<div class=\"elementor-widget-wrap elementor-element-populated\">\n\t\t\t\t\t\t<div class=\"elementor-element elementor-element-4ce0d07f elementor-widget elementor-widget-heading\" data-id=\"4ce0d07f\" data-element_type=\"widget\" data-widget_type=\"heading.default\">\n\t\t\t\t<div class=\"elementor-widget-container\">\n\t\t\t\t\t<h2 class=\"elementor-heading-title elementor-size-default\">Lisans\u00fcst\u00fc Ders Listesi<\/h2>\t\t\t\t<\/div>\n\t\t\t\t<\/div>\n\t\t\t\t<div class=\"elementor-element elementor-element-63260862 elementor-widget-divider--view-line elementor-widget elementor-widget-divider\" data-id=\"63260862\" data-element_type=\"widget\" data-widget_type=\"divider.default\">\n\t\t\t\t<div class=\"elementor-widget-container\">\n\t\t\t\t\t\t\t<div class=\"elementor-divider\">\n\t\t\t<span class=\"elementor-divider-separator\">\n\t\t\t\t\t\t<\/span>\n\t\t<\/div>\n\t\t\t\t\t\t<\/div>\n\t\t\t\t<\/div>\n\t\t\t\t\t<\/div>\n\t\t<\/div>\n\t\t\t\t\t<\/div>\n\t\t<\/section>\n\t\t\t\t<section class=\"elementor-section elementor-top-section elementor-element elementor-element-6a5b7ef elementor-section-boxed elementor-section-height-default elementor-section-height-default\" data-id=\"6a5b7ef\" data-element_type=\"section\">\n\t\t\t\t\t\t<div class=\"elementor-container elementor-column-gap-default\">\n\t\t\t\t\t<div class=\"elementor-column elementor-col-100 elementor-top-column elementor-element elementor-element-ce70762\" data-id=\"ce70762\" data-element_type=\"column\">\n\t\t\t<div class=\"elementor-widget-wrap elementor-element-populated\">\n\t\t\t\t\t\t<div class=\"elementor-element elementor-element-b780842 elementor-widget elementor-widget-text-editor\" data-id=\"b780842\" data-element_type=\"widget\" data-widget_type=\"text-editor.default\">\n\t\t\t\t<div class=\"elementor-widget-container\">\n\t\t\t\t\t\t\t\t\t<p>D\u0131\u015f ticaret b\u00f6l\u00fcm\u00fcn\u00fcn temel amac\u0131, \u00f6\u011frencilere uluslararas\u0131 ticaretin temel prensipleri, uygulamalar\u0131 ve sorunlar\u0131 hakk\u0131nda derinlemesine bilgi vermektir.<\/p>\n<p> B\u00f6l\u00fcm\u00fcn ders listesi i\u00e7erisinde a\u015fa\u011f\u0131daki konular yer almaktad\u0131r:<\/p>\n<ul>\n<li>\u0130ktisat Teorisi<\/li>\n<li>Uluslararas\u0131 Ticaret Teorileri<\/li>\n<li>Ticaret Hukuku<\/li>\n<li>D\u0131\u015f Ticaret \u0130\u015flemleri<\/li>\n<li>Pazarlama ve Sat\u0131\u015f Teknolojileri<\/li>\n<li>Lojistik ve Ta\u015f\u0131mac\u0131l\u0131k<\/li>\n<li>\u0130hracat ve \u0130thalat \u0130\u015flemleri<\/li>\n<li>Uluslararas\u0131 Finansman<\/li>\n<li>Ticaret Politikalar\u0131<\/li>\n<li>K\u00fcreselle\u015fme ve Uluslararas\u0131 Ticaret<\/li>\n<\/ul>\n<p>Bu dersler sayesinde \u00f6\u011frenciler, d\u0131\u015f ticaretin temel kavramlar\u0131, uygulamalar\u0131 ve sorunlar\u0131na ili\u015fkin derinlemesine bilgi sahibi olurlar.<\/p>\t\t\t\t\t\t\t\t<\/div>\n\t\t\t\t<\/div>\n\t\t\t\t\t<\/div>\n\t\t<\/div>\n\t\t\t\t\t<\/div>\n\t\t<\/section>\n\t\t\t\t<\/div>\n\t\t","protected":false},"excerpt":{"rendered":"<p>D\u0131\u015f Ticaret B\u00f6l\u00fcm\u00fcm\u00fczde sunulan dersler, \u00f6\u011frencilerin d\u0131\u015f ticaret alan\u0131nda gereken bilgi ve becerileri kazanmalar\u0131n\u0131 hedeflemektedir. \u00d6\u011frencilere d\u0131\u015f ticaretin temel prensipleri, uluslararas\u0131 pazarlama stratejileri, ihracat ve ithalat i\u015flemleri, g\u00fcmr\u00fck prosed\u00fcrleri, uluslararas\u0131 lojistik ve ta\u015f\u0131mac\u0131l\u0131k konular\u0131nda kapsaml\u0131 bir e\u011fitim verilir. Ders Listesi: &#8211; D\u0131\u015f Ticaret Temelleri &#8211; Uluslararas\u0131 Pazarlama &#8211; \u0130hracat ve \u0130thalat \u0130\u015flemleri &#8211; G\u00fcmr\u00fck Prosed\u00fcrleri [&hellip;]<\/p>\n","protected":false},"author":1,"featured_media":0,"parent":0,"menu_order":0,"comment_status":"closed","ping_status":"closed","template":"elementor_header_footer","meta":{"footnotes":""},"class_list":["post-5751","page","type-page","status-publish","hentry"],"_links":{"self":[{"href":"https:\/\/atauni.edu.tr\/dis-ticaret-bolumu\/wp-json\/wp\/v2\/pages\/5751","targetHints":{"allow":["GET"]}}],"collection":[{"href":"https:\/\/atauni.edu.tr\/dis-ticaret-bolumu\/wp-json\/wp\/v2\/pages"}],"about":[{"href":"https:\/\/atauni.edu.tr\/dis-ticaret-bolumu\/wp-json\/wp\/v2\/types\/page"}],"author":[{"embeddable":true,"href":"https:\/\/atauni.edu.tr\/dis-ticaret-bolumu\/wp-json\/wp\/v2\/users\/1"}],"replies":[{"embeddable":true,"href":"https:\/\/atauni.edu.tr\/dis-ticaret-bolumu\/wp-json\/wp\/v2\/comments?post=5751"}],"version-history":[{"count":11,"href":"https:\/\/atauni.edu.tr\/dis-ticaret-bolumu\/wp-json\/wp\/v2\/pages\/5751\/revisions"}],"predecessor-version":[{"id":6097,"href":"https:\/\/atauni.edu.tr\/dis-ticaret-bolumu\/wp-json\/wp\/v2\/pages\/5751\/revisions\/6097"}],"wp:attachment":[{"href":"https:\/\/atauni.edu.tr\/dis-ticaret-bolumu\/wp-json\/wp\/v2\/media?parent=5751"}],"curies":[{"name":"wp","href":"https:\/\/api.w.org\/{rel}","templated":true}]}}