{"id":5762,"date":"2021-07-13T12:55:48","date_gmt":"2021-07-13T09:55:48","guid":{"rendered":"https:\/\/portaltest.atauni.edu.tr\/bilgisayar-muhendisligi\/?page_id=5762"},"modified":"2021-09-13T10:25:33","modified_gmt":"2021-09-13T07:25:33","slug":"lisans-ders-listesi","status":"publish","type":"page","link":"https:\/\/atauni.edu.tr\/dis-ticaret-bolumu\/lisans-ders-listesi\/","title":{"rendered":"Ders Listesi"},"content":{"rendered":"\t\t<div data-elementor-type=\"wp-page\" data-elementor-id=\"5762\" class=\"elementor elementor-5762\" data-elementor-post-type=\"page\">\n\t\t\t\t\t\t<section class=\"elementor-section elementor-top-section elementor-element elementor-element-730d320 elementor-section-boxed elementor-section-height-default elementor-section-height-default\" data-id=\"730d320\" data-element_type=\"section\">\n\t\t\t\t\t\t<div class=\"elementor-container elementor-column-gap-default\">\n\t\t\t\t\t<div class=\"elementor-column elementor-col-100 elementor-top-column elementor-element elementor-element-753d0860\" data-id=\"753d0860\" data-element_type=\"column\">\n\t\t\t<div class=\"elementor-widget-wrap\">\n\t\t\t\t\t\t\t<\/div>\n\t\t<\/div>\n\t\t\t\t\t<\/div>\n\t\t<\/section>\n\t\t\t\t<section class=\"elementor-section elementor-top-section elementor-element elementor-element-9be811a elementor-section-boxed elementor-section-height-default elementor-section-height-default\" data-id=\"9be811a\" data-element_type=\"section\">\n\t\t\t\t\t\t<div class=\"elementor-container elementor-column-gap-default\">\n\t\t\t\t\t<div class=\"elementor-column elementor-col-100 elementor-top-column elementor-element elementor-element-1ed847b7\" data-id=\"1ed847b7\" data-element_type=\"column\">\n\t\t\t<div class=\"elementor-widget-wrap elementor-element-populated\">\n\t\t\t\t\t\t<div class=\"elementor-element elementor-element-4ce0d07f elementor-widget elementor-widget-heading\" data-id=\"4ce0d07f\" data-element_type=\"widget\" data-widget_type=\"heading.default\">\n\t\t\t\t<div class=\"elementor-widget-container\">\n\t\t\t\t\t<h2 class=\"elementor-heading-title elementor-size-default\">Lisans Ders Listesi<\/h2>\t\t\t\t<\/div>\n\t\t\t\t<\/div>\n\t\t\t\t<div class=\"elementor-element elementor-element-63260862 elementor-widget-divider--view-line elementor-widget elementor-widget-divider\" data-id=\"63260862\" data-element_type=\"widget\" data-widget_type=\"divider.default\">\n\t\t\t\t<div class=\"elementor-widget-container\">\n\t\t\t\t\t\t\t<div class=\"elementor-divider\">\n\t\t\t<span class=\"elementor-divider-separator\">\n\t\t\t\t\t\t<\/span>\n\t\t<\/div>\n\t\t\t\t\t\t<\/div>\n\t\t\t\t<\/div>\n\t\t\t\t\t<\/div>\n\t\t<\/div>\n\t\t\t\t\t<\/div>\n\t\t<\/section>\n\t\t\t\t<section class=\"elementor-section elementor-top-section elementor-element elementor-element-ff12562 elementor-section-boxed elementor-section-height-default elementor-section-height-default\" data-id=\"ff12562\" data-element_type=\"section\">\n\t\t\t\t\t\t<div class=\"elementor-container elementor-column-gap-default\">\n\t\t\t\t\t<div class=\"elementor-column elementor-col-100 elementor-top-column elementor-element elementor-element-2aa5f38\" data-id=\"2aa5f38\" data-element_type=\"column\">\n\t\t\t<div class=\"elementor-widget-wrap elementor-element-populated\">\n\t\t\t\t\t\t<div class=\"elementor-element elementor-element-3f6c81d elementor-widget elementor-widget-text-editor\" data-id=\"3f6c81d\" data-element_type=\"widget\" data-widget_type=\"text-editor.default\">\n\t\t\t\t<div class=\"elementor-widget-container\">\n\t\t\t\t\t\t\t\t\t<html>\n<p>D\u0131\u015f Ticaret B\u00f6l\u00fcm\u00fc, \u00f6\u011frencilere uluslararas\u0131 ticaret ve i\u015f ortam\u0131nda ba\u015far\u0131l\u0131 olmalar\u0131 i\u00e7in gerekli bilgi ve becerileri kazand\u0131rmay\u0131 ama\u00e7lar. B\u00f6l\u00fcm\u00fcn ders listesi, d\u0131\u015f ticaretin temel prensiplerini, k\u00fcresel pazarlar\u0131n i\u015fleyi\u015fini ve uluslararas\u0131 ticaret uygulamalar\u0131n\u0131 kapsar.<\/p>\n<p>Dersler aras\u0131nda mikroekonomi, makroekonomi, uluslararas\u0131 ticaret teorileri, d\u0131\u015f ticaret i\u015fletmeleri y\u00f6netimi, uluslararas\u0131 pazarlama, g\u00fcmr\u00fck i\u015flemleri ve lojistik gibi konular bulunur. Ayr\u0131ca, \u00f6\u011frenciler finansal y\u00f6netim, muhasebe ve hukuk gibi destekleyici derslerle de donat\u0131l\u0131r.<\/p>\n<p>B\u00f6l\u00fcm\u00fcn e\u011fitimi, \u00f6\u011frencilerin ger\u00e7ek d\u00fcnya uygulamalar\u0131na odaklanmas\u0131n\u0131 sa\u011flar. Bu sayede mezunlar, d\u0131\u015f ticaret sekt\u00f6r\u00fcnde etkili bir \u015fekilde \u00e7al\u0131\u015fmaya haz\u0131rlan\u0131r. D\u0131\u015f Ticaret B\u00f6l\u00fcm\u00fc, \u00f6\u011frencilere geni\u015f bir yelpazede kariyer f\u0131rsatlar\u0131 sunar ve bu alanda uzmanla\u015fm\u0131\u015f mezunlar\u0131n\u0131 i\u015f d\u00fcnyas\u0131na kazand\u0131r\u0131r.<\/p>\n<\/html>\t\t\t\t\t\t\t\t<\/div>\n\t\t\t\t<\/div>\n\t\t\t\t\t<\/div>\n\t\t<\/div>\n\t\t\t\t\t<\/div>\n\t\t<\/section>\n\t\t\t\t<\/div>\n\t\t","protected":false},"excerpt":{"rendered":"<p>**Ders Listesi** D\u0131\u015f Ticaret B\u00f6l\u00fcm\u00fcm\u00fcz\u00fcn akademik program\u0131, \u00f6\u011frencilerin d\u0131\u015f ticaret alan\u0131nda gerekli bilgi ve becerilerle donat\u0131lmalar\u0131n\u0131 ama\u00e7lamaktad\u0131r. B\u00f6l\u00fcm\u00fcm\u00fcz\u00fcn ders listesi a\u015fa\u011f\u0131daki gibidir: * **Giri\u015f Dersleri:** + D\u0131\u015f Ticaretin Temelleri + \u0130ktisat Teorisi + \u0130\u015fletme Y\u00f6netimi * **D\u0131\u015f Ticaret Dersleri:** + Uluslararas\u0131 Ticaret Anla\u015fmalar\u0131 + G\u00fcmr\u00fck Mevzuat\u0131 + D\u0131\u015f Ticarette Pazarlama ve Sat\u0131\u015f + D\u0131\u015f Ticarette [&hellip;]<\/p>\n","protected":false},"author":1,"featured_media":0,"parent":0,"menu_order":0,"comment_status":"closed","ping_status":"closed","template":"elementor_header_footer","meta":{"footnotes":""},"class_list":["post-5762","page","type-page","status-publish","hentry"],"_links":{"self":[{"href":"https:\/\/atauni.edu.tr\/dis-ticaret-bolumu\/wp-json\/wp\/v2\/pages\/5762","targetHints":{"allow":["GET"]}}],"collection":[{"href":"https:\/\/atauni.edu.tr\/dis-ticaret-bolumu\/wp-json\/wp\/v2\/pages"}],"about":[{"href":"https:\/\/atauni.edu.tr\/dis-ticaret-bolumu\/wp-json\/wp\/v2\/types\/page"}],"author":[{"embeddable":true,"href":"https:\/\/atauni.edu.tr\/dis-ticaret-bolumu\/wp-json\/wp\/v2\/users\/1"}],"replies":[{"embeddable":true,"href":"https:\/\/atauni.edu.tr\/dis-ticaret-bolumu\/wp-json\/wp\/v2\/comments?post=5762"}],"version-history":[{"count":11,"href":"https:\/\/atauni.edu.tr\/dis-ticaret-bolumu\/wp-json\/wp\/v2\/pages\/5762\/revisions"}],"predecessor-version":[{"id":6123,"href":"https:\/\/atauni.edu.tr\/dis-ticaret-bolumu\/wp-json\/wp\/v2\/pages\/5762\/revisions\/6123"}],"wp:attachment":[{"href":"https:\/\/atauni.edu.tr\/dis-ticaret-bolumu\/wp-json\/wp\/v2\/media?parent=5762"}],"curies":[{"name":"wp","href":"https:\/\/api.w.org\/{rel}","templated":true}]}}