{"id":5765,"date":"2021-07-13T12:56:51","date_gmt":"2021-07-13T09:56:51","guid":{"rendered":"https:\/\/portaltest.atauni.edu.tr\/bilgisayar-muhendisligi\/?page_id=5765"},"modified":"2021-08-27T15:48:18","modified_gmt":"2021-08-27T12:48:18","slug":"anabilim-dallari","status":"publish","type":"page","link":"https:\/\/atauni.edu.tr\/dis-ticaret-bolumu\/anabilim-dallari\/","title":{"rendered":"Anabilim Dallar\u0131"},"content":{"rendered":"\t\t<div data-elementor-type=\"wp-page\" data-elementor-id=\"5765\" class=\"elementor elementor-5765\" data-elementor-post-type=\"page\">\n\t\t\t\t\t\t<section class=\"elementor-section elementor-top-section elementor-element elementor-element-730d320 elementor-section-boxed elementor-section-height-default elementor-section-height-default\" data-id=\"730d320\" data-element_type=\"section\">\n\t\t\t\t\t\t<div class=\"elementor-container elementor-column-gap-default\">\n\t\t\t\t\t<div class=\"elementor-column elementor-col-100 elementor-top-column elementor-element elementor-element-753d0860\" data-id=\"753d0860\" data-element_type=\"column\">\n\t\t\t<div class=\"elementor-widget-wrap\">\n\t\t\t\t\t\t\t<\/div>\n\t\t<\/div>\n\t\t\t\t\t<\/div>\n\t\t<\/section>\n\t\t\t\t<section class=\"elementor-section elementor-top-section elementor-element elementor-element-9be811a elementor-section-boxed elementor-section-height-default elementor-section-height-default\" data-id=\"9be811a\" data-element_type=\"section\">\n\t\t\t\t\t\t<div class=\"elementor-container elementor-column-gap-default\">\n\t\t\t\t\t<div class=\"elementor-column elementor-col-100 elementor-top-column elementor-element elementor-element-1ed847b7\" data-id=\"1ed847b7\" data-element_type=\"column\">\n\t\t\t<div class=\"elementor-widget-wrap elementor-element-populated\">\n\t\t\t\t\t\t<div class=\"elementor-element elementor-element-4ce0d07f elementor-widget elementor-widget-heading\" data-id=\"4ce0d07f\" data-element_type=\"widget\" data-widget_type=\"heading.default\">\n\t\t\t\t<div class=\"elementor-widget-container\">\n\t\t\t\t\t<h2 class=\"elementor-heading-title elementor-size-default\">Anabilim Dallar\u0131<\/h2>\t\t\t\t<\/div>\n\t\t\t\t<\/div>\n\t\t\t\t<div class=\"elementor-element elementor-element-63260862 elementor-widget-divider--view-line elementor-widget elementor-widget-divider\" data-id=\"63260862\" data-element_type=\"widget\" data-widget_type=\"divider.default\">\n\t\t\t\t<div class=\"elementor-widget-container\">\n\t\t\t\t\t\t\t<div class=\"elementor-divider\">\n\t\t\t<span class=\"elementor-divider-separator\">\n\t\t\t\t\t\t<\/span>\n\t\t<\/div>\n\t\t\t\t\t\t<\/div>\n\t\t\t\t<\/div>\n\t\t\t\t\t<\/div>\n\t\t<\/div>\n\t\t\t\t\t<\/div>\n\t\t<\/section>\n\t\t\t\t<section class=\"elementor-section elementor-top-section elementor-element elementor-element-681db8b elementor-section-boxed elementor-section-height-default elementor-section-height-default\" data-id=\"681db8b\" data-element_type=\"section\">\n\t\t\t\t\t\t<div class=\"elementor-container elementor-column-gap-default\">\n\t\t\t\t\t<div class=\"elementor-column elementor-col-100 elementor-top-column elementor-element elementor-element-ad4dac5\" data-id=\"ad4dac5\" data-element_type=\"column\">\n\t\t\t<div class=\"elementor-widget-wrap elementor-element-populated\">\n\t\t\t\t\t\t<div class=\"elementor-element elementor-element-2f96b3d elementor-widget elementor-widget-text-editor\" data-id=\"2f96b3d\" data-element_type=\"widget\" data-widget_type=\"text-editor.default\">\n\t\t\t\t<div class=\"elementor-widget-container\">\n\t\t\t\t\t\t\t\t\t<p>Anabilim dallar\u0131, \u00fcniversitelerin akademik yap\u0131s\u0131n\u0131 olu\u015fturan temel birimlerdir. Atat\u00fcrk \u00dcniversitesi D\u0131\u015f Ticaret B\u00f6l\u00fcm\u00fc de anabilim dallar\u0131n\u0131 belirli alanlarda uzmanla\u015fm\u0131\u015f ve derinlemesine bilgi sahibi olmu\u015f akademisyenlerin liderli\u011finde y\u00fcr\u00fct\u00fcr.<\/p>\n<p>D\u0131\u015f ticaret b\u00f6l\u00fcm\u00fc i\u00e7erisinde yer alan anabilim dallar\u0131, d\u0131\u015f ticaretin farkl\u0131 y\u00f6nlerini kapsar. Bunlar aras\u0131nda uluslararas\u0131 ticaret, ihracat ve ithalat y\u00f6netimi, d\u0131\u015f ticaret hukuku, uluslararas\u0131 pazarlama stratejileri ve lojistik gibi konular bulunur.<\/p>\n<p>Her bir anabilim dal\u0131, d\u0131\u015f ticaretin kendi alan\u0131nda uzmanla\u015fm\u0131\u015f akademisyenlerce y\u00fcr\u00fct\u00fcl\u00fcr. Bu sayede \u00f6\u011frencilere derinlemesine bilgi ve beceri kazand\u0131r\u0131l\u0131r. Anabilim dallar\u0131, ara\u015ft\u0131rma projelerine de liderlik yaparak sekt\u00f6re katk\u0131da bulunur.<\/p>\n<p>Anabilim dallar\u0131n\u0131n varl\u0131\u011f\u0131, d\u0131\u015f ticaret b\u00f6l\u00fcm\u00fcn\u00fcn e\u011fitim kalitesini art\u0131r\u0131r ve \u00f6\u011frencilerin i\u015f hayat\u0131na haz\u0131rlanmas\u0131na yard\u0131mc\u0131 olur. Ayr\u0131ca, anabilim dallar\u0131 arac\u0131l\u0131\u011f\u0131yla d\u0131\u015f ticaret sekt\u00f6r\u00fcne y\u00f6nelik ara\u015ft\u0131rmalar ve projeler y\u00fcr\u00fct\u00fclerek sekt\u00f6r\u00fcn geli\u015fmesine katk\u0131da bulunulur.<\/p>\t\t\t\t\t\t\t\t<\/div>\n\t\t\t\t<\/div>\n\t\t\t\t\t<\/div>\n\t\t<\/div>\n\t\t\t\t\t<\/div>\n\t\t<\/section>\n\t\t\t\t<\/div>\n\t\t","protected":false},"excerpt":{"rendered":"<p>D\u0131\u015f Ticaret Anabilim Dallar\u0131 D\u0131\u015f ticaret b\u00f6l\u00fcm\u00fc, uluslararas\u0131 ticaretin \u00e7e\u015fitli y\u00f6nleriyle ilgilenen akademik bir disiplin olarak farkl\u0131 anabilim dallar\u0131na sahiptir. Bu anabilim dallar\u0131, d\u0131\u015f ticaretin teorik ve uygulamal\u0131 boyutlar\u0131n\u0131 kapsayacak \u015fekilde d\u00fczenlenmi\u015ftir. \u0130hracat ve \u0130thalat Anabilim Dal\u0131 Bu anabilim dal\u0131, \u00fclkeler aras\u0131 mal ve hizmet al\u0131\u015fveri\u015fiyle ilgili konulara odaklan\u0131r. \u0130hracat\u0131n art\u0131r\u0131lmas\u0131, ithalat\u0131n y\u00f6netimi, g\u00fcmr\u00fck uygulamalar\u0131 [&hellip;]<\/p>\n","protected":false},"author":1,"featured_media":0,"parent":0,"menu_order":0,"comment_status":"closed","ping_status":"closed","template":"elementor_header_footer","meta":{"footnotes":""},"class_list":["post-5765","page","type-page","status-publish","hentry"],"_links":{"self":[{"href":"https:\/\/atauni.edu.tr\/dis-ticaret-bolumu\/wp-json\/wp\/v2\/pages\/5765","targetHints":{"allow":["GET"]}}],"collection":[{"href":"https:\/\/atauni.edu.tr\/dis-ticaret-bolumu\/wp-json\/wp\/v2\/pages"}],"about":[{"href":"https:\/\/atauni.edu.tr\/dis-ticaret-bolumu\/wp-json\/wp\/v2\/types\/page"}],"author":[{"embeddable":true,"href":"https:\/\/atauni.edu.tr\/dis-ticaret-bolumu\/wp-json\/wp\/v2\/users\/1"}],"replies":[{"embeddable":true,"href":"https:\/\/atauni.edu.tr\/dis-ticaret-bolumu\/wp-json\/wp\/v2\/comments?post=5765"}],"version-history":[{"count":8,"href":"https:\/\/atauni.edu.tr\/dis-ticaret-bolumu\/wp-json\/wp\/v2\/pages\/5765\/revisions"}],"predecessor-version":[{"id":6082,"href":"https:\/\/atauni.edu.tr\/dis-ticaret-bolumu\/wp-json\/wp\/v2\/pages\/5765\/revisions\/6082"}],"wp:attachment":[{"href":"https:\/\/atauni.edu.tr\/dis-ticaret-bolumu\/wp-json\/wp\/v2\/media?parent=5765"}],"curies":[{"name":"wp","href":"https:\/\/api.w.org\/{rel}","templated":true}]}}