{"id":5791,"date":"2021-07-13T13:07:15","date_gmt":"2021-07-13T10:07:15","guid":{"rendered":"https:\/\/portaltest.atauni.edu.tr\/bilgisayar-muhendisligi\/?page_id=5791"},"modified":"2021-08-27T15:49:32","modified_gmt":"2021-08-27T12:49:32","slug":"staj","status":"publish","type":"page","link":"https:\/\/atauni.edu.tr\/dis-ticaret-bolumu\/staj\/","title":{"rendered":"Staj"},"content":{"rendered":"\t\t<div data-elementor-type=\"wp-page\" data-elementor-id=\"5791\" class=\"elementor elementor-5791\" data-elementor-post-type=\"page\">\n\t\t\t\t\t\t<section class=\"elementor-section elementor-top-section elementor-element elementor-element-730d320 elementor-section-boxed elementor-section-height-default elementor-section-height-default\" data-id=\"730d320\" data-element_type=\"section\">\n\t\t\t\t\t\t<div class=\"elementor-container elementor-column-gap-default\">\n\t\t\t\t\t<div class=\"elementor-column elementor-col-100 elementor-top-column elementor-element elementor-element-753d0860\" data-id=\"753d0860\" data-element_type=\"column\">\n\t\t\t<div class=\"elementor-widget-wrap\">\n\t\t\t\t\t\t\t<\/div>\n\t\t<\/div>\n\t\t\t\t\t<\/div>\n\t\t<\/section>\n\t\t\t\t<section class=\"elementor-section elementor-top-section elementor-element elementor-element-9be811a elementor-section-boxed elementor-section-height-default elementor-section-height-default\" data-id=\"9be811a\" data-element_type=\"section\">\n\t\t\t\t\t\t<div class=\"elementor-container elementor-column-gap-default\">\n\t\t\t\t\t<div class=\"elementor-column elementor-col-100 elementor-top-column elementor-element elementor-element-1ed847b7\" data-id=\"1ed847b7\" data-element_type=\"column\">\n\t\t\t<div class=\"elementor-widget-wrap elementor-element-populated\">\n\t\t\t\t\t\t<div class=\"elementor-element elementor-element-4ce0d07f elementor-widget elementor-widget-heading\" data-id=\"4ce0d07f\" data-element_type=\"widget\" data-widget_type=\"heading.default\">\n\t\t\t\t<div class=\"elementor-widget-container\">\n\t\t\t\t\t<h2 class=\"elementor-heading-title elementor-size-default\">Staj<\/h2>\t\t\t\t<\/div>\n\t\t\t\t<\/div>\n\t\t\t\t<div class=\"elementor-element elementor-element-63260862 elementor-widget-divider--view-line elementor-widget elementor-widget-divider\" data-id=\"63260862\" data-element_type=\"widget\" data-widget_type=\"divider.default\">\n\t\t\t\t<div class=\"elementor-widget-container\">\n\t\t\t\t\t\t\t<div class=\"elementor-divider\">\n\t\t\t<span class=\"elementor-divider-separator\">\n\t\t\t\t\t\t<\/span>\n\t\t<\/div>\n\t\t\t\t\t\t<\/div>\n\t\t\t\t<\/div>\n\t\t\t\t\t<\/div>\n\t\t<\/div>\n\t\t\t\t\t<\/div>\n\t\t<\/section>\n\t\t\t\t<section class=\"elementor-section elementor-top-section elementor-element elementor-element-10e8347 elementor-section-boxed elementor-section-height-default elementor-section-height-default\" data-id=\"10e8347\" data-element_type=\"section\">\n\t\t\t\t\t\t<div class=\"elementor-container elementor-column-gap-default\">\n\t\t\t\t\t<div class=\"elementor-column elementor-col-100 elementor-top-column elementor-element elementor-element-795ab05\" data-id=\"795ab05\" data-element_type=\"column\">\n\t\t\t<div class=\"elementor-widget-wrap elementor-element-populated\">\n\t\t\t\t\t\t<div class=\"elementor-element elementor-element-4524745 elementor-widget elementor-widget-text-editor\" data-id=\"4524745\" data-element_type=\"widget\" data-widget_type=\"text-editor.default\">\n\t\t\t\t<div class=\"elementor-widget-container\">\n\t\t\t\t\t\t\t\t\t<p>D\u0131\u015f Ticaret B\u00f6l\u00fcm\u00fc \u00f6\u011frencileri, teorik bilgilerini peki\u015ftirmek ve sekt\u00f6rdeki uygulamalar\u0131 yak\u0131ndan tan\u0131mak amac\u0131yla staj \u00e7al\u0131\u015fmalar\u0131na kat\u0131l\u0131rlar. Bu stajlar, \u00f6\u011frencilerin mesleki deneyim kazanmalar\u0131n\u0131 ve mezun olduktan sonra i\u015f hayat\u0131na daha haz\u0131r bir \u015fekilde ba\u015flamalar\u0131n\u0131 sa\u011flar.<\/p>\n<p>Staj s\u00fcresi boyunca \u00f6\u011frenciler, d\u0131\u015f ticaret alan\u0131ndaki \u00e7e\u015fitli firmalarda g\u00f6rev al\u0131rlar. Burada edindikleri tecr\u00fcbeler, gelecekteki kariyerlerinde \u00f6nemli bir rol oynar. Stajlar\u0131n amac\u0131, sadece teorik bilgileri peki\u015ftirmek de\u011fil, ayn\u0131 zamanda \u00f6\u011frencilerin pratik becerilerini geli\u015ftirmelerini ve sekt\u00f6r\u00fcn ger\u00e7eklerine uyum sa\u011flamalar\u0131n\u0131 sa\u011flamakt\u0131r.<\/p>\n<p>\u00d6\u011frenciler stajlar\u0131 s\u0131ras\u0131nda d\u0131\u015f ticaretin farkl\u0131 y\u00f6nlerini deneyimleme f\u0131rsat\u0131 bulurlar. \u0130hracat ve ithalat i\u015flemlerinin nas\u0131l y\u00fcr\u00fct\u00fcld\u00fc\u011f\u00fcn\u00fc, g\u00fcmr\u00fck prosed\u00fcrlerinin neler oldu\u011funu, uluslararas\u0131 pazarlama stratejilerinin nas\u0131l belirlendi\u011fini ve lojistik s\u00fcre\u00e7lerin nas\u0131l y\u00f6netildi\u011fini \u00f6\u011frenirler.<\/p>\n<p>Staj programlar\u0131, \u00f6\u011frencilerin d\u0131\u015f ticaret sekt\u00f6r\u00fcndeki r\u00e9seau a\u011flar\u0131n\u0131 geni\u015fletmelerine de yard\u0131mc\u0131 olur. \u0130\u015fverenler ve sekt\u00f6r profesyonelleriyle kurulan ba\u011flant\u0131lar, gelecekteki i\u015f f\u0131rsatlar\u0131 i\u00e7in \u00f6nemli bir dayanak olu\u015fturabilir.<\/p>\n<p>Bu nedenle, D\u0131\u015f Ticaret B\u00f6l\u00fcm\u00fc \u00f6\u011frencilerinin staj deneyiminden maksimum seviyede yararlanmalar\u0131 te\u015fvik edilir. Stajlar, yaln\u0131zca akademik e\u011fitimlerini tamamlamakla kalmaz, ayn\u0131 zamanda onlar\u0131 ger\u00e7ek d\u00fcnya uygulamalar\u0131na haz\u0131rlar ve kariyer ba\u015far\u0131lar\u0131 i\u00e7in gerekli olan pratik bilgi ve becerilerle donat\u0131r.<\/p>\t\t\t\t\t\t\t\t<\/div>\n\t\t\t\t<\/div>\n\t\t\t\t\t<\/div>\n\t\t<\/div>\n\t\t\t\t\t<\/div>\n\t\t<\/section>\n\t\t\t\t<\/div>\n\t\t","protected":false},"excerpt":{"rendered":"<p>**Staj** D\u0131\u015f Ticaret B\u00f6l\u00fcm\u00fcm\u00fcz\u00fcn amac\u0131, \u00f6\u011frencilere teorik bilgileri prati\u011fe d\u00f6kebilmeleri i\u00e7in f\u0131rsat tan\u0131makt\u0131r. Bu do\u011frultuda, \u00f6\u011frencilerimizin i\u015f d\u00fcnyas\u0131na uyum sa\u011flamalar\u0131 ve sekt\u00f6rde kendilerini geli\u015ftirebilmeleri amac\u0131yla staj programlar\u0131 d\u00fczenlenmektedir. Staj programlar\u0131m\u0131z, \u00f6\u011frencilerin d\u0131\u015f ticaret sekt\u00f6r\u00fcndeki firmalarda deneyim kazanmalar\u0131n\u0131 ve mezuniyet sonras\u0131 i\u015f hayat\u0131na daha haz\u0131r bir \u015fekilde ba\u015flamalar\u0131n\u0131 hedeflemektedir. \u00d6\u011frencilerimiz, staj s\u00fcresince edindikleri bilgiler ve kazand\u0131klar\u0131 [&hellip;]<\/p>\n","protected":false},"author":1,"featured_media":0,"parent":0,"menu_order":0,"comment_status":"closed","ping_status":"closed","template":"elementor_header_footer","meta":{"footnotes":""},"class_list":["post-5791","page","type-page","status-publish","hentry"],"_links":{"self":[{"href":"https:\/\/atauni.edu.tr\/dis-ticaret-bolumu\/wp-json\/wp\/v2\/pages\/5791","targetHints":{"allow":["GET"]}}],"collection":[{"href":"https:\/\/atauni.edu.tr\/dis-ticaret-bolumu\/wp-json\/wp\/v2\/pages"}],"about":[{"href":"https:\/\/atauni.edu.tr\/dis-ticaret-bolumu\/wp-json\/wp\/v2\/types\/page"}],"author":[{"embeddable":true,"href":"https:\/\/atauni.edu.tr\/dis-ticaret-bolumu\/wp-json\/wp\/v2\/users\/1"}],"replies":[{"embeddable":true,"href":"https:\/\/atauni.edu.tr\/dis-ticaret-bolumu\/wp-json\/wp\/v2\/comments?post=5791"}],"version-history":[{"count":8,"href":"https:\/\/atauni.edu.tr\/dis-ticaret-bolumu\/wp-json\/wp\/v2\/pages\/5791\/revisions"}],"predecessor-version":[{"id":6094,"href":"https:\/\/atauni.edu.tr\/dis-ticaret-bolumu\/wp-json\/wp\/v2\/pages\/5791\/revisions\/6094"}],"wp:attachment":[{"href":"https:\/\/atauni.edu.tr\/dis-ticaret-bolumu\/wp-json\/wp\/v2\/media?parent=5791"}],"curies":[{"name":"wp","href":"https:\/\/api.w.org\/{rel}","templated":true}]}}