{"id":5800,"date":"2021-07-13T13:12:45","date_gmt":"2021-07-13T10:12:45","guid":{"rendered":"https:\/\/portaltest.atauni.edu.tr\/bilgisayar-muhendisligi\/?page_id=5800"},"modified":"2021-08-27T15:49:23","modified_gmt":"2021-08-27T12:49:23","slug":"bitirme-projeleri","status":"publish","type":"page","link":"https:\/\/atauni.edu.tr\/dis-ticaret-bolumu\/bitirme-projeleri\/","title":{"rendered":"Bitirme Projeleri"},"content":{"rendered":"\t\t<div data-elementor-type=\"wp-page\" data-elementor-id=\"5800\" class=\"elementor elementor-5800\" data-elementor-post-type=\"page\">\n\t\t\t\t\t\t<section class=\"elementor-section elementor-top-section elementor-element elementor-element-730d320 elementor-section-boxed elementor-section-height-default elementor-section-height-default\" data-id=\"730d320\" data-element_type=\"section\">\n\t\t\t\t\t\t<div class=\"elementor-container elementor-column-gap-default\">\n\t\t\t\t\t<div class=\"elementor-column elementor-col-100 elementor-top-column elementor-element elementor-element-753d0860\" data-id=\"753d0860\" data-element_type=\"column\">\n\t\t\t<div class=\"elementor-widget-wrap\">\n\t\t\t\t\t\t\t<\/div>\n\t\t<\/div>\n\t\t\t\t\t<\/div>\n\t\t<\/section>\n\t\t\t\t<section class=\"elementor-section elementor-top-section elementor-element elementor-element-9be811a elementor-section-boxed elementor-section-height-default elementor-section-height-default\" data-id=\"9be811a\" data-element_type=\"section\">\n\t\t\t\t\t\t<div class=\"elementor-container elementor-column-gap-default\">\n\t\t\t\t\t<div class=\"elementor-column elementor-col-100 elementor-top-column elementor-element elementor-element-1ed847b7\" data-id=\"1ed847b7\" data-element_type=\"column\">\n\t\t\t<div class=\"elementor-widget-wrap elementor-element-populated\">\n\t\t\t\t\t\t<div class=\"elementor-element elementor-element-4ce0d07f elementor-widget elementor-widget-heading\" data-id=\"4ce0d07f\" data-element_type=\"widget\" data-widget_type=\"heading.default\">\n\t\t\t\t<div class=\"elementor-widget-container\">\n\t\t\t\t\t<h2 class=\"elementor-heading-title elementor-size-default\">Bitirme Projeleri<\/h2>\t\t\t\t<\/div>\n\t\t\t\t<\/div>\n\t\t\t\t<div class=\"elementor-element elementor-element-63260862 elementor-widget-divider--view-line elementor-widget elementor-widget-divider\" data-id=\"63260862\" data-element_type=\"widget\" data-widget_type=\"divider.default\">\n\t\t\t\t<div class=\"elementor-widget-container\">\n\t\t\t\t\t\t\t<div class=\"elementor-divider\">\n\t\t\t<span class=\"elementor-divider-separator\">\n\t\t\t\t\t\t<\/span>\n\t\t<\/div>\n\t\t\t\t\t\t<\/div>\n\t\t\t\t<\/div>\n\t\t\t\t\t<\/div>\n\t\t<\/div>\n\t\t\t\t\t<\/div>\n\t\t<\/section>\n\t\t\t\t<section class=\"elementor-section elementor-top-section elementor-element elementor-element-6c18d0b elementor-section-boxed elementor-section-height-default elementor-section-height-default\" data-id=\"6c18d0b\" data-element_type=\"section\">\n\t\t\t\t\t\t<div class=\"elementor-container elementor-column-gap-default\">\n\t\t\t\t\t<div class=\"elementor-column elementor-col-100 elementor-top-column elementor-element elementor-element-5a88ff5\" data-id=\"5a88ff5\" data-element_type=\"column\">\n\t\t\t<div class=\"elementor-widget-wrap elementor-element-populated\">\n\t\t\t\t\t\t<div class=\"elementor-element elementor-element-69d7a2b elementor-widget elementor-widget-accordion\" data-id=\"69d7a2b\" data-element_type=\"widget\" data-widget_type=\"accordion.default\">\n\t\t\t\t<div class=\"elementor-widget-container\">\n\t\t\t\t\t\t\t<div class=\"elementor-accordion\">\n\t\t\t\t\t\t\t<div class=\"elementor-accordion-item\">\n\t\t\t\t\t<div id=\"elementor-tab-title-1101\" class=\"elementor-tab-title\" data-tab=\"1\" role=\"button\" aria-controls=\"elementor-tab-content-1101\" aria-expanded=\"false\">\n\t\t\t\t\t\t\t\t\t\t\t\t\t<span class=\"elementor-accordion-icon elementor-accordion-icon-left\" aria-hidden=\"true\">\n\t\t\t\t\t\t\t\t\t\t\t\t\t\t\t<span class=\"elementor-accordion-icon-closed\"><i class=\"fas fa-plus\"><\/i><\/span>\n\t\t\t\t\t\t\t\t<span class=\"elementor-accordion-icon-opened\"><i class=\"fas fa-minus\"><\/i><\/span>\n\t\t\t\t\t\t\t\t\t\t\t\t\t\t<\/span>\n\t\t\t\t\t\t\t\t\t\t\t\t<a class=\"elementor-accordion-title\" tabindex=\"0\"><p>Atat\u00fcrk \u00dcniversitesi D\u0131\u015f Ticaret B\u00f6l\u00fcm\u00fc \u00f6\u011frencileri, e\u011fitim s\u00fcresince edindikleri teorik ve pratik bilgileri peki\u015ftirmek amac\u0131yla bitirme projeleri haz\u0131rlamaktad\u0131rlar. Bu projeler, d\u0131\u015f ticaret alan\u0131ndaki \u00e7e\u015fitli konulara odaklanmaktad\u0131r.<\/p>\n<p>\u00d6\u011frenciler, d\u0131\u015f ticaretin farkl\u0131 y\u00f6nlerine ili\u015fkin ara\u015ft\u0131rmalar yaparak, sekt\u00f6r\u00fcn mevcut sorunlar\u0131na ve f\u0131rsatlar\u0131na \u00e7\u00f6z\u00fcm \u00f6nerileri geli\u015ftirmektedirler. Projelerin konusu, uluslararas\u0131 ticaret anla\u015fmalar\u0131ndan ihracat stratejilerine, g\u00fcmr\u00fck i\u015flemlerinden lojisti\u011fe kadar geni\u015f bir yelpazeyi kapsayabilmektedir.<\/p>\n<p>Bitirme projeleri, \u00f6\u011frencilerin ele\u015ftirel d\u00fc\u015f\u00fcnme, ara\u015ft\u0131rma ve problem \u00e7\u00f6zme becerilerini geli\u015ftirmelerine yard\u0131mc\u0131 olmaktad\u0131r. Ayr\u0131ca, d\u0131\u015f ticaret sekt\u00f6r\u00fcndeki ger\u00e7ek hayat sorunlar\u0131nacreative \u00e7\u00f6z\u00fcm \u00f6nerileri sunma f\u0131rsat\u0131 da sa\u011flamaktad\u0131r.<\/p>\n<p>Projelerin tamamlanmas\u0131, \u00f6\u011frencilere mezuniyet i\u00e7in gerekli olan akademik y\u00fck\u00fcml\u00fcl\u00fcklerini yerine getirmeleri a\u00e7\u0131s\u0131ndan \u00f6nemlidir. Ayn\u0131 zamanda, mezun olduktan sonra d\u0131\u015f ticaret sekt\u00f6r\u00fcnde \u00e7al\u0131\u015fmaya ba\u015flayan \u00f6\u011frenciler, ald\u0131klar\u0131 e\u011fitimi prati\u011fe d\u00f6kme f\u0131rsat\u0131 bulmaktad\u0131rlar.<\/p><\/a>\n\t\t\t\t\t<\/div>\n\t\t\t\t\t<div id=\"elementor-tab-content-1101\" class=\"elementor-tab-content elementor-clearfix\" data-tab=\"1\" role=\"region\" aria-labelledby=\"elementor-tab-title-1101\"><p>Atat\u00fcrk \u00dcniversitesi D\u0131\u015f Ticaret B\u00f6l\u00fcm\u00fc \u00f6\u011frencileri, e\u011fitim s\u00fcresince edindikleri teorik ve pratik bilgileri peki\u015ftirmek amac\u0131yla bitirme projeleri haz\u0131rlamaktad\u0131rlar. Bu projeler, d\u0131\u015f ticaret alan\u0131ndaki \u00e7e\u015fitli konulara odaklanmaktad\u0131r.<\/p>\n<p>\u00d6\u011frenciler, d\u0131\u015f ticaretin farkl\u0131 y\u00f6nlerine ili\u015fkin ara\u015ft\u0131rmalar yaparak, sekt\u00f6r\u00fcn mevcut sorunlar\u0131na ve f\u0131rsatlar\u0131na \u00e7\u00f6z\u00fcm \u00f6nerileri geli\u015ftirmektedirler. Projelerin konusu, uluslararas\u0131 ticaret anla\u015fmalar\u0131ndan ihracat stratejilerine, g\u00fcmr\u00fck i\u015flemlerinden lojisti\u011fe kadar geni\u015f bir yelpazeyi kapsayabilmektedir.<\/p>\n<p>Bitirme projeleri, \u00f6\u011frencilerin ele\u015ftirel d\u00fc\u015f\u00fcnme, ara\u015ft\u0131rma ve problem \u00e7\u00f6zme becerilerini geli\u015ftirmelerine yard\u0131mc\u0131 olmaktad\u0131r. Ayr\u0131ca, d\u0131\u015f ticaret sekt\u00f6r\u00fcndeki ger\u00e7ek hayat sorunlar\u0131nacreative \u00e7\u00f6z\u00fcm \u00f6nerileri sunma f\u0131rsat\u0131 da sa\u011flamaktad\u0131r.<\/p>\n<p>Projelerin tamamlanmas\u0131, \u00f6\u011frencilere mezuniyet i\u00e7in gerekli olan akademik y\u00fck\u00fcml\u00fcl\u00fcklerini yerine getirmeleri a\u00e7\u0131s\u0131ndan \u00f6nemlidir. Ayn\u0131 zamanda, mezun olduktan sonra d\u0131\u015f ticaret sekt\u00f6r\u00fcnde \u00e7al\u0131\u015fmaya ba\u015flayan \u00f6\u011frenciler, ald\u0131klar\u0131 e\u011fitimi prati\u011fe d\u00f6kme f\u0131rsat\u0131 bulmaktad\u0131rlar.<\/p><\/div>\n\t\t\t\t<\/div>\n\t\t\t\t\t\t\t<div class=\"elementor-accordion-item\">\n\t\t\t\t\t<div id=\"elementor-tab-title-1102\" class=\"elementor-tab-title\" data-tab=\"2\" role=\"button\" aria-controls=\"elementor-tab-content-1102\" aria-expanded=\"false\">\n\t\t\t\t\t\t\t\t\t\t\t\t\t<span class=\"elementor-accordion-icon elementor-accordion-icon-left\" aria-hidden=\"true\">\n\t\t\t\t\t\t\t\t\t\t\t\t\t\t\t<span class=\"elementor-accordion-icon-closed\"><i class=\"fas fa-plus\"><\/i><\/span>\n\t\t\t\t\t\t\t\t<span class=\"elementor-accordion-icon-opened\"><i class=\"fas fa-minus\"><\/i><\/span>\n\t\t\t\t\t\t\t\t\t\t\t\t\t\t<\/span>\n\t\t\t\t\t\t\t\t\t\t\t\t<a class=\"elementor-accordion-title\" tabindex=\"0\"><p>Atat\u00fcrk \u00dcniversitesi D\u0131\u015f Ticaret B\u00f6l\u00fcm\u00fc \u00f6\u011frencileri, e\u011fitim s\u00fcresince edindikleri teorik ve pratik bilgileri peki\u015ftirmek amac\u0131yla bitirme projeleri haz\u0131rlamaktad\u0131rlar. Bu projeler, d\u0131\u015f ticaret alan\u0131ndaki \u00e7e\u015fitli konulara odaklanmaktad\u0131r.<\/p>\n<p>\u00d6\u011frenciler, d\u0131\u015f ticaretin farkl\u0131 y\u00f6nlerine ili\u015fkin ara\u015ft\u0131rmalar yaparak, sekt\u00f6r\u00fcn mevcut sorunlar\u0131na ve f\u0131rsatlar\u0131na \u00e7\u00f6z\u00fcm \u00f6nerileri geli\u015ftirmektedirler. Projelerin konusu, uluslararas\u0131 ticaret anla\u015fmalar\u0131ndan ihracat stratejilerine, g\u00fcmr\u00fck i\u015flemlerinden lojisti\u011fe kadar geni\u015f bir yelpazeyi kapsayabilmektedir.<\/p>\n<p>Bitirme projeleri, \u00f6\u011frencilerin ele\u015ftirel d\u00fc\u015f\u00fcnme, ara\u015ft\u0131rma ve problem \u00e7\u00f6zme becerilerini geli\u015ftirmelerine yard\u0131mc\u0131 olmaktad\u0131r. Ayr\u0131ca, d\u0131\u015f ticaret sekt\u00f6r\u00fcndeki ger\u00e7ek hayat sorunlar\u0131nacreative \u00e7\u00f6z\u00fcm \u00f6nerileri sunma f\u0131rsat\u0131 da sa\u011flamaktad\u0131r.<\/p>\n<p>Projelerin tamamlanmas\u0131, \u00f6\u011frencilere mezuniyet i\u00e7in gerekli olan akademik y\u00fck\u00fcml\u00fcl\u00fcklerini yerine getirmeleri a\u00e7\u0131s\u0131ndan \u00f6nemlidir. Ayn\u0131 zamanda, mezun olduktan sonra d\u0131\u015f ticaret sekt\u00f6r\u00fcnde \u00e7al\u0131\u015fmaya ba\u015flayan \u00f6\u011frenciler, ald\u0131klar\u0131 e\u011fitimi prati\u011fe d\u00f6kme f\u0131rsat\u0131 bulmaktad\u0131rlar.<\/p><\/a>\n\t\t\t\t\t<\/div>\n\t\t\t\t\t<div id=\"elementor-tab-content-1102\" class=\"elementor-tab-content elementor-clearfix\" data-tab=\"2\" role=\"region\" aria-labelledby=\"elementor-tab-title-1102\"><p>Atat\u00fcrk \u00dcniversitesi D\u0131\u015f Ticaret B\u00f6l\u00fcm\u00fc \u00f6\u011frencileri, e\u011fitim s\u00fcresince edindikleri teorik ve pratik bilgileri peki\u015ftirmek amac\u0131yla bitirme projeleri haz\u0131rlamaktad\u0131rlar. Bu projeler, d\u0131\u015f ticaret alan\u0131ndaki \u00e7e\u015fitli konulara odaklanmaktad\u0131r.<\/p>\n<p>\u00d6\u011frenciler, d\u0131\u015f ticaretin farkl\u0131 y\u00f6nlerine ili\u015fkin ara\u015ft\u0131rmalar yaparak, sekt\u00f6r\u00fcn mevcut sorunlar\u0131na ve f\u0131rsatlar\u0131na \u00e7\u00f6z\u00fcm \u00f6nerileri geli\u015ftirmektedirler. Projelerin konusu, uluslararas\u0131 ticaret anla\u015fmalar\u0131ndan ihracat stratejilerine, g\u00fcmr\u00fck i\u015flemlerinden lojisti\u011fe kadar geni\u015f bir yelpazeyi kapsayabilmektedir.<\/p>\n<p>Bitirme projeleri, \u00f6\u011frencilerin ele\u015ftirel d\u00fc\u015f\u00fcnme, ara\u015ft\u0131rma ve problem \u00e7\u00f6zme becerilerini geli\u015ftirmelerine yard\u0131mc\u0131 olmaktad\u0131r. Ayr\u0131ca, d\u0131\u015f ticaret sekt\u00f6r\u00fcndeki ger\u00e7ek hayat sorunlar\u0131nacreative \u00e7\u00f6z\u00fcm \u00f6nerileri sunma f\u0131rsat\u0131 da sa\u011flamaktad\u0131r.<\/p>\n<p>Projelerin tamamlanmas\u0131, \u00f6\u011frencilere mezuniyet i\u00e7in gerekli olan akademik y\u00fck\u00fcml\u00fcl\u00fcklerini yerine getirmeleri a\u00e7\u0131s\u0131ndan \u00f6nemlidir. Ayn\u0131 zamanda, mezun olduktan sonra d\u0131\u015f ticaret sekt\u00f6r\u00fcnde \u00e7al\u0131\u015fmaya ba\u015flayan \u00f6\u011frenciler, ald\u0131klar\u0131 e\u011fitimi prati\u011fe d\u00f6kme f\u0131rsat\u0131 bulmaktad\u0131rlar.<\/p><\/div>\n\t\t\t\t<\/div>\n\t\t\t\t\t\t\t\t<\/div>\n\t\t\t\t\t\t<\/div>\n\t\t\t\t<\/div>\n\t\t\t\t\t<\/div>\n\t\t<\/div>\n\t\t\t\t\t<\/div>\n\t\t<\/section>\n\t\t\t\t<\/div>\n\t\t","protected":false},"excerpt":{"rendered":"<p>**Bitirme Projeleri** D\u0131\u015f Ticaret B\u00f6l\u00fcm\u00fcn\u00fcn temel amac\u0131, \u00f6\u011frencilerin d\u0131\u015f ticaret alan\u0131nda gerekli teorik ve pratik bilgileri kazanmalar\u0131n\u0131 sa\u011flamakt\u0131r. Bu \u00e7er\u00e7evede, b\u00f6l\u00fcm\u00fcm\u00fcz\u00fcn en \u00f6nemli faaliyetlerinden biri de \u00f6\u011frencilerin bitirme projelerini tamamlamalar\u0131d\u0131r. Bitirme projeleri, \u00f6\u011frencilerin d\u0131\u015f ticaret konusundaki bilgi ve becerilerini uygulama alan\u0131 bulmas\u0131n\u0131 ama\u00e7lar. Projeler, \u00f6\u011frencilerin bir konuda derinlemesine ara\u015ft\u0131rma yapmalar\u0131n\u0131, verileri analiz etmelerini ve sonu\u00e7lar\u0131 [&hellip;]<\/p>\n","protected":false},"author":1,"featured_media":0,"parent":0,"menu_order":0,"comment_status":"closed","ping_status":"closed","template":"elementor_header_footer","meta":{"footnotes":""},"class_list":["post-5800","page","type-page","status-publish","hentry"],"_links":{"self":[{"href":"https:\/\/atauni.edu.tr\/dis-ticaret-bolumu\/wp-json\/wp\/v2\/pages\/5800","targetHints":{"allow":["GET"]}}],"collection":[{"href":"https:\/\/atauni.edu.tr\/dis-ticaret-bolumu\/wp-json\/wp\/v2\/pages"}],"about":[{"href":"https:\/\/atauni.edu.tr\/dis-ticaret-bolumu\/wp-json\/wp\/v2\/types\/page"}],"author":[{"embeddable":true,"href":"https:\/\/atauni.edu.tr\/dis-ticaret-bolumu\/wp-json\/wp\/v2\/users\/1"}],"replies":[{"embeddable":true,"href":"https:\/\/atauni.edu.tr\/dis-ticaret-bolumu\/wp-json\/wp\/v2\/comments?post=5800"}],"version-history":[{"count":11,"href":"https:\/\/atauni.edu.tr\/dis-ticaret-bolumu\/wp-json\/wp\/v2\/pages\/5800\/revisions"}],"predecessor-version":[{"id":6091,"href":"https:\/\/atauni.edu.tr\/dis-ticaret-bolumu\/wp-json\/wp\/v2\/pages\/5800\/revisions\/6091"}],"wp:attachment":[{"href":"https:\/\/atauni.edu.tr\/dis-ticaret-bolumu\/wp-json\/wp\/v2\/media?parent=5800"}],"curies":[{"name":"wp","href":"https:\/\/api.w.org\/{rel}","templated":true}]}}