{"id":6071,"date":"2021-08-27T15:45:02","date_gmt":"2021-08-27T12:45:02","guid":{"rendered":"http:\/\/birimler.atauni.edu.tr\/dis-ticaret-bolumu\/?page_id=6071"},"modified":"2021-09-13T10:22:11","modified_gmt":"2021-09-13T07:22:11","slug":"bolum-kurulu-kararlari","status":"publish","type":"page","link":"https:\/\/atauni.edu.tr\/dis-ticaret-bolumu\/bolum-kurulu-kararlari\/","title":{"rendered":"B\u00f6l\u00fcm Kurulu Kararlar\u0131"},"content":{"rendered":"\t\t<div data-elementor-type=\"wp-page\" data-elementor-id=\"6071\" class=\"elementor elementor-6071\" data-elementor-post-type=\"page\">\n\t\t\t\t\t\t<section class=\"elementor-section elementor-top-section elementor-element elementor-element-730d320 elementor-section-boxed elementor-section-height-default elementor-section-height-default\" data-id=\"730d320\" data-element_type=\"section\">\n\t\t\t\t\t\t<div class=\"elementor-container elementor-column-gap-default\">\n\t\t\t\t\t<div class=\"elementor-column elementor-col-100 elementor-top-column elementor-element elementor-element-753d0860\" data-id=\"753d0860\" data-element_type=\"column\">\n\t\t\t<div class=\"elementor-widget-wrap\">\n\t\t\t\t\t\t\t<\/div>\n\t\t<\/div>\n\t\t\t\t\t<\/div>\n\t\t<\/section>\n\t\t\t\t<section class=\"elementor-section elementor-top-section elementor-element elementor-element-9be811a elementor-section-boxed elementor-section-height-default elementor-section-height-default\" data-id=\"9be811a\" data-element_type=\"section\">\n\t\t\t\t\t\t<div class=\"elementor-container elementor-column-gap-default\">\n\t\t\t\t\t<div class=\"elementor-column elementor-col-100 elementor-top-column elementor-element elementor-element-1ed847b7\" data-id=\"1ed847b7\" data-element_type=\"column\">\n\t\t\t<div class=\"elementor-widget-wrap elementor-element-populated\">\n\t\t\t\t\t\t<div class=\"elementor-element elementor-element-4ce0d07f elementor-widget elementor-widget-heading\" data-id=\"4ce0d07f\" data-element_type=\"widget\" data-widget_type=\"heading.default\">\n\t\t\t\t<div class=\"elementor-widget-container\">\n\t\t\t\t\t<h2 class=\"elementor-heading-title elementor-size-default\">B\u00f6l\u00fcm Kurulu Kararlar\u0131<\/h2>\t\t\t\t<\/div>\n\t\t\t\t<\/div>\n\t\t\t\t<div class=\"elementor-element elementor-element-63260862 elementor-widget-divider--view-line elementor-widget elementor-widget-divider\" data-id=\"63260862\" data-element_type=\"widget\" data-widget_type=\"divider.default\">\n\t\t\t\t<div class=\"elementor-widget-container\">\n\t\t\t\t\t\t\t<div class=\"elementor-divider\">\n\t\t\t<span class=\"elementor-divider-separator\">\n\t\t\t\t\t\t<\/span>\n\t\t<\/div>\n\t\t\t\t\t\t<\/div>\n\t\t\t\t<\/div>\n\t\t\t\t\t<\/div>\n\t\t<\/div>\n\t\t\t\t\t<\/div>\n\t\t<\/section>\n\t\t\t\t<section class=\"elementor-section elementor-top-section elementor-element elementor-element-681db8b elementor-section-boxed elementor-section-height-default elementor-section-height-default\" data-id=\"681db8b\" data-element_type=\"section\">\n\t\t\t\t\t\t<div class=\"elementor-container elementor-column-gap-default\">\n\t\t\t\t\t<div class=\"elementor-column elementor-col-100 elementor-top-column elementor-element elementor-element-ad4dac5\" data-id=\"ad4dac5\" data-element_type=\"column\">\n\t\t\t<div class=\"elementor-widget-wrap elementor-element-populated\">\n\t\t\t\t\t\t<div class=\"elementor-element elementor-element-2f96b3d elementor-widget elementor-widget-text-editor\" data-id=\"2f96b3d\" data-element_type=\"widget\" data-widget_type=\"text-editor.default\">\n\t\t\t\t<div class=\"elementor-widget-container\">\n\t\t\t\t\t\t\t\t\t<p>Atat\u00fcrk \u00dcniversitesi D\u0131\u015f Ticaret B\u00f6l\u00fcm\u00fc \u00f6\u011frencilerinin ve akademisyenlerin karar alma s\u00fcre\u00e7lerinde aktif rol oynayan B\u00f6l\u00fcm Kurulu, b\u00f6l\u00fcm\u00fcn genel y\u00f6netimi ve geli\u015fimi i\u00e7in \u00f6nemli kararlar al\u0131r.<\/p>\n<p>B\u00f6l\u00fcm Kurulu Kararlar\u0131, d\u0131\u015f ticaret alan\u0131ndaki geli\u015fmeleri takip etmek, b\u00f6l\u00fcm i\u00e7i faaliyetleri d\u00fczenlemek ve \u00f6\u011frencilerin e\u011fitim hayat\u0131n\u0131 desteklemek amac\u0131yla al\u0131n\u0131r. Bu kararlar, genellikle b\u00f6l\u00fcme ait projelerin de\u011ferlendirilmesi, akademik programlar\u0131n g\u00fcncellenmesi, ara\u015ft\u0131rma \u00e7al\u0131\u015fmalar\u0131 ve sosyal etkinliklerin organizasyonu konular\u0131nda odaklan\u0131r.<\/p>\n<p>Bu kurulda al\u0131nan kararlar, d\u0131\u015f ticaret b\u00f6l\u00fcm\u00fcn\u00fcn vizyonuna uygun olarak belirlenir ve \u00f6\u011frencilerincareer geli\u015fimini destekleyici i\u00e7erikler bar\u0131nd\u0131r\u0131r. Ayr\u0131ca, d\u0131\u015f ticaret sekt\u00f6r\u00fcn\u00fcn g\u00fcncel trendlerini takip ederek e\u011fitim m\u00fcfredat\u0131n\u0131n g\u00fcncellenmesine de katk\u0131da bulunur.<\/p>\n<p>B\u00f6l\u00fcm Kurulu Kararlar\u0131, d\u0131\u015f ticaret b\u00f6l\u00fcm\u00fcn\u00fcn akademik ve idari i\u015fleyi\u015finin d\u00fczenli olarak g\u00f6zden ge\u00e7irilmesini sa\u011flar. Bu sayede, b\u00f6l\u00fcm\u00fcn \u00f6\u011frenci ve topluma hizmet etme misyonu daha etkin bir \u015fekilde yerine getirilir.<\/p>\t\t\t\t\t\t\t\t<\/div>\n\t\t\t\t<\/div>\n\t\t\t\t\t<\/div>\n\t\t<\/div>\n\t\t\t\t\t<\/div>\n\t\t<\/section>\n\t\t\t\t<\/div>\n\t\t","protected":false},"excerpt":{"rendered":"<p>D\u0131\u015f Ticaret B\u00f6l\u00fcm\u00fcm\u00fcz\u00fcn kararl\u0131 ad\u0131mlar\u0131 ve \u00e7al\u0131\u015fmalar\u0131n\u0131n resmi kay\u0131tlar\u0131, B\u00f6l\u00fcm Kurulu Kararlar\u0131 ba\u015fl\u0131\u011f\u0131 alt\u0131nda payla\u015f\u0131lmaktad\u0131r. Bu b\u00f6l\u00fcmde, D\u0131\u015f Ticaret B\u00f6l\u00fcm\u00fc y\u00f6netim kurulu taraf\u0131ndan al\u0131nan t\u00fcm \u00f6nemli kararlar ve yap\u0131lan de\u011fi\u015fiklikler yer almaktad\u0131r. D\u0131\u015f Ticaret B\u00f6l\u00fcm\u00fc olarak verdi\u011fimiz hizmetlerin kalitesini ve i\u015fleyi\u015fini s\u00fcrekli iyile\u015ftirmek i\u00e7in d\u00fczenli toplant\u0131lar d\u00fczenlenmekte ve bu toplant\u0131larda al\u0131nan kararlar b\u00fcy\u00fck bir \u00f6zenle [&hellip;]<\/p>\n","protected":false},"author":1,"featured_media":0,"parent":0,"menu_order":0,"comment_status":"closed","ping_status":"closed","template":"elementor_header_footer","meta":{"footnotes":""},"class_list":["post-6071","page","type-page","status-publish","hentry"],"_links":{"self":[{"href":"https:\/\/atauni.edu.tr\/dis-ticaret-bolumu\/wp-json\/wp\/v2\/pages\/6071","targetHints":{"allow":["GET"]}}],"collection":[{"href":"https:\/\/atauni.edu.tr\/dis-ticaret-bolumu\/wp-json\/wp\/v2\/pages"}],"about":[{"href":"https:\/\/atauni.edu.tr\/dis-ticaret-bolumu\/wp-json\/wp\/v2\/types\/page"}],"author":[{"embeddable":true,"href":"https:\/\/atauni.edu.tr\/dis-ticaret-bolumu\/wp-json\/wp\/v2\/users\/1"}],"replies":[{"embeddable":true,"href":"https:\/\/atauni.edu.tr\/dis-ticaret-bolumu\/wp-json\/wp\/v2\/comments?post=6071"}],"version-history":[{"count":7,"href":"https:\/\/atauni.edu.tr\/dis-ticaret-bolumu\/wp-json\/wp\/v2\/pages\/6071\/revisions"}],"predecessor-version":[{"id":6120,"href":"https:\/\/atauni.edu.tr\/dis-ticaret-bolumu\/wp-json\/wp\/v2\/pages\/6071\/revisions\/6120"}],"wp:attachment":[{"href":"https:\/\/atauni.edu.tr\/dis-ticaret-bolumu\/wp-json\/wp\/v2\/media?parent=6071"}],"curies":[{"name":"wp","href":"https:\/\/api.w.org\/{rel}","templated":true}]}}