{"id":5638,"date":"2021-07-13T09:49:25","date_gmt":"2021-07-13T06:49:25","guid":{"rendered":"https:\/\/portaltest.atauni.edu.tr\/bilgisayar-muhendisligi\/?page_id=5638"},"modified":"2024-02-01T00:43:01","modified_gmt":"2024-01-31T21:43:01","slug":"tarihce","status":"publish","type":"page","link":"https:\/\/atauni.edu.tr\/dolerme-ve-suni-tohumlama-anabilim-dali\/tarihce\/","title":{"rendered":"Tarih\u00e7e"},"content":{"rendered":"\t\t<div data-elementor-type=\"wp-page\" data-elementor-id=\"5638\" class=\"elementor elementor-5638\" data-elementor-post-type=\"page\">\n\t\t\t\t\t\t<section class=\"elementor-section elementor-top-section elementor-element elementor-element-730d320 elementor-section-boxed elementor-section-height-default elementor-section-height-default\" data-id=\"730d320\" data-element_type=\"section\">\n\t\t\t\t\t\t<div class=\"elementor-container elementor-column-gap-default\">\n\t\t\t\t\t<div class=\"elementor-column elementor-col-100 elementor-top-column elementor-element elementor-element-753d0860\" data-id=\"753d0860\" data-element_type=\"column\">\n\t\t\t<div class=\"elementor-widget-wrap\">\n\t\t\t\t\t\t\t<\/div>\n\t\t<\/div>\n\t\t\t\t\t<\/div>\n\t\t<\/section>\n\t\t\t\t<section class=\"elementor-section elementor-top-section elementor-element elementor-element-9be811a elementor-section-boxed elementor-section-height-default elementor-section-height-default\" data-id=\"9be811a\" data-element_type=\"section\">\n\t\t\t\t\t\t<div class=\"elementor-container elementor-column-gap-default\">\n\t\t\t\t\t<div class=\"elementor-column elementor-col-100 elementor-top-column elementor-element elementor-element-1ed847b7\" data-id=\"1ed847b7\" data-element_type=\"column\">\n\t\t\t<div class=\"elementor-widget-wrap elementor-element-populated\">\n\t\t\t\t\t\t<div class=\"elementor-element elementor-element-4ce0d07f elementor-widget elementor-widget-heading\" data-id=\"4ce0d07f\" data-element_type=\"widget\" data-widget_type=\"heading.default\">\n\t\t\t\t<div class=\"elementor-widget-container\">\n\t\t\t\t\t<h2 class=\"elementor-heading-title elementor-size-default\">Tarih\u00e7e<\/h2>\t\t\t\t<\/div>\n\t\t\t\t<\/div>\n\t\t\t\t<div class=\"elementor-element elementor-element-63260862 elementor-widget-divider--view-line elementor-widget elementor-widget-divider\" data-id=\"63260862\" data-element_type=\"widget\" data-widget_type=\"divider.default\">\n\t\t\t\t<div class=\"elementor-widget-container\">\n\t\t\t\t\t\t\t<div class=\"elementor-divider\">\n\t\t\t<span class=\"elementor-divider-separator\">\n\t\t\t\t\t\t<\/span>\n\t\t<\/div>\n\t\t\t\t\t\t<\/div>\n\t\t\t\t<\/div>\n\t\t\t\t\t<\/div>\n\t\t<\/div>\n\t\t\t\t\t<\/div>\n\t\t<\/section>\n\t\t\t\t<section class=\"elementor-section elementor-top-section elementor-element elementor-element-681db8b elementor-section-boxed elementor-section-height-default elementor-section-height-default\" data-id=\"681db8b\" data-element_type=\"section\">\n\t\t\t\t\t\t<div class=\"elementor-container elementor-column-gap-default\">\n\t\t\t\t\t<div class=\"elementor-column elementor-col-100 elementor-top-column elementor-element elementor-element-ad4dac5\" data-id=\"ad4dac5\" data-element_type=\"column\">\n\t\t\t<div class=\"elementor-widget-wrap elementor-element-populated\">\n\t\t\t\t\t\t<div class=\"elementor-element elementor-element-2f96b3d elementor-widget elementor-widget-text-editor\" data-id=\"2f96b3d\" data-element_type=\"widget\" data-widget_type=\"text-editor.default\">\n\t\t\t\t<div class=\"elementor-widget-container\">\n\t\t\t\t\t\t\t\t\t<p>D\u00f6lerme ve Suni Tohumlama Anabilim Dal\u0131m\u0131z, 1997 y\u0131l\u0131nda Atat\u00fcrk \u00dcniversitesi Veteriner Fak\u00fcltesi b\u00fcnyesinde kurulmu\u015ftur. Anabilim Dal\u0131 Ba\u015fkal\u0131\u011f\u0131n\u0131 Prof. Dr. Ali Do\u011fan \u00d6M\u00dcR y\u00fcr\u00fctmektedir.<\/p><p>Anabilim Dal\u0131 b\u00fcnyemizde Prof. Dr. Ali Do\u011fan \u00d6M\u00dcR, Dr. \u00d6\u011fr. \u00dcyesi Serkan Ali AKARSU ve Ar\u015f. G\u00f6r. Gamze U\u00c7AK g\u00f6rev yapmaktad\u0131r. Anabilim Dal\u0131m\u0131z taraf\u0131ndan lisans ve lisans\u00fcst\u00fc d\u00fczeylerinde teorik ve uygulamal\u0131 e\u011fitim verilmektedir.<\/p>\t\t\t\t\t\t\t\t<\/div>\n\t\t\t\t<\/div>\n\t\t\t\t\t<\/div>\n\t\t<\/div>\n\t\t\t\t\t<\/div>\n\t\t<\/section>\n\t\t\t\t<\/div>\n\t\t","protected":false},"excerpt":{"rendered":"<p>Tarih\u00e7e D\u00f6lerme ve Suni Tohumlama Anabilim Dal\u0131m\u0131z, 1997 y\u0131l\u0131nda Atat\u00fcrk \u00dcniversitesi Veteriner Fak\u00fcltesi b\u00fcnyesinde kurulmu\u015ftur. Anabilim Dal\u0131 Ba\u015fkal\u0131\u011f\u0131n\u0131 Prof. Dr. Ali Do\u011fan \u00d6M\u00dcR y\u00fcr\u00fctmektedir. Anabilim Dal\u0131 b\u00fcnyemizde Prof. Dr. Ali Do\u011fan \u00d6M\u00dcR, Dr. \u00d6\u011fr. \u00dcyesi Serkan Ali AKARSU ve Ar\u015f. G\u00f6r. Gamze U\u00c7AK g\u00f6rev yapmaktad\u0131r. Anabilim Dal\u0131m\u0131z taraf\u0131ndan lisans ve lisans\u00fcst\u00fc d\u00fczeylerinde teorik ve uygulamal\u0131 [&hellip;]<\/p>\n","protected":false},"author":1,"featured_media":0,"parent":0,"menu_order":0,"comment_status":"closed","ping_status":"closed","template":"","meta":{"footnotes":""},"class_list":["post-5638","page","type-page","status-publish","hentry"],"_links":{"self":[{"href":"https:\/\/atauni.edu.tr\/dolerme-ve-suni-tohumlama-anabilim-dali\/wp-json\/wp\/v2\/pages\/5638","targetHints":{"allow":["GET"]}}],"collection":[{"href":"https:\/\/atauni.edu.tr\/dolerme-ve-suni-tohumlama-anabilim-dali\/wp-json\/wp\/v2\/pages"}],"about":[{"href":"https:\/\/atauni.edu.tr\/dolerme-ve-suni-tohumlama-anabilim-dali\/wp-json\/wp\/v2\/types\/page"}],"author":[{"embeddable":true,"href":"https:\/\/atauni.edu.tr\/dolerme-ve-suni-tohumlama-anabilim-dali\/wp-json\/wp\/v2\/users\/1"}],"replies":[{"embeddable":true,"href":"https:\/\/atauni.edu.tr\/dolerme-ve-suni-tohumlama-anabilim-dali\/wp-json\/wp\/v2\/comments?post=5638"}],"version-history":[{"count":25,"href":"https:\/\/atauni.edu.tr\/dolerme-ve-suni-tohumlama-anabilim-dali\/wp-json\/wp\/v2\/pages\/5638\/revisions"}],"predecessor-version":[{"id":6191,"href":"https:\/\/atauni.edu.tr\/dolerme-ve-suni-tohumlama-anabilim-dali\/wp-json\/wp\/v2\/pages\/5638\/revisions\/6191"}],"wp:attachment":[{"href":"https:\/\/atauni.edu.tr\/dolerme-ve-suni-tohumlama-anabilim-dali\/wp-json\/wp\/v2\/media?parent=5638"}],"curies":[{"name":"wp","href":"https:\/\/api.w.org\/{rel}","templated":true}]}}