{"id":5682,"date":"2021-07-13T10:10:01","date_gmt":"2021-07-13T07:10:01","guid":{"rendered":"https:\/\/portaltest.atauni.edu.tr\/bilgisayar-muhendisligi\/?page_id=5682"},"modified":"2024-02-01T00:43:50","modified_gmt":"2024-01-31T21:43:50","slug":"misyon-vizyon-ve-temel-degerler","status":"publish","type":"page","link":"https:\/\/atauni.edu.tr\/dolerme-ve-suni-tohumlama-anabilim-dali\/misyon-vizyon-ve-temel-degerler\/","title":{"rendered":"Misyon, Vizyon ve Temel De\u011ferler"},"content":{"rendered":"\t\t<div data-elementor-type=\"wp-page\" data-elementor-id=\"5682\" class=\"elementor elementor-5682\" data-elementor-post-type=\"page\">\n\t\t\t\t\t\t<section class=\"elementor-section elementor-top-section elementor-element elementor-element-730d320 elementor-section-boxed elementor-section-height-default elementor-section-height-default\" data-id=\"730d320\" data-element_type=\"section\">\n\t\t\t\t\t\t<div class=\"elementor-container elementor-column-gap-default\">\n\t\t\t\t\t<div class=\"elementor-column elementor-col-100 elementor-top-column elementor-element elementor-element-753d0860\" data-id=\"753d0860\" data-element_type=\"column\">\n\t\t\t<div class=\"elementor-widget-wrap\">\n\t\t\t\t\t\t\t<\/div>\n\t\t<\/div>\n\t\t\t\t\t<\/div>\n\t\t<\/section>\n\t\t\t\t<section class=\"elementor-section elementor-top-section elementor-element elementor-element-9be811a elementor-section-boxed elementor-section-height-default elementor-section-height-default\" data-id=\"9be811a\" data-element_type=\"section\">\n\t\t\t\t\t\t<div class=\"elementor-container elementor-column-gap-default\">\n\t\t\t\t\t<div class=\"elementor-column elementor-col-100 elementor-top-column elementor-element elementor-element-1ed847b7\" data-id=\"1ed847b7\" data-element_type=\"column\">\n\t\t\t<div class=\"elementor-widget-wrap elementor-element-populated\">\n\t\t\t\t\t\t<div class=\"elementor-element elementor-element-4ce0d07f elementor-widget elementor-widget-heading\" data-id=\"4ce0d07f\" data-element_type=\"widget\" data-widget_type=\"heading.default\">\n\t\t\t\t<div class=\"elementor-widget-container\">\n\t\t\t\t\t<h2 class=\"elementor-heading-title elementor-size-default\">Misyon, Vizyon ve Temel De\u011ferler<\/h2>\t\t\t\t<\/div>\n\t\t\t\t<\/div>\n\t\t\t\t<div class=\"elementor-element elementor-element-63260862 elementor-widget-divider--view-line elementor-widget elementor-widget-divider\" data-id=\"63260862\" data-element_type=\"widget\" data-widget_type=\"divider.default\">\n\t\t\t\t<div class=\"elementor-widget-container\">\n\t\t\t\t\t\t\t<div class=\"elementor-divider\">\n\t\t\t<span class=\"elementor-divider-separator\">\n\t\t\t\t\t\t<\/span>\n\t\t<\/div>\n\t\t\t\t\t\t<\/div>\n\t\t\t\t<\/div>\n\t\t\t\t\t<\/div>\n\t\t<\/div>\n\t\t\t\t\t<\/div>\n\t\t<\/section>\n\t\t\t\t<section class=\"elementor-section elementor-top-section elementor-element elementor-element-681db8b elementor-section-boxed elementor-section-height-default elementor-section-height-default\" data-id=\"681db8b\" data-element_type=\"section\">\n\t\t\t\t\t\t<div class=\"elementor-container elementor-column-gap-default\">\n\t\t\t\t\t<div class=\"elementor-column elementor-col-100 elementor-top-column elementor-element elementor-element-ad4dac5\" data-id=\"ad4dac5\" data-element_type=\"column\">\n\t\t\t<div class=\"elementor-widget-wrap elementor-element-populated\">\n\t\t\t\t\t\t<div class=\"elementor-element elementor-element-2f96b3d elementor-widget elementor-widget-text-editor\" data-id=\"2f96b3d\" data-element_type=\"widget\" data-widget_type=\"text-editor.default\">\n\t\t\t\t<div class=\"elementor-widget-container\">\n\t\t\t\t\t\t\t\t\t<p>Veteriner Fak\u00fcltesi \u00f6\u011frencilerine teorik ve uygulamal\u0131 olarak D\u00f6lerme ve Suni Tohumlama Anabilim Dal\u0131m\u0131z taraf\u0131ndan; Androlojik Muayene, Reprod\u00fcktif Endokrinoloji, \u00dcreme Fizyolojisi, \u00d6strus Senkronizasyon Y\u00f6ntemleri, Evcil Hayvanlardan Sperma Al\u0131nmas\u0131, Sperman\u0131n Saklanmas\u0131, Sperman\u0131n Muayenesi ve De\u011ferlendirilmesi, Evcil Hayvanlarda Suni Tohumlama Y\u00f6ntemleri, \u0130nfertilite Problemleri, D\u00f6l Verimini Etkileyen Problemler ve \u0130leri \u00dcreme Teknikleri konular\u0131nda e\u011fitim verilmektedir.<\/p><p>Anabilim Dal\u0131m\u0131z lisans ve lisans \u00fcst\u00fc \u00f6\u011frencilerimizi d\u00fcnya genelinde e\u011fitim standartlar\u0131na uygun bilgi ve becerilere sahip, mesleki etik de\u011ferler \u00e7er\u00e7evesinde d\u00fc\u015f\u00fcnme becerisini geli\u015ftirmi\u015f, androloji ve suni tohumlama alan\u0131nda bilgilerle donat\u0131lm\u0131\u015f bireyler olarak yeti\u015ftirmeyi hedefler.<\/p><p>Anabilim Dal\u0131m\u0131z taraf\u0131ndan de\u011fi\u015fen ve geli\u015fmekte olan d\u00fcnya teknolojilerini takip ederek, g\u00fcncel \u00e7al\u0131\u015fma alanlar\u0131nda ve konular\u0131nda bilimsel \u00e7al\u0131\u015fmalar yaparak e\u011fitim ve ara\u015ft\u0131rma kalitelerinin y\u00fckseltilmesi ama\u00e7lanmaktad\u0131r.<\/p><p>Anabilim Dal\u0131m\u0131z, alan bazl\u0131 ve multidisipliner \u00e7al\u0131\u015fmalar ile d\u00fcnya genelinde ge\u00e7erli literat\u00fcr bilgilerini g\u00fcncel tutmaktad\u0131r. \u00dclkemiz i\u00e7in toplumsal ve veteriner hekimlik temelli bilimsel \u00e7\u0131kt\u0131lar\u0131 ile hayvan \u00fcretimi, \u00fcreme biyoteknolojileri, hayvan sa\u011fl\u0131\u011f\u0131 ve dolay\u0131s\u0131yla insan sa\u011fl\u0131\u011f\u0131 alanlar\u0131na y\u00f6nelik \u00e7al\u0131\u015fmalar\u0131 ile hayvan \u00fcretiminde verimlili\u011fin art\u0131r\u0131lmas\u0131yla, hayvanlarda genetik iyile\u015ftirme \u00e7al\u0131\u015fmalar\u0131yla, hayvanlarda mevcut sa\u011fl\u0131k problemleri ve kontrolleri ile toplumun refah seviyesini art\u0131rarak \u00fclkenin hayvanc\u0131l\u0131k sekt\u00f6r\u00fcn\u00fc \u00f6nemli \u00f6l\u00e7\u00fcde g\u00fc\u00e7lendirmektedir.<\/p><p>Anabilim Dal\u0131m\u0131z, \u00e7iftle\u015fme ile bula\u015fan hastal\u0131klar\u0131n \u00f6nlenmesi, genetik bozukluklar\u0131n \u00f6n\u00fcne ge\u00e7ilmesi, \u00e7iftle\u015fmede ortaya \u00e7\u0131kabilen travmalardan korunmas\u0131, daha sa\u011fl\u0131kl\u0131 nesillerin ortaya \u00e7\u0131kmas\u0131, erkek ve di\u015fi hayvanlarda ortaya \u00e7\u0131kabilecek \u00fcreme bozukluklar\u0131n\u0131n kontrol\u00fc ve tedavileri, cinsiyeti belirlenmi\u015f sperm h\u00fccreleri ile do\u011facak yavrunun cinsiyetinin \u00f6nceden belirlenmesi gibi konularla hayvan refah\u0131 ve sa\u011fl\u0131\u011f\u0131 bak\u0131m\u0131ndan katk\u0131 sa\u011flamaktad\u0131r.<\/p>\t\t\t\t\t\t\t\t<\/div>\n\t\t\t\t<\/div>\n\t\t\t\t\t<\/div>\n\t\t<\/div>\n\t\t\t\t\t<\/div>\n\t\t<\/section>\n\t\t\t\t<\/div>\n\t\t","protected":false},"excerpt":{"rendered":"<p>Misyon, Vizyon ve Temel De\u011ferler Veteriner Fak\u00fcltesi \u00f6\u011frencilerine teorik ve uygulamal\u0131 olarak D\u00f6lerme ve Suni Tohumlama Anabilim Dal\u0131m\u0131z taraf\u0131ndan; Androlojik Muayene, Reprod\u00fcktif Endokrinoloji, \u00dcreme Fizyolojisi, \u00d6strus Senkronizasyon Y\u00f6ntemleri, Evcil Hayvanlardan Sperma Al\u0131nmas\u0131, Sperman\u0131n Saklanmas\u0131, Sperman\u0131n Muayenesi ve De\u011ferlendirilmesi, Evcil Hayvanlarda Suni Tohumlama Y\u00f6ntemleri, \u0130nfertilite Problemleri, D\u00f6l Verimini Etkileyen Problemler ve \u0130leri \u00dcreme Teknikleri konular\u0131nda e\u011fitim [&hellip;]<\/p>\n","protected":false},"author":1,"featured_media":0,"parent":0,"menu_order":0,"comment_status":"closed","ping_status":"closed","template":"elementor_header_footer","meta":{"footnotes":""},"class_list":["post-5682","page","type-page","status-publish","hentry"],"_links":{"self":[{"href":"https:\/\/atauni.edu.tr\/dolerme-ve-suni-tohumlama-anabilim-dali\/wp-json\/wp\/v2\/pages\/5682","targetHints":{"allow":["GET"]}}],"collection":[{"href":"https:\/\/atauni.edu.tr\/dolerme-ve-suni-tohumlama-anabilim-dali\/wp-json\/wp\/v2\/pages"}],"about":[{"href":"https:\/\/atauni.edu.tr\/dolerme-ve-suni-tohumlama-anabilim-dali\/wp-json\/wp\/v2\/types\/page"}],"author":[{"embeddable":true,"href":"https:\/\/atauni.edu.tr\/dolerme-ve-suni-tohumlama-anabilim-dali\/wp-json\/wp\/v2\/users\/1"}],"replies":[{"embeddable":true,"href":"https:\/\/atauni.edu.tr\/dolerme-ve-suni-tohumlama-anabilim-dali\/wp-json\/wp\/v2\/comments?post=5682"}],"version-history":[{"count":11,"href":"https:\/\/atauni.edu.tr\/dolerme-ve-suni-tohumlama-anabilim-dali\/wp-json\/wp\/v2\/pages\/5682\/revisions"}],"predecessor-version":[{"id":6194,"href":"https:\/\/atauni.edu.tr\/dolerme-ve-suni-tohumlama-anabilim-dali\/wp-json\/wp\/v2\/pages\/5682\/revisions\/6194"}],"wp:attachment":[{"href":"https:\/\/atauni.edu.tr\/dolerme-ve-suni-tohumlama-anabilim-dali\/wp-json\/wp\/v2\/media?parent=5682"}],"curies":[{"name":"wp","href":"https:\/\/api.w.org\/{rel}","templated":true}]}}