{"id":5682,"date":"2021-07-13T10:10:01","date_gmt":"2021-07-13T07:10:01","guid":{"rendered":"https:\/\/portaltest.atauni.edu.tr\/bilgisayar-muhendisligi\/?page_id=5682"},"modified":"2021-12-23T08:59:05","modified_gmt":"2021-12-23T05:59:05","slug":"misyon-vizyon-ve-temel-degerler","status":"publish","type":"page","link":"https:\/\/atauni.edu.tr\/doner-sermaye-isletme-mudurlugu\/misyon-vizyon-ve-temel-degerler\/","title":{"rendered":"Misyon, Vizyon ve Politikalar\u0131m\u0131z"},"content":{"rendered":"\t\t<div data-elementor-type=\"wp-page\" data-elementor-id=\"5682\" class=\"elementor elementor-5682\" data-elementor-post-type=\"page\">\n\t\t\t\t\t\t<section class=\"elementor-section elementor-top-section elementor-element elementor-element-69b95db elementor-section-boxed elementor-section-height-default elementor-section-height-default\" data-id=\"69b95db\" data-element_type=\"section\">\n\t\t\t\t\t\t<div class=\"elementor-container elementor-column-gap-default\">\n\t\t\t\t\t<div class=\"elementor-column elementor-col-100 elementor-top-column elementor-element elementor-element-a7e889f\" data-id=\"a7e889f\" data-element_type=\"column\">\n\t\t\t<div class=\"elementor-widget-wrap elementor-element-populated\">\n\t\t\t\t\t\t<div class=\"elementor-element elementor-element-9ce70a0 elementor-widget elementor-widget-heading\" data-id=\"9ce70a0\" data-element_type=\"widget\" data-widget_type=\"heading.default\">\n\t\t\t\t<div class=\"elementor-widget-container\">\n\t\t\t\t\t<h2 class=\"elementor-heading-title elementor-size-default\">Misyon, Vizyon ve Politikalar\u0131m\u0131z<\/h2>\t\t\t\t<\/div>\n\t\t\t\t<\/div>\n\t\t\t\t<div class=\"elementor-element elementor-element-50638ad elementor-widget-divider--view-line elementor-widget elementor-widget-divider\" data-id=\"50638ad\" data-element_type=\"widget\" data-widget_type=\"divider.default\">\n\t\t\t\t<div class=\"elementor-widget-container\">\n\t\t\t\t\t\t\t<div class=\"elementor-divider\">\n\t\t\t<span class=\"elementor-divider-separator\">\n\t\t\t\t\t\t<\/span>\n\t\t<\/div>\n\t\t\t\t\t\t<\/div>\n\t\t\t\t<\/div>\n\t\t\t\t\t<\/div>\n\t\t<\/div>\n\t\t\t\t\t<\/div>\n\t\t<\/section>\n\t\t\t\t<section class=\"elementor-section elementor-top-section elementor-element elementor-element-681db8b elementor-section-boxed elementor-section-height-default elementor-section-height-default\" data-id=\"681db8b\" data-element_type=\"section\">\n\t\t\t\t\t\t<div class=\"elementor-container elementor-column-gap-default\">\n\t\t\t\t\t<div class=\"elementor-column elementor-col-100 elementor-top-column elementor-element elementor-element-ad4dac5\" data-id=\"ad4dac5\" data-element_type=\"column\">\n\t\t\t<div class=\"elementor-widget-wrap elementor-element-populated\">\n\t\t\t\t\t\t<div class=\"elementor-element elementor-element-2f96b3d elementor-widget elementor-widget-text-editor\" data-id=\"2f96b3d\" data-element_type=\"widget\" data-widget_type=\"text-editor.default\">\n\t\t\t\t<div class=\"elementor-widget-container\">\n\t\t\t\t\t\t\t\t\t<p><span style=\"text-decoration: underline\">M\u0130SYON<\/span><br \/><span style=\"letter-spacing: 0px\">Atat\u00fcrk \u00dcniversitesi b\u00fcnyesinde ger\u00e7ekle\u015ftirilen Ar-Ge, proje, dan\u0131\u015fmanl\u0131k, seminer, yabanc\u0131 dil kurslar\u0131, deney, e\u011fitim vb. etkinliklerden elde edilen gelir ve giderleri y\u00fcr\u00fcrl\u00fckteki mevzuata uygun bir \u015fekilde sorunsuz y\u00f6netiminin yan\u0131 s\u0131ra \u00f6\u011fretim elemanlar\u0131n\u0131n s\u00f6z konusu faaliyetler hakk\u0131nda birikim ve deneyimlerimizle do\u011fru bilgilendirilmesini sa\u011flar, zaman\u0131nda, kaliteli ve yeterli hizmet veririz.<\/span><\/p><p><span style=\"letter-spacing: 0px\"><span style=\"text-decoration: underline\">V\u0130ZYON<\/span><br \/>G\u00f6rev alan\u0131ndaki hizmet ve faaliyetlerin yerine getirilmesinde insan, para ve malzeme gibi kaynaklar\u0131 mevcut yasal d\u00fczenlemeler \u00e7er\u00e7evesinde \u015feffaf, etkin ve en verimli \u015fekilde kullanarak, gerekli alt yap\u0131y\u0131 geli\u015ftirip g\u00fc\u00e7lendirerek,<\/span><\/p><ul><li>\u00c7al\u0131\u015fanlar\u0131n\u0131 tak\u0131m bilinci i\u00e7inde bilgi ve becerilerini artt\u0131rarak, teknolojik imk\u00e2nlarla donanm\u0131\u015f \u00e7a\u011fda\u015f ve bilimsel t\u00fcm geli\u015fmeleri \u00e7al\u0131\u015fmalar\u0131na yans\u0131tarak, i\u015finde uzman, yarat\u0131c\u0131 ve yenilik\u00e7i bireyler olu\u015fturarak, t\u00fcm \u00e7al\u0131\u015fmalar\u0131nda \u00f6rnek bir i\u015fletme olmak,<\/li><li><span style=\"letter-spacing: 0px\">\u0130\u015f yapt\u0131\u011f\u0131m\u0131z kurum, kurulu\u015f ve ki\u015filerin memnuniyetini, i\u015flerinin mutlu bir \u015fekilde sonland\u0131r\u0131lmas\u0131n\u0131 sa\u011flamak<\/span><\/li><\/ul><p><span style=\"letter-spacing: 0px\"><span style=\"text-decoration: underline\">POL\u0130T\u0130KALARIMIZ<\/span><br \/>Uluslararas\u0131 standartlarda kalite y\u00f6netim sistemi kurmak ve her zaman daha iyisi olaca\u011f\u0131 inanc\u0131yla kendimizi s\u00fcrekli \u00f6l\u00e7mek ve iyile\u015ftirmek,<\/span><\/p><ul><li>Risklerimizi tespit etmek ve \u00f6nleyici tedbirler almak,<\/li><li>Birlikte \u00e7al\u0131\u015ft\u0131\u011f\u0131m\u0131z \u00f6\u011fretim elemanlar\u0131n\u0131n proje s\u00fcre\u00e7leri hakk\u0131nda yeterince bilgili olmas\u0131n\u0131 sa\u011flamak,<\/li><li>\u0130htiya\u00e7lar\u0131m\u0131z\u0131 kar\u015f\u0131layacak d\u00fczeyde yaz\u0131l\u0131m ve donan\u0131m alt yap\u0131s\u0131n\u0131 olu\u015fturmak ve geli\u015ftirmek,<\/li><li>Yeterli ve nitelikli kadrolarla \u00e7al\u0131\u015fmak,<\/li><li>\u00c7al\u0131\u015fma \u015fartlar\u0131m\u0131z\u0131 iyile\u015ftirmek,<\/li><li>Hizmet i\u00e7i ve d\u0131\u015f\u0131 e\u011fitimlere \u00f6nem vermek ve s\u00fcreklili\u011fini sa\u011flamak, mevzuat de\u011fi\u015fikliklerine \u00e7al\u0131\u015fan e\u011fitimi ve yaz\u0131l\u0131mlar\u0131m\u0131zla h\u0131zla adapte olmak,<\/li><li>Gelir ve giderlerini y\u00f6netti\u011fimiz birimlerin kontrol\u00fcnde s\u00f6z sahibi olmak,<\/li><li>\u00a0E-devlet uygulamalar\u0131na entegre olmak,<\/li><\/ul>\t\t\t\t\t\t\t\t<\/div>\n\t\t\t\t<\/div>\n\t\t\t\t\t<\/div>\n\t\t<\/div>\n\t\t\t\t\t<\/div>\n\t\t<\/section>\n\t\t\t\t<\/div>\n\t\t","protected":false},"excerpt":{"rendered":"<p>Misyon, Vizyon ve Politikalar\u0131m\u0131z M\u0130SYONAtat\u00fcrk \u00dcniversitesi b\u00fcnyesinde ger\u00e7ekle\u015ftirilen Ar-Ge, proje, dan\u0131\u015fmanl\u0131k, seminer, yabanc\u0131 dil kurslar\u0131, deney, e\u011fitim vb. etkinliklerden elde edilen gelir ve giderleri y\u00fcr\u00fcrl\u00fckteki mevzuata uygun bir \u015fekilde sorunsuz y\u00f6netiminin yan\u0131 s\u0131ra \u00f6\u011fretim elemanlar\u0131n\u0131n s\u00f6z konusu faaliyetler hakk\u0131nda birikim ve deneyimlerimizle do\u011fru bilgilendirilmesini sa\u011flar, zaman\u0131nda, kaliteli ve yeterli hizmet veririz. V\u0130ZYONG\u00f6rev alan\u0131ndaki hizmet ve [&hellip;]<\/p>\n","protected":false},"author":1,"featured_media":0,"parent":0,"menu_order":0,"comment_status":"closed","ping_status":"closed","template":"elementor_header_footer","meta":{"footnotes":""},"class_list":["post-5682","page","type-page","status-publish","hentry"],"_links":{"self":[{"href":"https:\/\/atauni.edu.tr\/doner-sermaye-isletme-mudurlugu\/wp-json\/wp\/v2\/pages\/5682","targetHints":{"allow":["GET"]}}],"collection":[{"href":"https:\/\/atauni.edu.tr\/doner-sermaye-isletme-mudurlugu\/wp-json\/wp\/v2\/pages"}],"about":[{"href":"https:\/\/atauni.edu.tr\/doner-sermaye-isletme-mudurlugu\/wp-json\/wp\/v2\/types\/page"}],"author":[{"embeddable":true,"href":"https:\/\/atauni.edu.tr\/doner-sermaye-isletme-mudurlugu\/wp-json\/wp\/v2\/users\/1"}],"replies":[{"embeddable":true,"href":"https:\/\/atauni.edu.tr\/doner-sermaye-isletme-mudurlugu\/wp-json\/wp\/v2\/comments?post=5682"}],"version-history":[{"count":111,"href":"https:\/\/atauni.edu.tr\/doner-sermaye-isletme-mudurlugu\/wp-json\/wp\/v2\/pages\/5682\/revisions"}],"predecessor-version":[{"id":7342,"href":"https:\/\/atauni.edu.tr\/doner-sermaye-isletme-mudurlugu\/wp-json\/wp\/v2\/pages\/5682\/revisions\/7342"}],"wp:attachment":[{"href":"https:\/\/atauni.edu.tr\/doner-sermaye-isletme-mudurlugu\/wp-json\/wp\/v2\/media?parent=5682"}],"curies":[{"name":"wp","href":"https:\/\/api.w.org\/{rel}","templated":true}]}}