{"id":6309,"date":"2021-11-25T11:23:51","date_gmt":"2021-11-25T08:23:51","guid":{"rendered":"http:\/\/birimler.atauni.edu.tr\/doner-sermaye-isletme-mudurlugu\/?page_id=6309"},"modified":"2021-11-28T22:25:02","modified_gmt":"2021-11-28T19:25:02","slug":"doner-sermaye-yurutme-kurulu","status":"publish","type":"page","link":"https:\/\/atauni.edu.tr\/doner-sermaye-isletme-mudurlugu\/doner-sermaye-yurutme-kurulu\/","title":{"rendered":"D\u00f6ner Sermaye Y\u00fcr\u00fctme Kurulu"},"content":{"rendered":"\t\t<div data-elementor-type=\"wp-page\" data-elementor-id=\"6309\" class=\"elementor elementor-6309\" data-elementor-post-type=\"page\">\n\t\t\t\t\t\t<section class=\"elementor-section elementor-top-section elementor-element elementor-element-bb3c6d9 elementor-section-boxed elementor-section-height-default elementor-section-height-default\" data-id=\"bb3c6d9\" data-element_type=\"section\">\n\t\t\t\t\t\t<div class=\"elementor-container elementor-column-gap-default\">\n\t\t\t\t\t<div class=\"elementor-column elementor-col-100 elementor-top-column elementor-element elementor-element-c9cd02a\" data-id=\"c9cd02a\" data-element_type=\"column\">\n\t\t\t<div class=\"elementor-widget-wrap elementor-element-populated\">\n\t\t\t\t\t\t<div class=\"elementor-element elementor-element-29d258b elementor-widget elementor-widget-heading\" data-id=\"29d258b\" data-element_type=\"widget\" data-widget_type=\"heading.default\">\n\t\t\t\t<div class=\"elementor-widget-container\">\n\t\t\t\t\t<h2 class=\"elementor-heading-title elementor-size-default\">D\u00f6ner Sermaye Y\u00fcr\u00fctme Kurulu<\/h2>\t\t\t\t<\/div>\n\t\t\t\t<\/div>\n\t\t\t\t\t<\/div>\n\t\t<\/div>\n\t\t\t\t\t<\/div>\n\t\t<\/section>\n\t\t\t\t<section class=\"elementor-section elementor-top-section elementor-element elementor-element-5ee94cd elementor-section-boxed elementor-section-height-default elementor-section-height-default\" data-id=\"5ee94cd\" data-element_type=\"section\">\n\t\t\t\t\t\t<div class=\"elementor-container elementor-column-gap-default\">\n\t\t\t\t\t<div class=\"elementor-column elementor-col-100 elementor-top-column elementor-element elementor-element-9a7d724\" data-id=\"9a7d724\" data-element_type=\"column\">\n\t\t\t<div class=\"elementor-widget-wrap elementor-element-populated\">\n\t\t\t\t\t\t<div class=\"elementor-element elementor-element-12fd41a elementor-widget-divider--view-line elementor-widget elementor-widget-divider\" data-id=\"12fd41a\" data-element_type=\"widget\" data-widget_type=\"divider.default\">\n\t\t\t\t<div class=\"elementor-widget-container\">\n\t\t\t\t\t\t\t<div class=\"elementor-divider\">\n\t\t\t<span class=\"elementor-divider-separator\">\n\t\t\t\t\t\t<\/span>\n\t\t<\/div>\n\t\t\t\t\t\t<\/div>\n\t\t\t\t<\/div>\n\t\t\t\t\t<\/div>\n\t\t<\/div>\n\t\t\t\t\t<\/div>\n\t\t<\/section>\n\t\t\t\t<section class=\"elementor-section elementor-top-section elementor-element elementor-element-acb763e elementor-section-boxed elementor-section-height-default elementor-section-height-default\" data-id=\"acb763e\" data-element_type=\"section\">\n\t\t\t\t\t\t<div class=\"elementor-container elementor-column-gap-default\">\n\t\t\t\t\t<div class=\"elementor-column elementor-col-100 elementor-top-column elementor-element elementor-element-337ac6b\" data-id=\"337ac6b\" data-element_type=\"column\">\n\t\t\t<div class=\"elementor-widget-wrap elementor-element-populated\">\n\t\t\t\t\t\t<div class=\"elementor-element elementor-element-b6b3d08 elementor-widget elementor-widget-text-editor\" data-id=\"b6b3d08\" data-element_type=\"widget\" data-widget_type=\"text-editor.default\">\n\t\t\t\t<div class=\"elementor-widget-container\">\n\t\t\t\t\t\t\t\t\t<p>18.06.2020 tarih ve 31159 say\u0131l\u0131 Resmi\u00a0<span style=\"letter-spacing: 0px\">Gazetede yay\u0131mlanan &#8220;Y\u00fcksek\u00f6\u011fretim Kurumlar\u0131 D\u00f6ner Sermaye \u0130\u015fletmelerinin Kurulmas\u0131na \u0130li\u015fkin\u00a0<\/span><span style=\"letter-spacing: 0px\">Y\u00f6netmelik&#8221;in Y\u00f6netim ba\u015fl\u0131kl\u0131 9. maddesinin 2. bendinde &#8220;Y\u00fcksek\u00f6\u011fretim kurumunun y\u00f6netim\u00a0<\/span><span style=\"letter-spacing: 0px\">kurulu: i\u015fletmeyi idare etmek \u00fczere y\u00fcr\u00fctme kurulu olu\u015fturabilir ve yetkilerini uygun g\u00f6rd\u00fc\u011f\u00fc \u00f6l\u00e7\u00fcde\u00a0<\/span><span style=\"letter-spacing: 0px\">y\u00fcr\u00fctme kuruluna devredebilir. <strong>Y\u00fcr\u00fctme kurulu, Y\u00fcksek\u00f6\u011fretim kurumu y\u00f6netim kurulu taraf\u0131ndan\u00a0<\/strong><\/span><strong><span style=\"letter-spacing: 0px\">se\u00e7ilecek bir rekt\u00f6r yard\u0131mc\u0131s\u0131, \u00fc\u00e7 \u00f6\u011fretim eleman\u0131 (dekan ve y\u00fcksekokul m\u00fcd\u00fcr\u00fc de olabilir) ve d\u00f6ner\u00a0<\/span><\/strong><span style=\"letter-spacing: 0px\"><strong>sermaye i\u015fletme m\u00fcd\u00fcr\u00fc olmak \u00fczere be\u015f ki\u015fiden olu\u015fur.&#8221;<\/strong> h\u00fckm\u00fc gere\u011fi, \u00dc<\/span><span style=\"letter-spacing: 0px\">niversite D\u00f6ner Sermaye Y\u00fcr\u00fctme Kurulu olu\u015fturulmu\u015ftur.<\/span><\/p><p>Ayr\u0131ca; s\u00f6z konusu y\u00f6netmeli\u011fin 9. Maddesinin 2. Bendi \u201c&#8230;&#8230;&#8230; yetkilerini uygun g\u00f6rd\u00fc\u011f\u00fc \u00f6l\u00e7\u00fcde y\u00fcr\u00fctme kuruluna devredebilir\u201d h\u00fckm\u00fc gere\u011fince d\u00f6ner sermaye i\u015f ve i\u015flemleri ile ilgili kanun ve y\u00f6netmeliklerle belirlenmi\u015f \u00dcniversitemiz Y\u00f6netim Kuruluna ait a\u015fa\u011f\u0131da belirtilen;<br \/>-2547 say\u0131l\u0131 Y\u00fcksek\u00f6\u011fretim Kanununun 58. Maddesi h\u00fck\u00fcmleri (a bendinde belirtilen Y\u00fcksek\u00f6\u011fretim kurumlar\u0131nda \u00fcniversite y\u00f6netim kurulunun \u00f6nerisi ve Y\u00fcksek\u00f6\u011fretim Kurulunun onay\u0131 ile d\u00f6ner sermaye i\u015fletmesi kurulabilir. Kurulacak d\u00f6ner sermaye i\u015fletmesinin ba\u015flang\u0131\u00e7 sermayesine ilgili y\u00fcksek\u00f6\u011fretim kurumu b\u00fct\u00e7esinde bu ama\u00e7 i\u00e7in \u00f6denek \u00f6ng\u00f6r\u00fclmek \u015fart\u0131yla katk\u0131 sa\u011flanabilir.\u201d hari\u00e7)<br \/>-Y\u00fcksek\u00f6\u011fretim Kurumlar\u0131nda D\u00f6ner Sermaye Gelirlerinden Yap\u0131lacak Ek \u00d6demenin Da\u011f\u0131t\u0131lmas\u0131nda Uygulanacak Usul Ve Esaslara \u0130li\u015fkin Y\u00f6netmelik h\u00fck\u00fcmleri,<br \/>-Y\u00fcksek\u00f6\u011fretim Kurumlar\u0131 D\u00f6ner Sermaye \u0130\u015fletmelerinin Kurulmas\u0131na \u0130li\u015fkin Y\u00f6netmelik h\u00fck\u00fcmleri (4. Maddesi \u201cY\u00fcksek\u00f6\u011fretim kurumlar\u0131, ilgili y\u00f6netim kurulunun \u00f6nerisi ve Y\u00fcksek\u00f6\u011fretim Kurulunun onay\u0131, Hazine ve Maliye Bakanl\u0131\u011f\u0131n\u0131n uygun g\u00f6r\u00fc\u015f\u00fc ve Cumhurba\u015fkanl\u0131\u011f\u0131 Strateji ve B\u00fct\u00e7e Ba\u015fkanl\u0131\u011f\u0131n\u0131n g\u00f6r\u00fc\u015f\u00fcn\u00fc alarak d\u00f6ner sermaye i\u015fletmesi kurabilirler. \u00d6zel y\u00f6netmeliklere sermaye limiti, y\u00f6netim organlar\u0131, faaliyet alanlar\u0131 d\u0131\u015f\u0131nda \u00f6zel h\u00fck\u00fcmler konulamaz.\u201d hari\u00e7)<\/p><p>yetkiler \u00dcniversite D\u00f6ner Sermaye Y\u00fcr\u00fctme Kuruluna devredilmi\u015ftir.<\/p>\t\t\t\t\t\t\t\t<\/div>\n\t\t\t\t<\/div>\n\t\t\t\t\t<\/div>\n\t\t<\/div>\n\t\t\t\t\t<\/div>\n\t\t<\/section>\n\t\t\t\t<\/div>\n\t\t","protected":false},"excerpt":{"rendered":"<p>D\u00f6ner Sermaye Y\u00fcr\u00fctme Kurulu 18.06.2020 tarih ve 31159 say\u0131l\u0131 Resmi\u00a0Gazetede yay\u0131mlanan &#8220;Y\u00fcksek\u00f6\u011fretim Kurumlar\u0131 D\u00f6ner Sermaye \u0130\u015fletmelerinin Kurulmas\u0131na \u0130li\u015fkin\u00a0Y\u00f6netmelik&#8221;in Y\u00f6netim ba\u015fl\u0131kl\u0131 9. maddesinin 2. bendinde &#8220;Y\u00fcksek\u00f6\u011fretim kurumunun y\u00f6netim\u00a0kurulu: i\u015fletmeyi idare etmek \u00fczere y\u00fcr\u00fctme kurulu olu\u015fturabilir ve yetkilerini uygun g\u00f6rd\u00fc\u011f\u00fc \u00f6l\u00e7\u00fcde\u00a0y\u00fcr\u00fctme kuruluna devredebilir. Y\u00fcr\u00fctme kurulu, Y\u00fcksek\u00f6\u011fretim kurumu y\u00f6netim kurulu taraf\u0131ndan\u00a0se\u00e7ilecek bir rekt\u00f6r yard\u0131mc\u0131s\u0131, \u00fc\u00e7 \u00f6\u011fretim eleman\u0131 (dekan [&hellip;]<\/p>\n","protected":false},"author":429,"featured_media":0,"parent":0,"menu_order":0,"comment_status":"closed","ping_status":"closed","template":"elementor_header_footer","meta":{"footnotes":""},"class_list":["post-6309","page","type-page","status-publish","hentry"],"_links":{"self":[{"href":"https:\/\/atauni.edu.tr\/doner-sermaye-isletme-mudurlugu\/wp-json\/wp\/v2\/pages\/6309","targetHints":{"allow":["GET"]}}],"collection":[{"href":"https:\/\/atauni.edu.tr\/doner-sermaye-isletme-mudurlugu\/wp-json\/wp\/v2\/pages"}],"about":[{"href":"https:\/\/atauni.edu.tr\/doner-sermaye-isletme-mudurlugu\/wp-json\/wp\/v2\/types\/page"}],"author":[{"embeddable":true,"href":"https:\/\/atauni.edu.tr\/doner-sermaye-isletme-mudurlugu\/wp-json\/wp\/v2\/users\/429"}],"replies":[{"embeddable":true,"href":"https:\/\/atauni.edu.tr\/doner-sermaye-isletme-mudurlugu\/wp-json\/wp\/v2\/comments?post=6309"}],"version-history":[{"count":69,"href":"https:\/\/atauni.edu.tr\/doner-sermaye-isletme-mudurlugu\/wp-json\/wp\/v2\/pages\/6309\/revisions"}],"predecessor-version":[{"id":7121,"href":"https:\/\/atauni.edu.tr\/doner-sermaye-isletme-mudurlugu\/wp-json\/wp\/v2\/pages\/6309\/revisions\/7121"}],"wp:attachment":[{"href":"https:\/\/atauni.edu.tr\/doner-sermaye-isletme-mudurlugu\/wp-json\/wp\/v2\/media?parent=6309"}],"curies":[{"name":"wp","href":"https:\/\/api.w.org\/{rel}","templated":true}]}}