{"id":6768,"date":"2021-11-26T12:15:38","date_gmt":"2021-11-26T09:15:38","guid":{"rendered":"http:\/\/birimler.atauni.edu.tr\/doner-sermaye-isletme-mudurlugu\/?page_id=6768"},"modified":"2021-12-30T10:46:38","modified_gmt":"2021-12-30T07:46:38","slug":"ar-ge-yenilik-ve-tasarim","status":"publish","type":"page","link":"https:\/\/atauni.edu.tr\/doner-sermaye-isletme-mudurlugu\/ar-ge-yenilik-ve-tasarim\/","title":{"rendered":"ar-ge-yenilik-ve-tasarim"},"content":{"rendered":"\t\t<div data-elementor-type=\"wp-page\" data-elementor-id=\"6768\" class=\"elementor elementor-6768\" data-elementor-post-type=\"page\">\n\t\t\t\t\t\t<section class=\"elementor-section elementor-top-section elementor-element elementor-element-408b89b elementor-section-boxed elementor-section-height-default elementor-section-height-default\" data-id=\"408b89b\" data-element_type=\"section\">\n\t\t\t\t\t\t<div class=\"elementor-container elementor-column-gap-default\">\n\t\t\t\t\t<div class=\"elementor-column elementor-col-100 elementor-top-column elementor-element elementor-element-66507b1\" data-id=\"66507b1\" data-element_type=\"column\">\n\t\t\t<div class=\"elementor-widget-wrap elementor-element-populated\">\n\t\t\t\t\t\t<div class=\"elementor-element elementor-element-d3a4d7f elementor-widget elementor-widget-heading\" data-id=\"d3a4d7f\" data-element_type=\"widget\" data-widget_type=\"heading.default\">\n\t\t\t\t<div class=\"elementor-widget-container\">\n\t\t\t\t\t<h2 class=\"elementor-heading-title elementor-size-default\">AR-GE, Yenilik ve Tasar\u0131m<\/h2>\t\t\t\t<\/div>\n\t\t\t\t<\/div>\n\t\t\t\t<div class=\"elementor-element elementor-element-881f7c7 elementor-widget-divider--view-line elementor-widget elementor-widget-divider\" data-id=\"881f7c7\" data-element_type=\"widget\" data-widget_type=\"divider.default\">\n\t\t\t\t<div class=\"elementor-widget-container\">\n\t\t\t\t\t\t\t<div class=\"elementor-divider\">\n\t\t\t<span class=\"elementor-divider-separator\">\n\t\t\t\t\t\t<\/span>\n\t\t<\/div>\n\t\t\t\t\t\t<\/div>\n\t\t\t\t<\/div>\n\t\t\t\t\t<\/div>\n\t\t<\/div>\n\t\t\t\t\t<\/div>\n\t\t<\/section>\n\t\t\t\t<section class=\"elementor-section elementor-top-section elementor-element elementor-element-ef58175 elementor-section-boxed elementor-section-height-default elementor-section-height-default\" data-id=\"ef58175\" data-element_type=\"section\">\n\t\t\t\t\t\t<div class=\"elementor-container elementor-column-gap-default\">\n\t\t\t\t\t<div class=\"elementor-column elementor-col-100 elementor-top-column elementor-element elementor-element-85bdfc1\" data-id=\"85bdfc1\" data-element_type=\"column\">\n\t\t\t<div class=\"elementor-widget-wrap elementor-element-populated\">\n\t\t\t\t\t\t<div class=\"elementor-element elementor-element-1092ecf elementor-widget elementor-widget-text-editor\" data-id=\"1092ecf\" data-element_type=\"widget\" data-widget_type=\"text-editor.default\">\n\t\t\t\t<div class=\"elementor-widget-container\">\n\t\t\t\t\t\t\t\t\t<ul><li><a href=\"http:\/\/birimler.atauni.edu.tr\/doner-sermaye-isletme-mudurlugu\/wp-content\/uploads\/sites\/457\/2020\/07\/Proje-Sozlesmesi.pdf\" target=\"_blank\" rel=\"noopener\">Proje S\u00f6zle\u015fmesi<\/a><\/li><\/ul>\t\t\t\t\t\t\t\t<\/div>\n\t\t\t\t<\/div>\n\t\t\t\t\t<\/div>\n\t\t<\/div>\n\t\t\t\t\t<\/div>\n\t\t<\/section>\n\t\t\t\t<\/div>\n\t\t","protected":false},"excerpt":{"rendered":"<p>AR-GE, Yenilik ve Tasar\u0131m Proje S\u00f6zle\u015fmesi<\/p>\n","protected":false},"author":429,"featured_media":0,"parent":0,"menu_order":0,"comment_status":"closed","ping_status":"closed","template":"elementor_header_footer","meta":{"footnotes":""},"class_list":["post-6768","page","type-page","status-publish","hentry"],"_links":{"self":[{"href":"https:\/\/atauni.edu.tr\/doner-sermaye-isletme-mudurlugu\/wp-json\/wp\/v2\/pages\/6768","targetHints":{"allow":["GET"]}}],"collection":[{"href":"https:\/\/atauni.edu.tr\/doner-sermaye-isletme-mudurlugu\/wp-json\/wp\/v2\/pages"}],"about":[{"href":"https:\/\/atauni.edu.tr\/doner-sermaye-isletme-mudurlugu\/wp-json\/wp\/v2\/types\/page"}],"author":[{"embeddable":true,"href":"https:\/\/atauni.edu.tr\/doner-sermaye-isletme-mudurlugu\/wp-json\/wp\/v2\/users\/429"}],"replies":[{"embeddable":true,"href":"https:\/\/atauni.edu.tr\/doner-sermaye-isletme-mudurlugu\/wp-json\/wp\/v2\/comments?post=6768"}],"version-history":[{"count":86,"href":"https:\/\/atauni.edu.tr\/doner-sermaye-isletme-mudurlugu\/wp-json\/wp\/v2\/pages\/6768\/revisions"}],"predecessor-version":[{"id":7520,"href":"https:\/\/atauni.edu.tr\/doner-sermaye-isletme-mudurlugu\/wp-json\/wp\/v2\/pages\/6768\/revisions\/7520"}],"wp:attachment":[{"href":"https:\/\/atauni.edu.tr\/doner-sermaye-isletme-mudurlugu\/wp-json\/wp\/v2\/media?parent=6768"}],"curies":[{"name":"wp","href":"https:\/\/api.w.org\/{rel}","templated":true}]}}