{"id":7523,"date":"2021-12-30T13:41:34","date_gmt":"2021-12-30T10:41:34","guid":{"rendered":"http:\/\/birimler.atauni.edu.tr\/doner-sermaye-isletme-mudurlugu\/?page_id=7523"},"modified":"2021-12-30T15:50:40","modified_gmt":"2021-12-30T12:50:40","slug":"mevzuat","status":"publish","type":"page","link":"https:\/\/atauni.edu.tr\/doner-sermaye-isletme-mudurlugu\/mevzuat\/","title":{"rendered":"Mevzuat"},"content":{"rendered":"\t\t<div data-elementor-type=\"wp-page\" data-elementor-id=\"7523\" class=\"elementor elementor-7523\" data-elementor-post-type=\"page\">\n\t\t\t\t\t\t<section class=\"elementor-section elementor-top-section elementor-element elementor-element-48eef0c elementor-section-boxed elementor-section-height-default elementor-section-height-default\" data-id=\"48eef0c\" data-element_type=\"section\">\n\t\t\t\t\t\t<div class=\"elementor-container elementor-column-gap-default\">\n\t\t\t\t\t<div class=\"elementor-column elementor-col-100 elementor-top-column elementor-element elementor-element-8560028\" data-id=\"8560028\" data-element_type=\"column\">\n\t\t\t<div class=\"elementor-widget-wrap elementor-element-populated\">\n\t\t\t\t\t\t<div class=\"elementor-element elementor-element-e884d44 elementor-widget elementor-widget-heading\" data-id=\"e884d44\" data-element_type=\"widget\" data-widget_type=\"heading.default\">\n\t\t\t\t<div class=\"elementor-widget-container\">\n\t\t\t\t\t<h2 class=\"elementor-heading-title elementor-size-default\">Mevzuat<\/h2>\t\t\t\t<\/div>\n\t\t\t\t<\/div>\n\t\t\t\t<div class=\"elementor-element elementor-element-1d9838b elementor-widget-divider--view-line elementor-widget elementor-widget-divider\" data-id=\"1d9838b\" data-element_type=\"widget\" data-widget_type=\"divider.default\">\n\t\t\t\t<div class=\"elementor-widget-container\">\n\t\t\t\t\t\t\t<div class=\"elementor-divider\">\n\t\t\t<span class=\"elementor-divider-separator\">\n\t\t\t\t\t\t<\/span>\n\t\t<\/div>\n\t\t\t\t\t\t<\/div>\n\t\t\t\t<\/div>\n\t\t\t\t\t<\/div>\n\t\t<\/div>\n\t\t\t\t\t<\/div>\n\t\t<\/section>\n\t\t\t\t<section class=\"elementor-section elementor-top-section elementor-element elementor-element-ad59374 elementor-section-boxed elementor-section-height-default elementor-section-height-default\" data-id=\"ad59374\" data-element_type=\"section\">\n\t\t\t\t\t\t<div class=\"elementor-container elementor-column-gap-default\">\n\t\t\t\t\t<div class=\"elementor-column elementor-col-100 elementor-top-column elementor-element elementor-element-74239f8\" data-id=\"74239f8\" data-element_type=\"column\">\n\t\t\t<div class=\"elementor-widget-wrap elementor-element-populated\">\n\t\t\t\t\t\t<div class=\"elementor-element elementor-element-0a47717 elementor-widget elementor-widget-text-editor\" data-id=\"0a47717\" data-element_type=\"widget\" data-widget_type=\"text-editor.default\">\n\t\t\t\t<div class=\"elementor-widget-container\">\n\t\t\t\t\t\t\t\t\t<p><a href=\"http:\/\/birimler.atauni.edu.tr\/doner-sermaye-isletme-mudurlugu\/wp-content\/uploads\/sites\/457\/2020\/07\/2547-Sayili-Yuksek-OgretimKanunu.pdf\" target=\"_blank\" rel=\"noopener\">&gt;&gt; 2547 Say\u0131l\u0131 Y\u00fcksek \u00d6\u011fretim Kanunu<\/a><\/p><p><a href=\"http:\/\/birimler.atauni.edu.tr\/doner-sermaye-isletme-mudurlugu\/wp-content\/uploads\/sites\/457\/2020\/07\/5018-Sayili-Kamu-Mali-Yonetimi-ve-Kontrol-Kanunu.pdf\" target=\"_blank\" rel=\"noopener\">&gt;&gt; 5018 Say\u0131l\u0131 Kamu Mali Y\u00f6netimi ve Kontrol Kanunu<\/a><\/p><p><a href=\"http:\/\/birimler.atauni.edu.tr\/doner-sermaye-isletme-mudurlugu\/wp-content\/uploads\/sites\/457\/2020\/07\/2886-Sayili-Devlet-Ihale-Kanunu.pdf\">&gt;&gt; 2886 Say\u0131l\u0131 Devlet \u0130hale Kanunu<\/a><\/p><p><a href=\"http:\/\/birimler.atauni.edu.tr\/doner-sermaye-isletme-mudurlugu\/wp-content\/uploads\/sites\/457\/2020\/07\/18.06.2020-tarih-ve-31159-sayili-Resmi-Gazetede-Yayimlanan-Yuksekogretim-Kurumlari-Doner-Sermaye-Isletmelerinin-Kurulmasina-Iliskin-yonetmelik.pdf\" target=\"_blank\" rel=\"noopener\">&gt;&gt; 18.06.2020 tarih ve 31159 say\u0131l\u0131 Resmi Gazetede Yay\u0131mlanan Y\u00fcksek\u00f6\u011fretim Kurumlar\u0131 D\u00f6ner Sermaye \u0130\u015fletmelerinin Kurulmas\u0131na \u0130li\u015fkin Y\u00f6netmelik<\/a><\/p><p><a href=\"http:\/\/birimler.atauni.edu.tr\/doner-sermaye-isletme-mudurlugu\/wp-content\/uploads\/sites\/457\/2020\/07\/Ataturk-Universitesi-Doner-Sermaye-Isletmesi-Yonetmeligi.pdf\" target=\"_blank\" rel=\"noopener\">&gt;&gt; Atat\u00fcrk \u00dcniversitesi D\u00f6ner Sermaye \u0130\u015fletmesi Y\u00f6netmeli\u011fi<\/a><\/p><p><a href=\"http:\/\/birimler.atauni.edu.tr\/doner-sermaye-isletme-mudurlugu\/wp-content\/uploads\/sites\/457\/2020\/07\/Doner-Sermaye-Gelirlerinin-Dagitilmasida-Uygulanacak-Usul-ve-Esaslara-Iliskin-Yonetmelik.pdf\" target=\"_blank\" rel=\"noopener\">&gt;&gt; D\u00f6ner Sermaye Gelirlerinin Da\u011f\u0131t\u0131lmas\u0131da Uygulanacak Usul ve Esaslara \u0130li\u015fkin Y\u00f6netmelik<\/a><\/p><p><a href=\"http:\/\/birimler.atauni.edu.tr\/doner-sermaye-isletme-mudurlugu\/wp-content\/uploads\/sites\/457\/2020\/07\/Tasinir-Mal-Yonetmeligi.pdf\" target=\"_blank\" rel=\"noopener\">&gt;&gt; Ta\u015f\u0131n\u0131r Mal Y\u00f6netmeli\u011fi<\/a><\/p><p><a href=\"http:\/\/birimler.atauni.edu.tr\/doner-sermaye-isletme-mudurlugu\/wp-content\/uploads\/sites\/457\/2020\/07\/Doner-Sermayeli-Isletmeler-Butce-ve-Muhasebe-Yonetmeligi.pdf\" target=\"_blank\" rel=\"noopener\">&gt;&gt; D\u00f6ner Sermayeli \u0130\u015fletmeler B\u00fct\u00e7e ve Muhasebe Y\u00f6netmeli\u011fi<\/a><\/p><p><a href=\"http:\/\/birimler.atauni.edu.tr\/doner-sermaye-isletme-mudurlugu\/wp-content\/uploads\/sites\/457\/2020\/07\/Ic-Kontrol-ve-On-Mali-Kontrole-Iliskin-Usul-ve-Esaslar.pdf\" target=\"_blank\" rel=\"noopener\">&gt;&gt; \u0130\u00e7 Kontrol ve \u00d6n Mali Kontrole \u0130li\u015fkin Usul ve Esaslar<\/a><\/p>\t\t\t\t\t\t\t\t<\/div>\n\t\t\t\t<\/div>\n\t\t\t\t\t<\/div>\n\t\t<\/div>\n\t\t\t\t\t<\/div>\n\t\t<\/section>\n\t\t\t\t<\/div>\n\t\t","protected":false},"excerpt":{"rendered":"<p>Mevzuat &gt;&gt; 2547 Say\u0131l\u0131 Y\u00fcksek \u00d6\u011fretim Kanunu &gt;&gt; 5018 Say\u0131l\u0131 Kamu Mali Y\u00f6netimi ve Kontrol Kanunu &gt;&gt; 2886 Say\u0131l\u0131 Devlet \u0130hale Kanunu &gt;&gt; 18.06.2020 tarih ve 31159 say\u0131l\u0131 Resmi Gazetede Yay\u0131mlanan Y\u00fcksek\u00f6\u011fretim Kurumlar\u0131 D\u00f6ner Sermaye \u0130\u015fletmelerinin Kurulmas\u0131na \u0130li\u015fkin Y\u00f6netmelik &gt;&gt; Atat\u00fcrk \u00dcniversitesi D\u00f6ner Sermaye \u0130\u015fletmesi Y\u00f6netmeli\u011fi &gt;&gt; D\u00f6ner Sermaye Gelirlerinin Da\u011f\u0131t\u0131lmas\u0131da Uygulanacak Usul ve Esaslara [&hellip;]<\/p>\n","protected":false},"author":429,"featured_media":0,"parent":0,"menu_order":0,"comment_status":"closed","ping_status":"closed","template":"","meta":{"footnotes":""},"class_list":["post-7523","page","type-page","status-publish","hentry"],"_links":{"self":[{"href":"https:\/\/atauni.edu.tr\/doner-sermaye-isletme-mudurlugu\/wp-json\/wp\/v2\/pages\/7523","targetHints":{"allow":["GET"]}}],"collection":[{"href":"https:\/\/atauni.edu.tr\/doner-sermaye-isletme-mudurlugu\/wp-json\/wp\/v2\/pages"}],"about":[{"href":"https:\/\/atauni.edu.tr\/doner-sermaye-isletme-mudurlugu\/wp-json\/wp\/v2\/types\/page"}],"author":[{"embeddable":true,"href":"https:\/\/atauni.edu.tr\/doner-sermaye-isletme-mudurlugu\/wp-json\/wp\/v2\/users\/429"}],"replies":[{"embeddable":true,"href":"https:\/\/atauni.edu.tr\/doner-sermaye-isletme-mudurlugu\/wp-json\/wp\/v2\/comments?post=7523"}],"version-history":[{"count":117,"href":"https:\/\/atauni.edu.tr\/doner-sermaye-isletme-mudurlugu\/wp-json\/wp\/v2\/pages\/7523\/revisions"}],"predecessor-version":[{"id":7657,"href":"https:\/\/atauni.edu.tr\/doner-sermaye-isletme-mudurlugu\/wp-json\/wp\/v2\/pages\/7523\/revisions\/7657"}],"wp:attachment":[{"href":"https:\/\/atauni.edu.tr\/doner-sermaye-isletme-mudurlugu\/wp-json\/wp\/v2\/media?parent=7523"}],"curies":[{"name":"wp","href":"https:\/\/api.w.org\/{rel}","templated":true}]}}