{"id":5682,"date":"2021-07-13T10:10:01","date_gmt":"2021-07-13T07:10:01","guid":{"rendered":"https:\/\/portaltest.atauni.edu.tr\/bilgisayar-muhendisligi\/?page_id=5682"},"modified":"2022-03-09T16:52:04","modified_gmt":"2022-03-09T13:52:04","slug":"misyon-vizyon-ve-temel-degerler","status":"publish","type":"page","link":"https:\/\/atauni.edu.tr\/ebelik\/misyon-vizyon-ve-temel-degerler\/","title":{"rendered":"Misyon, Vizyon ve Temel De\u011ferler"},"content":{"rendered":"\t\t<div data-elementor-type=\"wp-page\" data-elementor-id=\"5682\" class=\"elementor elementor-5682\" data-elementor-post-type=\"page\">\n\t\t\t\t\t\t<section class=\"elementor-section elementor-top-section elementor-element elementor-element-730d320 elementor-section-boxed elementor-section-height-default elementor-section-height-default\" data-id=\"730d320\" data-element_type=\"section\">\n\t\t\t\t\t\t<div class=\"elementor-container elementor-column-gap-default\">\n\t\t\t\t\t<div class=\"elementor-column elementor-col-100 elementor-top-column elementor-element elementor-element-753d0860\" data-id=\"753d0860\" data-element_type=\"column\">\n\t\t\t<div class=\"elementor-widget-wrap\">\n\t\t\t\t\t\t\t<\/div>\n\t\t<\/div>\n\t\t\t\t\t<\/div>\n\t\t<\/section>\n\t\t\t\t<section class=\"elementor-section elementor-top-section elementor-element elementor-element-9be811a elementor-section-boxed elementor-section-height-default elementor-section-height-default\" data-id=\"9be811a\" data-element_type=\"section\">\n\t\t\t\t\t\t<div class=\"elementor-container elementor-column-gap-default\">\n\t\t\t\t\t<div class=\"elementor-column elementor-col-100 elementor-top-column elementor-element elementor-element-1ed847b7\" data-id=\"1ed847b7\" data-element_type=\"column\">\n\t\t\t<div class=\"elementor-widget-wrap elementor-element-populated\">\n\t\t\t\t\t\t<div class=\"elementor-element elementor-element-4ce0d07f elementor-widget elementor-widget-heading\" data-id=\"4ce0d07f\" data-element_type=\"widget\" data-widget_type=\"heading.default\">\n\t\t\t\t<div class=\"elementor-widget-container\">\n\t\t\t\t\t<h2 class=\"elementor-heading-title elementor-size-default\">Misyon, Vizyon ve Temel De\u011ferler<\/h2>\t\t\t\t<\/div>\n\t\t\t\t<\/div>\n\t\t\t\t<div class=\"elementor-element elementor-element-63260862 elementor-widget-divider--view-line elementor-widget elementor-widget-divider\" data-id=\"63260862\" data-element_type=\"widget\" data-widget_type=\"divider.default\">\n\t\t\t\t<div class=\"elementor-widget-container\">\n\t\t\t\t\t\t\t<div class=\"elementor-divider\">\n\t\t\t<span class=\"elementor-divider-separator\">\n\t\t\t\t\t\t<\/span>\n\t\t<\/div>\n\t\t\t\t\t\t<\/div>\n\t\t\t\t<\/div>\n\t\t\t\t\t<\/div>\n\t\t<\/div>\n\t\t\t\t\t<\/div>\n\t\t<\/section>\n\t\t\t\t<section class=\"elementor-section elementor-top-section elementor-element elementor-element-6408968 elementor-section-boxed elementor-section-height-default elementor-section-height-default\" data-id=\"6408968\" data-element_type=\"section\">\n\t\t\t\t\t\t<div class=\"elementor-container elementor-column-gap-default\">\n\t\t\t\t\t<div class=\"elementor-column elementor-col-100 elementor-top-column elementor-element elementor-element-4c1f846\" data-id=\"4c1f846\" data-element_type=\"column\">\n\t\t\t<div class=\"elementor-widget-wrap elementor-element-populated\">\n\t\t\t\t\t\t<div class=\"elementor-element elementor-element-d845baa elementor-widget elementor-widget-text-editor\" data-id=\"d845baa\" data-element_type=\"widget\" data-widget_type=\"text-editor.default\">\n\t\t\t\t<div class=\"elementor-widget-container\">\n\t\t\t\t\t\t\t\t\t<p><strong>Atat\u00fcrk \u00dcniversitesi Sa\u011fl\u0131k Bilimleri Fak\u00fcltesi Ebelik B\u00f6l\u00fcm\u00fc<\/strong><\/p><p><strong>Misyon<\/strong><\/p><p><strong>\u201cHayat\u0131n Hizmetinde\u201d <\/strong><\/p><p>Toplumun sa\u011fl\u0131k d\u00fczeyini korumak ve geli\u015ftirmek i\u00e7in, D\u00fcnya standartlar\u0131nda geli\u015fen bilim ve teknolojinin t\u00fcm olanaklar\u0131ndan faydalanarak, \u00f6\u011frenme ve s\u00fcrekli geli\u015fmeyi ama\u00e7 edinen, ekip \u00e7al\u0131\u015fmas\u0131 yapabilen, ailenin ve toplumun etik de\u011ferlerine sayg\u0131l\u0131 ele\u015ftirisel d\u00fc\u015f\u00fcncelere a\u00e7\u0131k ara\u015ft\u0131rmac\u0131 ve kendini s\u00fcrekli yenileyebilen, \u00dclkemizin\u00a0 ihtiyac\u0131 olan nitelikli ebeler yeti\u015ftirmektir.<\/p><p><strong>\u00a0<\/strong><\/p><p><strong>Vizyon<\/strong><\/p><p><strong>\u201cHep \u0130leriye\u201d<\/strong><\/p><p>Bilim ve teknolojideki son geli\u015fmelerin e\u011fitim, ara\u015ft\u0131rma ve uygulamaya yans\u0131t\u0131larak lisans ve lisan\u00fcst\u00fc e\u011fitimde \u00f6\u011frenci merkezli hizmet sunan, ulusal ve uluslararas\u0131 ara\u015ft\u0131rmalarla toplum sa\u011fl\u0131\u011f\u0131na duyarl\u0131 ve geli\u015fimi i\u00e7in evrensel d\u00fczeyde katk\u0131 sa\u011flayan, ba\u015fta t\u00fcm bireyler olmak \u00fczere \u00f6zellikle anne ve \u00e7ocuk sa\u011fl\u0131\u011f\u0131n\u0131n korunmas\u0131, geli\u015ftirilebilmesinde etkin bireylerin yeti\u015ftirildi\u011fi alan\u0131nda \u00f6rnek g\u00f6sterilecek ve tercih edilecek, yenilik\u00e7i bir b\u00f6l\u00fcm olmak.<\/p><p>\u00a0<\/p><p>\u00a0<\/p>\t\t\t\t\t\t\t\t<\/div>\n\t\t\t\t<\/div>\n\t\t\t\t\t<\/div>\n\t\t<\/div>\n\t\t\t\t\t<\/div>\n\t\t<\/section>\n\t\t\t\t<section class=\"elementor-section elementor-top-section elementor-element elementor-element-dafd5d9 elementor-section-boxed elementor-section-height-default elementor-section-height-default\" data-id=\"dafd5d9\" data-element_type=\"section\">\n\t\t\t\t\t\t<div class=\"elementor-container elementor-column-gap-default\">\n\t\t\t\t\t<div class=\"elementor-column elementor-col-100 elementor-top-column elementor-element elementor-element-47dbf47\" data-id=\"47dbf47\" data-element_type=\"column\">\n\t\t\t<div class=\"elementor-widget-wrap\">\n\t\t\t\t\t\t\t<\/div>\n\t\t<\/div>\n\t\t\t\t\t<\/div>\n\t\t<\/section>\n\t\t\t\t<\/div>\n\t\t","protected":false},"excerpt":{"rendered":"<p>Misyon, Vizyon ve Temel De\u011ferler Atat\u00fcrk \u00dcniversitesi Sa\u011fl\u0131k Bilimleri Fak\u00fcltesi Ebelik B\u00f6l\u00fcm\u00fc Misyon \u201cHayat\u0131n Hizmetinde\u201d Toplumun sa\u011fl\u0131k d\u00fczeyini korumak ve geli\u015ftirmek i\u00e7in, D\u00fcnya standartlar\u0131nda geli\u015fen bilim ve teknolojinin t\u00fcm olanaklar\u0131ndan faydalanarak, \u00f6\u011frenme ve s\u00fcrekli geli\u015fmeyi ama\u00e7 edinen, ekip \u00e7al\u0131\u015fmas\u0131 yapabilen, ailenin ve toplumun etik de\u011ferlerine sayg\u0131l\u0131 ele\u015ftirisel d\u00fc\u015f\u00fcncelere a\u00e7\u0131k ara\u015ft\u0131rmac\u0131 ve kendini s\u00fcrekli yenileyebilen, \u00dclkemizin\u00a0 [&hellip;]<\/p>\n","protected":false},"author":1,"featured_media":0,"parent":0,"menu_order":0,"comment_status":"closed","ping_status":"closed","template":"elementor_header_footer","meta":{"footnotes":""},"class_list":["post-5682","page","type-page","status-publish","hentry"],"_links":{"self":[{"href":"https:\/\/atauni.edu.tr\/ebelik\/wp-json\/wp\/v2\/pages\/5682","targetHints":{"allow":["GET"]}}],"collection":[{"href":"https:\/\/atauni.edu.tr\/ebelik\/wp-json\/wp\/v2\/pages"}],"about":[{"href":"https:\/\/atauni.edu.tr\/ebelik\/wp-json\/wp\/v2\/types\/page"}],"author":[{"embeddable":true,"href":"https:\/\/atauni.edu.tr\/ebelik\/wp-json\/wp\/v2\/users\/1"}],"replies":[{"embeddable":true,"href":"https:\/\/atauni.edu.tr\/ebelik\/wp-json\/wp\/v2\/comments?post=5682"}],"version-history":[{"count":11,"href":"https:\/\/atauni.edu.tr\/ebelik\/wp-json\/wp\/v2\/pages\/5682\/revisions"}],"predecessor-version":[{"id":6359,"href":"https:\/\/atauni.edu.tr\/ebelik\/wp-json\/wp\/v2\/pages\/5682\/revisions\/6359"}],"wp:attachment":[{"href":"https:\/\/atauni.edu.tr\/ebelik\/wp-json\/wp\/v2\/media?parent=5682"}],"curies":[{"name":"wp","href":"https:\/\/api.w.org\/{rel}","templated":true}]}}