{"id":5734,"date":"2021-07-13T11:37:45","date_gmt":"2021-07-13T08:37:45","guid":{"rendered":"https:\/\/portaltest.atauni.edu.tr\/bilgisayar-muhendisligi\/?page_id=5734"},"modified":"2022-12-08T15:35:40","modified_gmt":"2022-12-08T12:35:40","slug":"ogrenci-deneyimi","status":"publish","type":"page","link":"https:\/\/atauni.edu.tr\/ebelik\/ogrenci-deneyimi\/","title":{"rendered":"\u00d6\u011frenci Deneyimi"},"content":{"rendered":"\t\t<div data-elementor-type=\"wp-page\" data-elementor-id=\"5734\" class=\"elementor elementor-5734\" data-elementor-post-type=\"page\">\n\t\t\t\t\t\t<section class=\"elementor-section elementor-top-section elementor-element elementor-element-730d320 elementor-section-boxed elementor-section-height-default elementor-section-height-default\" data-id=\"730d320\" data-element_type=\"section\">\n\t\t\t\t\t\t<div class=\"elementor-container elementor-column-gap-default\">\n\t\t\t\t\t<div class=\"elementor-column elementor-col-100 elementor-top-column elementor-element elementor-element-753d0860\" data-id=\"753d0860\" data-element_type=\"column\">\n\t\t\t<div class=\"elementor-widget-wrap\">\n\t\t\t\t\t\t\t<\/div>\n\t\t<\/div>\n\t\t\t\t\t<\/div>\n\t\t<\/section>\n\t\t\t\t<section class=\"elementor-section elementor-top-section elementor-element elementor-element-9be811a elementor-section-boxed elementor-section-height-default elementor-section-height-default\" data-id=\"9be811a\" data-element_type=\"section\">\n\t\t\t\t\t\t<div class=\"elementor-container elementor-column-gap-default\">\n\t\t\t\t\t<div class=\"elementor-column elementor-col-100 elementor-top-column elementor-element elementor-element-1ed847b7\" data-id=\"1ed847b7\" data-element_type=\"column\">\n\t\t\t<div class=\"elementor-widget-wrap elementor-element-populated\">\n\t\t\t\t\t\t<div class=\"elementor-element elementor-element-4ce0d07f elementor-widget elementor-widget-heading\" data-id=\"4ce0d07f\" data-element_type=\"widget\" data-widget_type=\"heading.default\">\n\t\t\t\t<div class=\"elementor-widget-container\">\n\t\t\t\t\t<h2 class=\"elementor-heading-title elementor-size-default\">\u00d6\u011frenci Deneyimi ve Sosyal Medya Hesaplar\u0131m\u0131z<\/h2>\t\t\t\t<\/div>\n\t\t\t\t<\/div>\n\t\t\t\t<div class=\"elementor-element elementor-element-63260862 elementor-widget-divider--view-line elementor-widget elementor-widget-divider\" data-id=\"63260862\" data-element_type=\"widget\" data-widget_type=\"divider.default\">\n\t\t\t\t<div class=\"elementor-widget-container\">\n\t\t\t\t\t\t\t<div class=\"elementor-divider\">\n\t\t\t<span class=\"elementor-divider-separator\">\n\t\t\t\t\t\t<\/span>\n\t\t<\/div>\n\t\t\t\t\t\t<\/div>\n\t\t\t\t<\/div>\n\t\t\t\t\t<\/div>\n\t\t<\/div>\n\t\t\t\t\t<\/div>\n\t\t<\/section>\n\t\t\t\t<section class=\"elementor-section elementor-top-section elementor-element elementor-element-4debb41 elementor-section-boxed elementor-section-height-default elementor-section-height-default\" data-id=\"4debb41\" data-element_type=\"section\">\n\t\t\t\t\t\t<div class=\"elementor-container elementor-column-gap-default\">\n\t\t\t\t\t<div class=\"elementor-column elementor-col-100 elementor-top-column elementor-element elementor-element-28420b1\" data-id=\"28420b1\" data-element_type=\"column\">\n\t\t\t<div class=\"elementor-widget-wrap elementor-element-populated\">\n\t\t\t\t\t\t<div class=\"elementor-element elementor-element-723799d elementor-widget elementor-widget-text-editor\" data-id=\"723799d\" data-element_type=\"widget\" data-widget_type=\"text-editor.default\">\n\t\t\t\t<div class=\"elementor-widget-container\">\n\t\t\t\t\t\t\t\t\t<p>Atat\u00fcrk \u00dcniversitesi SBE ebelik anabilim dal\u0131nda doktora yapmaktay\u0131m. Bizler d\u00f6rt d\u00f6nem ders ald\u0131ktan sonra 5. Yar\u0131y\u0131l\u0131n sonunda yeterlilik s\u0131nav\u0131na giriyor ve devam\u0131nda tez s\u00fcrecine ge\u00e7ebiliyoruz.<\/p><p>Doktora ders d\u00f6nemimiz s\u00fcresince; Do\u011fum Y\u00f6netimi, Ebeveynli\u011fe Haz\u0131rl\u0131k, Kan\u0131ta Dayal\u0131 Uygulamalar, Obstetride Tamamlay\u0131c\u0131 ve Alternatif Bak\u0131m Y\u00f6ntemleri, Do\u011fumda \u0130leri Uygulamalar ve Proje Haz\u0131rlama gibi dersler ald\u0131k. Bu derslerde lisansta edindi\u011fimiz genel bilgilerden farkl\u0131 olarak ele\u015ftirel d\u00fc\u015f\u00fcnme yetene\u011fi ve analiz-sentez yetene\u011fimizi geli\u015ftirmeye \u00e7al\u0131\u015ft\u0131k. Uygulamal\u0131 dersler kapsam\u0131nda hastanede lisans \u00f6\u011frencilerle beraber uygulamalara kat\u0131ld\u0131k. Bu da bizi ebelik becerileri kapsam\u0131nda olduk\u00e7a geli\u015ftirdi. Ayr\u0131ca derslerimizde bilimsel ara\u015ft\u0131rma projeleri de tasarlayarak akademik yazma becerilerimizi geli\u015ftirdik. B\u00f6l\u00fcm hocalar\u0131m\u0131z \u00f6zellikle bu konuda bizler \u00e7ok destekledi. Hemen hemen t\u00fcm hocalar\u0131m\u0131z ile ara\u015ft\u0131rma veya derleme makaleleri tasarlad\u0131k. Yine hocalar\u0131m\u0131zla beraber toplumsal duyarl\u0131l\u0131k projeleri yapt\u0131k. Ulusal ve uluslararas\u0131 ebelik g\u00fcn\u00fcm\u00fcz\u00fc \u00e7e\u015fitli etkinliklerle kutlad\u0131k. T\u00fcm bu proje ve etkinliklerle biz doktora \u00f6\u011frencileri aktif olarak yer ald\u0131k.<\/p><p><strong>B.U.\u00d6 Doktora \u00f6\u011frencisi<\/strong><\/p><p>Neden Atat\u00fcrk \u00dcniversitesinde Doktora Yapmal\u0131y\u0131m?<\/p><p>Merhaba<\/p><p>Doktora e\u011fitimi akademik kariyerinizde tamamlaman\u0131z gereken son basamak olarak kar\u015f\u0131m\u0131za \u00e7\u0131kmaktad\u0131r.<\/p><p>E\u011fer e\u011fitimini ald\u0131\u011f\u0131n\u0131z mesle\u011fe hem profesyonel hem de bilimsel olarak katk\u0131 sa\u011flamak istiyorsan\u0131z doktora e\u011fitimi tam size g\u00f6re.<\/p><p>Kendi alan\u0131m ebelik i\u00e7in konu\u015facak olursam, ben bir ebe olarak hem e\u011fitim hem bak\u0131m hem de dan\u0131\u015fmanl\u0131k verirken nitelikli ve kaliteli bak\u0131m verebilmek ve di\u011fer meslekta\u015flar\u0131m\u0131n da bu \u015fekilde bak\u0131m verebilmesine katk\u0131 sa\u011flamak i\u00e7in doktora e\u011fitimine ba\u015flad\u0131m.<\/p><p>Doktora e\u011fitimi ile tabiri caizse yapt\u0131\u011f\u0131n\u0131z i\u015fin ruhunu \u00f6z\u00fcmsersiniz. Bu i\u015fin felsefesini \u00f6\u011frenirsiniz. Bilim d\u00fcnyas\u0131n\u0131 anlay\u0131p \u00f6z\u00fcmseyerek bilim yapan biri haline gelirsiniz.<\/p><p>\u0130\u015fte tam da bu noktada Ebelik i\u00e7in Atat\u00fcrk \u00dcniversitesi Ebelik Anabilim dal\u0131 sizin i\u00e7in harika bir f\u0131rsatt\u0131r.<\/p><p>Kelimenin tam anlam\u0131yla \u00e7ekirdek yeti\u015fen ebelik hocalar\u0131, Hem sizi anlar, hem size rehber olur hem de sahip olduklar\u0131 engin ve derin ebelik bilgisini size aktar\u0131r. Bunun yan\u0131nda bence en \u00f6nemli k\u0131s\u0131m size ald\u0131\u011f\u0131n\u0131z bu kadar bilgiyi nas\u0131l kullanman\u0131z ve nas\u0131l bilgi \u00fcretmeniz gerekti\u011fini uygulamal\u0131 olarak \u00f6\u011fretir.<\/p><p>Bu \u00f6\u011frenim s\u0131ras\u0131nda asla yaln\u0131z hissetmezsiniz. Dan\u0131\u015fman hocan\u0131z her an size bir telefon kadar yak\u0131nd\u0131r. \u00a0<\/p><p>Atat\u00fcrk \u00dcniversitesi Ebelik anabilim dal\u0131 ekibi asla yerinde duramaz. Dan\u0131\u015fmanlar\u0131n\u0131z her an g\u00fcncel bilgiyi takip eden ve s\u00fcrekli bu bilgiye \u00fcreterek katk\u0131 sa\u011flayan ebelik hocalar\u0131 olacakt\u0131r. E\u011fitiminiz boyunca\u00a0 ger\u00e7ek bir bilim insan\u0131 olman\u0131z i\u00e7in \u00fcretmeye te\u015fvik edilirsiniz. Akl\u0131n\u0131za gelen her \u2018\u2019Yeni Fikir\u2019\u2019 tarafs\u0131zca dinlenerek analiz edilir. G\u00fcn\u00fcn sonunda hem yeni bir \u00e7al\u0131\u015fma i\u00e7in haz\u0131r olmu\u015f hem de yenili\u011fi nas\u0131l uygulamaya koyman\u0131z gerekti\u011fini \u00f6\u011frenerek ayr\u0131l\u0131rs\u0131n\u0131z. Ayr\u0131ca bu \u00e7al\u0131\u015fmay\u0131 uygulamaya koymak i\u00e7in dan\u0131\u015fman hocan\u0131z akademinin t\u00fcm imkanlar\u0131 ile yan\u0131n\u0131zdad\u0131r.<\/p><p>Ebelik alan\u0131nda hizmet veren bir dilim insan\u0131 olmak istiyorsan\u0131z hem teknolojik hem akademik hem sosyal hem de psikolojik a\u00e7\u0131dan en do\u011fru adres Atat\u00fcrk \u00dcniversitesi Ebelik Ana Bilim Dal\u0131.<\/p><p>Lisans\u00fcst\u00fc e\u011fitiminin tamam\u0131n\u0131 burada ge\u00e7irmi\u015f biri olarak her g\u00fcn iyi ki buraday\u0131m dedi\u011finiz bir e\u011fitim hayat\u0131 sizi bekliyor derim.<\/p><p>Ba\u015far\u0131lar<\/p><p><strong>F.Z.S Doktora \u00d6\u011frencisi<\/strong><\/p>\t\t\t\t\t\t\t\t<\/div>\n\t\t\t\t<\/div>\n\t\t\t\t\t<\/div>\n\t\t<\/div>\n\t\t\t\t\t<\/div>\n\t\t<\/section>\n\t\t\t\t<section class=\"elementor-section elementor-top-section elementor-element elementor-element-fa55b6a elementor-section-boxed elementor-section-height-default elementor-section-height-default\" data-id=\"fa55b6a\" data-element_type=\"section\">\n\t\t\t\t\t\t<div class=\"elementor-container elementor-column-gap-default\">\n\t\t\t\t\t<div class=\"elementor-column elementor-col-100 elementor-top-column elementor-element elementor-element-a8056a4\" data-id=\"a8056a4\" data-element_type=\"column\">\n\t\t\t<div class=\"elementor-widget-wrap elementor-element-populated\">\n\t\t\t\t\t\t<div class=\"elementor-element elementor-element-f129663 elementor-widget elementor-widget-text-editor\" data-id=\"f129663\" data-element_type=\"widget\" data-widget_type=\"text-editor.default\">\n\t\t\t\t<div class=\"elementor-widget-container\">\n\t\t\t\t\t\t\t\t\t<div class=\"adn ads\" data-message-id=\"#msg-a:r-8771791248444509977\" data-legacy-message-id=\"184684851bd818ec\"><div class=\"gs\"><div class=\"\"><div id=\":ot\" class=\"ii gt\"><div id=\":os\" class=\"a3s aiL \"><div dir=\"auto\">Belli bir d\u00f6neme kadar e\u011fitim al\u0131r ve bu e\u011fitimi tamamland\u0131ktan sonra birikimlerimizi mesle\u011fe d\u00f6n\u00fc\u015ft\u00fcr\u00fcr\u00fcz. Meslek i\u00e7erisinde aktif \u00e7al\u0131\u015f\u0131rken kendimi; mutlu, verimli ve insanlara faydal\u0131 hissetti\u011fim i\u00e7indir ki do\u011fru meslekte oldu\u011fuma kanaat getirdim. Bilgide derinle\u015fmek, sundu\u011fum hizmete farkl\u0131 bir boyut getirmek ve mesle\u011fimi geli\u015ftirmek i\u00e7in y\u00fcksek lisans program\u0131na ba\u015flamaya karar verdim. Kafamda daha \u00e7ok \u015fey \u00f6\u011frenmek, farkl\u0131 pencerelerden bakabilmek, g\u00fcncel t\u00fcm geli\u015fmelerin takip\u00e7isi olmak vard\u0131. Nereden ba\u015falayaca\u011f\u0131m\u0131 ya da nas\u0131l s\u00fcrd\u00fcrece\u011fimi tam olarak bilemiyordum belki ama; ben k\u00f6kl\u00fc, bilindik, ad\u0131n\u0131 s\u00f6ylerken dahi gurur duyabilece\u011fim, i\u015finin ehli insanlar elinde e\u011fitimimi s\u00fcrd\u00fcrmek istiyordum. Ayn\u0131\u00a0 zamanda benim i\u00e7in bir sonraki program i\u00e7in de kariyer plan\u0131m\u0131 \u015fekillendirebilece\u011fim bir yer olmal\u0131yd\u0131. Ara\u015ft\u0131rmalar\u0131m\u0131 tamamlad\u0131ktan sonra kendimi Atat\u00fcrk \u00dcniversitesi \u00f6\u011frencisi olarak buldum. \u015eimdilerde kamp\u00fcs\u00fcnde y\u00fcr\u00fcrken bile iyi ki buraday\u0131m dedi\u011fim, lisans\u00fcst\u00fc derslikte hala heyecanla yer ald\u0131\u011f\u0131m, kadrosuna ve e\u011fitimine g\u00fcvendi\u011fim, her hafta 12 saat yolculuk yapt\u0131\u011f\u0131m halde yorgunlu\u011fumu unutarak vard\u0131\u011f\u0131m Atat\u00fcrk \u00dcniversitesini kariyerimin en \u00f6zel d\u00f6n\u00fcm noktas\u0131 olarak nitelendirmekteyim.<\/div><div dir=\"auto\"><strong>B.\u00c7. Y\u00fcksek Lisans \u00d6\u011frencisi<\/strong><\/div><\/div><\/div><div dir=\"auto\">\u00a0<\/div><div id=\":ot\" class=\"ii gt\"><div id=\":os\" class=\"a3s aiL \"><div class=\"yj6qo\">Atat\u00fcrk \u00dcniversitesi K\u00f6kl\u00fc ve bir o kadar da alan\u0131nda ba\u015far\u0131l\u0131 bir \u00fcniversitedir. Ebelik tarihin en eski mesleklerinden olup kutsal meslek grubundad\u0131r. Ebelik b\u00f6l\u00fcm\u00fc, Alan\u0131nda uzman hocalar , beceri laboratuvarlar\u0131 , geni\u015f uygulama alanlar\u0131 ile teori\u011fi ve prati\u011fi ayn\u0131 anda sunabilen nadir \u00fcniversitelerdendir.4 y\u0131ll\u0131k lisans e\u011fitiminin yan\u0131nda zengin m\u00fcfredat\u0131 sayesinde donan\u0131ml\u0131 ebelik \u00f6\u011frencilerini yeti\u015ftirir .Ebelik \u00f6z\u00fcnde uygulama alanl\u0131 bir e\u011fitimdir. Bunun i\u00e7in de uygulama yapabilecek alanlara ihtiya\u00e7 duyulur . Hastane uygulamalar\u0131nda bir\u00e7ok b\u00f6l\u00fcm\u00fc g\u00f6rme ve uygulama yapma \u015fans\u0131n\u0131 verir .Bu durum ebelik \u00f6\u011frencisinin mesle\u011fe at\u0131lmadan hemen \u00f6nce deneyim tecr\u00fcbe kazanmas\u0131n\u0131 sa\u011flar. B\u00f6ylece alan\u0131nda ba\u015far\u0131l\u0131 kendine g\u00fcvenen bilgili ebeler yeti\u015ftirir. Peki, Hastane uygulamas\u0131nda yaln\u0131z m\u0131s\u0131n\u0131z? Tabi ki hay\u0131r .Uygulama alanlar\u0131nda size g\u00fcven veren ..sizi cesaretlendiren .kafan\u0131za tak\u0131lanlar\u0131 hemen sorup \u00f6\u011frenebilece\u011finiz alan\u0131nda uzman hocalarla birliktesiniz ..Ebelik , vicdan merhamet bilgi ve beceri gerektirir. Atat\u00fcrk \u00dcniversitesi \u00f6\u011frencilerine, bilgi becerinin ve prati\u011fin yan\u0131nda h\u00fcmanist bir yakla\u015f\u0131m da sunar .Atat\u00fcrk \u00fcniversitesi ebelik b\u00f6l\u00fcm\u00fcnden mezun olunca kendine g\u00fcvenen, tecr\u00fcbeli bir \u00e7ok uygulama sahas\u0131 g\u00f6rm\u00fc\u015f ve alan\u0131nda y\u00fcksek lisans yapmak isteyen ebeler olacaks\u0131n\u0131z .<\/div><div><strong>A.V Lisans \u00f6\u011frencisi<\/strong><\/div><div><span style=\"text-decoration: underline\"><em><strong>Sosyal Medya Hesaplar\u0131m\u0131z<\/strong><\/em><\/span><\/div><div>https:\/\/www.instagram.com\/atauni_ebelik\/<\/div><div>https:\/\/www.facebook.com\/profile.php?id=100081165115122<\/div><div>https:\/\/www.linkedin.com\/feed\/<\/div><div>https:\/\/twitter.com\/home<\/div><\/div><\/div><\/div><\/div><\/div><div class=\"gA gt acV\"><div class=\"gB xu\"><div class=\"ip iq\"><div id=\":ou\">\u00a0<\/div><\/div><\/div><\/div>\t\t\t\t\t\t\t\t<\/div>\n\t\t\t\t<\/div>\n\t\t\t\t\t<\/div>\n\t\t<\/div>\n\t\t\t\t\t<\/div>\n\t\t<\/section>\n\t\t\t\t<\/div>\n\t\t","protected":false},"excerpt":{"rendered":"<p>\u00d6\u011frenci Deneyimi ve Sosyal Medya Hesaplar\u0131m\u0131z Atat\u00fcrk \u00dcniversitesi SBE ebelik anabilim dal\u0131nda doktora yapmaktay\u0131m. Bizler d\u00f6rt d\u00f6nem ders ald\u0131ktan sonra 5. Yar\u0131y\u0131l\u0131n sonunda yeterlilik s\u0131nav\u0131na giriyor ve devam\u0131nda tez s\u00fcrecine ge\u00e7ebiliyoruz. Doktora ders d\u00f6nemimiz s\u00fcresince; Do\u011fum Y\u00f6netimi, Ebeveynli\u011fe Haz\u0131rl\u0131k, Kan\u0131ta Dayal\u0131 Uygulamalar, Obstetride Tamamlay\u0131c\u0131 ve Alternatif Bak\u0131m Y\u00f6ntemleri, Do\u011fumda \u0130leri Uygulamalar ve Proje Haz\u0131rlama gibi [&hellip;]<\/p>\n","protected":false},"author":1,"featured_media":0,"parent":0,"menu_order":0,"comment_status":"closed","ping_status":"closed","template":"elementor_header_footer","meta":{"footnotes":""},"class_list":["post-5734","page","type-page","status-publish","hentry"],"_links":{"self":[{"href":"https:\/\/atauni.edu.tr\/ebelik\/wp-json\/wp\/v2\/pages\/5734","targetHints":{"allow":["GET"]}}],"collection":[{"href":"https:\/\/atauni.edu.tr\/ebelik\/wp-json\/wp\/v2\/pages"}],"about":[{"href":"https:\/\/atauni.edu.tr\/ebelik\/wp-json\/wp\/v2\/types\/page"}],"author":[{"embeddable":true,"href":"https:\/\/atauni.edu.tr\/ebelik\/wp-json\/wp\/v2\/users\/1"}],"replies":[{"embeddable":true,"href":"https:\/\/atauni.edu.tr\/ebelik\/wp-json\/wp\/v2\/comments?post=5734"}],"version-history":[{"count":45,"href":"https:\/\/atauni.edu.tr\/ebelik\/wp-json\/wp\/v2\/pages\/5734\/revisions"}],"predecessor-version":[{"id":7259,"href":"https:\/\/atauni.edu.tr\/ebelik\/wp-json\/wp\/v2\/pages\/5734\/revisions\/7259"}],"wp:attachment":[{"href":"https:\/\/atauni.edu.tr\/ebelik\/wp-json\/wp\/v2\/media?parent=5734"}],"curies":[{"name":"wp","href":"https:\/\/api.w.org\/{rel}","templated":true}]}}