{"id":6387,"date":"2022-03-14T11:44:30","date_gmt":"2022-03-14T08:44:30","guid":{"rendered":"https:\/\/birimler.atauni.edu.tr\/ebelik\/?page_id=6387"},"modified":"2022-03-15T09:16:45","modified_gmt":"2022-03-15T06:16:45","slug":"laboratuvarlar","status":"publish","type":"page","link":"https:\/\/atauni.edu.tr\/ebelik\/laboratuvarlar\/","title":{"rendered":"Laboratuvarlar"},"content":{"rendered":"\t\t<div data-elementor-type=\"wp-page\" data-elementor-id=\"6387\" class=\"elementor elementor-6387\" data-elementor-post-type=\"page\">\n\t\t\t\t\t\t<section class=\"elementor-section elementor-top-section elementor-element elementor-element-7226d3a elementor-section-boxed elementor-section-height-default elementor-section-height-default\" data-id=\"7226d3a\" data-element_type=\"section\">\n\t\t\t\t\t\t<div class=\"elementor-container elementor-column-gap-default\">\n\t\t\t\t\t<div class=\"elementor-column elementor-col-100 elementor-top-column elementor-element elementor-element-466fec7\" data-id=\"466fec7\" data-element_type=\"column\">\n\t\t\t<div class=\"elementor-widget-wrap elementor-element-populated\">\n\t\t\t\t\t\t<div class=\"elementor-element elementor-element-20496e13 elementor-widget elementor-widget-heading\" data-id=\"20496e13\" data-element_type=\"widget\" data-widget_type=\"heading.default\">\n\t\t\t\t<div class=\"elementor-widget-container\">\n\t\t\t\t\t<h2 class=\"elementor-heading-title elementor-size-default\">Haberler \/ Duyurular<\/h2>\t\t\t\t<\/div>\n\t\t\t\t<\/div>\n\t\t\t\t<div class=\"elementor-element elementor-element-2b68e1ac elementor-widget-divider--view-line elementor-widget elementor-widget-divider\" data-id=\"2b68e1ac\" data-element_type=\"widget\" data-widget_type=\"divider.default\">\n\t\t\t\t<div class=\"elementor-widget-container\">\n\t\t\t\t\t\t\t<div class=\"elementor-divider\">\n\t\t\t<span class=\"elementor-divider-separator\">\n\t\t\t\t\t\t<\/span>\n\t\t<\/div>\n\t\t\t\t\t\t<\/div>\n\t\t\t\t<\/div>\n\t\t\t\t\t<\/div>\n\t\t<\/div>\n\t\t\t\t\t<\/div>\n\t\t<\/section>\n\t\t\t\t<section class=\"elementor-section elementor-top-section elementor-element elementor-element-0b7d954 elementor-section-boxed elementor-section-height-default elementor-section-height-default\" data-id=\"0b7d954\" data-element_type=\"section\">\n\t\t\t\t\t\t<div class=\"elementor-container elementor-column-gap-default\">\n\t\t\t\t\t<div class=\"elementor-column elementor-col-50 elementor-top-column elementor-element elementor-element-d3c6f26\" data-id=\"d3c6f26\" data-element_type=\"column\">\n\t\t\t<div class=\"elementor-widget-wrap elementor-element-populated\">\n\t\t\t\t\t\t<div class=\"elementor-element elementor-element-5d8c49a elementor-widget elementor-widget-image\" data-id=\"5d8c49a\" data-element_type=\"widget\" data-widget_type=\"image.default\">\n\t\t\t\t<div class=\"elementor-widget-container\">\n\t\t\t\t\t\t\t\t\t\t\t\t\t\t\t<img fetchpriority=\"high\" decoding=\"async\" width=\"1024\" height=\"682\" src=\"https:\/\/atauni.edu.tr\/ebelik\/wp-content\/uploads\/sites\/467\/2020\/07\/WhatsApp-Image-2022-03-15-at-08.58.53-1024x682.jpeg\" class=\"attachment-large size-large wp-image-6435\" alt=\"\" srcset=\"https:\/\/atauni.edu.tr\/ebelik\/wp-content\/uploads\/sites\/467\/2020\/07\/WhatsApp-Image-2022-03-15-at-08.58.53-1024x682.jpeg 1024w, https:\/\/atauni.edu.tr\/ebelik\/wp-content\/uploads\/sites\/467\/2020\/07\/WhatsApp-Image-2022-03-15-at-08.58.53-300x200.jpeg 300w, https:\/\/atauni.edu.tr\/ebelik\/wp-content\/uploads\/sites\/467\/2020\/07\/WhatsApp-Image-2022-03-15-at-08.58.53-768x512.jpeg 768w, https:\/\/atauni.edu.tr\/ebelik\/wp-content\/uploads\/sites\/467\/2020\/07\/WhatsApp-Image-2022-03-15-at-08.58.53-1536x1023.jpeg 1536w, https:\/\/atauni.edu.tr\/ebelik\/wp-content\/uploads\/sites\/467\/2020\/07\/WhatsApp-Image-2022-03-15-at-08.58.53-600x400.jpeg 600w, https:\/\/atauni.edu.tr\/ebelik\/wp-content\/uploads\/sites\/467\/2020\/07\/WhatsApp-Image-2022-03-15-at-08.58.53-560x373.jpeg 560w, https:\/\/atauni.edu.tr\/ebelik\/wp-content\/uploads\/sites\/467\/2020\/07\/WhatsApp-Image-2022-03-15-at-08.58.53.jpeg 1600w\" sizes=\"(max-width: 1024px) 100vw, 1024px\" \/>\t\t\t\t\t\t\t\t\t\t\t\t\t\t\t<\/div>\n\t\t\t\t<\/div>\n\t\t\t\t<div class=\"elementor-element elementor-element-79c56ce elementor-widget elementor-widget-image\" data-id=\"79c56ce\" data-element_type=\"widget\" data-widget_type=\"image.default\">\n\t\t\t\t<div class=\"elementor-widget-container\">\n\t\t\t\t\t\t\t\t\t\t\t\t\t\t\t<img decoding=\"async\" width=\"1024\" height=\"612\" src=\"https:\/\/atauni.edu.tr\/ebelik\/wp-content\/uploads\/sites\/467\/2022\/03\/WhatsApp-Image-2022-03-15-at-09.00.32-1024x612.jpeg\" class=\"attachment-large size-large wp-image-6440\" alt=\"\" srcset=\"https:\/\/atauni.edu.tr\/ebelik\/wp-content\/uploads\/sites\/467\/2022\/03\/WhatsApp-Image-2022-03-15-at-09.00.32-1024x612.jpeg 1024w, https:\/\/atauni.edu.tr\/ebelik\/wp-content\/uploads\/sites\/467\/2022\/03\/WhatsApp-Image-2022-03-15-at-09.00.32-300x179.jpeg 300w, https:\/\/atauni.edu.tr\/ebelik\/wp-content\/uploads\/sites\/467\/2022\/03\/WhatsApp-Image-2022-03-15-at-09.00.32-768x459.jpeg 768w, https:\/\/atauni.edu.tr\/ebelik\/wp-content\/uploads\/sites\/467\/2022\/03\/WhatsApp-Image-2022-03-15-at-09.00.32-1536x918.jpeg 1536w, https:\/\/atauni.edu.tr\/ebelik\/wp-content\/uploads\/sites\/467\/2022\/03\/WhatsApp-Image-2022-03-15-at-09.00.32-600x359.jpeg 600w, https:\/\/atauni.edu.tr\/ebelik\/wp-content\/uploads\/sites\/467\/2022\/03\/WhatsApp-Image-2022-03-15-at-09.00.32-560x335.jpeg 560w, https:\/\/atauni.edu.tr\/ebelik\/wp-content\/uploads\/sites\/467\/2022\/03\/WhatsApp-Image-2022-03-15-at-09.00.32.jpeg 1600w\" sizes=\"(max-width: 1024px) 100vw, 1024px\" \/>\t\t\t\t\t\t\t\t\t\t\t\t\t\t\t<\/div>\n\t\t\t\t<\/div>\n\t\t\t\t\t<\/div>\n\t\t<\/div>\n\t\t\t\t<div class=\"elementor-column elementor-col-50 elementor-top-column elementor-element elementor-element-4b3c7d2\" data-id=\"4b3c7d2\" data-element_type=\"column\">\n\t\t\t<div class=\"elementor-widget-wrap elementor-element-populated\">\n\t\t\t\t\t\t<div class=\"elementor-element elementor-element-7462180 elementor-widget elementor-widget-text-editor\" data-id=\"7462180\" data-element_type=\"widget\" data-widget_type=\"text-editor.default\">\n\t\t\t\t<div class=\"elementor-widget-container\">\n\t\t\t\t\t\t\t\t\t<p>Beceri Laboratuvar\u0131nda Ebelik Esaslar\u0131, Normal Gebelik ve Bak\u0131m, Riskli Gebelik ve Bak\u0131m, Normal Do\u011fum ve Do\u011fum Sonras\u0131 Bak\u0131m, Riskli Do\u011fum ve Sonras\u0131 Bak\u0131m dersinin uygulamalar\u0131 y\u00fcr\u00fct\u00fclmektedir.<\/p>\t\t\t\t\t\t\t\t<\/div>\n\t\t\t\t<\/div>\n\t\t\t\t\t<\/div>\n\t\t<\/div>\n\t\t\t\t\t<\/div>\n\t\t<\/section>\n\t\t\t\t<\/div>\n\t\t","protected":false},"excerpt":{"rendered":"<p>Haberler \/ Duyurular Beceri Laboratuvar\u0131nda Ebelik Esaslar\u0131, Normal Gebelik ve Bak\u0131m, Riskli Gebelik ve Bak\u0131m, Normal Do\u011fum ve Do\u011fum Sonras\u0131 Bak\u0131m, Riskli Do\u011fum ve Sonras\u0131 Bak\u0131m dersinin uygulamalar\u0131 y\u00fcr\u00fct\u00fclmektedir.<\/p>\n","protected":false},"author":461,"featured_media":0,"parent":0,"menu_order":0,"comment_status":"closed","ping_status":"closed","template":"","meta":{"footnotes":""},"class_list":["post-6387","page","type-page","status-publish","hentry"],"_links":{"self":[{"href":"https:\/\/atauni.edu.tr\/ebelik\/wp-json\/wp\/v2\/pages\/6387","targetHints":{"allow":["GET"]}}],"collection":[{"href":"https:\/\/atauni.edu.tr\/ebelik\/wp-json\/wp\/v2\/pages"}],"about":[{"href":"https:\/\/atauni.edu.tr\/ebelik\/wp-json\/wp\/v2\/types\/page"}],"author":[{"embeddable":true,"href":"https:\/\/atauni.edu.tr\/ebelik\/wp-json\/wp\/v2\/users\/461"}],"replies":[{"embeddable":true,"href":"https:\/\/atauni.edu.tr\/ebelik\/wp-json\/wp\/v2\/comments?post=6387"}],"version-history":[{"count":16,"href":"https:\/\/atauni.edu.tr\/ebelik\/wp-json\/wp\/v2\/pages\/6387\/revisions"}],"predecessor-version":[{"id":6443,"href":"https:\/\/atauni.edu.tr\/ebelik\/wp-json\/wp\/v2\/pages\/6387\/revisions\/6443"}],"wp:attachment":[{"href":"https:\/\/atauni.edu.tr\/ebelik\/wp-json\/wp\/v2\/media?parent=6387"}],"curies":[{"name":"wp","href":"https:\/\/api.w.org\/{rel}","templated":true}]}}