{"id":6941,"date":"2022-11-10T14:44:42","date_gmt":"2022-11-10T11:44:42","guid":{"rendered":"https:\/\/birimler.atauni.edu.tr\/ebelik\/?page_id=6941"},"modified":"2022-11-10T22:06:21","modified_gmt":"2022-11-10T19:06:21","slug":"oz-degerlendirme-raporu","status":"publish","type":"page","link":"https:\/\/atauni.edu.tr\/ebelik\/oz-degerlendirme-raporu\/","title":{"rendered":"\u00d6z De\u011ferlendirme Raporu"},"content":{"rendered":"\t\t<div data-elementor-type=\"wp-page\" data-elementor-id=\"6941\" class=\"elementor elementor-6941\" data-elementor-post-type=\"page\">\n\t\t\t\t\t\t<section class=\"elementor-section elementor-top-section elementor-element elementor-element-38b0c48a elementor-section-boxed elementor-section-height-default elementor-section-height-default\" data-id=\"38b0c48a\" data-element_type=\"section\">\n\t\t\t\t\t\t<div class=\"elementor-container elementor-column-gap-default\">\n\t\t\t\t\t<div class=\"elementor-column elementor-col-100 elementor-top-column elementor-element elementor-element-710ce8f1\" data-id=\"710ce8f1\" data-element_type=\"column\">\n\t\t\t<div class=\"elementor-widget-wrap elementor-element-populated\">\n\t\t\t\t\t\t<div class=\"elementor-element elementor-element-479c4b3c elementor-widget elementor-widget-heading\" data-id=\"479c4b3c\" data-element_type=\"widget\" data-widget_type=\"heading.default\">\n\t\t\t\t<div class=\"elementor-widget-container\">\n\t\t\t\t\t<h2 class=\"elementor-heading-title elementor-size-default\"><a href=\"https:\/\/birimler.atauni.edu.tr\/ebelik\/wp-content\/uploads\/sites\/467\/2020\/07\/oz-degerlendirme-raporu.pdf\">\u00d6z De\u011ferlendirme Raporu i\u00e7in t\u0131klay\u0131n<\/a><\/h2>\t\t\t\t<\/div>\n\t\t\t\t<\/div>\n\t\t\t\t<div class=\"elementor-element elementor-element-146cb134 elementor-widget-divider--view-line elementor-widget elementor-widget-divider\" data-id=\"146cb134\" data-element_type=\"widget\" data-widget_type=\"divider.default\">\n\t\t\t\t<div class=\"elementor-widget-container\">\n\t\t\t\t\t\t\t<div class=\"elementor-divider\">\n\t\t\t<span class=\"elementor-divider-separator\">\n\t\t\t\t\t\t<\/span>\n\t\t<\/div>\n\t\t\t\t\t\t<\/div>\n\t\t\t\t<\/div>\n\t\t\t\t\t<\/div>\n\t\t<\/div>\n\t\t\t\t\t<\/div>\n\t\t<\/section>\n\t\t\t\t<\/div>\n\t\t","protected":false},"excerpt":{"rendered":"<p>\u00d6z De\u011ferlendirme Raporu i\u00e7in t\u0131klay\u0131n<\/p>\n","protected":false},"author":461,"featured_media":0,"parent":0,"menu_order":0,"comment_status":"closed","ping_status":"closed","template":"","meta":{"footnotes":""},"class_list":["post-6941","page","type-page","status-publish","hentry"],"_links":{"self":[{"href":"https:\/\/atauni.edu.tr\/ebelik\/wp-json\/wp\/v2\/pages\/6941","targetHints":{"allow":["GET"]}}],"collection":[{"href":"https:\/\/atauni.edu.tr\/ebelik\/wp-json\/wp\/v2\/pages"}],"about":[{"href":"https:\/\/atauni.edu.tr\/ebelik\/wp-json\/wp\/v2\/types\/page"}],"author":[{"embeddable":true,"href":"https:\/\/atauni.edu.tr\/ebelik\/wp-json\/wp\/v2\/users\/461"}],"replies":[{"embeddable":true,"href":"https:\/\/atauni.edu.tr\/ebelik\/wp-json\/wp\/v2\/comments?post=6941"}],"version-history":[{"count":7,"href":"https:\/\/atauni.edu.tr\/ebelik\/wp-json\/wp\/v2\/pages\/6941\/revisions"}],"predecessor-version":[{"id":6972,"href":"https:\/\/atauni.edu.tr\/ebelik\/wp-json\/wp\/v2\/pages\/6941\/revisions\/6972"}],"wp:attachment":[{"href":"https:\/\/atauni.edu.tr\/ebelik\/wp-json\/wp\/v2\/media?parent=6941"}],"curies":[{"name":"wp","href":"https:\/\/api.w.org\/{rel}","templated":true}]}}