{"id":6948,"date":"2022-11-10T14:48:11","date_gmt":"2022-11-10T11:48:11","guid":{"rendered":"https:\/\/birimler.atauni.edu.tr\/ebelik\/?page_id=6948"},"modified":"2023-02-15T11:29:41","modified_gmt":"2023-02-15T08:29:41","slug":"kalite-politikasi","status":"publish","type":"page","link":"https:\/\/atauni.edu.tr\/ebelik\/kalite-politikasi\/","title":{"rendered":"Kalite Politikas\u0131 ve Program Ama\u00e7lar\u0131"},"content":{"rendered":"\t\t<div data-elementor-type=\"wp-page\" data-elementor-id=\"6948\" class=\"elementor elementor-6948\" data-elementor-post-type=\"page\">\n\t\t\t\t\t\t<section class=\"elementor-section elementor-top-section elementor-element elementor-element-338a260d elementor-section-boxed elementor-section-height-default elementor-section-height-default\" data-id=\"338a260d\" data-element_type=\"section\">\n\t\t\t\t\t\t<div class=\"elementor-container elementor-column-gap-default\">\n\t\t\t\t\t<div class=\"elementor-column elementor-col-100 elementor-top-column elementor-element elementor-element-6310852e\" data-id=\"6310852e\" data-element_type=\"column\">\n\t\t\t<div class=\"elementor-widget-wrap elementor-element-populated\">\n\t\t\t\t\t\t<div class=\"elementor-element elementor-element-2771c5a4 elementor-widget elementor-widget-heading\" data-id=\"2771c5a4\" data-element_type=\"widget\" data-widget_type=\"heading.default\">\n\t\t\t\t<div class=\"elementor-widget-container\">\n\t\t\t\t\t<h2 class=\"elementor-heading-title elementor-size-default\">Kalite Politikas\u0131 ve Program Ama\u00e7lar\u0131<\/h2>\t\t\t\t<\/div>\n\t\t\t\t<\/div>\n\t\t\t\t<div class=\"elementor-element elementor-element-3851113c elementor-widget-divider--view-line elementor-widget elementor-widget-divider\" data-id=\"3851113c\" data-element_type=\"widget\" data-widget_type=\"divider.default\">\n\t\t\t\t<div class=\"elementor-widget-container\">\n\t\t\t\t\t\t\t<div class=\"elementor-divider\">\n\t\t\t<span class=\"elementor-divider-separator\">\n\t\t\t\t\t\t<\/span>\n\t\t<\/div>\n\t\t\t\t\t\t<\/div>\n\t\t\t\t<\/div>\n\t\t\t\t\t<\/div>\n\t\t<\/div>\n\t\t\t\t\t<\/div>\n\t\t<\/section>\n\t\t\t\t<section class=\"elementor-section elementor-top-section elementor-element elementor-element-459b20e elementor-section-boxed elementor-section-height-default elementor-section-height-default\" data-id=\"459b20e\" data-element_type=\"section\">\n\t\t\t\t\t\t<div class=\"elementor-container elementor-column-gap-default\">\n\t\t\t\t\t<div class=\"elementor-column elementor-col-100 elementor-top-column elementor-element elementor-element-13ad203\" data-id=\"13ad203\" data-element_type=\"column\">\n\t\t\t<div class=\"elementor-widget-wrap elementor-element-populated\">\n\t\t\t\t\t\t<div class=\"elementor-element elementor-element-2ccd630 elementor-widget elementor-widget-text-editor\" data-id=\"2ccd630\" data-element_type=\"widget\" data-widget_type=\"text-editor.default\">\n\t\t\t\t<div class=\"elementor-widget-container\">\n\t\t\t\t\t\t\t\t\t<p>Kalite politikam\u0131z; \u00fcniversitemizin \u201cHayat\u0131n Hizmetinde, Hep \u0130leriye\u201d olan misyonu vizyonu do\u011frultusunda e\u011fitim, ara\u015ft\u0131rma, inovasyon ve y\u00f6netim faaliyetlerinin t\u00fcm payda\u015flar\u0131m\u0131zca benimsenen toplam kalite y\u00f6netimi anlay\u0131\u015f\u0131 ile evrensel bilime, etik ilkelere ve hukuka dayal\u0131 yenilik\u00e7i s\u00fcrekli iyile\u015ftirme esasl\u0131 olarak ger\u00e7ekle\u015ftirilmesidir. Ebelik b\u00f6l\u00fcm\u00fcn\u00fcn program yap\u0131s\u0131, \u00f6\u011frenci merkezli e\u011fitim anlay\u0131\u015f\u0131na dayanan ve b\u00fct\u00fcnleyici e\u011fitim felsefesini benimser. B\u00f6l\u00fcm\u00fcn e\u011fitim-\u00f6\u011fretim felsefesi, \u00f6\u011frencilerin karma\u015f\u0131kl\u0131k, \u00e7e\u015fitlilik ve de\u011fi\u015fim ile ba\u015fa \u00e7\u0131kmalar\u0131n\u0131 sa\u011flayan yakla\u015f\u0131mlarla gelece\u011fe haz\u0131rlanmalar\u0131 i\u00e7in g\u00fcncel y\u00f6ntem ve tekniklerden faydalanmay\u0131 kapsamaktad\u0131r. Bu kapsamda b\u00f6l\u00fcm\u00fcn \u00f6nceli\u011fi ulusal ve uluslararas\u0131 geli\u015fmeler dikkate al\u0131narak evrensel bilim anlay\u0131\u015f\u0131na uygun e\u011fitim-\u00f6\u011fretim ve ara\u015ft\u0131rma-geli\u015ftirme hizmetleri sunmakt\u0131r.<\/p>\n<p>Bu do\u011frultuda kalite politikam\u0131z;<\/p>\n<ul>\n<li>Kalite g\u00fcvencesi sistemine t\u00fcm payda\u015flar\u0131m\u0131z\u0131n kat\u0131l\u0131m\u0131n\u0131,<\/li>\n<li>\u0130nsan kayna\u011f\u0131n\u0131n bilgi, beceri ve yetkinliklerinin geli\u015ftirilmesini,<\/li>\n<li>E\u011fitim ve \u00f6\u011fretimde nitelik ve \u00f6\u011frenci odakl\u0131 yakla\u015f\u0131m\u0131,<\/li>\n<li>AR-GE ve e\u011fitimin ulusal\/uluslararas\u0131 gereksinim ve \u00f6nceliklere g\u00f6re y\u00fcr\u00fct\u00fclmesini,<\/li>\n<li>Ara\u015ft\u0131rma faaliyetleri i\u00e7in uygun \u015fartlar olu\u015fturmak ve etkin kullan\u0131lmas\u0131n\u0131 sa\u011flamak,<\/li>\n<li>Ara\u015ft\u0131rma \u00e7\u0131kt\u0131lar\u0131n\u0131n etkisini art\u0131rmak,<\/li>\n<li>Ulusal ve uluslararas\u0131 i\u015fbirliklerini art\u0131rmak,<\/li>\n<li>Ara\u015ft\u0131rma faaliyetlerinin e\u011fitime ve topluma katk\u0131s\u0131n\u0131 art\u0131rmak,<\/li>\n<li>E\u011fitim ve ara\u015ft\u0131rmada ulusal\/uluslararas\u0131 akreditasyonu,<\/li>\n<li>Nitelikli ara\u015ft\u0131rmac\u0131lar\u0131n istihdam\u0131n\u0131,<\/li>\n<li>Bilim, k\u00fclt\u00fcr ve sanat alanlar\u0131nda b\u00f6lgeye ve topluma \u00fcst d\u00fczeyde katk\u0131 sa\u011flamay\u0131,<\/li>\n<li>Uluslararas\u0131la\u015fma bilin\u00e7 ve uygulamalar\u0131n\u0131n yayg\u0131nla\u015ft\u0131r\u0131lmas\u0131n\u0131,<\/li>\n<li>Ulusal\/uluslararas\u0131 s\u0131ralamalarda daha \u00fcst seviyelere ula\u015fmay\u0131,<\/li>\n<li>Etkin bir kurumsal risk y\u00f6netimi stratejisi s\u00fcrd\u00fcr\u00fclmesini esas al\u0131r.<\/li>\n<\/ul>\t\t\t\t\t\t\t\t<\/div>\n\t\t\t\t<\/div>\n\t\t\t\t\t<\/div>\n\t\t<\/div>\n\t\t\t\t\t<\/div>\n\t\t<\/section>\n\t\t\t\t<section class=\"elementor-section elementor-top-section elementor-element elementor-element-b2e9a51 elementor-section-boxed elementor-section-height-default elementor-section-height-default\" data-id=\"b2e9a51\" data-element_type=\"section\">\n\t\t\t\t\t\t<div class=\"elementor-container elementor-column-gap-default\">\n\t\t\t\t\t<div class=\"elementor-column elementor-col-50 elementor-top-column elementor-element elementor-element-c2f2761\" data-id=\"c2f2761\" data-element_type=\"column\">\n\t\t\t<div class=\"elementor-widget-wrap elementor-element-populated\">\n\t\t\t\t\t\t<div class=\"elementor-element elementor-element-420306a elementor-absolute elementor-widget elementor-widget-text-editor\" data-id=\"420306a\" data-element_type=\"widget\" data-settings=\"{&quot;_position&quot;:&quot;absolute&quot;}\" data-widget_type=\"text-editor.default\">\n\t\t\t\t<div class=\"elementor-widget-container\">\n\t\t\t\t\t\t\t\t\t<p>\u00dcniversitemiz kalite politikas\u0131 ile ilgili d\u00f6k\u00fcmanlar<\/p>\t\t\t\t\t\t\t\t<\/div>\n\t\t\t\t<\/div>\n\t\t\t\t\t<\/div>\n\t\t<\/div>\n\t\t\t\t<div class=\"elementor-column elementor-col-50 elementor-top-column elementor-element elementor-element-06f4a2e\" data-id=\"06f4a2e\" data-element_type=\"column\">\n\t\t\t<div class=\"elementor-widget-wrap elementor-element-populated\">\n\t\t\t\t\t\t<div class=\"elementor-element elementor-element-a7a1698 elementor-widget elementor-widget-button\" data-id=\"a7a1698\" data-element_type=\"widget\" data-widget_type=\"button.default\">\n\t\t\t\t<div class=\"elementor-widget-container\">\n\t\t\t\t\t\t\t\t\t<div class=\"elementor-button-wrapper\">\n\t\t\t\t\t<a class=\"elementor-button elementor-button-link elementor-size-sm\" href=\"http:\/\/atakalite.atauni.edu.tr\/index.php\/dokumanlar\/\">\n\t\t\t\t\t\t<span class=\"elementor-button-content-wrapper\">\n\t\t\t\t\t\t\t\t\t<span class=\"elementor-button-text\">Buraya t\u0131klay\u0131n\u0131z<\/span>\n\t\t\t\t\t<\/span>\n\t\t\t\t\t<\/a>\n\t\t\t\t<\/div>\n\t\t\t\t\t\t\t\t<\/div>\n\t\t\t\t<\/div>\n\t\t\t\t\t<\/div>\n\t\t<\/div>\n\t\t\t\t\t<\/div>\n\t\t<\/section>\n\t\t\t\t<section class=\"elementor-section elementor-top-section elementor-element elementor-element-bc99a6b elementor-section-boxed elementor-section-height-default elementor-section-height-default\" data-id=\"bc99a6b\" data-element_type=\"section\">\n\t\t\t\t\t\t<div class=\"elementor-container elementor-column-gap-default\">\n\t\t\t\t\t<div class=\"elementor-column elementor-col-33 elementor-top-column elementor-element elementor-element-aedd96e\" data-id=\"aedd96e\" data-element_type=\"column\">\n\t\t\t<div class=\"elementor-widget-wrap elementor-element-populated\">\n\t\t\t\t\t\t<div class=\"elementor-element elementor-element-8754534 elementor-widget elementor-widget-heading\" data-id=\"8754534\" data-element_type=\"widget\" data-widget_type=\"heading.default\">\n\t\t\t\t<div class=\"elementor-widget-container\">\n\t\t\t\t\t<h2 class=\"elementor-heading-title elementor-size-default\"><a href=\"https:\/\/birimler.atauni.edu.tr\/ebelik\/wp-content\/uploads\/sites\/467\/2020\/07\/EGITIM-PLANI-EUCEP.docx\">Program \u00e7\u0131kt\u0131lar\u0131na ula\u015fma d\u00fczeyini belirleme y\u00f6ntemi i\u00e7in t\u0131klay\u0131n\u0131z<\/a><\/h2>\t\t\t\t<\/div>\n\t\t\t\t<\/div>\n\t\t\t\t\t<\/div>\n\t\t<\/div>\n\t\t\t\t<div class=\"elementor-column elementor-col-66 elementor-top-column elementor-element elementor-element-7e7f7ad\" data-id=\"7e7f7ad\" data-element_type=\"column\">\n\t\t\t<div class=\"elementor-widget-wrap elementor-element-populated\">\n\t\t\t\t\t\t<div class=\"elementor-element elementor-element-bfcbef7 elementor-widget elementor-widget-heading\" data-id=\"bfcbef7\" data-element_type=\"widget\" data-widget_type=\"heading.default\">\n\t\t\t\t<div class=\"elementor-widget-container\">\n\t\t\t\t\t<h2 class=\"elementor-heading-title elementor-size-default\"><a href=\"https:\/\/birimler.atauni.edu.tr\/ebelik\/wp-content\/uploads\/sites\/467\/2020\/07\/program-amaclari.docx\">Program Ama\u00e7lar\u0131<\/a><\/h2>\t\t\t\t<\/div>\n\t\t\t\t<\/div>\n\t\t\t\t\t<\/div>\n\t\t<\/div>\n\t\t\t\t\t<\/div>\n\t\t<\/section>\n\t\t\t\t<\/div>\n\t\t","protected":false},"excerpt":{"rendered":"<p>Kalite Politikas\u0131 ve Program Ama\u00e7lar\u0131 Kalite politikam\u0131z; \u00fcniversitemizin \u201cHayat\u0131n Hizmetinde, Hep \u0130leriye\u201d olan misyonu vizyonu do\u011frultusunda e\u011fitim, ara\u015ft\u0131rma, inovasyon ve y\u00f6netim faaliyetlerinin t\u00fcm payda\u015flar\u0131m\u0131zca benimsenen toplam kalite y\u00f6netimi anlay\u0131\u015f\u0131 ile evrensel bilime, etik ilkelere ve hukuka dayal\u0131 yenilik\u00e7i s\u00fcrekli iyile\u015ftirme esasl\u0131 olarak ger\u00e7ekle\u015ftirilmesidir. Ebelik b\u00f6l\u00fcm\u00fcn\u00fcn program yap\u0131s\u0131, \u00f6\u011frenci merkezli e\u011fitim anlay\u0131\u015f\u0131na dayanan ve b\u00fct\u00fcnleyici e\u011fitim [&hellip;]<\/p>\n","protected":false},"author":461,"featured_media":0,"parent":0,"menu_order":0,"comment_status":"closed","ping_status":"closed","template":"","meta":{"footnotes":""},"class_list":["post-6948","page","type-page","status-publish","hentry"],"_links":{"self":[{"href":"https:\/\/atauni.edu.tr\/ebelik\/wp-json\/wp\/v2\/pages\/6948","targetHints":{"allow":["GET"]}}],"collection":[{"href":"https:\/\/atauni.edu.tr\/ebelik\/wp-json\/wp\/v2\/pages"}],"about":[{"href":"https:\/\/atauni.edu.tr\/ebelik\/wp-json\/wp\/v2\/types\/page"}],"author":[{"embeddable":true,"href":"https:\/\/atauni.edu.tr\/ebelik\/wp-json\/wp\/v2\/users\/461"}],"replies":[{"embeddable":true,"href":"https:\/\/atauni.edu.tr\/ebelik\/wp-json\/wp\/v2\/comments?post=6948"}],"version-history":[{"count":42,"href":"https:\/\/atauni.edu.tr\/ebelik\/wp-json\/wp\/v2\/pages\/6948\/revisions"}],"predecessor-version":[{"id":7468,"href":"https:\/\/atauni.edu.tr\/ebelik\/wp-json\/wp\/v2\/pages\/6948\/revisions\/7468"}],"wp:attachment":[{"href":"https:\/\/atauni.edu.tr\/ebelik\/wp-json\/wp\/v2\/media?parent=6948"}],"curies":[{"name":"wp","href":"https:\/\/api.w.org\/{rel}","templated":true}]}}