{"id":7016,"date":"2022-11-11T15:23:54","date_gmt":"2022-11-11T12:23:54","guid":{"rendered":"https:\/\/birimler.atauni.edu.tr\/ebelik\/?page_id=7016"},"modified":"2022-11-11T23:35:20","modified_gmt":"2022-11-11T20:35:20","slug":"mezun-ogrencilerimizin-basarilari","status":"publish","type":"page","link":"https:\/\/atauni.edu.tr\/ebelik\/mezun-ogrencilerimizin-basarilari\/","title":{"rendered":"Mezun \u00d6\u011frencilerimizin Ba\u015far\u0131lar\u0131"},"content":{"rendered":"\t\t<div data-elementor-type=\"wp-page\" data-elementor-id=\"7016\" class=\"elementor elementor-7016\" data-elementor-post-type=\"page\">\n\t\t\t\t\t\t<section class=\"elementor-section elementor-top-section elementor-element elementor-element-19f2f223 elementor-section-boxed elementor-section-height-default elementor-section-height-default\" data-id=\"19f2f223\" data-element_type=\"section\">\n\t\t\t\t\t\t<div class=\"elementor-container elementor-column-gap-default\">\n\t\t\t\t\t<div class=\"elementor-column elementor-col-100 elementor-top-column elementor-element elementor-element-21cd76f0\" data-id=\"21cd76f0\" data-element_type=\"column\">\n\t\t\t<div class=\"elementor-widget-wrap elementor-element-populated\">\n\t\t\t\t\t\t<div class=\"elementor-element elementor-element-5ef8ca63 elementor-widget elementor-widget-heading\" data-id=\"5ef8ca63\" data-element_type=\"widget\" data-widget_type=\"heading.default\">\n\t\t\t\t<div class=\"elementor-widget-container\">\n\t\t\t\t\t<h2 class=\"elementor-heading-title elementor-size-default\">Mezun \u00d6\u011frencilerimizin Ba\u015far\u0131lar\u0131<\/h2>\t\t\t\t<\/div>\n\t\t\t\t<\/div>\n\t\t\t\t<div class=\"elementor-element elementor-element-db805e2 elementor-widget-divider--view-line elementor-widget elementor-widget-divider\" data-id=\"db805e2\" data-element_type=\"widget\" data-widget_type=\"divider.default\">\n\t\t\t\t<div class=\"elementor-widget-container\">\n\t\t\t\t\t\t\t<div class=\"elementor-divider\">\n\t\t\t<span class=\"elementor-divider-separator\">\n\t\t\t\t\t\t<\/span>\n\t\t<\/div>\n\t\t\t\t\t\t<\/div>\n\t\t\t\t<\/div>\n\t\t\t\t\t<\/div>\n\t\t<\/div>\n\t\t\t\t\t<\/div>\n\t\t<\/section>\n\t\t\t\t<section class=\"elementor-section elementor-top-section elementor-element elementor-element-53dea0c elementor-section-boxed elementor-section-height-default elementor-section-height-default\" data-id=\"53dea0c\" data-element_type=\"section\">\n\t\t\t\t\t\t<div class=\"elementor-container elementor-column-gap-default\">\n\t\t\t\t\t<div class=\"elementor-column elementor-col-100 elementor-top-column elementor-element elementor-element-547c172\" data-id=\"547c172\" data-element_type=\"column\">\n\t\t\t<div class=\"elementor-widget-wrap elementor-element-populated\">\n\t\t\t\t\t\t<div class=\"elementor-element elementor-element-7a830cf elementor-widget elementor-widget-heading\" data-id=\"7a830cf\" data-element_type=\"widget\" data-widget_type=\"heading.default\">\n\t\t\t\t<div class=\"elementor-widget-container\">\n\t\t\t\t\t<h2 class=\"elementor-heading-title elementor-size-default\"><a href=\"https:\/\/birimler.atauni.edu.tr\/ebelik\/wp-content\/uploads\/sites\/467\/2022\/11\/Tesekkur.pdf\">Hastane te\u015fekk\u00fcr yaz\u0131s\u0131 i\u00e7in t\u0131klay\u0131n\u0131z<\/a><\/h2>\t\t\t\t<\/div>\n\t\t\t\t<\/div>\n\t\t\t\t\t<\/div>\n\t\t<\/div>\n\t\t\t\t\t<\/div>\n\t\t<\/section>\n\t\t\t\t<\/div>\n\t\t","protected":false},"excerpt":{"rendered":"<p>Mezun \u00d6\u011frencilerimizin Ba\u015far\u0131lar\u0131 Hastane te\u015fekk\u00fcr yaz\u0131s\u0131 i\u00e7in t\u0131klay\u0131n\u0131z<\/p>\n","protected":false},"author":461,"featured_media":0,"parent":0,"menu_order":0,"comment_status":"closed","ping_status":"closed","template":"","meta":{"footnotes":""},"class_list":["post-7016","page","type-page","status-publish","hentry"],"_links":{"self":[{"href":"https:\/\/atauni.edu.tr\/ebelik\/wp-json\/wp\/v2\/pages\/7016","targetHints":{"allow":["GET"]}}],"collection":[{"href":"https:\/\/atauni.edu.tr\/ebelik\/wp-json\/wp\/v2\/pages"}],"about":[{"href":"https:\/\/atauni.edu.tr\/ebelik\/wp-json\/wp\/v2\/types\/page"}],"author":[{"embeddable":true,"href":"https:\/\/atauni.edu.tr\/ebelik\/wp-json\/wp\/v2\/users\/461"}],"replies":[{"embeddable":true,"href":"https:\/\/atauni.edu.tr\/ebelik\/wp-json\/wp\/v2\/comments?post=7016"}],"version-history":[{"count":14,"href":"https:\/\/atauni.edu.tr\/ebelik\/wp-json\/wp\/v2\/pages\/7016\/revisions"}],"predecessor-version":[{"id":7061,"href":"https:\/\/atauni.edu.tr\/ebelik\/wp-json\/wp\/v2\/pages\/7016\/revisions\/7061"}],"wp:attachment":[{"href":"https:\/\/atauni.edu.tr\/ebelik\/wp-json\/wp\/v2\/media?parent=7016"}],"curies":[{"name":"wp","href":"https:\/\/api.w.org\/{rel}","templated":true}]}}