{"id":7094,"date":"2022-11-14T14:19:09","date_gmt":"2022-11-14T11:19:09","guid":{"rendered":"https:\/\/birimler.atauni.edu.tr\/ebelik\/?page_id=7094"},"modified":"2022-11-27T18:37:38","modified_gmt":"2022-11-27T15:37:38","slug":"ogrenci-temsiliyeti","status":"publish","type":"page","link":"https:\/\/atauni.edu.tr\/ebelik\/ogrenci-temsiliyeti\/","title":{"rendered":"\u00d6\u011frenci Temsiliyeti"},"content":{"rendered":"\t\t<div data-elementor-type=\"wp-page\" data-elementor-id=\"7094\" class=\"elementor elementor-7094\" data-elementor-post-type=\"page\">\n\t\t\t\t\t\t<section class=\"elementor-section elementor-top-section elementor-element elementor-element-7b19d28 elementor-section-boxed elementor-section-height-default elementor-section-height-default\" data-id=\"7b19d28\" data-element_type=\"section\">\n\t\t\t\t\t\t<div class=\"elementor-container elementor-column-gap-default\">\n\t\t\t\t\t<div class=\"elementor-column elementor-col-100 elementor-top-column elementor-element elementor-element-5ecfb86\" data-id=\"5ecfb86\" data-element_type=\"column\">\n\t\t\t<div class=\"elementor-widget-wrap elementor-element-populated\">\n\t\t\t\t\t\t<div class=\"elementor-element elementor-element-88ed82f elementor-widget elementor-widget-heading\" data-id=\"88ed82f\" data-element_type=\"widget\" data-widget_type=\"heading.default\">\n\t\t\t\t<div class=\"elementor-widget-container\">\n\t\t\t\t\t<h2 class=\"elementor-heading-title elementor-size-default\"><a href=\"https:\/\/birimler.atauni.edu.tr\/ebelik\/wp-content\/uploads\/sites\/467\/2020\/07\/kalite-komisyonu-ogrenci.pdf\">Akademik Kalite komisyonu<\/a><\/h2>\t\t\t\t<\/div>\n\t\t\t\t<\/div>\n\t\t\t\t\t<\/div>\n\t\t<\/div>\n\t\t\t\t\t<\/div>\n\t\t<\/section>\n\t\t\t\t<section class=\"elementor-section elementor-top-section elementor-element elementor-element-088a948 elementor-section-boxed elementor-section-height-default elementor-section-height-default\" data-id=\"088a948\" data-element_type=\"section\">\n\t\t\t\t\t\t<div class=\"elementor-container elementor-column-gap-default\">\n\t\t\t\t\t<div class=\"elementor-column elementor-col-100 elementor-top-column elementor-element elementor-element-2833230\" data-id=\"2833230\" data-element_type=\"column\">\n\t\t\t<div class=\"elementor-widget-wrap elementor-element-populated\">\n\t\t\t\t\t\t<div class=\"elementor-element elementor-element-0a54221 elementor-widget elementor-widget-heading\" data-id=\"0a54221\" data-element_type=\"widget\" data-widget_type=\"heading.default\">\n\t\t\t\t<div class=\"elementor-widget-container\">\n\t\t\t\t\t<h2 class=\"elementor-heading-title elementor-size-default\"><a href=\"https:\/\/birimler.atauni.edu.tr\/ebelik\/wp-content\/uploads\/sites\/467\/2020\/07\/ogrenci-temsiliyeti.pdf\">Y\u00f6netim kurulu \u00f6\u011frenci temsilcisi<\/a><\/h2>\t\t\t\t<\/div>\n\t\t\t\t<\/div>\n\t\t\t\t\t<\/div>\n\t\t<\/div>\n\t\t\t\t\t<\/div>\n\t\t<\/section>\n\t\t\t\t<\/div>\n\t\t","protected":false},"excerpt":{"rendered":"<p>Akademik Kalite komisyonu Y\u00f6netim kurulu \u00f6\u011frenci temsilcisi<\/p>\n","protected":false},"author":8,"featured_media":0,"parent":0,"menu_order":0,"comment_status":"closed","ping_status":"closed","template":"","meta":{"footnotes":""},"class_list":["post-7094","page","type-page","status-publish","hentry"],"_links":{"self":[{"href":"https:\/\/atauni.edu.tr\/ebelik\/wp-json\/wp\/v2\/pages\/7094","targetHints":{"allow":["GET"]}}],"collection":[{"href":"https:\/\/atauni.edu.tr\/ebelik\/wp-json\/wp\/v2\/pages"}],"about":[{"href":"https:\/\/atauni.edu.tr\/ebelik\/wp-json\/wp\/v2\/types\/page"}],"author":[{"embeddable":true,"href":"https:\/\/atauni.edu.tr\/ebelik\/wp-json\/wp\/v2\/users\/8"}],"replies":[{"embeddable":true,"href":"https:\/\/atauni.edu.tr\/ebelik\/wp-json\/wp\/v2\/comments?post=7094"}],"version-history":[{"count":7,"href":"https:\/\/atauni.edu.tr\/ebelik\/wp-json\/wp\/v2\/pages\/7094\/revisions"}],"predecessor-version":[{"id":7162,"href":"https:\/\/atauni.edu.tr\/ebelik\/wp-json\/wp\/v2\/pages\/7094\/revisions\/7162"}],"wp:attachment":[{"href":"https:\/\/atauni.edu.tr\/ebelik\/wp-json\/wp\/v2\/media?parent=7094"}],"curies":[{"name":"wp","href":"https:\/\/api.w.org\/{rel}","templated":true}]}}