{"id":10143,"date":"2021-12-11T00:05:10","date_gmt":"2021-12-10T21:05:10","guid":{"rendered":"http:\/\/birimler.atauni.edu.tr\/eczacilik-fakultesi\/?page_id=10143"},"modified":"2021-12-11T00:06:25","modified_gmt":"2021-12-10T21:06:25","slug":"mart-2018-rektorumuz-prof-dr-omer-comaklinin-fakultemizi-ziyareti","status":"publish","type":"page","link":"https:\/\/atauni.edu.tr\/eczacilik-fakultesi\/mart-2018-rektorumuz-prof-dr-omer-comaklinin-fakultemizi-ziyareti\/","title":{"rendered":"Mart 2018 Rekt\u00f6r\u00fcm\u00fcz Prof. Dr. \u00d6mer \u00c7OMAKLI&#8217;n\u0131n Fak\u00fcltemizi Ziyareti"},"content":{"rendered":"\t\t<div data-elementor-type=\"wp-page\" data-elementor-id=\"10143\" class=\"elementor elementor-10143\" data-elementor-post-type=\"page\">\n\t\t\t\t\t\t<section class=\"elementor-section elementor-top-section elementor-element elementor-element-7d253aa elementor-section-boxed elementor-section-height-default elementor-section-height-default\" data-id=\"7d253aa\" data-element_type=\"section\">\n\t\t\t\t\t\t<div class=\"elementor-container elementor-column-gap-default\">\n\t\t\t\t\t<div class=\"elementor-column elementor-col-100 elementor-top-column elementor-element elementor-element-93d991e\" data-id=\"93d991e\" data-element_type=\"column\">\n\t\t\t<div class=\"elementor-widget-wrap elementor-element-populated\">\n\t\t\t\t\t\t<div class=\"elementor-element elementor-element-363519b elementor-widget elementor-widget-text-editor\" data-id=\"363519b\" data-element_type=\"widget\" data-widget_type=\"text-editor.default\">\n\t\t\t\t<div class=\"elementor-widget-container\">\n\t\t\t\t\t\t\t\t\t<p>26 Mart 2018 tarihinde Rekt\u00f6r\u00fcm\u00fcz Prof. Dr. \u00d6mer \u00c7OMAKLI\u00a0fak\u00fcltemizde \u00f6\u011fretim \u00fcyeleri ile bir toplant\u0131 ger\u00e7ekle\u015ftirdiler ve fak\u00fcltemizde incelemelerde bulundular &#8230; Toplant\u0131y\u0131 ger\u00e7ekle\u015ftiren Say\u0131n Rekt\u00f6r\u00fcm\u00fcze, toplant\u0131ya kat\u0131lan Rekt\u00f6r Yard\u0131mc\u0131m\u0131z Prof. Dr. Nihat YATKIN, Prof. Dr. Ayhan \u00c7EL\u0130K ve Genel Sekreterimiz Do\u00e7. Dr. Remzi \u015eahin&#8217;e ve Fak\u00fcltemiz De\u011ferli Elemanlar\u0131na te\u015fekk\u00fcr ediyoruz.<\/p>\t\t\t\t\t\t\t\t<\/div>\n\t\t\t\t<\/div>\n\t\t\t\t\t<\/div>\n\t\t<\/div>\n\t\t\t\t\t<\/div>\n\t\t<\/section>\n\t\t\t\t<section class=\"elementor-section elementor-top-section elementor-element elementor-element-abd6a41 elementor-section-boxed elementor-section-height-default elementor-section-height-default\" data-id=\"abd6a41\" data-element_type=\"section\">\n\t\t\t\t\t\t<div class=\"elementor-container elementor-column-gap-default\">\n\t\t\t\t\t<div class=\"elementor-column elementor-col-100 elementor-top-column elementor-element elementor-element-3266415\" data-id=\"3266415\" data-element_type=\"column\">\n\t\t\t<div class=\"elementor-widget-wrap elementor-element-populated\">\n\t\t\t\t\t\t<div class=\"elementor-element elementor-element-fcc588c elementor-widget elementor-widget-gallery\" data-id=\"fcc588c\" data-element_type=\"widget\" data-settings=\"{&quot;lazyload&quot;:&quot;yes&quot;,&quot;gallery_layout&quot;:&quot;grid&quot;,&quot;columns&quot;:4,&quot;columns_tablet&quot;:2,&quot;columns_mobile&quot;:1,&quot;gap&quot;:{&quot;unit&quot;:&quot;px&quot;,&quot;size&quot;:10,&quot;sizes&quot;:[]},&quot;gap_tablet&quot;:{&quot;unit&quot;:&quot;px&quot;,&quot;size&quot;:10,&quot;sizes&quot;:[]},&quot;gap_mobile&quot;:{&quot;unit&quot;:&quot;px&quot;,&quot;size&quot;:10,&quot;sizes&quot;:[]},&quot;link_to&quot;:&quot;file&quot;,&quot;aspect_ratio&quot;:&quot;3:2&quot;,&quot;overlay_background&quot;:&quot;yes&quot;,&quot;content_hover_animation&quot;:&quot;fade-in&quot;}\" data-widget_type=\"gallery.default\">\n\t\t\t\t<div class=\"elementor-widget-container\">\n\t\t\t\t\t\t\t<div class=\"elementor-gallery__container\">\n\t\t\t\t\t\t\t<a class=\"e-gallery-item elementor-gallery-item elementor-animated-content\" href=\"https:\/\/atauni.edu.tr\/eczacilik-fakultesi\/wp-content\/uploads\/sites\/58\/2020\/07\/00da7d6b0da7fc9cc48bb710eedba1ac-scaled.jpg\" data-elementor-open-lightbox=\"yes\" data-elementor-lightbox-slideshow=\"fcc588c\" data-elementor-lightbox-title=\"00da7d6b0da7fc9cc48bb710eedba1ac\" data-e-action-hash=\"#elementor-action%3Aaction%3Dlightbox%26settings%3DeyJpZCI6MTAxNDUsInVybCI6Imh0dHBzOlwvXC9hdGF1bmkuZWR1LnRyXC9lY3phY2lsaWstZmFrdWx0ZXNpXC93cC1jb250ZW50XC91cGxvYWRzXC9zaXRlc1wvNThcLzIwMjBcLzA3XC8wMGRhN2Q2YjBkYTdmYzljYzQ4YmI3MTBlZWRiYTFhYy1zY2FsZWQuanBnIiwic2xpZGVzaG93IjoiZmNjNTg4YyJ9\">\n\t\t\t\t\t<div class=\"e-gallery-image elementor-gallery-item__image\" data-thumbnail=\"https:\/\/atauni.edu.tr\/eczacilik-fakultesi\/wp-content\/uploads\/sites\/58\/2020\/07\/00da7d6b0da7fc9cc48bb710eedba1ac-300x225.jpg\" data-width=\"300\" data-height=\"225\" aria-label=\"\" role=\"img\" ><\/div>\n\t\t\t\t\t\t\t\t\t\t\t<div class=\"elementor-gallery-item__overlay\"><\/div>\n\t\t\t\t\t\t\t\t\t\t\t\t\t\t<\/a>\n\t\t\t\t\t\t\t<a class=\"e-gallery-item elementor-gallery-item elementor-animated-content\" href=\"https:\/\/atauni.edu.tr\/eczacilik-fakultesi\/wp-content\/uploads\/sites\/58\/2020\/07\/b3d1a8e60a8f230e34ad1e2c2f1fe04f-scaled.jpg\" data-elementor-open-lightbox=\"yes\" data-elementor-lightbox-slideshow=\"fcc588c\" data-elementor-lightbox-title=\"b3d1a8e60a8f230e34ad1e2c2f1fe04f\" data-e-action-hash=\"#elementor-action%3Aaction%3Dlightbox%26settings%3DeyJpZCI6MTAxNDYsInVybCI6Imh0dHBzOlwvXC9hdGF1bmkuZWR1LnRyXC9lY3phY2lsaWstZmFrdWx0ZXNpXC93cC1jb250ZW50XC91cGxvYWRzXC9zaXRlc1wvNThcLzIwMjBcLzA3XC9iM2QxYThlNjBhOGYyMzBlMzRhZDFlMmMyZjFmZTA0Zi1zY2FsZWQuanBnIiwic2xpZGVzaG93IjoiZmNjNTg4YyJ9\">\n\t\t\t\t\t<div class=\"e-gallery-image elementor-gallery-item__image\" data-thumbnail=\"https:\/\/atauni.edu.tr\/eczacilik-fakultesi\/wp-content\/uploads\/sites\/58\/2020\/07\/b3d1a8e60a8f230e34ad1e2c2f1fe04f-225x300.jpg\" data-width=\"225\" data-height=\"300\" aria-label=\"\" role=\"img\" ><\/div>\n\t\t\t\t\t\t\t\t\t\t\t<div class=\"elementor-gallery-item__overlay\"><\/div>\n\t\t\t\t\t\t\t\t\t\t\t\t\t\t<\/a>\n\t\t\t\t\t\t\t<a class=\"e-gallery-item elementor-gallery-item elementor-animated-content\" href=\"https:\/\/atauni.edu.tr\/eczacilik-fakultesi\/wp-content\/uploads\/sites\/58\/2020\/07\/c3337568e859d33955d26e13955aa2af-scaled.jpg\" data-elementor-open-lightbox=\"yes\" data-elementor-lightbox-slideshow=\"fcc588c\" data-elementor-lightbox-title=\"c3337568e859d33955d26e13955aa2af\" data-e-action-hash=\"#elementor-action%3Aaction%3Dlightbox%26settings%3DeyJpZCI6MTAxNDcsInVybCI6Imh0dHBzOlwvXC9hdGF1bmkuZWR1LnRyXC9lY3phY2lsaWstZmFrdWx0ZXNpXC93cC1jb250ZW50XC91cGxvYWRzXC9zaXRlc1wvNThcLzIwMjBcLzA3XC9jMzMzNzU2OGU4NTlkMzM5NTVkMjZlMTM5NTVhYTJhZi1zY2FsZWQuanBnIiwic2xpZGVzaG93IjoiZmNjNTg4YyJ9\">\n\t\t\t\t\t<div class=\"e-gallery-image elementor-gallery-item__image\" data-thumbnail=\"https:\/\/atauni.edu.tr\/eczacilik-fakultesi\/wp-content\/uploads\/sites\/58\/2020\/07\/c3337568e859d33955d26e13955aa2af-225x300.jpg\" data-width=\"225\" data-height=\"300\" aria-label=\"\" role=\"img\" ><\/div>\n\t\t\t\t\t\t\t\t\t\t\t<div class=\"elementor-gallery-item__overlay\"><\/div>\n\t\t\t\t\t\t\t\t\t\t\t\t\t\t<\/a>\n\t\t\t\t\t\t\t<a class=\"e-gallery-item elementor-gallery-item elementor-animated-content\" href=\"https:\/\/atauni.edu.tr\/eczacilik-fakultesi\/wp-content\/uploads\/sites\/58\/2020\/07\/f63c8aeb47864d4ccbe842c72879fff5-scaled.jpg\" data-elementor-open-lightbox=\"yes\" data-elementor-lightbox-slideshow=\"fcc588c\" data-elementor-lightbox-title=\"f63c8aeb47864d4ccbe842c72879fff5\" data-e-action-hash=\"#elementor-action%3Aaction%3Dlightbox%26settings%3DeyJpZCI6MTAxNDgsInVybCI6Imh0dHBzOlwvXC9hdGF1bmkuZWR1LnRyXC9lY3phY2lsaWstZmFrdWx0ZXNpXC93cC1jb250ZW50XC91cGxvYWRzXC9zaXRlc1wvNThcLzIwMjBcLzA3XC9mNjNjOGFlYjQ3ODY0ZDRjY2JlODQyYzcyODc5ZmZmNS1zY2FsZWQuanBnIiwic2xpZGVzaG93IjoiZmNjNTg4YyJ9\">\n\t\t\t\t\t<div class=\"e-gallery-image elementor-gallery-item__image\" data-thumbnail=\"https:\/\/atauni.edu.tr\/eczacilik-fakultesi\/wp-content\/uploads\/sites\/58\/2020\/07\/f63c8aeb47864d4ccbe842c72879fff5-300x225.jpg\" data-width=\"300\" data-height=\"225\" aria-label=\"\" role=\"img\" ><\/div>\n\t\t\t\t\t\t\t\t\t\t\t<div class=\"elementor-gallery-item__overlay\"><\/div>\n\t\t\t\t\t\t\t\t\t\t\t\t\t\t<\/a>\n\t\t\t\t\t<\/div>\n\t\t\t\t\t<\/div>\n\t\t\t\t<\/div>\n\t\t\t\t\t<\/div>\n\t\t<\/div>\n\t\t\t\t\t<\/div>\n\t\t<\/section>\n\t\t\t\t<\/div>\n\t\t","protected":false},"excerpt":{"rendered":"<p>26 Mart 2018 tarihinde Rekt\u00f6r\u00fcm\u00fcz Prof. Dr. \u00d6mer \u00c7OMAKLI\u00a0fak\u00fcltemizde \u00f6\u011fretim \u00fcyeleri ile bir toplant\u0131 ger\u00e7ekle\u015ftirdiler ve fak\u00fcltemizde incelemelerde bulundular &#8230; Toplant\u0131y\u0131 ger\u00e7ekle\u015ftiren Say\u0131n Rekt\u00f6r\u00fcm\u00fcze, toplant\u0131ya kat\u0131lan Rekt\u00f6r Yard\u0131mc\u0131m\u0131z Prof. Dr. Nihat YATKIN, Prof. Dr. Ayhan \u00c7EL\u0130K ve Genel Sekreterimiz Do\u00e7. Dr. Remzi \u015eahin&#8217;e ve Fak\u00fcltemiz De\u011ferli Elemanlar\u0131na te\u015fekk\u00fcr ediyoruz.<\/p>\n","protected":false},"author":47,"featured_media":0,"parent":0,"menu_order":0,"comment_status":"closed","ping_status":"closed","template":"","meta":{"footnotes":""},"class_list":["post-10143","page","type-page","status-publish","hentry"],"_links":{"self":[{"href":"https:\/\/atauni.edu.tr\/eczacilik-fakultesi\/wp-json\/wp\/v2\/pages\/10143","targetHints":{"allow":["GET"]}}],"collection":[{"href":"https:\/\/atauni.edu.tr\/eczacilik-fakultesi\/wp-json\/wp\/v2\/pages"}],"about":[{"href":"https:\/\/atauni.edu.tr\/eczacilik-fakultesi\/wp-json\/wp\/v2\/types\/page"}],"author":[{"embeddable":true,"href":"https:\/\/atauni.edu.tr\/eczacilik-fakultesi\/wp-json\/wp\/v2\/users\/47"}],"replies":[{"embeddable":true,"href":"https:\/\/atauni.edu.tr\/eczacilik-fakultesi\/wp-json\/wp\/v2\/comments?post=10143"}],"version-history":[{"count":4,"href":"https:\/\/atauni.edu.tr\/eczacilik-fakultesi\/wp-json\/wp\/v2\/pages\/10143\/revisions"}],"predecessor-version":[{"id":10151,"href":"https:\/\/atauni.edu.tr\/eczacilik-fakultesi\/wp-json\/wp\/v2\/pages\/10143\/revisions\/10151"}],"wp:attachment":[{"href":"https:\/\/atauni.edu.tr\/eczacilik-fakultesi\/wp-json\/wp\/v2\/media?parent=10143"}],"curies":[{"name":"wp","href":"https:\/\/api.w.org\/{rel}","templated":true}]}}