{"id":10156,"date":"2021-12-11T00:10:57","date_gmt":"2021-12-10T21:10:57","guid":{"rendered":"http:\/\/birimler.atauni.edu.tr\/eczacilik-fakultesi\/?page_id=10156"},"modified":"2021-12-11T00:11:48","modified_gmt":"2021-12-10T21:11:48","slug":"ekim-2018-rektorumuz-prof-dr-omer-comaklinin-fakultemizi-ziyareti","status":"publish","type":"page","link":"https:\/\/atauni.edu.tr\/eczacilik-fakultesi\/ekim-2018-rektorumuz-prof-dr-omer-comaklinin-fakultemizi-ziyareti\/","title":{"rendered":"Ekim 2018 Rekt\u00f6r\u00fcm\u00fcz Prof. Dr. \u00d6mer \u00c7OMAKLI&#8217;n\u0131n Fak\u00fcltemizi Ziyareti"},"content":{"rendered":"\t\t<div data-elementor-type=\"wp-page\" data-elementor-id=\"10156\" class=\"elementor elementor-10156\" data-elementor-post-type=\"page\">\n\t\t\t\t\t\t<section class=\"elementor-section elementor-top-section elementor-element elementor-element-6e191db elementor-section-boxed elementor-section-height-default elementor-section-height-default\" data-id=\"6e191db\" data-element_type=\"section\">\n\t\t\t\t\t\t<div class=\"elementor-container elementor-column-gap-default\">\n\t\t\t\t\t<div class=\"elementor-column elementor-col-100 elementor-top-column elementor-element elementor-element-2dfd8a0\" data-id=\"2dfd8a0\" data-element_type=\"column\">\n\t\t\t<div class=\"elementor-widget-wrap elementor-element-populated\">\n\t\t\t\t\t\t<div class=\"elementor-element elementor-element-49b4dc1 elementor-widget elementor-widget-text-editor\" data-id=\"49b4dc1\" data-element_type=\"widget\" data-widget_type=\"text-editor.default\">\n\t\t\t\t<div class=\"elementor-widget-container\">\n\t\t\t\t\t\t\t\t\t<p>15 Ekim 2018 tarihinde Rekt\u00f6r\u00fcm\u00fcz Prof. Dr. \u00d6mer \u00c7OMAKLI fak\u00fcltemizde \u00f6\u011fretim \u00fcyeleri ile bir toplant\u0131 ger\u00e7ekle\u015ftirdiler ve fak\u00fcltemizde incelemelerde bulundular&#8230;\u00a0<\/p>\t\t\t\t\t\t\t\t<\/div>\n\t\t\t\t<\/div>\n\t\t\t\t\t<\/div>\n\t\t<\/div>\n\t\t\t\t\t<\/div>\n\t\t<\/section>\n\t\t\t\t<section class=\"elementor-section elementor-top-section elementor-element elementor-element-cb9b3b5 elementor-section-boxed elementor-section-height-default elementor-section-height-default\" data-id=\"cb9b3b5\" data-element_type=\"section\">\n\t\t\t\t\t\t<div class=\"elementor-container elementor-column-gap-default\">\n\t\t\t\t\t<div class=\"elementor-column elementor-col-100 elementor-top-column elementor-element elementor-element-5777afa\" data-id=\"5777afa\" data-element_type=\"column\">\n\t\t\t<div class=\"elementor-widget-wrap elementor-element-populated\">\n\t\t\t\t\t\t<div class=\"elementor-element elementor-element-a6d49c7 elementor-widget elementor-widget-gallery\" data-id=\"a6d49c7\" data-element_type=\"widget\" data-settings=\"{&quot;lazyload&quot;:&quot;yes&quot;,&quot;gallery_layout&quot;:&quot;grid&quot;,&quot;columns&quot;:4,&quot;columns_tablet&quot;:2,&quot;columns_mobile&quot;:1,&quot;gap&quot;:{&quot;unit&quot;:&quot;px&quot;,&quot;size&quot;:10,&quot;sizes&quot;:[]},&quot;gap_tablet&quot;:{&quot;unit&quot;:&quot;px&quot;,&quot;size&quot;:10,&quot;sizes&quot;:[]},&quot;gap_mobile&quot;:{&quot;unit&quot;:&quot;px&quot;,&quot;size&quot;:10,&quot;sizes&quot;:[]},&quot;link_to&quot;:&quot;file&quot;,&quot;aspect_ratio&quot;:&quot;3:2&quot;,&quot;overlay_background&quot;:&quot;yes&quot;,&quot;content_hover_animation&quot;:&quot;fade-in&quot;}\" data-widget_type=\"gallery.default\">\n\t\t\t\t<div class=\"elementor-widget-container\">\n\t\t\t\t\t\t\t<div class=\"elementor-gallery__container\">\n\t\t\t\t\t\t\t<a class=\"e-gallery-item elementor-gallery-item elementor-animated-content\" href=\"https:\/\/atauni.edu.tr\/eczacilik-fakultesi\/wp-content\/uploads\/sites\/58\/2020\/07\/2de32009c4b49a2495f706a7ed8ac021.jpg\" data-elementor-open-lightbox=\"yes\" data-elementor-lightbox-slideshow=\"a6d49c7\" data-elementor-lightbox-title=\"2de32009c4b49a2495f706a7ed8ac021\" data-e-action-hash=\"#elementor-action%3Aaction%3Dlightbox%26settings%3DeyJpZCI6MTAxNTgsInVybCI6Imh0dHBzOlwvXC9hdGF1bmkuZWR1LnRyXC9lY3phY2lsaWstZmFrdWx0ZXNpXC93cC1jb250ZW50XC91cGxvYWRzXC9zaXRlc1wvNThcLzIwMjBcLzA3XC8yZGUzMjAwOWM0YjQ5YTI0OTVmNzA2YTdlZDhhYzAyMS5qcGciLCJzbGlkZXNob3ciOiJhNmQ0OWM3In0%3D\">\n\t\t\t\t\t<div class=\"e-gallery-image elementor-gallery-item__image\" data-thumbnail=\"https:\/\/atauni.edu.tr\/eczacilik-fakultesi\/wp-content\/uploads\/sites\/58\/2020\/07\/2de32009c4b49a2495f706a7ed8ac021-300x225.jpg\" data-width=\"300\" data-height=\"225\" aria-label=\"\" role=\"img\" ><\/div>\n\t\t\t\t\t\t\t\t\t\t\t<div class=\"elementor-gallery-item__overlay\"><\/div>\n\t\t\t\t\t\t\t\t\t\t\t\t\t\t<\/a>\n\t\t\t\t\t\t\t<a class=\"e-gallery-item elementor-gallery-item elementor-animated-content\" href=\"https:\/\/atauni.edu.tr\/eczacilik-fakultesi\/wp-content\/uploads\/sites\/58\/2020\/07\/4a23ba8c9acb3e26a39bacd2063ec6ca.jpg\" data-elementor-open-lightbox=\"yes\" data-elementor-lightbox-slideshow=\"a6d49c7\" data-elementor-lightbox-title=\"4a23ba8c9acb3e26a39bacd2063ec6ca\" data-e-action-hash=\"#elementor-action%3Aaction%3Dlightbox%26settings%3DeyJpZCI6MTAxNTksInVybCI6Imh0dHBzOlwvXC9hdGF1bmkuZWR1LnRyXC9lY3phY2lsaWstZmFrdWx0ZXNpXC93cC1jb250ZW50XC91cGxvYWRzXC9zaXRlc1wvNThcLzIwMjBcLzA3XC80YTIzYmE4YzlhY2IzZTI2YTM5YmFjZDIwNjNlYzZjYS5qcGciLCJzbGlkZXNob3ciOiJhNmQ0OWM3In0%3D\">\n\t\t\t\t\t<div class=\"e-gallery-image elementor-gallery-item__image\" data-thumbnail=\"https:\/\/atauni.edu.tr\/eczacilik-fakultesi\/wp-content\/uploads\/sites\/58\/2020\/07\/4a23ba8c9acb3e26a39bacd2063ec6ca-300x225.jpg\" data-width=\"300\" data-height=\"225\" aria-label=\"\" role=\"img\" ><\/div>\n\t\t\t\t\t\t\t\t\t\t\t<div class=\"elementor-gallery-item__overlay\"><\/div>\n\t\t\t\t\t\t\t\t\t\t\t\t\t\t<\/a>\n\t\t\t\t\t\t\t<a class=\"e-gallery-item elementor-gallery-item elementor-animated-content\" href=\"https:\/\/atauni.edu.tr\/eczacilik-fakultesi\/wp-content\/uploads\/sites\/58\/2020\/07\/2070afe9214d5b7841de800c915d6aef.jpg\" data-elementor-open-lightbox=\"yes\" data-elementor-lightbox-slideshow=\"a6d49c7\" data-elementor-lightbox-title=\"2070afe9214d5b7841de800c915d6aef\" data-e-action-hash=\"#elementor-action%3Aaction%3Dlightbox%26settings%3DeyJpZCI6MTAxNjAsInVybCI6Imh0dHBzOlwvXC9hdGF1bmkuZWR1LnRyXC9lY3phY2lsaWstZmFrdWx0ZXNpXC93cC1jb250ZW50XC91cGxvYWRzXC9zaXRlc1wvNThcLzIwMjBcLzA3XC8yMDcwYWZlOTIxNGQ1Yjc4NDFkZTgwMGM5MTVkNmFlZi5qcGciLCJzbGlkZXNob3ciOiJhNmQ0OWM3In0%3D\">\n\t\t\t\t\t<div class=\"e-gallery-image elementor-gallery-item__image\" data-thumbnail=\"https:\/\/atauni.edu.tr\/eczacilik-fakultesi\/wp-content\/uploads\/sites\/58\/2020\/07\/2070afe9214d5b7841de800c915d6aef-300x225.jpg\" data-width=\"300\" data-height=\"225\" aria-label=\"\" role=\"img\" ><\/div>\n\t\t\t\t\t\t\t\t\t\t\t<div class=\"elementor-gallery-item__overlay\"><\/div>\n\t\t\t\t\t\t\t\t\t\t\t\t\t\t<\/a>\n\t\t\t\t\t\t\t<a class=\"e-gallery-item elementor-gallery-item elementor-animated-content\" href=\"https:\/\/atauni.edu.tr\/eczacilik-fakultesi\/wp-content\/uploads\/sites\/58\/2020\/07\/aefae90904a25bd4403686c194a354a0.jpg\" data-elementor-open-lightbox=\"yes\" data-elementor-lightbox-slideshow=\"a6d49c7\" data-elementor-lightbox-title=\"aefae90904a25bd4403686c194a354a0\" data-e-action-hash=\"#elementor-action%3Aaction%3Dlightbox%26settings%3DeyJpZCI6MTAxNjEsInVybCI6Imh0dHBzOlwvXC9hdGF1bmkuZWR1LnRyXC9lY3phY2lsaWstZmFrdWx0ZXNpXC93cC1jb250ZW50XC91cGxvYWRzXC9zaXRlc1wvNThcLzIwMjBcLzA3XC9hZWZhZTkwOTA0YTI1YmQ0NDAzNjg2YzE5NGEzNTRhMC5qcGciLCJzbGlkZXNob3ciOiJhNmQ0OWM3In0%3D\">\n\t\t\t\t\t<div class=\"e-gallery-image elementor-gallery-item__image\" data-thumbnail=\"https:\/\/atauni.edu.tr\/eczacilik-fakultesi\/wp-content\/uploads\/sites\/58\/2020\/07\/aefae90904a25bd4403686c194a354a0-300x225.jpg\" data-width=\"300\" data-height=\"225\" aria-label=\"\" role=\"img\" ><\/div>\n\t\t\t\t\t\t\t\t\t\t\t<div class=\"elementor-gallery-item__overlay\"><\/div>\n\t\t\t\t\t\t\t\t\t\t\t\t\t\t<\/a>\n\t\t\t\t\t\t\t<a class=\"e-gallery-item elementor-gallery-item elementor-animated-content\" href=\"https:\/\/atauni.edu.tr\/eczacilik-fakultesi\/wp-content\/uploads\/sites\/58\/2020\/07\/ec4b5daecbd5b9e1cc97143b5f825d81-1.jpg\" data-elementor-open-lightbox=\"yes\" data-elementor-lightbox-slideshow=\"a6d49c7\" data-elementor-lightbox-title=\"ec4b5daecbd5b9e1cc97143b5f825d81 (1)\" data-e-action-hash=\"#elementor-action%3Aaction%3Dlightbox%26settings%3DeyJpZCI6MTAxNjIsInVybCI6Imh0dHBzOlwvXC9hdGF1bmkuZWR1LnRyXC9lY3phY2lsaWstZmFrdWx0ZXNpXC93cC1jb250ZW50XC91cGxvYWRzXC9zaXRlc1wvNThcLzIwMjBcLzA3XC9lYzRiNWRhZWNiZDViOWUxY2M5NzE0M2I1ZjgyNWQ4MS0xLmpwZyIsInNsaWRlc2hvdyI6ImE2ZDQ5YzcifQ%3D%3D\">\n\t\t\t\t\t<div class=\"e-gallery-image elementor-gallery-item__image\" data-thumbnail=\"https:\/\/atauni.edu.tr\/eczacilik-fakultesi\/wp-content\/uploads\/sites\/58\/2020\/07\/ec4b5daecbd5b9e1cc97143b5f825d81-1-300x225.jpg\" data-width=\"300\" data-height=\"225\" aria-label=\"\" role=\"img\" ><\/div>\n\t\t\t\t\t\t\t\t\t\t\t<div class=\"elementor-gallery-item__overlay\"><\/div>\n\t\t\t\t\t\t\t\t\t\t\t\t\t\t<\/a>\n\t\t\t\t\t<\/div>\n\t\t\t\t\t<\/div>\n\t\t\t\t<\/div>\n\t\t\t\t\t<\/div>\n\t\t<\/div>\n\t\t\t\t\t<\/div>\n\t\t<\/section>\n\t\t\t\t<\/div>\n\t\t","protected":false},"excerpt":{"rendered":"<p>15 Ekim 2018 tarihinde Rekt\u00f6r\u00fcm\u00fcz Prof. Dr. \u00d6mer \u00c7OMAKLI fak\u00fcltemizde \u00f6\u011fretim \u00fcyeleri ile bir toplant\u0131 ger\u00e7ekle\u015ftirdiler ve fak\u00fcltemizde incelemelerde bulundular&#8230;\u00a0<\/p>\n","protected":false},"author":47,"featured_media":0,"parent":0,"menu_order":0,"comment_status":"closed","ping_status":"closed","template":"","meta":{"footnotes":""},"class_list":["post-10156","page","type-page","status-publish","hentry"],"_links":{"self":[{"href":"https:\/\/atauni.edu.tr\/eczacilik-fakultesi\/wp-json\/wp\/v2\/pages\/10156","targetHints":{"allow":["GET"]}}],"collection":[{"href":"https:\/\/atauni.edu.tr\/eczacilik-fakultesi\/wp-json\/wp\/v2\/pages"}],"about":[{"href":"https:\/\/atauni.edu.tr\/eczacilik-fakultesi\/wp-json\/wp\/v2\/types\/page"}],"author":[{"embeddable":true,"href":"https:\/\/atauni.edu.tr\/eczacilik-fakultesi\/wp-json\/wp\/v2\/users\/47"}],"replies":[{"embeddable":true,"href":"https:\/\/atauni.edu.tr\/eczacilik-fakultesi\/wp-json\/wp\/v2\/comments?post=10156"}],"version-history":[{"count":4,"href":"https:\/\/atauni.edu.tr\/eczacilik-fakultesi\/wp-json\/wp\/v2\/pages\/10156\/revisions"}],"predecessor-version":[{"id":10167,"href":"https:\/\/atauni.edu.tr\/eczacilik-fakultesi\/wp-json\/wp\/v2\/pages\/10156\/revisions\/10167"}],"wp:attachment":[{"href":"https:\/\/atauni.edu.tr\/eczacilik-fakultesi\/wp-json\/wp\/v2\/media?parent=10156"}],"curies":[{"name":"wp","href":"https:\/\/api.w.org\/{rel}","templated":true}]}}