{"id":10397,"date":"2021-12-30T14:15:55","date_gmt":"2021-12-30T11:15:55","guid":{"rendered":"http:\/\/birimler.atauni.edu.tr\/eczacilik-fakultesi\/?page_id=10397"},"modified":"2021-12-30T14:18:03","modified_gmt":"2021-12-30T11:18:03","slug":"akreditasyon-toplantisi","status":"publish","type":"page","link":"https:\/\/atauni.edu.tr\/eczacilik-fakultesi\/akreditasyon-toplantisi\/","title":{"rendered":"Akreditasyon Toplant\u0131s\u0131"},"content":{"rendered":"\t\t<div data-elementor-type=\"wp-page\" data-elementor-id=\"10397\" class=\"elementor elementor-10397\" data-elementor-post-type=\"page\">\n\t\t\t\t\t\t<section class=\"elementor-section elementor-top-section elementor-element elementor-element-67bac85 elementor-section-boxed elementor-section-height-default elementor-section-height-default\" data-id=\"67bac85\" data-element_type=\"section\">\n\t\t\t\t\t\t<div class=\"elementor-container elementor-column-gap-default\">\n\t\t\t\t\t<div class=\"elementor-column elementor-col-100 elementor-top-column elementor-element elementor-element-571b037\" data-id=\"571b037\" data-element_type=\"column\">\n\t\t\t<div class=\"elementor-widget-wrap elementor-element-populated\">\n\t\t\t\t\t\t<div class=\"elementor-element elementor-element-c7e8c1e elementor-widget elementor-widget-text-editor\" data-id=\"c7e8c1e\" data-element_type=\"widget\" data-widget_type=\"text-editor.default\">\n\t\t\t\t<div class=\"elementor-widget-container\">\n\t\t\t\t\t\t\t\t\t<p>9 Aral\u0131k 2021&#8217;de fak\u00fcltemizde Prof. Dr. Y\u00fccel KADIO\u011eLU \u00f6nc\u00fcl\u00fc\u011f\u00fcnde &#8216;Akreditasyon Toplant\u0131s\u0131&#8217; ger\u00e7ekle\u015fmi\u015ftir.&nbsp;<\/p>\t\t\t\t\t\t\t\t<\/div>\n\t\t\t\t<\/div>\n\t\t\t\t\t<\/div>\n\t\t<\/div>\n\t\t\t\t\t<\/div>\n\t\t<\/section>\n\t\t\t\t<section class=\"elementor-section elementor-top-section elementor-element elementor-element-6821fcc elementor-section-boxed elementor-section-height-default elementor-section-height-default\" data-id=\"6821fcc\" data-element_type=\"section\">\n\t\t\t\t\t\t<div class=\"elementor-container elementor-column-gap-default\">\n\t\t\t\t\t<div class=\"elementor-column elementor-col-100 elementor-top-column elementor-element elementor-element-cc3b009\" data-id=\"cc3b009\" data-element_type=\"column\">\n\t\t\t<div class=\"elementor-widget-wrap elementor-element-populated\">\n\t\t\t\t\t\t<div class=\"elementor-element elementor-element-bab0003 elementor-widget elementor-widget-gallery\" data-id=\"bab0003\" data-element_type=\"widget\" data-settings=\"{&quot;lazyload&quot;:&quot;yes&quot;,&quot;gallery_layout&quot;:&quot;grid&quot;,&quot;columns&quot;:4,&quot;columns_tablet&quot;:2,&quot;columns_mobile&quot;:1,&quot;gap&quot;:{&quot;unit&quot;:&quot;px&quot;,&quot;size&quot;:10,&quot;sizes&quot;:[]},&quot;gap_tablet&quot;:{&quot;unit&quot;:&quot;px&quot;,&quot;size&quot;:10,&quot;sizes&quot;:[]},&quot;gap_mobile&quot;:{&quot;unit&quot;:&quot;px&quot;,&quot;size&quot;:10,&quot;sizes&quot;:[]},&quot;link_to&quot;:&quot;file&quot;,&quot;aspect_ratio&quot;:&quot;3:2&quot;,&quot;overlay_background&quot;:&quot;yes&quot;,&quot;content_hover_animation&quot;:&quot;fade-in&quot;}\" data-widget_type=\"gallery.default\">\n\t\t\t\t<div class=\"elementor-widget-container\">\n\t\t\t\t\t\t\t<div class=\"elementor-gallery__container\">\n\t\t\t\t\t\t\t<a class=\"e-gallery-item elementor-gallery-item elementor-animated-content\" href=\"https:\/\/atauni.edu.tr\/eczacilik-fakultesi\/wp-content\/uploads\/sites\/58\/2020\/07\/WhatsApp-Image-2021-12-09-at-12.13.04-1-2.jpeg\" data-elementor-open-lightbox=\"yes\" data-elementor-lightbox-slideshow=\"bab0003\" data-elementor-lightbox-title=\"WhatsApp Image 2021-12-09 at 12.13.04 (1)\" data-e-action-hash=\"#elementor-action%3Aaction%3Dlightbox%26settings%3DeyJpZCI6MTA0MTksInVybCI6Imh0dHBzOlwvXC9hdGF1bmkuZWR1LnRyXC9lY3phY2lsaWstZmFrdWx0ZXNpXC93cC1jb250ZW50XC91cGxvYWRzXC9zaXRlc1wvNThcLzIwMjBcLzA3XC9XaGF0c0FwcC1JbWFnZS0yMDIxLTEyLTA5LWF0LTEyLjEzLjA0LTEtMi5qcGVnIiwic2xpZGVzaG93IjoiYmFiMDAwMyJ9\">\n\t\t\t\t\t<div class=\"e-gallery-image elementor-gallery-item__image\" data-thumbnail=\"https:\/\/atauni.edu.tr\/eczacilik-fakultesi\/wp-content\/uploads\/sites\/58\/2020\/07\/WhatsApp-Image-2021-12-09-at-12.13.04-1-2-300x225.jpeg\" data-width=\"300\" data-height=\"225\" aria-label=\"\" role=\"img\" ><\/div>\n\t\t\t\t\t\t\t\t\t\t\t<div class=\"elementor-gallery-item__overlay\"><\/div>\n\t\t\t\t\t\t\t\t\t\t\t\t\t\t<\/a>\n\t\t\t\t\t\t\t<a class=\"e-gallery-item elementor-gallery-item elementor-animated-content\" href=\"https:\/\/atauni.edu.tr\/eczacilik-fakultesi\/wp-content\/uploads\/sites\/58\/2020\/07\/WhatsApp-Image-2021-12-09-at-12.47.30.jpeg\" data-elementor-open-lightbox=\"yes\" data-elementor-lightbox-slideshow=\"bab0003\" data-elementor-lightbox-title=\"WhatsApp Image 2021-12-09 at 12.47.30\" data-e-action-hash=\"#elementor-action%3Aaction%3Dlightbox%26settings%3DeyJpZCI6MTA0MjAsInVybCI6Imh0dHBzOlwvXC9hdGF1bmkuZWR1LnRyXC9lY3phY2lsaWstZmFrdWx0ZXNpXC93cC1jb250ZW50XC91cGxvYWRzXC9zaXRlc1wvNThcLzIwMjBcLzA3XC9XaGF0c0FwcC1JbWFnZS0yMDIxLTEyLTA5LWF0LTEyLjQ3LjMwLmpwZWciLCJzbGlkZXNob3ciOiJiYWIwMDAzIn0%3D\">\n\t\t\t\t\t<div class=\"e-gallery-image elementor-gallery-item__image\" data-thumbnail=\"https:\/\/atauni.edu.tr\/eczacilik-fakultesi\/wp-content\/uploads\/sites\/58\/2020\/07\/WhatsApp-Image-2021-12-09-at-12.47.30-300x225.jpeg\" data-width=\"300\" data-height=\"225\" aria-label=\"\" role=\"img\" ><\/div>\n\t\t\t\t\t\t\t\t\t\t\t<div class=\"elementor-gallery-item__overlay\"><\/div>\n\t\t\t\t\t\t\t\t\t\t\t\t\t\t<\/a>\n\t\t\t\t\t\t\t<a class=\"e-gallery-item elementor-gallery-item elementor-animated-content\" href=\"https:\/\/atauni.edu.tr\/eczacilik-fakultesi\/wp-content\/uploads\/sites\/58\/2020\/07\/WhatsApp-Image-2021-12-09-at-12.47.30-1.jpeg\" data-elementor-open-lightbox=\"yes\" data-elementor-lightbox-slideshow=\"bab0003\" data-elementor-lightbox-title=\"WhatsApp Image 2021-12-09 at 12.47.30 (1)\" data-e-action-hash=\"#elementor-action%3Aaction%3Dlightbox%26settings%3DeyJpZCI6MTA0MjEsInVybCI6Imh0dHBzOlwvXC9hdGF1bmkuZWR1LnRyXC9lY3phY2lsaWstZmFrdWx0ZXNpXC93cC1jb250ZW50XC91cGxvYWRzXC9zaXRlc1wvNThcLzIwMjBcLzA3XC9XaGF0c0FwcC1JbWFnZS0yMDIxLTEyLTA5LWF0LTEyLjQ3LjMwLTEuanBlZyIsInNsaWRlc2hvdyI6ImJhYjAwMDMifQ%3D%3D\">\n\t\t\t\t\t<div class=\"e-gallery-image elementor-gallery-item__image\" data-thumbnail=\"https:\/\/atauni.edu.tr\/eczacilik-fakultesi\/wp-content\/uploads\/sites\/58\/2020\/07\/WhatsApp-Image-2021-12-09-at-12.47.30-1-300x225.jpeg\" data-width=\"300\" data-height=\"225\" aria-label=\"\" role=\"img\" ><\/div>\n\t\t\t\t\t\t\t\t\t\t\t<div class=\"elementor-gallery-item__overlay\"><\/div>\n\t\t\t\t\t\t\t\t\t\t\t\t\t\t<\/a>\n\t\t\t\t\t\t\t<a class=\"e-gallery-item elementor-gallery-item elementor-animated-content\" href=\"https:\/\/atauni.edu.tr\/eczacilik-fakultesi\/wp-content\/uploads\/sites\/58\/2020\/07\/WhatsApp-Image-2021-12-09-at-12.13.05-2.jpeg\" data-elementor-open-lightbox=\"yes\" data-elementor-lightbox-slideshow=\"bab0003\" data-elementor-lightbox-title=\"WhatsApp Image 2021-12-09 at 12.13.05\" data-e-action-hash=\"#elementor-action%3Aaction%3Dlightbox%26settings%3DeyJpZCI6MTA0MTUsInVybCI6Imh0dHBzOlwvXC9hdGF1bmkuZWR1LnRyXC9lY3phY2lsaWstZmFrdWx0ZXNpXC93cC1jb250ZW50XC91cGxvYWRzXC9zaXRlc1wvNThcLzIwMjBcLzA3XC9XaGF0c0FwcC1JbWFnZS0yMDIxLTEyLTA5LWF0LTEyLjEzLjA1LTIuanBlZyIsInNsaWRlc2hvdyI6ImJhYjAwMDMifQ%3D%3D\">\n\t\t\t\t\t<div class=\"e-gallery-image elementor-gallery-item__image\" data-thumbnail=\"https:\/\/atauni.edu.tr\/eczacilik-fakultesi\/wp-content\/uploads\/sites\/58\/2020\/07\/WhatsApp-Image-2021-12-09-at-12.13.05-2-300x225.jpeg\" data-width=\"300\" data-height=\"225\" aria-label=\"\" role=\"img\" ><\/div>\n\t\t\t\t\t\t\t\t\t\t\t<div class=\"elementor-gallery-item__overlay\"><\/div>\n\t\t\t\t\t\t\t\t\t\t\t\t\t\t<\/a>\n\t\t\t\t\t\t\t<a class=\"e-gallery-item elementor-gallery-item elementor-animated-content\" href=\"https:\/\/atauni.edu.tr\/eczacilik-fakultesi\/wp-content\/uploads\/sites\/58\/2020\/07\/WhatsApp-Image-2021-12-09-at-12.13.06-4.jpeg\" data-elementor-open-lightbox=\"yes\" data-elementor-lightbox-slideshow=\"bab0003\" data-elementor-lightbox-title=\"WhatsApp Image 2021-12-09 at 12.13.06\" data-e-action-hash=\"#elementor-action%3Aaction%3Dlightbox%26settings%3DeyJpZCI6MTA0MTQsInVybCI6Imh0dHBzOlwvXC9hdGF1bmkuZWR1LnRyXC9lY3phY2lsaWstZmFrdWx0ZXNpXC93cC1jb250ZW50XC91cGxvYWRzXC9zaXRlc1wvNThcLzIwMjBcLzA3XC9XaGF0c0FwcC1JbWFnZS0yMDIxLTEyLTA5LWF0LTEyLjEzLjA2LTQuanBlZyIsInNsaWRlc2hvdyI6ImJhYjAwMDMifQ%3D%3D\">\n\t\t\t\t\t<div class=\"e-gallery-image elementor-gallery-item__image\" data-thumbnail=\"https:\/\/atauni.edu.tr\/eczacilik-fakultesi\/wp-content\/uploads\/sites\/58\/2020\/07\/WhatsApp-Image-2021-12-09-at-12.13.06-4-300x225.jpeg\" data-width=\"300\" data-height=\"225\" aria-label=\"\" role=\"img\" ><\/div>\n\t\t\t\t\t\t\t\t\t\t\t<div class=\"elementor-gallery-item__overlay\"><\/div>\n\t\t\t\t\t\t\t\t\t\t\t\t\t\t<\/a>\n\t\t\t\t\t\t\t<a class=\"e-gallery-item elementor-gallery-item elementor-animated-content\" href=\"https:\/\/atauni.edu.tr\/eczacilik-fakultesi\/wp-content\/uploads\/sites\/58\/2020\/07\/WhatsApp-Image-2021-12-09-at-12.13.06-1-2.jpeg\" data-elementor-open-lightbox=\"yes\" data-elementor-lightbox-slideshow=\"bab0003\" data-elementor-lightbox-title=\"WhatsApp Image 2021-12-09 at 12.13.06 (1)\" data-e-action-hash=\"#elementor-action%3Aaction%3Dlightbox%26settings%3DeyJpZCI6MTA0MTMsInVybCI6Imh0dHBzOlwvXC9hdGF1bmkuZWR1LnRyXC9lY3phY2lsaWstZmFrdWx0ZXNpXC93cC1jb250ZW50XC91cGxvYWRzXC9zaXRlc1wvNThcLzIwMjBcLzA3XC9XaGF0c0FwcC1JbWFnZS0yMDIxLTEyLTA5LWF0LTEyLjEzLjA2LTEtMi5qcGVnIiwic2xpZGVzaG93IjoiYmFiMDAwMyJ9\">\n\t\t\t\t\t<div class=\"e-gallery-image elementor-gallery-item__image\" data-thumbnail=\"https:\/\/atauni.edu.tr\/eczacilik-fakultesi\/wp-content\/uploads\/sites\/58\/2020\/07\/WhatsApp-Image-2021-12-09-at-12.13.06-1-2-300x225.jpeg\" data-width=\"300\" data-height=\"225\" aria-label=\"\" role=\"img\" ><\/div>\n\t\t\t\t\t\t\t\t\t\t\t<div class=\"elementor-gallery-item__overlay\"><\/div>\n\t\t\t\t\t\t\t\t\t\t\t\t\t\t<\/a>\n\t\t\t\t\t\t\t<a class=\"e-gallery-item elementor-gallery-item elementor-animated-content\" href=\"https:\/\/atauni.edu.tr\/eczacilik-fakultesi\/wp-content\/uploads\/sites\/58\/2020\/07\/WhatsApp-Image-2021-12-09-at-12.13.06-2-2.jpeg\" data-elementor-open-lightbox=\"yes\" data-elementor-lightbox-slideshow=\"bab0003\" data-elementor-lightbox-title=\"WhatsApp Image 2021-12-09 at 12.13.06 (2)\" data-e-action-hash=\"#elementor-action%3Aaction%3Dlightbox%26settings%3DeyJpZCI6MTA0MTIsInVybCI6Imh0dHBzOlwvXC9hdGF1bmkuZWR1LnRyXC9lY3phY2lsaWstZmFrdWx0ZXNpXC93cC1jb250ZW50XC91cGxvYWRzXC9zaXRlc1wvNThcLzIwMjBcLzA3XC9XaGF0c0FwcC1JbWFnZS0yMDIxLTEyLTA5LWF0LTEyLjEzLjA2LTItMi5qcGVnIiwic2xpZGVzaG93IjoiYmFiMDAwMyJ9\">\n\t\t\t\t\t<div class=\"e-gallery-image elementor-gallery-item__image\" data-thumbnail=\"https:\/\/atauni.edu.tr\/eczacilik-fakultesi\/wp-content\/uploads\/sites\/58\/2020\/07\/WhatsApp-Image-2021-12-09-at-12.13.06-2-2-300x225.jpeg\" data-width=\"300\" data-height=\"225\" aria-label=\"\" role=\"img\" ><\/div>\n\t\t\t\t\t\t\t\t\t\t\t<div class=\"elementor-gallery-item__overlay\"><\/div>\n\t\t\t\t\t\t\t\t\t\t\t\t\t\t<\/a>\n\t\t\t\t\t\t\t<a class=\"e-gallery-item elementor-gallery-item elementor-animated-content\" href=\"https:\/\/atauni.edu.tr\/eczacilik-fakultesi\/wp-content\/uploads\/sites\/58\/2020\/07\/WhatsApp-Image-2021-12-09-at-12.13.07-2.jpeg\" data-elementor-open-lightbox=\"yes\" data-elementor-lightbox-slideshow=\"bab0003\" data-elementor-lightbox-title=\"WhatsApp Image 2021-12-09 at 12.13.07\" data-e-action-hash=\"#elementor-action%3Aaction%3Dlightbox%26settings%3DeyJpZCI6MTA0MTEsInVybCI6Imh0dHBzOlwvXC9hdGF1bmkuZWR1LnRyXC9lY3phY2lsaWstZmFrdWx0ZXNpXC93cC1jb250ZW50XC91cGxvYWRzXC9zaXRlc1wvNThcLzIwMjBcLzA3XC9XaGF0c0FwcC1JbWFnZS0yMDIxLTEyLTA5LWF0LTEyLjEzLjA3LTIuanBlZyIsInNsaWRlc2hvdyI6ImJhYjAwMDMifQ%3D%3D\">\n\t\t\t\t\t<div class=\"e-gallery-image elementor-gallery-item__image\" data-thumbnail=\"https:\/\/atauni.edu.tr\/eczacilik-fakultesi\/wp-content\/uploads\/sites\/58\/2020\/07\/WhatsApp-Image-2021-12-09-at-12.13.07-2-300x225.jpeg\" data-width=\"300\" data-height=\"225\" aria-label=\"\" role=\"img\" ><\/div>\n\t\t\t\t\t\t\t\t\t\t\t<div class=\"elementor-gallery-item__overlay\"><\/div>\n\t\t\t\t\t\t\t\t\t\t\t\t\t\t<\/a>\n\t\t\t\t\t<\/div>\n\t\t\t\t\t<\/div>\n\t\t\t\t<\/div>\n\t\t\t\t\t<\/div>\n\t\t<\/div>\n\t\t\t\t\t<\/div>\n\t\t<\/section>\n\t\t\t\t<\/div>\n\t\t","protected":false},"excerpt":{"rendered":"<p>9 Aral\u0131k 2021&#8217;de fak\u00fcltemizde Prof. Dr. Y\u00fccel KADIO\u011eLU \u00f6nc\u00fcl\u00fc\u011f\u00fcnde &#8216;Akreditasyon Toplant\u0131s\u0131&#8217; ger\u00e7ekle\u015fmi\u015ftir.&nbsp;<\/p>\n","protected":false},"author":47,"featured_media":0,"parent":0,"menu_order":0,"comment_status":"closed","ping_status":"closed","template":"","meta":{"footnotes":""},"class_list":["post-10397","page","type-page","status-publish","hentry"],"_links":{"self":[{"href":"https:\/\/atauni.edu.tr\/eczacilik-fakultesi\/wp-json\/wp\/v2\/pages\/10397","targetHints":{"allow":["GET"]}}],"collection":[{"href":"https:\/\/atauni.edu.tr\/eczacilik-fakultesi\/wp-json\/wp\/v2\/pages"}],"about":[{"href":"https:\/\/atauni.edu.tr\/eczacilik-fakultesi\/wp-json\/wp\/v2\/types\/page"}],"author":[{"embeddable":true,"href":"https:\/\/atauni.edu.tr\/eczacilik-fakultesi\/wp-json\/wp\/v2\/users\/47"}],"replies":[{"embeddable":true,"href":"https:\/\/atauni.edu.tr\/eczacilik-fakultesi\/wp-json\/wp\/v2\/comments?post=10397"}],"version-history":[{"count":7,"href":"https:\/\/atauni.edu.tr\/eczacilik-fakultesi\/wp-json\/wp\/v2\/pages\/10397\/revisions"}],"predecessor-version":[{"id":10424,"href":"https:\/\/atauni.edu.tr\/eczacilik-fakultesi\/wp-json\/wp\/v2\/pages\/10397\/revisions\/10424"}],"wp:attachment":[{"href":"https:\/\/atauni.edu.tr\/eczacilik-fakultesi\/wp-json\/wp\/v2\/media?parent=10397"}],"curies":[{"name":"wp","href":"https:\/\/api.w.org\/{rel}","templated":true}]}}